{"id":98,"date":"2013-03-19T02:39:21","date_gmt":"2013-03-19T02:39:21","guid":{"rendered":"http:\/\/ce-resd.sbc.org.br\/?page_id=98"},"modified":"2013-04-29T13:02:58","modified_gmt":"2013-04-29T13:02:58","slug":"anais-2001","status":"publish","type":"page","link":"https:\/\/ce-resd.sbc.org.br\/?page_id=98","title":{"rendered":"Anais &#8211; XIX SBRC (2001)"},"content":{"rendered":"<p><span style=\"font-size: large;\"><strong>Artigos da Trilha Principal<\/strong><\/span><\/p>\n<p><a href=\"http:\/\/ce-resd.sbc.org.br\/sbrc\/2001\/001.pdf\">Desenvolvimento de software orientado a componentes para novos servi\u00e7os de telecomunica\u00e7\u00f5es. pp. 1-16<\/a><br \/>\nEliane G. Guimar\u00e3es, Antonio T. Maffeis, James L. Pereira, Bruno G. Russo, Marcel Bergerman, Eleri Cardozo, Mauricio F. Magalh\u00e3es<\/p>\n<p><a href=\"http:\/\/ce-resd.sbc.org.br\/sbrc\/2001\/002.pdf\">Uma camada de adapta\u00e7\u00e3o \u00e0 qualidade de servi\u00e7o na internet para aplica\u00e7\u00f5es multim\u00eddia. pp. 17-32<\/a><br \/>\nSediane Carmem Lunardi, Fernando Lu\u00eds Dotti<\/p>\n<p><a href=\"http:\/\/ce-resd.sbc.org.br\/sbrc\/2001\/003.pdf\">Um controlador nebuloso para adapta\u00e7\u00e3o de QoS. pp. 33-49<\/a><br \/>\nCristian Koliver, Jean-Marie Farines<\/p>\n<p><a href=\"http:\/\/ce-resd.sbc.org.br\/sbrc\/2001\/004.pdf\">Uma metodologia para verifica\u00e7\u00e3o formal de protocolos de roteamento para redes m\u00f3veis ad hoc. pp. 50-65<\/a><br \/>\nClaudemberg Ferreira dos Santos, Daniel C\u00e2mara, Antonio A. F. Loureiro<\/p>\n<p><a href=\"http:\/\/ce-resd.sbc.org.br\/sbrc\/2001\/005.pdf\">Mobile Groups. pp. 66-81<\/a><br \/>\nRaimundo Jos\u00e9 de Ara\u00fajo Mac\u00eado, Fl\u00e1vio Morais de Assis Silva<\/p>\n<p><a href=\"http:\/\/ce-resd.sbc.org.br\/sbrc\/2001\/006.pdf\">AMBER: uma linguagem para o desenvolvimento de sistemas distribu\u00eddos. pp. 82-98<\/a><br \/>\nLu\u00eds Ferreira Pires, Cl\u00e9ver Ricardo Guareis de Farias<\/p>\n<p>*Gerenciamento de controladores program\u00e1veis atrav\u00e9s de SNMP. pp. 99-113<br \/>\nAlexandre Cervieri, Jo\u00e3o C\u00e9sar Netto, Lisandro Zambenedetti Granville<\/p>\n<p><a href=\"http:\/\/ce-resd.sbc.org.br\/sbrc\/2001\/008.pdf\">Gerenciamento dos impactos da Internet sobre as redes de telecomunica\u00e7\u00f5es: da teoria \u00e0 pr\u00e1tica. pp. 114-129<\/a><br \/>\nHelv\u00e9cio Alvim, Jos\u00e9 Marcos S. Nogueira, Antonio A. F. Loureiro<\/p>\n<p><a href=\"http:\/\/ce-resd.sbc.org.br\/sbrc\/2001\/009.pdf\">Um modelo de gerenciamento de redes de telecomunica\u00e7\u00f5es utilizando a plataforma CORBA. pp. 130-145<\/a><br \/>\nJunior Toshiharu Saito, Edmundo Madeira<\/p>\n<p><a href=\"http:\/\/ce-resd.sbc.org.br\/sbrc\/2001\/010.pdf\">Uma arquitetura para gerenciamento distribu\u00eddo e flex\u00edvel de protocolos de alto n\u00edvel e servi\u00e7os de rede. pp. 146-161<\/a><br \/>\nLuciano Gaspary, Luis F. Balbinot, Roberto Storch, Fabr\u00edcio Wendt, Liane Tarouco<\/p>\n<p><a href=\"http:\/\/ce-resd.sbc.org.br\/sbrc\/2001\/011.pdf\">RDT-Partner: an efficient checkpointing protocol that enforces rollback-dependency trackability. pp. 162-177<\/a><br \/>\nIslene C. Garcia, Gustavo M. D. Vieira, Luiz E. Buzato<\/p>\n<p><a href=\"http:\/\/ce-resd.sbc.org.br\/sbrc\/2001\/012.pdf\">Adaptando as especifica\u00e7\u00f5es FT-CORBA para redes de larga escala. pp. 178-193<\/a><br \/>\nLau Cheuk Lung, Joni da Silva Fraga, Ricardo Padilha, Luciana Souza<\/p>\n<p><a href=\"http:\/\/ce-resd.sbc.org.br\/sbrc\/2001\/013.pdf\">Atomic multicast protocols for reliable CAN communication. pp. 194-209<\/a><br \/>\nLu\u00eds Miguel Pinho, Francisco Vasques<\/p>\n<p><a href=\"http:\/\/ce-resd.sbc.org.br\/sbrc\/2001\/014.pdf\">An approach to dynamic reconfiguration of distributed systems based on object-middleware. pp. 210-225<br \/>\n<\/a>Jo\u00e3o Paulo A. Almeida, Maarten Wegdam, Lu\u00eds Ferreira Pires, Marten van Sinderen<\/p>\n<p><a href=\"http:\/\/ce-resd.sbc.org.br\/sbrc\/2001\/015.pdf\">Avalia\u00e7\u00e3o de um ambiente de diferencia\u00e7\u00e3o de servi\u00e7o proporcional em tr\u00e1fego TCP. pp. 226-241<\/a><br \/>\nAline Carneiro Viana, Jos\u00e9 F. de Rezende, Leonardo G. de R. Guedes, Otto Carlos M. B. Duarte<\/p>\n<p><a href=\"http:\/\/ce-resd.sbc.org.br\/sbrc\/2001\/016.pdf\">Mobilidade num ambiente de servi\u00e7os diferenciados. pp. 242-257<\/a><br \/>\nSaulo V. de Vasconcellos, Jos\u00e9 F. de Rezende<\/p>\n<p><a href=\"http:\/\/ce-resd.sbc.org.br\/sbrc\/2001\/017.pdf\">QoS fim a fim atrav\u00e9s da combina\u00e7\u00e3o entre servi\u00e7os integrados e servi\u00e7os diferenciados. pp. 258-273<\/a><br \/>\nAnt\u00f4nio Jorge G. Abel\u00e9m, Michael A. Stanton, Noemi Rodriguez<\/p>\n<p><a href=\"http:\/\/ce-resd.sbc.org.br\/sbrc\/2001\/018.pdf\">Aloca\u00e7\u00e3o de canais em sistemas de v\u00eddeo interativo. pp. 274-289<\/a><br \/>\nNelson L. S. da Fonseca, Hana Rubinsztejn<\/p>\n<p><a href=\"http:\/\/ce-resd.sbc.org.br\/sbrc\/2001\/019.pdf\">Proposta e avalia\u00e7\u00e3o de desempenho de uma pol\u00edtica de mapeamento de r\u00f3tulos orientada a controle com caracter\u00edstica soft-state. pp. 290-305<\/a><br \/>\nDaniela Vieira Cunha, Paulo Roberto Guardieiro<\/p>\n<p><a href=\"http:\/\/ce-resd.sbc.org.br\/sbrc\/2001\/020.pdf\">Neurocomputa\u00e7\u00e3o na estimativa do par\u00e2metro de Hurst. pp. 306-321<\/a><br \/>\nDanielo Gomes, Nazim Agoulmine, Nelson Fonseca, Jos\u00e9 Neuman de Souza<\/p>\n<p><a href=\"http:\/\/ce-resd.sbc.org.br\/sbrc\/2001\/021.pdf\">Balanceamento de carga em servidores de an\u00fancios eletr\u00f4nicos distribu\u00eddos. pp. 322-337<\/a><br \/>\nRodrigo Pereira, Bruno Diniz, Fl\u00e1via Ribeiro, Wagner Meira Jr., Virg\u00edlio Almeida<\/p>\n<p><a href=\"http:\/\/ce-resd.sbc.org.br\/sbrc\/2001\/022.pdf\">Adapta\u00e7\u00e3o din\u00e2mica de aplica\u00e7\u00f5es distribu\u00eddas. pp. 338-353<\/a><br \/>\nAna L\u00facia de Moura, Noemi Rodriguez<\/p>\n<p><a href=\"http:\/\/ce-resd.sbc.org.br\/sbrc\/2001\/023.pdf\">DOBuilder: ambiente de programa\u00e7\u00e3o visual com objetos distribu\u00eddos em Java. pp. 354-369<\/a><br \/>\nJuliano Malacarne, Cl\u00e1udio Geyer<\/p>\n<p><a href=\"http:\/\/ce-resd.sbc.org.br\/sbrc\/2001\/024.pdf\">A testbed for network performance evaluation and its application to connection admission control algorithms. pp. 370-385<\/a><br \/>\nMagnos Martinello, Edmundo de Souza e Silva<\/p>\n<p><a href=\"http:\/\/ce-resd.sbc.org.br\/sbrc\/2001\/025.pdf\">Supporting PIM-SM in all-optical lambda-switched networks. pp. 386-401<\/a><br \/>\nMarcos Rog\u00e9rio Salvador, Sonia Heemstra de Groot, Diptish Dey<\/p>\n<p><a href=\"http:\/\/ce-resd.sbc.org.br\/sbrc\/2001\/026.pdf\">Transmiss\u00e3o de v\u00eddeo sobre o servi\u00e7o ABR\/ATM para aplica\u00e7\u00f5es de videoconfer\u00eancia, em canais de baixa taxa de bits. pp. 402-417<\/a><br \/>\nAlexandre M. Moraes, Jean-Marie Farines<\/p>\n<p><a href=\"http:\/\/ce-resd.sbc.org.br\/sbrc\/2001\/027.pdf\">Simmcast: a simulation tool for multicast protocol evaluation. pp. 418-433<\/a><br \/>\nMarinho Barcellos, Hisham Muhammad, Andr\u00e9 Detsch<\/p>\n<p><a href=\"http:\/\/ce-resd.sbc.org.br\/sbrc\/2001\/028.pdf\">Otimiza\u00e7\u00e3o da qualidade de v\u00eddeo em redes multicast n\u00e3o cooperativas. pp. 434-447<\/a><br \/>\nMarcelos Dias de Amorim, Otto Carlos M. B. Duarte, Guy Pujolle<\/p>\n<p><a href=\"http:\/\/ce-resd.sbc.org.br\/sbrc\/2001\/029.pdf\">HBH: um protocolo de roteamento para a implanta\u00e7\u00e3o progressiva do servi\u00e7o multicast. pp. 448-463<\/a><br \/>\nLu\u00eds Henrique M. K. Costa, Serge Fdida, Otto Carlos M. B. Duarte<\/p>\n<p><a href=\"http:\/\/ce-resd.sbc.org.br\/sbrc\/2001\/030.pdf\">Modelo de servi\u00e7o de difus\u00e3o seletiva IP: aperfei\u00e7oamentos ou mudan\u00e7as? pp. 464-479<\/a><br \/>\nFl\u00e1vio Alencar do R\u00eago Barros, Michael Anthony Stanton<\/p>\n<p><a href=\"http:\/\/ce-resd.sbc.org.br\/sbrc\/2001\/031.pdf\">Um simulador paralelo para sistemas de caches para Web. pp. 480-495<\/a><br \/>\nRoberto Ferreira Brand\u00e3o, Ricardo de Oliveira Anido<\/p>\n<p><a href=\"http:\/\/ce-resd.sbc.org.br\/sbrc\/2001\/032.pdf\">Aspectos de comunica\u00e7\u00e3o e de funcionalidade de um ambiente virtual colaborativo para aplica\u00e7\u00f5es educacionais. pp. 496-511<\/a><br \/>\nAndr\u00e9 L. S. Kawamoto, Alo\u00edsio Pinto, Jefferson Cant\u00e3o, Tereza G. Kirner, Claudio Kirner, Raul S. Wazslawick<\/p>\n<p><a href=\"http:\/\/ce-resd.sbc.org.br\/sbrc\/2001\/033.pdf\">Multiagentes para a filtragem de p\u00e1ginas Web. pp. 512-526<\/a><br \/>\nFl\u00e1via Coimbra Delicato, Luci Pirmez, Luiz Fernando Rust da Costa Carmo<\/p>\n<p><a href=\"http:\/\/ce-resd.sbc.org.br\/sbrc\/2001\/034.pdf\">Utilizando rede neural para o ajuste da qualidade do v\u00eddeo em um sistema sob demanda. pp. 527-541<\/a><br \/>\nRegina M. Silveira, Wilson V. Ruggiero<\/p>\n<p><a href=\"http:\/\/ce-resd.sbc.org.br\/sbrc\/2001\/035.pdf\">Telefonia IP para ambientes m\u00f3veis us\u00e1veis. pp. 542-558<\/a><br \/>\nS\u00e9rgio de Oliveira, Claudionor J. N. Coelho J\u00fanior, Antonio A. F. Loureiro<\/p>\n<p><a href=\"http:\/\/ce-resd.sbc.org.br\/sbrc\/2001\/036.pdf\">Um algoritmo adaptativo de transmiss\u00e3o para servi\u00e7os de voz sobre redes IP. pp. 559-573<\/a><br \/>\nObionor N\u00f3brega, Judith Kelner, Djamel Sadok, Thienne M. S. Mesquita<\/p>\n<p><a href=\"http:\/\/ce-resd.sbc.org.br\/sbrc\/2001\/037.pdf\">Implementa\u00e7\u00e3o de gateway de sinaliza\u00e7\u00e3o entre protocolos de telefonia IP SIP\/H.323. pp. 574-589<\/a><br \/>\nBruno F. M. Ribeiro, Paulo H. de Aguiar, Cesar A. C. Marcondes<\/p>\n<p><a href=\"http:\/\/ce-resd.sbc.org.br\/sbrc\/2001\/038.pdf\">Qualidade de servi\u00e7o em um dom\u00ednio DiffServ atrav\u00e9s de gerenciamento baseado em pol\u00edticas. pp. 590-605<\/a><br \/>\nMarcial Porto Fernandez, Aloysio de Castro P. Pedroza, Jos\u00e9 Ferreira de Rezende<\/p>\n<p><a href=\"http:\/\/ce-resd.sbc.org.br\/sbrc\/2001\/039.pdf\">Chameleon: uma arquitetura para servi\u00e7os avan\u00e7ados fim a fim na Internet com QoS. pp. 606-621<\/a><br \/>\nCarlos Alberto Kamienski, Djamel Sadok<\/p>\n<p><a href=\"http:\/\/ce-resd.sbc.org.br\/sbrc\/2001\/040.pdf\">Uma arquitetura adapt\u00e1vel para provis\u00e3o de QoS na Internet. pp. 622-637<\/a><br \/>\nOscar Thyago J. D. D. L. Mota, Ant\u00f4nio Tadeu A. Gomes, S\u00e9rgio Colcher, Luiz Fernando G. Soares<\/p>\n<p>*Avaliando estrat\u00e9gias de push-out no descarte seletivo de pacotes de tr\u00e1fego TCP de curta e longa dura\u00e7\u00e3o. pp. 638-652<br \/>\nKleber Cardoso, Saulo Vaz de Vasconcellos, Jos\u00e9 Ferreira de Rezende, Nelson Fonseca<\/p>\n<p><a href=\"http:\/\/ce-resd.sbc.org.br\/sbrc\/2001\/042.pdf\">Um modelo de negocia\u00e7\u00e3o automatizada para com\u00e9rcio eletr\u00f4nico. pp. 653-668<\/a><br \/>\nJ\u00f3 Ueyama, Edmundo R. M. Madeira<\/p>\n<p><a href=\"http:\/\/ce-resd.sbc.org.br\/sbrc\/2001\/043.pdf\">Coordinating mobile agents through the broadcast channel. pp. 669-683<\/a><br \/>\nVera Nagamuta, Markus Endler<\/p>\n<p><a href=\"http:\/\/ce-resd.sbc.org.br\/sbrc\/2001\/044.pdf\">Aloca\u00e7\u00e3o de recursos para redes virtuais privadas em redes baseadas em switchlets. pp. 684-695<\/a><br \/>\nAnt\u00f4nio Pires de Castro Jr., Alexandre Theotonio T. Rios, Nelson Luis S. Fonseca<\/p>\n<p><a href=\"http:\/\/ce-resd.sbc.org.br\/sbrc\/2001\/045.pdf\">Uma abordagem para a implanta\u00e7\u00e3o de n\u00f3s program\u00e1veis em rede de comunica\u00e7\u00e3o. pp. 696-710<\/a><br \/>\nCris Amon C. da Rocha, A\u00e9cio Paiva Braga, Jos\u00e9 Neuman de Souza<\/p>\n<p><a href=\"http:\/\/ce-resd.sbc.org.br\/sbrc\/2001\/046.pdf\">Treating non-functional properties of dynamic distributed software architectures. pp. 711-726<\/a><br \/>\nNelson S. Rosa, Paulo R. F. Cunha, George R. R. Justo<\/p>\n<p><a href=\"http:\/\/ce-resd.sbc.org.br\/sbrc\/2001\/047.pdf\">HW\/SW codesign de protocolos baseado na otimiza\u00e7\u00e3o de desempenho por algoritmos gen\u00e9ticos. pp. 727-742<\/a><br \/>\nMarcio Nunes de Miranda, Ricardo N. Belem Lima, Aloysio C. P. Pedroza, Ant\u00f4nio C. de Mesquita Filho<\/p>\n<p><a href=\"http:\/\/ce-resd.sbc.org.br\/sbrc\/2001\/048.pdf\">Uma implementa\u00e7\u00e3o do MPLS para redes linux. pp. 743-758<\/a><br \/>\nTom\u00e1s A. C. Badan, Rodrigo C. M. Prado, Eduardo N. F. Zagari, Eleri Cardozo, Maur\u00edcio Magalh\u00e3es<\/p>\n<p><a href=\"http:\/\/ce-resd.sbc.org.br\/sbrc\/2001\/049.pdf\">Varia\u00e7\u00f5es temporais e espaciais na aloca\u00e7\u00e3o de canais em um sistema celular. pp. 759-774<br \/>\n<\/a>Dave A. T. Cavalcanti, Djamel Sadok, Judith Kelner<\/p>\n<p><a href=\"http:\/\/ce-resd.sbc.org.br\/sbrc\/2001\/050.pdf\">Avalia\u00e7\u00e3o de desempenho de redes bluetooth usando o modelo de captura. pp. 775-790<\/a><br \/>\nCarlos de M. Cordeiro, Djamel F. H. Sadok<\/p>\n<p><a href=\"http:\/\/ce-resd.sbc.org.br\/sbrc\/2001\/051.pdf\">End-to-end inverse multiplexing for mobile hosts. pp. 791-806<\/a><br \/>\nLuiz Magalhaes, Robin Kravets<\/p>\n<p><a href=\"http:\/\/ce-resd.sbc.org.br\/sbrc\/2001\/052.pdf\">Avalia\u00e7\u00e3o de um sistema distribu\u00eddo de cria\u00e7\u00e3o e apresenta\u00e7\u00e3o de documentos multim\u00eddia. pp. 807-821<\/a><br \/>\nRoberta Lima Gomes, Eduardo Carneiro da Cunha, Luiz Fernando Rust da Costa Carmo, Luci Pirmez<\/p>\n<p><a href=\"http:\/\/ce-resd.sbc.org.br\/sbrc\/2001\/053.pdf\">Mem\u00f3ria cooperativa distribu\u00edda para sistemas de VoD peer-to-peer. pp. 822-837<\/a><br \/>\nEdilson Ishikawa, Cl\u00e1udio Amorim<\/p>\n<p><a href=\"http:\/\/ce-resd.sbc.org.br\/sbrc\/2001\/054.pdf\">DynaVideo &#8211; um servi\u00e7o de distribui\u00e7\u00e3o de v\u00eddeo baseado em configura\u00e7\u00e3o din\u00e2mica. pp. 838-852<\/a><br \/>\nLuiz Eduardo Cunha Leite, Guido Lemos de Souza Filho, Thais Vasconcelos Batista<\/p>\n<p><a href=\"http:\/\/ce-resd.sbc.org.br\/sbrc\/2001\/055.pdf\">A design for JTrader, an Internet trading federation. pp. 853-868<\/a><br \/>\nMarcelo d&#8217;Amorim, Carlos Ferraz<\/p>\n<p><a href=\"http:\/\/ce-resd.sbc.org.br\/sbrc\/2001\/056.pdf\">Controle de acesso baseado em pap\u00e9is para o modelo CORBA de seguran\u00e7a. pp. 869-884<\/a><br \/>\nRafael Rodrigues Obelheiro, Joni da Silva Fraga, Carla Merkle Westphall<\/p>\n","protected":false},"excerpt":{"rendered":"<p>Artigos da Trilha Principal Desenvolvimento de software orientado a componentes para novos servi\u00e7os de telecomunica\u00e7\u00f5es. pp. 1-16 Eliane G. Guimar\u00e3es, Antonio T. Maffeis, James L. Pereira, Bruno G. Russo, Marcel Bergerman, Eleri Cardozo, Mauricio F. Magalh\u00e3es Uma camada de adapta\u00e7\u00e3o &hellip; <a href=\"https:\/\/ce-resd.sbc.org.br\/?page_id=98\">Continue lendo <span class=\"meta-nav\">&rarr;<\/span><\/a><\/p>\n","protected":false},"author":3,"featured_media":0,"parent":0,"menu_order":0,"comment_status":"closed","ping_status":"closed","template":"","meta":{"_daextinma_seo_power":"","_daextinma_enable_ail":"","footnotes":""},"class_list":["post-98","page","type-page","status-publish","hentry"],"_links":{"self":[{"href":"https:\/\/ce-resd.sbc.org.br\/index.php?rest_route=\/wp\/v2\/pages\/98","targetHints":{"allow":["GET"]}}],"collection":[{"href":"https:\/\/ce-resd.sbc.org.br\/index.php?rest_route=\/wp\/v2\/pages"}],"about":[{"href":"https:\/\/ce-resd.sbc.org.br\/index.php?rest_route=\/wp\/v2\/types\/page"}],"author":[{"embeddable":true,"href":"https:\/\/ce-resd.sbc.org.br\/index.php?rest_route=\/wp\/v2\/users\/3"}],"replies":[{"embeddable":true,"href":"https:\/\/ce-resd.sbc.org.br\/index.php?rest_route=%2Fwp%2Fv2%2Fcomments&post=98"}],"version-history":[{"count":0,"href":"https:\/\/ce-resd.sbc.org.br\/index.php?rest_route=\/wp\/v2\/pages\/98\/revisions"}],"wp:attachment":[{"href":"https:\/\/ce-resd.sbc.org.br\/index.php?rest_route=%2Fwp%2Fv2%2Fmedia&parent=98"}],"curies":[{"name":"wp","href":"https:\/\/api.w.org\/{rel}","templated":true}]}}