{"id":96,"date":"2013-03-19T02:36:18","date_gmt":"2013-03-19T02:36:18","guid":{"rendered":"http:\/\/ce-resd.sbc.org.br\/?page_id=96"},"modified":"2013-05-11T22:04:56","modified_gmt":"2013-05-11T22:04:56","slug":"anais-2000","status":"publish","type":"page","link":"https:\/\/ce-resd.sbc.org.br\/?page_id=96","title":{"rendered":"Anais &#8211; XVIII SBRC (2000)"},"content":{"rendered":"<p><span style=\"color: #000000;\"><strong><span style=\"font-size: large;\">Artigos da Trilha Principal<\/span><\/strong><\/span><\/p>\n<p><a href=\"http:\/\/ce-resd.sbc.org.br\/sbrc\/2000\/001.pdf\">Plataforma de supervis\u00e3o de alarmes baseada em CORBA. pp. 3-18<\/a><br \/>\nF\u00e1bio Studyny Higa, Rafael Romualdo Wandresen, Manoel Camillo Penna<\/p>\n<p><a href=\"http:\/\/ce-resd.sbc.org.br\/sbrc\/2000\/002.pdf\">Servi\u00e7o gen\u00e9rico de log estruturado para ger\u00eancia de telecomunica\u00e7\u00f5es. pp. 19-34<\/a><br \/>\nRicardo Lovatel de Lemos, Sandra Andr\u00e9a Calixto, Manoel Camillo Penna<\/p>\n<p><a href=\"http:\/\/ce-resd.sbc.org.br\/sbrc\/2000\/003.pdf\">Ger\u00eancia de tr\u00e1fego de redes utilizando baseline bayesina. pp. 35-49<\/a><br \/>\nCleverson Alessandro Veronez, S\u00edlvia Modesto Nassar, Carlos Becker Westphall<\/p>\n<p><a href=\"http:\/\/ce-resd.sbc.org.br\/sbrc\/2000\/004.pdf\">Um sistema de suporte ao gerenciamento do n\u00edvel de servi\u00e7o &#8211; SGSWeb. pp. 50-<\/a><br \/>\nSahira V. de Miranda, Jos\u00e9 Marcos S. Nogueira, Christiano M. Machado<\/p>\n<p><a href=\"http:\/\/ce-resd.sbc.org.br\/sbrc\/2000\/005.pdf\">Um mecanismo de retransmiss\u00e3o eficiente para multicast. pp<\/a><br \/>\nCarlos de M. Cordeiro, Djamel H. Sadok, Judith Kelner<\/p>\n<p><a href=\"http:\/\/ce-resd.sbc.org.br\/sbrc\/2000\/006.pdf\">Experi\u00eancias com comunica\u00e7\u00e3o de grupo nas especifica\u00e7\u00f5es Fault Tolerant CORBA. pp. -100<\/a><br \/>\nLau Cheuk Lung, Joni da Silva Fraga, Jean-Marie Farines, Jorge R. Souza de Oliveira<\/p>\n<p><a href=\"http:\/\/ce-resd.sbc.org.br\/sbrc\/2000\/007.pdf\">Uma abordagem para toler\u00e2ncia a falhas em Java atrav\u00e9s de comunica\u00e7\u00e3o em grupo. pp. 101-<\/a><br \/>\nLilianne Dantas Cirne, Raimundo Jos\u00e9 de Ara\u00fajo Mac\u00eado<\/p>\n<p><a href=\"http:\/\/ce-resd.sbc.org.br\/sbrc\/2000\/008.pdf\">Avaliando a justi\u00e7a na marca\u00e7\u00e3o de tr\u00e1fegos agregados. pp. 119-134<\/a><br \/>\nIgor Briglia Habib de Almeida Alves, Jos\u00e9 F. de Rezende, Luis Felipe M. de Moraes<\/p>\n<p><a href=\"http:\/\/ce-resd.sbc.org.br\/sbrc\/2000\/009.pdf\">Um modelo para adapta\u00e7\u00e3o de QoS orientado ao usu\u00e1rio final. pp. 135-150<\/a><br \/>\nCristian Koliver, Jean-Marie Farines, Joni S. Fraga, Hallthmann Lima dos Reis<\/p>\n<p><a href=\"http:\/\/ce-resd.sbc.org.br\/sbrc\/2000\/010.pdf\">Engenharia de tr\u00e1fego em uma rede de servi\u00e7os diferenciados. pp. 151-<\/a><br \/>\nCarlos Alberto Kamienski, Djamel Sadok<\/p>\n<p><a href=\"http:\/\/ce-resd.sbc.org.br\/sbrc\/2000\/011.pdf\">Configura\u00e7\u00e3o de aplica\u00e7\u00f5es distribu\u00eddas no LuaSpace. pp. 169-<\/a><br \/>\nTha\u00eds Vasconcelos Batista, Noemi Rodriguez<\/p>\n<p><a href=\"http:\/\/ce-resd.sbc.org.br\/sbrc\/2000\/012.pdf\">A rollback manager for optmistic distributed HLA simulations. pp. 183-<\/a><br \/>\nFernando Vard\u00e2nega, Carlos Maziero<\/p>\n<p><a href=\"http:\/\/ce-resd.sbc.org.br\/sbrc\/2000\/013.pdf\">A distributed environment for solving optimization problems. pp. 194-<\/a><br \/>\nFernando L. Dotti, Maur\u00edcio de O. Cristal, Celso M. da Costa, Maur\u00edcio L. Nunes<\/p>\n<p><a href=\"http:\/\/ce-resd.sbc.org.br\/sbrc\/2000\/014.pdf\">Um servi\u00e7o ativo de distribui\u00e7\u00e3o de v\u00eddeo multiponto. pp. 211-<\/a><br \/>\nPaulo Andr\u00e9 da Silva Gon\u00e7alves, Jos\u00e9 Ferreira de Rezende, Otto Carlos Muniz Bandeira Duarte<\/p>\n<p><a href=\"http:\/\/ce-resd.sbc.org.br\/sbrc\/2000\/015.pdf\">Juggler: a management service for CORBA object groups. pp. 227-<\/a><br \/>\nMarcos A. M. de Moura, Markus Endler<\/p>\n<p><a href=\"http:\/\/ce-resd.sbc.org.br\/sbrc\/2000\/016.pdf\">Suporte \u00e0 comunica\u00e7\u00f5es multidestinat\u00e1rias para aplica\u00e7\u00f5es ATM nativas. pp. 243-<\/a><br \/>\nMarcelos Dias Nunes, Lu\u00eds Felipe Magalh\u00e3es de Moraes<\/p>\n<p><a href=\"http:\/\/ce-resd.sbc.org.br\/sbrc\/2000\/017.pdf\">Um novo protocolo de roteamento para redes m\u00f3veis ad hoc. pp. 259-<\/a><br \/>\nDaniel C\u00e2mara, Ant\u00f4nio A. F. Loureiro<\/p>\n<p><a href=\"http:\/\/ce-resd.sbc.org.br\/sbrc\/2000\/018.pdf\">Server location in mobile computing. pp. 275-<\/a><br \/>\nGeraldo Robson Mateus, Ant\u00f4nio A. F. Loureiro, Ricardo Costa Rodrigues, Olga Goussevskaia<\/p>\n<p><a href=\"http:\/\/ce-resd.sbc.org.br\/sbrc\/2000\/019.pdf\">Uma arquitetura para an\u00e1lise de carga de sinaliza\u00e7\u00e3o em redes de comunica\u00e7\u00e3o m\u00f3vel celular. pp.<\/a><br \/>\nKelvin Lopes Dias, Jairo Coutinho de Oliveira, Dem\u00e9trio de Souza M. Filho, Djamel Fawzi Hadj Sadok<\/p>\n<p><a href=\"http:\/\/ce-resd.sbc.org.br\/sbrc\/2000\/020.pdf\">Controle de admiss\u00e3o de conex\u00f5es de v\u00eddeo com depend\u00eancia temporal. pp. 305-<\/a><br \/>\nRaniery Pontes, Ros\u00e2ngela Coelho<\/p>\n<p><a href=\"http:\/\/ce-resd.sbc.org.br\/sbrc\/2000\/021.pdf\">Uma ferramenta para gera\u00e7\u00e3o de tr\u00e1fego e medi\u00e7\u00e3o em ambiente de alto desempenho. pp. 321-<\/a><br \/>\nM\u00e1rcio Augusto Parente Leoc\u00e1dio, Paulo Henrique de Aguiar Rodrigues<\/p>\n<p><a href=\"http:\/\/ce-resd.sbc.org.br\/sbrc\/2000\/022.pdf\">Controle de qualidade de servi\u00e7o para conex\u00f5es rt-VBR em redes ATM. pp. 337-<\/a><br \/>\nKaren Langona, Tereza Cristina M. de B. Carvalho<\/p>\n<p><a href=\"http:\/\/ce-resd.sbc.org.br\/sbrc\/2000\/023.pdf\">PoliCap &#8211; um servi\u00e7o de pol\u00edtica para o modelo CORBA de seguran\u00e7a. pp. 355-<\/a><br \/>\nCarla Merkle Westphall, Joni da Silva Fraga, Michelle Silva Wangham<\/p>\n<p><a href=\"http:\/\/ce-resd.sbc.org.br\/sbrc\/2000\/024.pdf\">Uma proposta de autentica\u00e7\u00e3o de usu\u00e1rios para ensino a dist\u00e2ncia. pp. 371-<\/a><br \/>\nMauricio Fiorese, Liane M. R. Tarouco<\/p>\n<p><a href=\"http:\/\/ce-resd.sbc.org.br\/sbrc\/2000\/025.pdf\">Certificados digitais: uma ferramenta desenvolvida com base no padr\u00e3o SET. pp.<\/a><br \/>\nTommy Jakobsen, Maria Janilce B. Almeida<\/p>\n<p><a href=\"http:\/\/ce-resd.sbc.org.br\/sbrc\/2000\/026.pdf\">Sistema de ajuste dos coeficientes de quantiza\u00e7\u00e3o MPEG em tempo-real para v\u00eddeo sob demanda. pp. 403-<\/a><br \/>\nRegina M. Silveira, Wilson V. Ruggiero<\/p>\n<p><a href=\"http:\/\/ce-resd.sbc.org.br\/sbrc\/2000\/027.pdf\">Uma arquitetura para tr\u00e1fegos &#8220;multicast&#8221; no modelo de servi\u00e7os diferenciados. pp. 407-<\/a><br \/>\nJefferson Manh\u00e3es de Azevedo, Luci Pirmez, Luiz Fernando Rust da Costa Carmo, Oswaldo Vernet de Souza Pires<\/p>\n<p><a href=\"http:\/\/ce-resd.sbc.org.br\/sbrc\/2000\/028.pdf\">Representantes eletr\u00f4nicos: integrando caches WWW e lojas virtuais. pp. 411-<\/a><br \/>\nG. Gama, E. Kraemer, W. Meira Jr., V. Almeida<\/p>\n<p><a href=\"http:\/\/ce-resd.sbc.org.br\/sbrc\/2000\/029.pdf\">Uma avalia\u00e7\u00e3o de ambientes multiusu\u00e1rios interativos 3D na WWW atrav\u00e9s do SVRT &#8211; Shared Virtual Reality Tool. pp. 415-<\/a><br \/>\nTodesco, G., Ara\u00fajo, R. B., Oliveira, M. A. M. S.<\/p>\n<p><a href=\"http:\/\/ce-resd.sbc.org.br\/sbrc\/2000\/030.pdf\">Uma arquitetura proxy para a tradu\u00e7\u00e3o de p\u00e1ginas WWW. pp. 419-<\/a><br \/>\nHermes A. L. Camelo, Rafael Dueire Lins<\/p>\n<p><a href=\"http:\/\/ce-resd.sbc.org.br\/sbrc\/2000\/031.pdf\">Implementa\u00e7\u00e3o de transporte robusto de voz em redes baseadas em protocolo IP. pp. 423-<\/a><br \/>\nRafael Flister Monteiro, Luciano de Errico, Hani Camille Yehia<\/p>\n<p><a href=\"http:\/\/ce-resd.sbc.org.br\/sbrc\/2000\/031.pdf\">Um framework baseado em componentes de software para aplica\u00e7\u00f5es de ger\u00eancia de falhas em redes de computadores. pp. 427-<\/a><br \/>\nRaissa Dantas Freire, Jacques Philippe Sauv\u00e9<\/p>\n<p><a href=\"http:\/\/ce-resd.sbc.org.br\/sbrc\/2000\/032.pdf\">Pol\u00edtica de substitui\u00e7\u00e3o din\u00e2mica em caches para Web. pp. 431-<\/a><br \/>\nRoberto Ferreira Brand\u00e3o, Ricardo de Oliveira Anido<\/p>\n<p><a href=\"http:\/\/ce-resd.sbc.org.br\/sbrc\/2000\/033.pdf\">Um ambiente de especifica\u00e7\u00e3o para aplica\u00e7\u00f5es destinadas ao com\u00e9rcio eletr\u00f4nico. pp. 435-<\/a><br \/>\nM\u00e1rcia Garcia Baltar, Maria Janilce B. Almeida<\/p>\n<p><a href=\"http:\/\/ce-resd.sbc.org.br\/sbrc\/2000\/034.pdf\">Um meta modelo para a engenharia de servi\u00e7os de telecomunica\u00e7\u00f5es. pp. 441-<\/a><br \/>\nS\u00e9rgio Colcher, Ant\u00f4nio Tadeu A. Gomes, Luiz Fernando G. Soares<\/p>\n<p><a href=\"http:\/\/ce-resd.sbc.org.br\/sbrc\/2000\/035.pdf\">From high-level behaviour to high-level design: use case maps to specification and description language. pp. 457-<\/a><br \/>\nIgor S. Sales, Robert L. Probert<\/p>\n<p><a href=\"http:\/\/ce-resd.sbc.org.br\/sbrc\/2000\/036.pdf\">An\u00e1lise de desempenho da terceiriza\u00e7\u00e3o de servi\u00e7os de com\u00e9rcio eletr\u00f4nico. pp.<\/a><br \/>\nBruno Diniz, Wagner Meira Jr., Virg\u00edlio Almeida<\/p>\n<p><a href=\"http:\/\/ce-resd.sbc.org.br\/sbrc\/2000\/037.pdf\">Suporte \u00e0 apresenta\u00e7\u00e3o adaptativa de aplica\u00e7\u00f5es multim\u00eddia em sistemas distribu\u00eddos. pp. 489-<\/a><br \/>\nRoberta Lima Gomes, Herli J. de Menezes, Luiz Fernando Rust da Costa Carmo, Luci Pirmez<\/p>\n<p><a href=\"http:\/\/ce-resd.sbc.org.br\/sbrc\/2000\/038.pdf\">Um framework de transmiss\u00e3o de \u00e1udio e v\u00eddeo para novos servi\u00e7os de telecomunica\u00e7\u00f5es. pp. 505-<\/a><br \/>\nEliane G. Guimar\u00e3es, Eleri Cardozo, Mareei Bergerman, Mauricio F. Magalh\u00e3es<\/p>\n<p><a href=\"http:\/\/ce-resd.sbc.org.br\/sbrc\/2000\/039.pdf\">An\u00e1lise transiente de modelos de fonte multim\u00eddia. pp. 519-<\/a><br \/>\nCarlos E. Fisch de Brito, Edmundo de Souza e Silva, Morganna C. Diniz, Rosa M. M. Le\u00e3o<\/p>\n<p><a href=\"http:\/\/ce-resd.sbc.org.br\/sbrc\/2000\/040.pdf\">Agrega\u00e7\u00e3o de tr\u00e1fego em um comutador adaptativo com servi\u00e7os integrados IP sobre ATM. pp. 537-<\/a><br \/>\nCarlos Eduardo Pagani, Maur\u00edcio Ferreira Magalh\u00e3es<\/p>\n<p><a href=\"http:\/\/ce-resd.sbc.org.br\/sbrc\/2000\/041.pdf\">Quartz: a QoS architecture for open systems. pp. 553-<\/a><br \/>\nFrank Siqueira, Vinny Cahill<\/p>\n<p><a href=\"http:\/\/ce-resd.sbc.org.br\/sbrc\/2000\/042.pdf\">Applying rate control to concurrent TCP connections. pp. 569-<\/a><br \/>\nDorgival O. Guedes Neto, Larry L. Peterson<\/p>\n","protected":false},"excerpt":{"rendered":"<p>Artigos da Trilha Principal Plataforma de supervis\u00e3o de alarmes baseada em CORBA. pp. 3-18 F\u00e1bio Studyny Higa, Rafael Romualdo Wandresen, Manoel Camillo Penna Servi\u00e7o gen\u00e9rico de log estruturado para ger\u00eancia de telecomunica\u00e7\u00f5es. pp. 19-34 Ricardo Lovatel de Lemos, Sandra Andr\u00e9a &hellip; <a href=\"https:\/\/ce-resd.sbc.org.br\/?page_id=96\">Continue lendo <span class=\"meta-nav\">&rarr;<\/span><\/a><\/p>\n","protected":false},"author":3,"featured_media":0,"parent":0,"menu_order":0,"comment_status":"closed","ping_status":"closed","template":"","meta":{"_daextinma_seo_power":"","_daextinma_enable_ail":"","footnotes":""},"class_list":["post-96","page","type-page","status-publish","hentry"],"_links":{"self":[{"href":"https:\/\/ce-resd.sbc.org.br\/index.php?rest_route=\/wp\/v2\/pages\/96","targetHints":{"allow":["GET"]}}],"collection":[{"href":"https:\/\/ce-resd.sbc.org.br\/index.php?rest_route=\/wp\/v2\/pages"}],"about":[{"href":"https:\/\/ce-resd.sbc.org.br\/index.php?rest_route=\/wp\/v2\/types\/page"}],"author":[{"embeddable":true,"href":"https:\/\/ce-resd.sbc.org.br\/index.php?rest_route=\/wp\/v2\/users\/3"}],"replies":[{"embeddable":true,"href":"https:\/\/ce-resd.sbc.org.br\/index.php?rest_route=%2Fwp%2Fv2%2Fcomments&post=96"}],"version-history":[{"count":0,"href":"https:\/\/ce-resd.sbc.org.br\/index.php?rest_route=\/wp\/v2\/pages\/96\/revisions"}],"wp:attachment":[{"href":"https:\/\/ce-resd.sbc.org.br\/index.php?rest_route=%2Fwp%2Fv2%2Fmedia&parent=96"}],"curies":[{"name":"wp","href":"https:\/\/api.w.org\/{rel}","templated":true}]}}