{"id":95,"date":"2013-03-19T02:36:08","date_gmt":"2013-03-19T02:36:08","guid":{"rendered":"http:\/\/ce-resd.sbc.org.br\/?page_id=95"},"modified":"2022-04-06T12:23:23","modified_gmt":"2022-04-06T15:23:23","slug":"anais-1999","status":"publish","type":"page","link":"https:\/\/ce-resd.sbc.org.br\/?page_id=95","title":{"rendered":"Anais &#8211; XVII SBRC (1999)"},"content":{"rendered":"\n<h2 class=\"wp-block-heading\"><span style=\"font-size: large; color: #000000;\"><span style=\"color: #000000;\"><strong style=\"color: inherit;\"><span style=\"font-size: large;\">A<\/span><\/strong><\/span><span style=\"color: #000000;\"><strong style=\"color: inherit;\"><span style=\"font-size: large;\">rtigos da Trilha Principal<\/span><\/strong><\/span><\/span><\/h2>\n\n\n\n<p><a href=\"http:\/\/ce-resd.sbc.org.br\/sbrc\/1999\/001.pdf\">SMMM &#8211; Um sistema de correio eletr\u00f4nico multim\u00eddia seguro. pp. 3-18<\/a><br>Marcel Stanley A. de Moura, Guido Lemos de Souza, Tha\u00eds V. Batista, Luiz Fernando G. Soares<\/p>\n\n\n\n<p><a href=\"http:\/\/ce-resd.sbc.org.br\/sbrc\/1999\/002.pdf\">Maximizando o n\u00famero de usu\u00e1rios em servidores de v\u00eddeo sob demanda. pp. 19-30<\/a><br>Nelson L. S. da Fonseca, Roberto de A. Fa\u00e7anha<\/p>\n\n\n\n<p><a href=\"http:\/\/ce-resd.sbc.org.br\/sbrc\/1999\/003.pdf\">Tradutor autom\u00e1tico de especifica\u00e7\u00f5es E-LOTOS para o padr\u00e3o MHEG-5. pp. 31-43.<\/a><br>Andr\u00e9 Luiz Kawamoto, Wanderley Lopes de Souza<\/p>\n\n\n\n<p><a href=\"http:\/\/ce-resd.sbc.org.br\/sbrc\/1999\/004.pdf\">Escalonamento de aplica\u00e7\u00f5es tempo real mistas com rela\u00e7\u00f5es de preced\u00eancia arbitr\u00e1rias em ambientes distribu\u00eddo. pp. 49-64<\/a><br>R\u00f4mulo Silva de Oliveira<\/p>\n\n\n\n<p><a href=\"http:\/\/ce-resd.sbc.org.br\/sbrc\/1999\/005.pdf\">M\u00e9todo rel\u00f3gio adaptativo em redes ATM &#8211; Uma proposta. pp. 65-79<\/a><br>Milena Pessoa Micheli, Maria Izabel C. Cabral, William Ferreira Giozza<\/p>\n\n\n\n<p><a href=\"http:\/\/ce-resd.sbc.org.br\/sbrc\/1999\/006.pdf\">Escalonamento adaptativo usando real-time CORBA. pp. 80-95<\/a><br>Carlos Montez, Joni Fraga, R\u00f4mulo de Oliveira, Jean-Marie Farines<\/p>\n\n\n\n<p><a href=\"http:\/\/ce-resd.sbc.org.br\/sbrc\/1999\/007.pdf\">Dynamic distributed scheduling of soft real-time tasks. pp. 96-109<\/a><br>Andr\u00e9 M. Barroso, Julius Leite, Orlando Loques<\/p>\n\n\n\n<p><a href=\"http:\/\/ce-resd.sbc.org.br\/sbrc\/1999\/008.pdf\">Gerenciamento de servi\u00e7os de telecomunica\u00e7\u00f5es utilizando o ambiente CORBA. pp. 113-124<\/a><br>Rodrigo Paix\u00e3o Franciscani, Ant\u00f4nio A. Ferreira Loureiro<\/p>\n\n\n\n<p><a href=\"http:\/\/ce-resd.sbc.org.br\/sbrc\/1999\/009.pdf\">Integra\u00e7\u00e3o de ger\u00eancia de configura\u00e7\u00e3o para redes de telecomunica\u00e7\u00f5es: uma experi\u00eancia de implementa\u00e7\u00e3o. pp. 125-140<br><\/a>Linnyer Beatrys Ruiz, Mario Jos\u00e9 Ferreira, Karlo Adriano Nocera, Joelson dos Passos, Manoel Camillo Penna, Celso A. Alves Kaestner<\/p>\n\n\n\n<p><a href=\"http:\/\/ce-resd.sbc.org.br\/sbrc\/1999\/010.pdf\">Um sistema de gerenciamento de tr\u00e1fego para redes telef\u00f4nicas de grande porte. pp. 141-156<\/a><br>Ana Luiza Barros Diniz, S\u00e9rgio Campos, Jos\u00e9 Marcos Nogueira, Christiano Mata Machado, Luiz Geraldo Souza<\/p>\n\n\n\n<p><a href=\"http:\/\/ce-resd.sbc.org.br\/sbrc\/1999\/011.pdf\">Sess\u00f5es de acesso e servi\u00e7o TINA baseadas em Web. pp. 157-172<\/a><br>Eduardo J. Oliveira, Lu\u00eds F. Faina, Eleri Cardozo<\/p>\n\n\n\n<p><a href=\"http:\/\/ce-resd.sbc.org.br\/sbrc\/1999\/012.pdf\">An\u00e1lise comparativa de algoritmos de roteamento multicast para comunica\u00e7\u00e3o multim\u00eddia em redes ATM. pp.175-190<\/a><br>Frank Meylan, Luis Gustavo Gasparini Kiatake, Marcelo Zanoni Santos, Sergio Takeo Kofuji, Jean Pierre Courtiat<\/p>\n\n\n\n<p><a href=\"http:\/\/ce-resd.sbc.org.br\/sbrc\/1999\/013.pdf\">Scalable reliable multicast with hierarchy and polling. pp. 191-205<\/a><br>Marinho Barcellos<\/p>\n\n\n\n<p><a href=\"http:\/\/ce-resd.sbc.org.br\/sbrc\/1999\/014.pdf\">Um framework para a provis\u00e3o de servi\u00e7o de multicast em ambientes gen\u00e9ricos de comunica\u00e7\u00e3o de dados. pp. 206-221<\/a><br>Marcus Antonio A. Rodrigues, S\u00e9rgio Colcher, Luiz Fernando G. Soares<\/p>\n\n\n\n<p><a href=\"http:\/\/ce-resd.sbc.org.br\/sbrc\/1999\/015.pdf\">Comunica\u00e7\u00e3o multicast confi\u00e1vel na implementa\u00e7\u00e3o de uma ferramenta whiteboard. pp. 222-237<\/a><br>Carlos E. Fisch de Brito, Raphael S. de Moraes, Denise J. de Oliveira, Edmundo de Souza e Silva<\/p>\n\n\n\n<p><a href=\"http:\/\/ce-resd.sbc.org.br\/sbrc\/1999\/016.pdf\">Confidencialidade de dados para redes ATM com criptografia parcial compat\u00edvel com transmiss\u00e3o multim\u00eddia. pp. 241-256<\/a><br>Patricia Nattrodt B. Soares, Jos\u00e9 Marcos S. Nogueira<\/p>\n\n\n\n<p><a href=\"http:\/\/ce-resd.sbc.org.br\/sbrc\/1999\/017.pdf\">Adaptando o protocolo HTTP ao ambiente de computa\u00e7\u00e3o m\u00f3vel. pp. 257-272<\/a><br>Daniel B. de Faria, Antonio Alfredo F. Loureiro<\/p>\n\n\n\n<p><a href=\"http:\/\/ce-resd.sbc.org.br\/sbrc\/1999\/018.pdf\">A solution for the consensus problem in a mobile environment. pp. 273-288<\/a><br>Nadjib Badache, Michel Hurfin, Raimundo Mac\u00eado<\/p>\n\n\n\n<p><a href=\"http:\/\/ce-resd.sbc.org.br\/sbrc\/1999\/019.pdf\">Implementa\u00e7\u00e3o de um ambiente para processamento distribu\u00eddo baseado em TINA. pp. 289-304<\/a><br>Alexandre S. Pinto, Luis F. Faina, Eleri Cardozo<\/p>\n\n\n\n<p><a href=\"http:\/\/ce-resd.sbc.org.br\/sbrc\/1999\/020.pdf\">Um framework para provis\u00e3o de QoS em ambientes gen\u00e9ricos de processamento e comunica\u00e7\u00e3o. pp. 307-322<\/a><br>Ant\u00f4nio Tadeu A. Gomes, S\u00e9rgio Colcher, Luiz Fernando G. Soares<\/p>\n\n\n\n<p><a href=\"http:\/\/ce-resd.sbc.org.br\/sbrc\/1999\/021.pdf\">Aloca\u00e7\u00e3o de recursos e qualidade de servi\u00e7o para aplica\u00e7\u00f5es multim\u00eddia distribu\u00eddas. pp. 323-338<\/a><br>Carlos C. Goulart, Jos\u00e9 Marcos S. Nogueira<\/p>\n\n\n\n<p><a href=\"http:\/\/ce-resd.sbc.org.br\/sbrc\/1999\/022.pdf\">Avalia\u00e7\u00e3o do servi\u00e7o assegurado para a diferencia\u00e7\u00e3o de servi\u00e7os na Internet. pp. 339-353<\/a><br>Jos\u00e9 Ferreira de Rezende<\/p>\n\n\n\n<p><a href=\"http:\/\/ce-resd.sbc.org.br\/sbrc\/1999\/023.pdf\">Tr\u00e1fego de voz em um ambiente de diferencia\u00e7\u00e3o de servi\u00e7os na Internet. pp. 354-367<\/a><br>Artur Ziviani, Jos\u00e9 F. de Rezende, Otto Carlos M. B. Duarte<\/p>\n\n\n\n<p><a href=\"http:\/\/ce-resd.sbc.org.br\/sbrc\/1999\/024.pdf\">Um modelo para especifica\u00e7\u00e3o formal da configura\u00e7\u00e3o de aplica\u00e7\u00f5es baseadas no PREMO. pp. 371-372<\/a>&nbsp;(short paper)<br>Cl\u00e1udia Maria F. A. Ribeiro, Guido Lemos de Souza, Adilson Barboza Lopes<\/p>\n\n\n\n<p><a href=\"http:\/\/ce-resd.sbc.org.br\/sbrc\/1999\/025.pdf\">Interconex\u00e3o din\u00e2mica de objetos distribu\u00eddos Java. pp. 373-374<\/a>&nbsp;(short paper)<br>Rog\u00e9rio Drummond, Adrian C. Ferreira<\/p>\n\n\n\n<p><a href=\"http:\/\/ce-resd.sbc.org.br\/sbrc\/1999\/026.pdf\">Ger\u00eancia de redes utilizando m\u00e9todos estat\u00edsticos bayesianos. pp. 375-376<\/a>&nbsp;(short paper)<br>Cleverson Alessandro Veronez, Carlos Efrain, Andr\u00e9 Melo Barotto, S\u00edlvia Modesto Nassar, Carlos Becker Westphall<\/p>\n\n\n\n<p><a href=\"http:\/\/ce-resd.sbc.org.br\/sbrc\/1999\/027.pdf\">Esquema de autoriza\u00e7\u00e3o para redes de larga escala combinando os modelos de seguran\u00e7a Web, Java e CORBA. pp. 377-378<\/a>&nbsp;(short paper)<br>Carla Merkle Westphall, Joni da Silva Fraga, Lau Cheuk Lung<\/p>\n\n\n\n<p><a href=\"http:\/\/ce-resd.sbc.org.br\/sbrc\/1999\/028.pdf\">WONDER: a distributed architecture for large scale workflow using CORBA. pp. 379-380<\/a>&nbsp;(short paper)<br>Roberto Silveira Silva Filho, Jacques Wainer, Edmundo R. M. Madeira, Clarence Ellis<\/p>\n\n\n\n<p><a href=\"http:\/\/ce-resd.sbc.org.br\/sbrc\/1999\/029.pdf\">Escalonador multim\u00eddia baseado em requisitos temporais e qualidade de servi\u00e7o para aplica\u00e7\u00f5es centralizadas ou distribu\u00eddas. pp. 381-382<\/a>&nbsp;(short paper)<br>Carla Gon\u00e7alves da Silva, Cesar Augusto Camilo Teixeira, C\u00e9lio Estevan Moron<\/p>\n\n\n\n<p><a href=\"http:\/\/ce-resd.sbc.org.br\/sbrc\/1999\/030.pdf\">Usando o encadeamento de transa\u00e7\u00f5es para implementar um controle fim-a-fim de fraudes em aplica\u00e7\u00f5es distribu\u00eddas. pp. 383-384<\/a>&nbsp;(short paper)<br>Rostand Edson Oliveira Costa, Francisco Vilar Brasileiro<\/p>\n\n\n\n<p><a href=\"http:\/\/ce-resd.sbc.org.br\/sbrc\/1999\/031.pdf\">A abordagem R-RIO para concep\u00e7\u00e3o de aplica\u00e7\u00f5es distribu\u00eddas. pp. 385-386<\/a>&nbsp;(short paper)<br>Alexandre Sztajnberg, Marcelo Lobosco, Orlando Loques<\/p>\n\n\n\n<p><a href=\"http:\/\/ce-resd.sbc.org.br\/sbrc\/1999\/032.pdf\">Comunica\u00e7\u00e3o multiponto confi\u00e1vel para esta\u00e7\u00f5es m\u00f3veis em redes ativas. pp. 389-404<\/a><br>Flavio Paiva Junqueira, Otto Carlos M. B. Duarte<\/p>\n\n\n\n<p><a href=\"http:\/\/ce-resd.sbc.org.br\/sbrc\/1999\/033.pdf\">Traffic simulation and the location of mobile units in wireless communication systems. pp. 405-417<\/a><br>Mauro Nacif Rocha, Gerando Robson Mateus, Soraia L\u00facia da Silva<\/p>\n\n\n\n<p><a href=\"http:\/\/ce-resd.sbc.org.br\/sbrc\/1999\/034.pdf\">Description of wireless inteligent network services with use case maps. pp. 418-433<\/a><br>Daniel Amyot, Rossana Andrade<\/p>\n\n\n\n<p><a href=\"http:\/\/ce-resd.sbc.org.br\/sbrc\/1999\/035.pdf\">Telepresen\u00e7a com realidade virtual para gerenciamento de rede. pp. 437-452<\/a><br>Gerson Battisti, Liane M. R. Tarouco<\/p>\n\n\n\n<p><a href=\"http:\/\/ce-resd.sbc.org.br\/sbrc\/1999\/036.pdf\">Sistema de ger\u00eancia para um ambiente de processamento paralelo e distribu\u00eddo de alta velocidade. pp. 453-466<\/a><br>Andr\u00e9 Mello Barotto, Adriano de Souza, Carlos Becker Westphall<\/p>\n\n\n\n<p><a href=\"http:\/\/ce-resd.sbc.org.br\/sbrc\/1999\/037.pdf\">Uma ferramenta para monitora\u00e7\u00e3o das tabelas de rotas e da configura\u00e7\u00e3o de roteadores em um backbone. pp. 467-482<\/a><br>M\u00e1rio L. Moura J\u00fanior, Ant\u00f4nio A. F. Loureiro, M\u00e1rio F. M. Campos<\/p>\n\n\n\n<p><a href=\"http:\/\/ce-resd.sbc.org.br\/sbrc\/1999\/038.pdf\">Uma facilidade de gerenciamento de configura\u00e7\u00e3o para aplica\u00e7\u00f5es CORBA. pp. 483-498<\/a><br>Cl\u00e1udio M\u00e1rcio da Silveira, Edmundo R. M. Madeira<\/p>\n\n\n\n<p><a href=\"http:\/\/ce-resd.sbc.org.br\/sbrc\/1999\/039.pdf\">Um algoritmo para diagn\u00f3stico distribu\u00eddo com informa\u00e7\u00f5es datadas. pp. 501-515<\/a><br>Elias Proc\u00f3pio Duarte Jr., Alessandro Brawerman, Luiz Carlos P. Albini<\/p>\n\n\n\n<p><a href=\"http:\/\/ce-resd.sbc.org.br\/sbrc\/1999\/040.pdf\">Projeto e implementa\u00e7\u00e3o de um ambiente de escrita colaborativa baseado em uma plataforma de suporte para distribui\u00e7\u00e3o. pp. 517-532<\/a><br>Marcelo D. Vessoni, Luis C. Trevelin<\/p>\n\n\n\n<p><a href=\"http:\/\/ce-resd.sbc.org.br\/sbrc\/1999\/041.pdf\">Coopera\u00e7\u00e3o entre caches para Web. 533-548<\/a><br>Roberto Ferreira Brand\u00e3o, Ricardo de Oliveira Anido<\/p>\n\n\n\n<p><a href=\"http:\/\/ce-resd.sbc.org.br\/sbrc\/1999\/042.pdf\">CosNamingFT &#8211; Um servi\u00e7o de nomes tolerante a falhas em conformidade com o padr\u00e3o OMG. pp. 549-564<\/a><br>Lau Cheuk Lung, Joni da Silva Fraga, Jean-Marie Farines<\/p>\n\n\n\n<p><a href=\"http:\/\/ce-resd.sbc.org.br\/sbrc\/1999\/043.pdf\">NPFS: um sistema de arquivos paralelos em rede. pp. 567-568<\/a>&nbsp;(short paper)<br>H\u00e9lio Crestana Guardia, Liria Matsumoto Sato<\/p>\n\n\n\n<p><a href=\"http:\/\/ce-resd.sbc.org.br\/sbrc\/1999\/044.pdf\">Otimiza\u00e7\u00e3o de desconex\u00e3o usando o controle de buffers em TCP. p. 569<\/a>&nbsp;(short paper)<br>Carlos de Morais Cordeiro, Judith Kelner, Djamel H. Sadok<\/p>\n\n\n\n<p><a href=\"http:\/\/ce-resd.sbc.org.br\/sbrc\/1999\/045.pdf\">Um modelo de otimiza\u00e7\u00e3o para o planejamento de redes ATM com infra-estrutura baseada em SDH. pp. 571-572<\/a>&nbsp;(short paper)<br>M\u00e1rcia M\u00f4nica Nogueira Mendes, Geraldo Robson Mateus.<\/p>\n\n\n\n<p><a href=\"http:\/\/ce-resd.sbc.org.br\/sbrc\/1999\/046.pdf\">Localiza\u00e7\u00e3o de esta\u00e7\u00f5es r\u00e1dio base aplicado \u00e0 implanta\u00e7\u00e3o de uma rede local sem fio. pp. 573-574<\/a>&nbsp;(short paper)<br>Ricardo C. Rodrigues, Ant\u00f4nio A. F. Loureiro, Geraldo R. Mateus<\/p>\n\n\n\n<p><a href=\"http:\/\/ce-resd.sbc.org.br\/sbrc\/1999\/047.pdf\">DUMBO: uma abordagem para gerenciamento de falhas utilizando racioc\u00ednio baseado em casos. pp. 575-576<\/a>&nbsp;(short paper)<br>Cristina Melchiors, Liane Margarida Rockenbach Tarouco<\/p>\n\n\n\n<p><a href=\"http:\/\/ce-resd.sbc.org.br\/sbrc\/1999\/048.pdf\">Um estudo para a determina\u00e7\u00e3o de um conjunto essencial preliminar de operadores de muta\u00e7\u00e3o para a valida\u00e7\u00e3o de m\u00e1quinas de estados finitos. pp. 577-578<\/a>&nbsp;(short paper)<br>Renata A. de Carvalho, Sandra Camargo P. F. Fabbri, Jos\u00e9 Carlos Maldonado<\/p>\n\n\n\n<p><a href=\"http:\/\/ce-resd.sbc.org.br\/sbrc\/1999\/049.pdf\">Modelos de implementa\u00e7\u00e3o de ger\u00eancia por delega\u00e7\u00e3o em sistemas de redes heterog\u00eaneas, baseados nos conceitos de agentes m\u00f3veis e objetos remotos cooperantes. pp. 579-580<\/a>&nbsp;(short paper)<br>Jorge Luiz da Castro e Silva, Arnoldo Nunes da Silva, Jos\u00e9 Neuman de Souza<\/p>\n\n\n\n<p><a href=\"http:\/\/ce-resd.sbc.org.br\/sbrc\/1999\/050.pdf\">Redes neurais na estimativa da capacidade requerida em comutadores ATM. pp. 583-598<\/a><br>Miguel Franklin, Adriano Nascimento, Marcelino Pequeno, Mauro Oliveira<\/p>\n\n\n\n<p><a href=\"http:\/\/ce-resd.sbc.org.br\/sbrc\/1999\/051.pdf\">Policiamento e multiplexa\u00e7\u00e3o estat\u00edstica de fontes auto-semelhantes. pp. 599-614<\/a><br>N. L. S. Fonseca, Gilberto S. Mayor, C\u00e9sar A. V. Neto<\/p>\n\n\n\n<p><a href=\"http:\/\/ce-resd.sbc.org.br\/sbrc\/1999\/052.pdf\">Mecanismos de controle de acesso em redes de alta velocidade. pp. 615-630<\/a><br>Kelvin Lopes Dias, Jos\u00e9 A. Suruagy Monteiro, Danilo Florissi<\/p>\n\n\n\n<p><a href=\"http:\/\/ce-resd.sbc.org.br\/sbrc\/1999\/053.pdf\">Metodologia para especifica\u00e7\u00e3o e implementa\u00e7\u00e3o de solu\u00e7\u00e3o de gerenciamento. pp. 633-648<\/a><br>S\u00e9rgio Clementi, Tereza Cristina Melo de Brito Carvalho<\/p>\n\n\n\n<p><a href=\"http:\/\/ce-resd.sbc.org.br\/sbrc\/1999\/054.pdf\">Gerenciamento pr\u00f3-ativo distribu\u00eddo baseado em l\u00f3gica difusa. pp. 649-664<\/a><br>Ernesto Carvalho, Arnaldo Dias Belchior, Jos\u00e9 Neuman de Souza<\/p>\n\n\n\n<p><a href=\"http:\/\/ce-resd.sbc.org.br\/sbrc\/1999\/055.pdf\">MomentA: gerenciamento de servi\u00e7os usando agentes m\u00f3veis em ambiente CORBA. pp. 665-680<\/a><br>B. Schulze, E. R. M. Madeira, P. Ropelatto<\/p>\n\n\n\n<p><a href=\"http:\/\/ce-resd.sbc.org.br\/sbrc\/1999\/056.pdf\">Desenvolvendo agentes inteligentes para a ger\u00eancia pr\u00f3-ativa de redes ATM. pp. 681-696<\/a><br>Adriano Nascimento, Miguel Franklin, Mauro Oliveira<\/p>\n","protected":false},"excerpt":{"rendered":"<p>Artigos da Trilha Principal SMMM &#8211; Um sistema de correio eletr\u00f4nico multim\u00eddia seguro. pp. 3-18Marcel Stanley A. de Moura, Guido Lemos de Souza, Tha\u00eds V. Batista, Luiz Fernando G. Soares Maximizando o n\u00famero de usu\u00e1rios em servidores de v\u00eddeo sob &hellip; <a href=\"https:\/\/ce-resd.sbc.org.br\/?page_id=95\">Continue lendo <span class=\"meta-nav\">&rarr;<\/span><\/a><\/p>\n","protected":false},"author":3,"featured_media":0,"parent":0,"menu_order":0,"comment_status":"closed","ping_status":"closed","template":"","meta":{"_daextinma_seo_power":"1000","_daextinma_enable_ail":"","footnotes":""},"class_list":["post-95","page","type-page","status-publish","hentry"],"_links":{"self":[{"href":"https:\/\/ce-resd.sbc.org.br\/index.php?rest_route=\/wp\/v2\/pages\/95","targetHints":{"allow":["GET"]}}],"collection":[{"href":"https:\/\/ce-resd.sbc.org.br\/index.php?rest_route=\/wp\/v2\/pages"}],"about":[{"href":"https:\/\/ce-resd.sbc.org.br\/index.php?rest_route=\/wp\/v2\/types\/page"}],"author":[{"embeddable":true,"href":"https:\/\/ce-resd.sbc.org.br\/index.php?rest_route=\/wp\/v2\/users\/3"}],"replies":[{"embeddable":true,"href":"https:\/\/ce-resd.sbc.org.br\/index.php?rest_route=%2Fwp%2Fv2%2Fcomments&post=95"}],"version-history":[{"count":0,"href":"https:\/\/ce-resd.sbc.org.br\/index.php?rest_route=\/wp\/v2\/pages\/95\/revisions"}],"wp:attachment":[{"href":"https:\/\/ce-resd.sbc.org.br\/index.php?rest_route=%2Fwp%2Fv2%2Fmedia&parent=95"}],"curies":[{"name":"wp","href":"https:\/\/api.w.org\/{rel}","templated":true}]}}