{"id":94,"date":"2013-03-19T02:35:58","date_gmt":"2013-03-19T02:35:58","guid":{"rendered":"http:\/\/ce-resd.sbc.org.br\/?page_id=94"},"modified":"2013-04-29T13:00:26","modified_gmt":"2013-04-29T13:00:26","slug":"anais-1998","status":"publish","type":"page","link":"https:\/\/ce-resd.sbc.org.br\/?page_id=94","title":{"rendered":"Anais &#8211; XVI SBRC (1998)"},"content":{"rendered":"<p><a href=\"http:\/\/ce-resd.sbc.org.br\/sbrc\/1998\/frontmatter.pdf\"><span style=\"font-size: large;\">P\u00e1ginas Iniciais<\/span><\/a><\/p>\n<p><strong><span style=\"font-size: large;\">Artigos da Trilha Principal<\/span><\/strong><\/p>\n<p><a href=\"http:\/\/ce-resd.sbc.org.br\/sbrc\/1998\/p01.pdf\">Credit-based flow control with explicit rate feedback for adaptive video multicast. pp. 15-31<\/a><br \/>\nC\u00e9lio Albuquerque, Brett J. Vickers, Tatsuya Suda<\/p>\n<p><a href=\"http:\/\/ce-resd.sbc.org.br\/sbrc\/1998\/p02.pdf\">Fornecendo servi\u00e7os de Distributed Dome Theatre em redes com multicast e em redes com servidores distribu\u00eddos. pp. 32-51<\/a><br \/>\nNelson L. S. Fonseca, Cristiane M. R. Franco<\/p>\n<p><a href=\"http:\/\/ce-resd.sbc.org.br\/sbrc\/1998\/p03.pdf\">Mecanismos para recupera\u00e7\u00e3o de perdas de pacotes de voz na Internet. pp. 52-67<\/a><br \/>\nDaniel Ratton Figueiredo, Bruno Ratton Brandi, Edmundo de Souza e Silva<\/p>\n<p><a href=\"http:\/\/ce-resd.sbc.org.br\/sbrc\/1998\/p04.pdf\">Aplicando a t\u00e9cnica de s\u00e9ries temporais em gerenciamento pr\u00f3-ativo de redes de computadores. pp. 71-90<\/a><br \/>\nFrancisco Watzko Neto, Edmundo Roberto Mauro Madeira<\/p>\n<p><a href=\"http:\/\/ce-resd.sbc.org.br\/sbrc\/1998\/p05.pdf\">Alarm management system applied to SCADA environments in power utilities. pp. 91-105<\/a><br \/>\nCarneiro, V. M., Coego, J., Guerrero, C.<\/p>\n<p><a href=\"http:\/\/ce-resd.sbc.org.br\/sbrc\/1998\/p06.pdf\">Um m\u00e9todo de resolu\u00e7\u00e3o de problema reus\u00e1vel para diagn\u00f3stico autom\u00e1tico no dom\u00ednio de gerenciamento de falhas em redes de comunica\u00e7\u00e3o. pp. 106-121<\/a><br \/>\nMarilza A. Lemos, Marcio Rillo<\/p>\n<p><a href=\"http:\/\/ce-resd.sbc.org.br\/sbrc\/1998\/p07.pdf\">Aplica\u00e7\u00f5es de ger\u00eancia extens\u00edveis. pp. 125-143<\/a><br \/>\nAna L\u00facia de Moura, Edison Ishikawa, Michele Esp\u00edndola Lima, Noemi Rodriguez<\/p>\n<p><a href=\"http:\/\/ce-resd.sbc.org.br\/sbrc\/1998\/p08.pdf\">Gerenciamento de redes de computadores utilizando intelig\u00eancia artificial distribu\u00edda &#8211; uma abordagem operacional. pp. 144-158<\/a><br \/>\nFernando Luiz Koch, Carlos Becker Westphall<\/p>\n<p><a href=\"http:\/\/ce-resd.sbc.org.br\/sbrc\/1998\/p09.pdf\">\u00c1TILA &#8211; uma arquitetura inteligente e distribu\u00edda para o gerenciamento de redes ATM. pp. 159-178<\/a><br \/>\nMarcelo Vidal Vasconcelos, Mauro Oliveira, Cideley Teixeira de Souza, Mard\u00f4nio Fran\u00e7a<\/p>\n<p><a href=\"http:\/\/ce-resd.sbc.org.br\/sbrc\/1998\/p10.pdf\">Constru\u00e7\u00e3o de um agente SNMP para ger\u00eancia de redes ATM utilizando redes neurais. pp. 179-191<\/a><br \/>\nJuliana Amaral Arantes, Elvis Melo Vieira, Carlos Becker Westphall<\/p>\n<p><a href=\"http:\/\/ce-resd.sbc.org.br\/sbrc\/1998\/p11.pdf\">Detec\u00e7\u00e3o de estado global em sistema de computa\u00e7\u00e3o m\u00f3vel. pp. 195-205<\/a><br \/>\nD\u00e1rio Vieira Concei\u00e7\u00e3o, Ricardo O. Anido<\/p>\n<p><a href=\"http:\/\/ce-resd.sbc.org.br\/sbrc\/1998\/p12.pdf\">An\u00e1lise de desempenho por simula\u00e7\u00e3o da subcamada MAC do padr\u00e3o IEEE 802.11 para redes locais sem fio. pp. 206-220<\/a><br \/>\nCristian Ramos Prange, Juergen Rochol<\/p>\n<p><a href=\"http:\/\/ce-resd.sbc.org.br\/sbrc\/1998\/p13.pdf\">Protocolo de m\u00faltiplo acesso com probabilidades de permiss\u00e3o din\u00e2micas &#8211; DPMA. pp. 221-236<\/a><br \/>\nPaulo Roberto de Lira Gondim, Ronaldo Moreira Salles<\/p>\n<p><a href=\"http:\/\/ce-resd.sbc.org.br\/sbrc\/1998\/p14.pdf\">Uma t\u00e9cnica com l\u00f3gica nebulosa para verifica\u00e7\u00e3o de um protocolo de ger\u00eancia hier\u00e1rquica de redes. pp. 239-257<\/a><br \/>\nOrlando Bernardo Filho, Marcial Porto Fernandez, Aloysio de Castro Pinto Pedroza, Jorge Lopes de Souza Le\u00e3o<\/p>\n<p><a href=\"http:\/\/ce-resd.sbc.org.br\/sbrc\/1998\/p15.pdf\">Especifica\u00e7\u00e3o formal e valida\u00e7\u00e3o de um Kernel paralelo tempo real. pp. 258-277<\/a><br \/>\nCl\u00e9ver Ricardo Guareis de Farias, Wanderley Lopes de Souza<\/p>\n<p><a href=\"http:\/\/ce-resd.sbc.org.br\/sbrc\/1998\/p16.pdf\">Especifica\u00e7\u00e3o formal de sistemas ODP usando a linguagem Mondel. pp. 278-297<\/a><br \/>\nMarcos Rog\u00e9rio Salvador, Wanderley Lopes de Souza<\/p>\n<p><a href=\"http:\/\/ce-resd.sbc.org.br\/sbrc\/1998\/p17.pdf\">Mecanismos com prioridades para escalabilidade e alto desempenho em comunica\u00e7\u00f5es multiponto confi\u00e1veis. pp. 301-318<\/a><br \/>\nDaniel Antunes Maciel Villela, Otto Carlos Muniz B. Duarte<\/p>\n<p><a href=\"http:\/\/ce-resd.sbc.org.br\/sbrc\/1998\/p18.pdf\">An\u00e1lise do gerenciamento dos mecanismos de policiamento de tr\u00e1fego em redes ATM atrav\u00e9s de objetos gerenciados. pp. 319-338<\/a><br \/>\nLiane Margarida Rockenbach Tarouco, Maria de F\u00e1tima Webber do Prado Lima<\/p>\n<p><a href=\"http:\/\/ce-resd.sbc.org.br\/sbrc\/1998\/p19.pdf\">Envio de tokens em avan\u00e7o: otimizando a utiliza\u00e7\u00e3o de enlaces com alto retardo de propaga\u00e7\u00e3o. pp. 339-352<\/a><br \/>\nMarcos Tadeu von Lutzow Vidal, Otto Carlos M. B. Duarte<\/p>\n<p><a href=\"http:\/\/ce-resd.sbc.org.br\/sbrc\/1998\/p20.pdf\">Especifica\u00e7\u00e3o e projeto de um protocolo de criptografia com gerenciamento de chaves distribu\u00eddo. pp. 365-384<br \/>\n<\/a>Daniel B. Faria, Antonio A. F. Loureiro, Patricia N. B. Soares, Jos\u00e9 Marcos S. Nogueira<\/p>\n<p><a href=\"http:\/\/ce-resd.sbc.org.br\/sbrc\/1998\/p21.pdf\">Frameworks for protocol implementation. pp. 385-403<\/a><br \/>\nCiro de Barros Barbosa, Lu\u00eds Ferreira Pires, Marten van Sinderen<\/p>\n<p><a href=\"http:\/\/ce-resd.sbc.org.br\/sbrc\/1998\/p22.pdf\">CONDADO: uma ferramenta para gera\u00e7\u00e3o de testes de protocolos combinando CONtrole e DADOs. pp. 404-423<\/a><br \/>\nSelma B\u00e1ssiga Sabi\u00e3o, Eliane Martins<\/p>\n<p><a href=\"http:\/\/ce-resd.sbc.org.br\/sbrc\/1998\/p23.pdf\">Projeto e implementa\u00e7\u00e3o de uma aplica\u00e7\u00e3o Groupware com editor cooperativo de objetos gr\u00e1ficos e Talk multi-usu\u00e1rio em ambientes distribu\u00eddos heterog\u00eaneos. pp. 427-444<\/a><br \/>\nUdo Fritzke Jr., Jean-Marie Farines, Fabiano Bachmann, Joni da Silva Fraga<\/p>\n<p><a href=\"http:\/\/ce-resd.sbc.org.br\/sbrc\/1998\/p24.pdf\">Um suporte para simula\u00e7\u00f5es orientadas a objetos distribu\u00eddas em uma plataforma aberta. pp. 445-458<\/a><br \/>\nRichard D. Ribeiro, Carlos A. Maziero<\/p>\n<p><a href=\"http:\/\/ce-resd.sbc.org.br\/sbrc\/1998\/p25.pdf\">Sistema de gerenciamento de workflow baseado em agentes de software. pp. 459-478<\/a><br \/>\nWaldomiro P. D. C. Loyolla, Jos\u00e9 Maur\u00edcio Ferreira Telles<\/p>\n<p><a href=\"http:\/\/ce-resd.sbc.org.br\/sbrc\/1998\/p26.pdf\">Monitoramento de qualidade de servi\u00e7o em sistemas multim\u00eddia distribu\u00eddos: um estudo de caso para sistemas baseados em agentes m\u00f3veis. pp. 481-500<\/a><br \/>\nPaulo C\u00e9sar de Oliveira, Luiz Affonso Guedes, Eleri Cardozo<\/p>\n<p><a href=\"http:\/\/ce-resd.sbc.org.br\/sbrc\/1998\/p27.pdf\">Projeto e desenvolvimento de um suporte a agentes m\u00f3veis baseado em CORBA. pp. 501-520<\/a><br \/>\nFrancisco J. S. Vasconcellos, Edmundo R. M. Madeira<\/p>\n<p><a href=\"http:\/\/ce-resd.sbc.org.br\/sbrc\/1998\/p28.pdf\">A esquina das listas: experi\u00eancias e perspectivas. pp. 521-538<\/a><br \/>\nMarcos Euz\u00e9bio, Ricardo Anido<\/p>\n<p><a href=\"http:\/\/ce-resd.sbc.org.br\/sbrc\/1998\/p29.pdf\">Desenvolvimento de um &#8220;packet\/session filter&#8221;. pp. 541-560<\/a><br \/>\nMarco Aur\u00e9lio Spohn, Raul Fernando Weber<\/p>\n<p><a href=\"http:\/\/ce-resd.sbc.org.br\/sbrc\/1998\/p30.pdf\">Um ambiente de seguran\u00e7a distribu\u00eddo para a integra\u00e7\u00e3o de firewalls com sistemas de detec\u00e7\u00e3o de intrus\u00e3o. pp. 561-576<\/a><br \/>\nJos\u00e9 M. Bonif\u00e1cio Jr., Edson S. Moreira, Adriano M. Cansian, Andr\u00e9 C. P. L. F. de Carvalho<\/p>\n<p><a href=\"http:\/\/ce-resd.sbc.org.br\/sbrc\/1998\/p31.pdf\">Modelo de seguran\u00e7a da linguagem Java. pp. 577-595<\/a><br \/>\nClaudio Masanori Matayoshi, Wilson Vicente Ruggiero<\/p>\n<p><a href=\"http:\/\/ce-resd.sbc.org.br\/sbrc\/1998\/p32.pdf\">Uma arquitetura para suporte a seguran\u00e7a e mobilidade sobre IPv6. pp. 596-612<\/a><br \/>\nFrederico Sauer Guimar\u00e3es Oliveira, Aloysio de Castro Pinto Pedroza<\/p>\n<p><a href=\"http:\/\/ce-resd.sbc.org.br\/sbrc\/1998\/p33.pdf\">MUSE &#8211; um ambiente para modelagem de aplica\u00e7\u00f5es multim\u00eddia interativas com tradutor para E-LOTOS. pp. 615-630<\/a><br \/>\nLuciano Paschoal Gaspary, Maria Janilce B. Almeida<\/p>\n<p><a href=\"http:\/\/ce-resd.sbc.org.br\/sbrc\/1998\/p34.pdf\">Modelo de refer\u00eancia unificado para arquitetura de protocolos e programa\u00e7\u00e3o de aplica\u00e7\u00f5es multim\u00eddia. pp. 631-650<\/a><br \/>\nS\u00e9rgio Colcher, Luiz F. G. Soares<\/p>\n<p><a href=\"http:\/\/ce-resd.sbc.org.br\/sbrc\/1998\/p35.pdf\">Distribui\u00e7\u00e3o otimizada de dados IP multicast sobre ATM. pp. 653-669<\/a><br \/>\nAna Cristina Afonso Rodrigues, Paulo Henrique de Aguiar Rodrigues<\/p>\n<p><a href=\"http:\/\/ce-resd.sbc.org.br\/sbrc\/1998\/p36.pdf\">Arquitetura de integra\u00e7\u00e3o de servi\u00e7os para a comuta\u00e7\u00e3o IP. pp. 670-681<\/a><br \/>\nJos\u00e9 F. de Rezende, Simon Pietro Romano<\/p>\n<p><a href=\"http:\/\/ce-resd.sbc.org.br\/sbrc\/1998\/p37.pdf\">The BCG membership service performance analysis. pp. 682-700<\/a><br \/>\nFab\u00edola Gon\u00e7alves Pereira Greve, Raimundo Jos\u00e9 de Ara\u00fajo Mac\u00eado<\/p>\n<p><a href=\"http:\/\/ce-resd.sbc.org.br\/sbrc\/1998\/p38.pdf\">Modelos de tr\u00e1fego para a multiplexa\u00e7\u00e3o estat\u00edstica do tr\u00e1fego de dados em redes ATM. pp. 703-722<\/a><br \/>\nAdriano L. I. Oliveira, Jos\u00e9 A. S. Monteiro<\/p>\n<p><a href=\"http:\/\/ce-resd.sbc.org.br\/sbrc\/1998\/p39.pdf\">XGOP-B: um modelo estendido com previs\u00e3o de ponto de quebra para tr\u00e1fegos de v\u00eddeo MPEG. pp. 723-741<\/a><br \/>\nMarcelo Dias de Amorim, Otto Carlos M. B. Duarte<\/p>\n<p><a href=\"http:\/\/ce-resd.sbc.org.br\/sbrc\/1998\/p40.pdf\">Estudo de um m\u00e9todo para an\u00e1lise transiente de modelos Markovianos de sistemas de comunica\u00e7\u00e3o. pp. 742-761<\/a><br \/>\nJo\u00e3o A. N. da Silva, Rosa Le\u00e3o<\/p>\n<p><a href=\"http:\/\/ce-resd.sbc.org.br\/sbrc\/1998\/p41.pdf\">Escalonamento de tarefas com rela\u00e7\u00f5es arbitr\u00e1rias de preced\u00eancia em sistemas tempo real distribu\u00eddos. pp. 775-791<\/a><br \/>\nRomulo Silva Oliveira, Joni da Silva Fraga<\/p>\n<p><a href=\"http:\/\/ce-resd.sbc.org.br\/sbrc\/1998\/p42.pdf\">Um servi\u00e7o de tempo global para sistemas distribu\u00eddos de larga escala. pp. 792-811<\/a><br \/>\nJoni Fraga, Jean-Marie Farines, Carlos Montez<\/p>\n","protected":false},"excerpt":{"rendered":"<p>P\u00e1ginas Iniciais Artigos da Trilha Principal Credit-based flow control with explicit rate feedback for adaptive video multicast. pp. 15-31 C\u00e9lio Albuquerque, Brett J. Vickers, Tatsuya Suda Fornecendo servi\u00e7os de Distributed Dome Theatre em redes com multicast e em redes com &hellip; <a href=\"https:\/\/ce-resd.sbc.org.br\/?page_id=94\">Continue lendo <span class=\"meta-nav\">&rarr;<\/span><\/a><\/p>\n","protected":false},"author":3,"featured_media":0,"parent":0,"menu_order":0,"comment_status":"closed","ping_status":"closed","template":"","meta":{"_daextinma_seo_power":"","_daextinma_enable_ail":"","footnotes":""},"class_list":["post-94","page","type-page","status-publish","hentry"],"_links":{"self":[{"href":"https:\/\/ce-resd.sbc.org.br\/index.php?rest_route=\/wp\/v2\/pages\/94","targetHints":{"allow":["GET"]}}],"collection":[{"href":"https:\/\/ce-resd.sbc.org.br\/index.php?rest_route=\/wp\/v2\/pages"}],"about":[{"href":"https:\/\/ce-resd.sbc.org.br\/index.php?rest_route=\/wp\/v2\/types\/page"}],"author":[{"embeddable":true,"href":"https:\/\/ce-resd.sbc.org.br\/index.php?rest_route=\/wp\/v2\/users\/3"}],"replies":[{"embeddable":true,"href":"https:\/\/ce-resd.sbc.org.br\/index.php?rest_route=%2Fwp%2Fv2%2Fcomments&post=94"}],"version-history":[{"count":0,"href":"https:\/\/ce-resd.sbc.org.br\/index.php?rest_route=\/wp\/v2\/pages\/94\/revisions"}],"wp:attachment":[{"href":"https:\/\/ce-resd.sbc.org.br\/index.php?rest_route=%2Fwp%2Fv2%2Fmedia&parent=94"}],"curies":[{"name":"wp","href":"https:\/\/api.w.org\/{rel}","templated":true}]}}