{"id":93,"date":"2013-03-19T02:35:47","date_gmt":"2013-03-19T02:35:47","guid":{"rendered":"http:\/\/ce-resd.sbc.org.br\/?page_id=93"},"modified":"2013-04-29T12:59:42","modified_gmt":"2013-04-29T12:59:42","slug":"anais-1997","status":"publish","type":"page","link":"https:\/\/ce-resd.sbc.org.br\/?page_id=93","title":{"rendered":"Anais &#8211; XV SBRC (1997)"},"content":{"rendered":"<p><a href=\"http:\/\/ce-resd.sbc.org.br\/sbrc\/1997\/frontmatter.pdf\"><span style=\"font-size: large;\">P\u00e1ginas Iniciais<\/span><\/a><\/p>\n<p><strong><span style=\"font-size: large;\">Artigos da Trilha Principal<\/span><\/strong><\/p>\n<p><a href=\"http:\/\/ce-resd.sbc.org.br\/sbrc\/1997\/p01.pdf\">Especifica\u00e7\u00e3o de um protocolo para gerenciamento hier\u00e1rquico em ambiente TMN. pp. 3-18<\/a><br \/>\nMarcial Porto Fernandez, Aloysio de Castro P. Pedroza<\/p>\n<p><a href=\"http:\/\/ce-resd.sbc.org.br\/sbrc\/1997\/p02.pdf\">Implementa\u00e7\u00e3o de um servi\u00e7o de sincroniza\u00e7\u00e3o multim\u00eddia para comunica\u00e7\u00e3o de dados pr\u00e9-orquestrados. pp. 19-35<\/a><br \/>\nRonaldo Mussauer de Lima, Otto Carlos Muniz B. Duarte<\/p>\n<p><a href=\"http:\/\/ce-resd.sbc.org.br\/sbrc\/1997\/p03.pdf\">O impacto do protocolo TCP\/IP na computa\u00e7\u00e3o paralela distribu\u00edda no ambiente Windows 95. pp. 36-47<\/a><br \/>\nPaulo S\u00e9rgio Lopes de Souza, Marcos Jos\u00e9 Santana, Regina Helena Carlucci Santana, Luciano Jos\u00e9 Senger, Robson Picinato<\/p>\n<p><a href=\"http:\/\/ce-resd.sbc.org.br\/sbrc\/1997\/p04.pdf\">Um modelo adaptativo para detec\u00e7\u00e3o de comportamento suspeito em redes de computadores. pp. 51-60<\/a><br \/>\nAdriano M. Cansian, Jos\u00e9 M. Bonif\u00e1cio Jr., Edson S. Moreira, Andr\u00e9 C. P. de L. F. de Carvalho<\/p>\n<p><a href=\"http:\/\/ce-resd.sbc.org.br\/sbrc\/1997\/p05.pdf\">Implementando seguran\u00e7a e controle em redes de computadores. pp. 61-78<\/a><br \/>\nLeandro M\u00e1rcio Bertholdo, Liane M. R. Tarouco<\/p>\n<p><a href=\"http:\/\/ce-resd.sbc.org.br\/sbrc\/1997\/p06.pdf\">M\u00e9todos e algoritmos para correla\u00e7\u00e3o de alarmes em redes de telecomunica\u00e7\u00f5es. pp. 79-98<\/a><br \/>\nDilmar Malheiros Meira, Jos\u00e9 Marcos S. Nogueira<\/p>\n<p><a href=\"http:\/\/ce-resd.sbc.org.br\/sbrc\/1997\/p07.pdf\">Especifica\u00e7\u00e3o de um protocolo para negocia\u00e7\u00e3o de qualidade de servi\u00e7o em sistemas multim\u00eddia. pp. 101-116<\/a><br \/>\nL. A. Guedes, E. Cardozo<\/p>\n<p><a href=\"http:\/\/ce-resd.sbc.org.br\/sbrc\/1997\/p08.pdf\">Utiliza\u00e7\u00e3o do paradigma Draco para implementar especifica\u00e7\u00f5es Estelle na linguagem C++. pp. 118-134<\/a><br \/>\nAnt\u00f4nio Carlos Lima de Santana, Ant\u00f4nio Francisco do Prado, Wanderley Lopes de Souza<\/p>\n<p><a href=\"http:\/\/ce-resd.sbc.org.br\/sbrc\/1997\/p09.pdf\">Concep\u00e7\u00e3o formal de aplica\u00e7\u00f5es multim\u00eddia Java. pp. 135-149<\/a><br \/>\nR. Willrich, P. de Saqui-Sannes<\/p>\n<p><a href=\"http:\/\/ce-resd.sbc.org.br\/sbrc\/1997\/p10.pdf\">Topos &#8211; uma ferramenta para levantamento autom\u00e1tico de topologia. pp. 153-163<\/a><br \/>\nM\u00e1rio Luiz Moura J\u00fanior, M\u00e1rcio Luiz Bunte de Carvalho, M\u00e1rio Fernando Montenegro Campos<\/p>\n<p><a href=\"http:\/\/ce-resd.sbc.org.br\/sbrc\/1997\/p11.pdf\">NetTracker: uma arquitetura operacional extens\u00edvel para ferramentas de gerenciamento de redes. pp. 164-174<\/a><br \/>\nRog\u00e9rio Borges Mouro, F\u00e1bio Teruo Morishita, Edson S. Moreira<\/p>\n<p><a href=\"http:\/\/ce-resd.sbc.org.br\/sbrc\/1997\/p12.pdf\">A precifica\u00e7\u00e3o em tempo real no controle de congestionamento. pp. 175-186<\/a><br \/>\nRosana C. de M. Grillo Gon\u00e7alves, \u00c1lvaro Garcia Neto, S\u00e9rgio Henrique Oliveira Pereira<\/p>\n<p><a href=\"http:\/\/ce-resd.sbc.org.br\/sbrc\/1997\/p13.pdf\">C\u00e1lculo de descritores de tr\u00e1fego em modelos Markovianos de fontes multim\u00eddia. pp. 189-204<\/a><br \/>\nRosa M. L. R. Carmo, Sidney C. de Lucena, Edmundo de Souza e Silva<\/p>\n<p><a href=\"http:\/\/ce-resd.sbc.org.br\/sbrc\/1997\/p14.pdf\">An evaluation of load-balancing policies on message passing architectures. pp. 205-210<\/a><br \/>\nF. J. Muniz, E. J. Zaluska<\/p>\n<p><a href=\"http:\/\/ce-resd.sbc.org.br\/sbrc\/1997\/p15.pdf\">Projeto de redes para o suporte a aplica\u00e7\u00f5es &#8220;Distributed Home Theatre&#8221;. pp. 211-227<\/a><br \/>\nNelson Lu\u00eds Saldanha da Fonseca, Cristiane Maria Reis Franco, Frank Schaffa<\/p>\n<p><a href=\"http:\/\/ce-resd.sbc.org.br\/sbrc\/1997\/p16.pdf\">Security issues in agent based computing. pp. 231-244<\/a><br \/>\nMichel Abdalla, Walfredo Cirne, Leslie Franklin, Abdallah Tabbara<\/p>\n<p><a href=\"http:\/\/ce-resd.sbc.org.br\/sbrc\/1997\/p17.pdf\">Seguran\u00e7a em sistemas de comunica\u00e7\u00e3o pessoal. Um estudo comparativo e a quest\u00e3o da interconex\u00e3o com redes heterog\u00eaneas. pp. 245-261<\/a><br \/>\nHerbert Luna Galiano, Juergen Rochol<\/p>\n<p><a href=\"http:\/\/ce-resd.sbc.org.br\/sbrc\/1997\/p18.pdf\">Introduzindo seguran\u00e7a no correio eletr\u00f4nico Internet. pp. 262-274<\/a><br \/>\nEdjozane Campos Cavalcanti, Walfredo da Costa Cirne Filho, Francisco Vilar Brasileiro<\/p>\n<p><a href=\"http:\/\/ce-resd.sbc.org.br\/sbrc\/1997\/p19.pdf\">Metaheur\u00edsticas na aloca\u00e7\u00e3o de tarefas em sistemas distribu\u00eddos de tempo real. pp. 277-285<\/a><br \/>\nA. M. Barroso, J. R. A. Torre\u00e3o, J. C. B. Leite, O. G. Loques, J. S. Fraga<\/p>\n<p><a href=\"http:\/\/ce-resd.sbc.org.br\/sbrc\/1997\/p20.pdf\">ATM switch buffer controller based on linked lists suited for hardware implementation. pp. 286-293<\/a><br \/>\nElmar Uwe Kurt Melcher, L\u00edrida Alves de Barros Naviner, Lavoisier Leite, William Ferreira Giozza, Jos\u00e9 Augusto Suruagy Monteiro<\/p>\n<p><a href=\"http:\/\/ce-resd.sbc.org.br\/sbrc\/1997\/p21.pdf\">AFIDS &#8211; arquitetura para inje\u00e7\u00e3o de falhas em sistemas distribu\u00eddos. pp. 294-309<\/a><br \/>\nIrineu Sotoma, Taisy Silva Weber<\/p>\n<p><a href=\"http:\/\/ce-resd.sbc.org.br\/sbrc\/1997\/p22.pdf\">Uma an\u00e1lise do MBone. pp. 313-324<\/a><br \/>\nCristina Melchiors, Liane Margarida Rockenbach Tarouco<\/p>\n<p><a href=\"http:\/\/ce-resd.sbc.org.br\/sbrc\/1997\/p23.pdf\">Autentica\u00e7\u00e3o de usu\u00e1rios em ambientes distribu\u00eddos. pp. 325-339<\/a><br \/>\nMaira Tr\u00e9s Medina, Noemi de La Rocque Rodriguez<\/p>\n<p><a href=\"http:\/\/ce-resd.sbc.org.br\/sbrc\/1997\/p24.pdf\">Management of the World-Wide Web. pp. 340-345<\/a><br \/>\nAiko Pras, Harrie Hazewinkel, Eric van Hengstum<\/p>\n<p><a href=\"http:\/\/ce-resd.sbc.org.br\/sbrc\/1997\/p25.pdf\">Uma metodologia de projeto de redes locais. pp. 349-365<\/a><br \/>\nTereza Cristina Melo de Brito Carvalho, Wilson Vicente Ruggiero<\/p>\n<p><a href=\"http:\/\/ce-resd.sbc.org.br\/sbrc\/1997\/p26.pdf\">Qualidade de servi\u00e7o multin\u00edvel baseada em ATM para a plataforma multiware. pp. 366-382<\/a><br \/>\nFl\u00e1vio Henrique de S. Lima, Edmundo R. M. Madeira<\/p>\n<p><a href=\"http:\/\/ce-resd.sbc.org.br\/sbrc\/1997\/p27.pdf\">A scheme for dynamic QoS renegotiation at intermediate nodes. pp. 383-398<\/a><br \/>\nCarlos C. Goulart, Jos\u00e9 Marcos S. Nogueira, Gerald W. Neufeld<\/p>\n<p><a href=\"http:\/\/ce-resd.sbc.org.br\/sbrc\/1997\/p28.pdf\">Uma extens\u00e3o da plataforma de distribui\u00e7\u00e3o ANSAware para suportar a computa\u00e7\u00e3o m\u00f3vel. pp. 401-416<\/a><br \/>\nAdriano Augusto de Souza, Paulo Roberto Freire Cunha<\/p>\n<p><a href=\"http:\/\/ce-resd.sbc.org.br\/sbrc\/1997\/p29.pdf\">Configura\u00e7\u00e3o e reflex\u00e3o computacional em aplica\u00e7\u00f5es multim\u00eddia distribu\u00eddas. pp. 417-431<\/a><br \/>\nAlexandre Sztajnberg, Orlando Loques<\/p>\n<p><a href=\"http:\/\/ce-resd.sbc.org.br\/sbrc\/1997\/p30.pdf\">Gerenciamento de objetos CORBA para a plataforma multiware. pp. 432-444<\/a><br \/>\nJo\u00e3o Augusto G. de Queiroz, Edmundo R. M. Madeira<\/p>\n<p><a href=\"http:\/\/ce-resd.sbc.org.br\/sbrc\/1997\/p31.pdf\">Construction of a TMN network element for the configuration management of ATM networks. pp. 447-456<\/a><br \/>\nLuiz Fernando Kormann, Ketter Ohnes Rogerio, Carlos Becker Westphall<\/p>\n<p><a href=\"http:\/\/ce-resd.sbc.org.br\/sbrc\/1997\/p32.pdf\">Arquitetura flex\u00edvel de uma interface de linha f\u00edsica para o comutador ATM COMATM. pp. 457-473<\/a><br \/>\nMamadou Tour\u00e9, Hamilton Soares da Silva, William Ferreira Giozza<\/p>\n<p><a href=\"http:\/\/ce-resd.sbc.org.br\/sbrc\/1997\/p33.pdf\">VLSI protocol parser generator for packet processing. pp. 474-490<\/a><br \/>\nJorge Guedes Silveira, Imad Sabouni<\/p>\n<p><a href=\"http:\/\/ce-resd.sbc.org.br\/sbrc\/1997\/p34.pdf\">Sistema de suporte para objetos remotos. pp. 493-507<\/a><br \/>\nMauro da Silva Oliveira Filho, C\u00e9lio Norbiato Targa, Rog\u00e9rio Drummond<\/p>\n<p><a href=\"http:\/\/ce-resd.sbc.org.br\/sbrc\/1997\/p35.pdf\">Mobile agent-based systems: an alternative paradigm for distributed systems development. pp. 508-524<\/a><br \/>\nPaulo C\u00e9sar de Oliveira, Eleri Cardozo<\/p>\n<p><a href=\"http:\/\/ce-resd.sbc.org.br\/sbrc\/1997\/p36.pdf\">Garbage collection in open distributed tuple space systems. pp. 525-543<\/a><br \/>\nRonaldo Menezes, Alan Wood<\/p>\n<p><a href=\"http:\/\/ce-resd.sbc.org.br\/sbrc\/1997\/p37.pdf\">Concep\u00e7\u00e3o e implementa\u00e7\u00e3o de uma aplica\u00e7\u00e3o de ger\u00eancia de bilhetes de anormalidade em ambiente distribu\u00eddo. pp. 544-554<\/a><br \/>\nMarco Antonio de Carvalho Guapo, Manoel Camillo de Oliveira Penna Neto<\/p>\n","protected":false},"excerpt":{"rendered":"<p>P\u00e1ginas Iniciais Artigos da Trilha Principal Especifica\u00e7\u00e3o de um protocolo para gerenciamento hier\u00e1rquico em ambiente TMN. pp. 3-18 Marcial Porto Fernandez, Aloysio de Castro P. Pedroza Implementa\u00e7\u00e3o de um servi\u00e7o de sincroniza\u00e7\u00e3o multim\u00eddia para comunica\u00e7\u00e3o de dados pr\u00e9-orquestrados. pp. 19-35 &hellip; <a href=\"https:\/\/ce-resd.sbc.org.br\/?page_id=93\">Continue lendo <span class=\"meta-nav\">&rarr;<\/span><\/a><\/p>\n","protected":false},"author":3,"featured_media":0,"parent":0,"menu_order":0,"comment_status":"closed","ping_status":"closed","template":"","meta":{"_daextinma_seo_power":"","_daextinma_enable_ail":"","footnotes":""},"class_list":["post-93","page","type-page","status-publish","hentry"],"_links":{"self":[{"href":"https:\/\/ce-resd.sbc.org.br\/index.php?rest_route=\/wp\/v2\/pages\/93","targetHints":{"allow":["GET"]}}],"collection":[{"href":"https:\/\/ce-resd.sbc.org.br\/index.php?rest_route=\/wp\/v2\/pages"}],"about":[{"href":"https:\/\/ce-resd.sbc.org.br\/index.php?rest_route=\/wp\/v2\/types\/page"}],"author":[{"embeddable":true,"href":"https:\/\/ce-resd.sbc.org.br\/index.php?rest_route=\/wp\/v2\/users\/3"}],"replies":[{"embeddable":true,"href":"https:\/\/ce-resd.sbc.org.br\/index.php?rest_route=%2Fwp%2Fv2%2Fcomments&post=93"}],"version-history":[{"count":0,"href":"https:\/\/ce-resd.sbc.org.br\/index.php?rest_route=\/wp\/v2\/pages\/93\/revisions"}],"wp:attachment":[{"href":"https:\/\/ce-resd.sbc.org.br\/index.php?rest_route=%2Fwp%2Fv2%2Fmedia&parent=93"}],"curies":[{"name":"wp","href":"https:\/\/api.w.org\/{rel}","templated":true}]}}