{"id":92,"date":"2013-03-19T02:35:36","date_gmt":"2013-03-19T02:35:36","guid":{"rendered":"http:\/\/ce-resd.sbc.org.br\/?page_id=92"},"modified":"2013-04-29T12:59:00","modified_gmt":"2013-04-29T12:59:00","slug":"anais-1996","status":"publish","type":"page","link":"https:\/\/ce-resd.sbc.org.br\/?page_id=92","title":{"rendered":"Anais &#8211; XIV SBRC (1996)"},"content":{"rendered":"<p><a href=\"http:\/\/ce-resd.sbc.org.br\/sbrc\/1996\/frontmatter.pdf\"><span style=\"font-size: large;\">P\u00e1ginas Inicias<\/span><\/a><\/p>\n<p><strong><span style=\"font-size: large;\">Artigos da Trilha Principal<\/span><\/strong><\/p>\n<p><a href=\"http:\/\/ce-resd.sbc.org.br\/sbrc\/1996\/p01.pdf\">MMM: um correio eletr\u00f4nico multim\u00eddia sobre o WWW. pp. 3-17<\/a><br \/>\nTha\u00eds Vasconcelos Batista, Luiz Fernando Gomes Soares, Noemi da La Rocque Rodriguez, Marcos Cabral Resende<\/p>\n<p><a href=\"http:\/\/ce-resd.sbc.org.br\/sbrc\/1996\/p02.pdf\">Modelo de objetos baseado no CORBA para sistemas hiperm\u00eddia abertos com garantias de sincroniza\u00e7\u00e3o. pp. 18-37<\/a><br \/>\nS\u00e9rgio Colcher, Luiz Fernando G. Soares, Marco Antonio Casanova, Guido Lemos S. Filho<\/p>\n<p><a href=\"http:\/\/ce-resd.sbc.org.br\/sbrc\/1996\/p03.pdf\">Defini\u00e7\u00e3o de um servi\u00e7o de sincroniza\u00e7\u00e3o cont\u00ednua para aplica\u00e7\u00f5es multim\u00eddias. pp. 38-55<\/a><br \/>\nMarcelo Gon\u00e7alves Rubinstein, Otto Carlos Muniz Bandeira Duarte<\/p>\n<p><a href=\"http:\/\/ce-resd.sbc.org.br\/sbrc\/1996\/p04.pdf\">Extrator de depend\u00eancias condicionais para sistemas de comunica\u00e7\u00e3o multim\u00eddias. pp. 56-73<\/a><br \/>\nLuiz Fernando Rust da Costa Carmo, Jean-Pierre Courtiat<\/p>\n<p><a href=\"http:\/\/ce-resd.sbc.org.br\/sbrc\/1996\/p05.pdf\">Integra\u00e7\u00e3o de logs em ambientes distribu\u00eddos utilizando gerenciamento OSI e modelagem de objetos. pp. 77-96<\/a><br \/>\nGuido Elwhin Pe\u00f1aranda Silva Junior, Jos\u00e9 Marcos Silva Nogueira<\/p>\n<p><a href=\"http:\/\/ce-resd.sbc.org.br\/sbrc\/1996\/p06.pdf\">Ger\u00eancia pr\u00f3-ativa de redes de computadores usando agentes e t\u00e9cnicas de intelig\u00eancia artificial. pp. 97-117<\/a><br \/>\nMarco Antonio da Rocha, Luis Fernando Nunes Fernandez, Carlos Becker Westphall<\/p>\n<p><a href=\"http:\/\/ce-resd.sbc.org.br\/sbrc\/1996\/p07.pdf\">Um sistema especialista para ger\u00eancia pr\u00f3-ativa remota. pp. 118-139<\/a><br \/>\nEsmilda S\u00e1enz Artola, Liane M. R. Tarouco<\/p>\n<p><a href=\"http:\/\/ce-resd.sbc.org.br\/sbrc\/1996\/p08.pdf\">Prototipa\u00e7\u00e3o de um subagente adaptativo baseado em redes neurais. pp. 140-156<\/a><br \/>\nElvis Melo Vieira, Solange Teresinha Sari<\/p>\n<p><a href=\"http:\/\/ce-resd.sbc.org.br\/sbrc\/1996\/p09.pdf\">MCF: um protocolo multidestinat\u00e1rio configur\u00e1vel com gerenciamento de acesso por fichas de permiss\u00e3o. pp. 159-177<\/a><br \/>\nMarcelo Dias Nunes, Otto Carlos M. B. Duarte<\/p>\n<p><a href=\"http:\/\/ce-resd.sbc.org.br\/sbrc\/1996\/p10.pdf\">Simulando um protocolo da camada de rede que suporta a comunica\u00e7\u00e3o m\u00f3vel. pp. 178-197<\/a><br \/>\nRoberto Wagner da Silva Rodrigues, Adriano Augusto de Souza, Jos\u00e9 Augusto Suruagy Monteiro<\/p>\n<p><a href=\"http:\/\/ce-resd.sbc.org.br\/sbrc\/1996\/p11.pdf\">Um estudo comparativo de t\u00e9cnicas de an\u00e1lise de escalonabilidade em um sistema de comunica\u00e7\u00e3o tempo-real. pp. 198-218<\/a><br \/>\nKeiko V. O. Fonseca, Joni Fraga, Jean-Marie Farines<\/p>\n<p><a href=\"http:\/\/ce-resd.sbc.org.br\/sbrc\/1996\/p12.pdf\">Berkeley sockets on a SMPD environment. pp. 219-235<\/a><br \/>\nFredy Jo\u00e3o Valente<\/p>\n<p><a href=\"http:\/\/ce-resd.sbc.org.br\/sbrc\/1996\/p13.pdf\">Implementando especifica\u00e7\u00f5es LOTOS na plataforma de distribui\u00e7\u00e3o ANSAware. pp. 239-252<\/a><br \/>\nNelson S. Rosa, Paulo R. F. Cunha, Djamel F. H. Sadok<\/p>\n<p><a href=\"http:\/\/ce-resd.sbc.org.br\/sbrc\/1996\/p14.pdf\">Mapeamento de Estelle em VHDL e estilos de descri\u00e7\u00e3o de protocolos de comunica\u00e7\u00e3o para s\u00edntese de alto n\u00edvel. pp. 253-272<\/a><br \/>\nLuci Pirmez, Aloysio de Castro P. Pedroza, Antonio Carneiro de Mesquita, Ahmed Amine Jerraya<\/p>\n<p><a href=\"http:\/\/ce-resd.sbc.org.br\/sbrc\/1996\/p15.pdf\">Especifica\u00e7\u00e3o formal de uma plataforma de gerenciamento TMN para redes ATM. pp. 273-291<\/a><br \/>\nMarcelo Spindola Bacha, Aloysio de Castro P. Pedroza<\/p>\n<p><a href=\"http:\/\/ce-resd.sbc.org.br\/sbrc\/1996\/p16.pdf\">Fiber channel workstations interconnection through ATM local network: interworking issues. pp. 295-313<\/a><br \/>\nAlessandro Anzaloni<\/p>\n<p><a href=\"http:\/\/ce-resd.sbc.org.br\/sbrc\/1996\/p17.pdf\">Um modelo aproximado para o processo de sa\u00edda de um multiplexador ATM com mecanismo de descarte seletivo. pp. 314-334<\/a><br \/>\nNelson L. S. Fonseca, John A. Silvester<\/p>\n<p><a href=\"http:\/\/ce-resd.sbc.org.br\/sbrc\/1996\/p18.pdf\">Integra\u00e7\u00e3o de um agente ATM a um prot\u00f3tipo destinado ao estudo de interoperabilidade entre sistemas TMN. pp. 335-354<\/a><br \/>\nAna Luiza Bessa de P. B. Diniz, Mauro Oliveira, Jos\u00e9 Neuman de Souza, Jos\u00e9 Marcos Silva Nogueira<\/p>\n<p><a href=\"http:\/\/ce-resd.sbc.org.br\/sbrc\/1996\/p19.pdf\">Especifica\u00e7\u00e3o e an\u00e1lise de um sistema distribu\u00eddo de realidade virtual. pp. 357-374<\/a><br \/>\nRegina Borges de Araujo, Cl\u00e1udio Kirner<\/p>\n<p><a href=\"http:\/\/ce-resd.sbc.org.br\/sbrc\/1996\/p20.pdf\">Desenvolvendo aplica\u00e7\u00f5es distribu\u00eddas em Cm. pp. 375-394<\/a><br \/>\nCelso Gon\u00e7alves Jr., Alexandre Teles, Rog\u00e9rio Drummond<\/p>\n<p><a href=\"http:\/\/ce-resd.sbc.org.br\/sbrc\/1996\/p21.pdf\">LegoShell: linguagem visual de programa\u00e7\u00e3o distribu\u00edda. pp. 395-410<\/a><br \/>\nRog\u00e9rio Drummond, Celso Gon\u00e7alves Jr.<\/p>\n<p><a href=\"http:\/\/ce-resd.sbc.org.br\/sbrc\/1996\/p22.pdf\">Uma metodologia para o desenvolvimento de aplica\u00e7\u00f5es na plataforma OSIMIS baseada no paradigma de configura\u00e7\u00e3o. pp. 411-430<\/a><br \/>\nRoberto Wagner da Silva Rodrigues, Paulo Roberto Freire Cunha, Mauro Oliveira<\/p>\n<p><a href=\"http:\/\/ce-resd.sbc.org.br\/sbrc\/1996\/p23.pdf\">Distributed object-based continuous media applications. pp. 433-452<\/a><br \/>\nCarlos A. G. Ferraz<\/p>\n<p><a href=\"http:\/\/ce-resd.sbc.org.br\/sbrc\/1996\/p24.pdf\">QoSME: an environment to manage multimedia application QoS. pp. 453-472<\/a><br \/>\nPatr\u00edcia G. S. Florissi, Yechiam Yemini<\/p>\n<p><a href=\"http:\/\/ce-resd.sbc.org.br\/sbrc\/1996\/p25.pdf\">Towards hypermedia documents design. pp. 473-491<\/a><br \/>\nRoberto Willrich, Patrick S\u00e9nac, Pierre de Saqui-Sanner, Michel Diaz<\/p>\n<p><a href=\"http:\/\/ce-resd.sbc.org.br\/sbrc\/1996\/p26.pdf\">An\u00e1lise da utiliza\u00e7\u00e3o das API XOM\/XMP no desenvolvimento de aplica\u00e7\u00f5es de ger\u00eancia para a rede de telecomunica\u00e7\u00f5es e computadores. pp. 495-511<\/a><br \/>\nPatr\u00edcia V. Corr\u00eaa Bicalho, Benedito Lu\u00eds Fayan, Jos\u00e9 Marcos Silva Nogueira<\/p>\n<p><a href=\"http:\/\/ce-resd.sbc.org.br\/sbrc\/1996\/p27.pdf\">Metodologia de desenvolvimento e implementa\u00e7\u00f5es de agentes de supervis\u00e3o de elementos de rede para a plataforma distribu\u00edda SIS. pp. 512-531<\/a><br \/>\nRafael G. Rodrigues da Silva, M\u00e1rcio Migueletto de Andrade, Henrique C. Moreira de Andrade, Jos\u00e9 Marcos Silva Nogueira<\/p>\n<p><a href=\"http:\/\/ce-resd.sbc.org.br\/sbrc\/1996\/p28.pdf\">Desenvolvimento de agentes OSI para ger\u00eancia de desempenho de sistemas de transmiss\u00e3o digital PDH &#8211; Plesiochronous Digital Hierarchy<\/a><br \/>\nJos\u00e9 F\u00e9lix Furtado de Mendon\u00e7a, Jos\u00e9 Marcos Silva Nogueira<\/p>\n<p><a href=\"http:\/\/ce-resd.sbc.org.br\/sbrc\/1996\/p29.pdf\">On the design of communication protocols that support coordination loss. pp. 553-573<\/a><br \/>\nAntonio A. F. Loureiro, Osvaldo S. F. de Carvalho<\/p>\n<p><a href=\"http:\/\/ce-resd.sbc.org.br\/sbrc\/1996\/p30.pdf\">On new classes of communication networks. pp. 574-591<\/a><br \/>\nJulio Cezar D. de Melo, Roy M. Jenevein<\/p>\n<p><a href=\"http:\/\/ce-resd.sbc.org.br\/sbrc\/1996\/p31.pdf\">On the design and implementation of the Isoswitch, a novel multi-protocol high-speed switch. pp. 592-610<\/a><br \/>\nDanilo Florissi, Yechiam Yemini<\/p>\n<p><a href=\"http:\/\/ce-resd.sbc.org.br\/sbrc\/1996\/p32.pdf\">Testing unstable properties in communication protocols. pp. 611-630<\/a><br \/>\nAntonio A. F. Loureiro, Osvaldo S. F. de Carvalho<\/p>\n<p><a href=\"http:\/\/ce-resd.sbc.org.br\/sbrc\/1996\/p33.pdf\">Buffer overflow avoidance techniques for group communication protocols. pp. 633-652<\/a><br \/>\nRaimundo J. de Ara\u00fajo Mac\u00eado, Paul D. Ezhilchelvan, Santosh K. Shrivastava<\/p>\n<p><a href=\"http:\/\/ce-resd.sbc.org.br\/sbrc\/1996\/p34.pdf\">Obtendo interoperabilidade entre ORBs. pp. 653-672<\/a><br \/>\nNuccio M. S. Zuquello, Edmundo R. M. Madeira<\/p>\n","protected":false},"excerpt":{"rendered":"<p>P\u00e1ginas Inicias Artigos da Trilha Principal MMM: um correio eletr\u00f4nico multim\u00eddia sobre o WWW. pp. 3-17 Tha\u00eds Vasconcelos Batista, Luiz Fernando Gomes Soares, Noemi da La Rocque Rodriguez, Marcos Cabral Resende Modelo de objetos baseado no CORBA para sistemas hiperm\u00eddia &hellip; <a href=\"https:\/\/ce-resd.sbc.org.br\/?page_id=92\">Continue lendo <span class=\"meta-nav\">&rarr;<\/span><\/a><\/p>\n","protected":false},"author":3,"featured_media":0,"parent":0,"menu_order":0,"comment_status":"closed","ping_status":"closed","template":"","meta":{"_daextinma_seo_power":"","_daextinma_enable_ail":"","footnotes":""},"class_list":["post-92","page","type-page","status-publish","hentry"],"_links":{"self":[{"href":"https:\/\/ce-resd.sbc.org.br\/index.php?rest_route=\/wp\/v2\/pages\/92","targetHints":{"allow":["GET"]}}],"collection":[{"href":"https:\/\/ce-resd.sbc.org.br\/index.php?rest_route=\/wp\/v2\/pages"}],"about":[{"href":"https:\/\/ce-resd.sbc.org.br\/index.php?rest_route=\/wp\/v2\/types\/page"}],"author":[{"embeddable":true,"href":"https:\/\/ce-resd.sbc.org.br\/index.php?rest_route=\/wp\/v2\/users\/3"}],"replies":[{"embeddable":true,"href":"https:\/\/ce-resd.sbc.org.br\/index.php?rest_route=%2Fwp%2Fv2%2Fcomments&post=92"}],"version-history":[{"count":0,"href":"https:\/\/ce-resd.sbc.org.br\/index.php?rest_route=\/wp\/v2\/pages\/92\/revisions"}],"wp:attachment":[{"href":"https:\/\/ce-resd.sbc.org.br\/index.php?rest_route=%2Fwp%2Fv2%2Fmedia&parent=92"}],"curies":[{"name":"wp","href":"https:\/\/api.w.org\/{rel}","templated":true}]}}