{"id":89,"date":"2013-03-19T02:35:02","date_gmt":"2013-03-19T02:35:02","guid":{"rendered":"http:\/\/ce-resd.sbc.org.br\/?page_id=89"},"modified":"2022-04-06T09:56:48","modified_gmt":"2022-04-06T12:56:48","slug":"anais-1993","status":"publish","type":"page","link":"https:\/\/ce-resd.sbc.org.br\/?page_id=89","title":{"rendered":"Anais &#8211; XI SBRC (1993)"},"content":{"rendered":"<p><a href=\"http:\/\/ce-resd.sbc.org.br\/sbrc\/1993\/frontmatter.pdf\"><span style=\"font-size: large;\">P\u00e1ginas Iniciais<\/span><\/a><\/p>\n<p><strong><span style=\"font-size: large;\">Artigos da Trilha Principal<\/span><\/strong><\/p>\n<p><a href=\"http:\/\/ce-resd.sbc.org.br\/sbrc\/1993\/p01.pdf\">SISDI-OSI: sistema did\u00e1tico para o modelo OSI. pp. 3-19<\/a><br \/>\nManuel de Jesus Mendes, Edmundo Roberto Mauro Madeira, Fl\u00e1vio Morais de Assis, Silva, Elza Kiyomi Shimabukuro Garcia, Lisiane Maria Bannwart Ambiel, Luiz Ot\u00e1vio Merlin Miranda, Maria In\u00e9s Valderrama Restovic, Milton T. Sakamoto, C\u00e9lio Toshihiro Fujito<\/p>\n<p><a href=\"http:\/\/ce-resd.sbc.org.br\/sbrc\/1993\/p02.pdf\">Utiliza\u00e7\u00e3o do ambiente ISODE no desenvolvimento de aplica\u00e7\u00f5es distribu\u00eddas. pp. 20-33<\/a><br \/>\nCelso Gonzalez Hummel, Jos\u00e9 Gon\u00e7alves Pereira Filho, Pedro Frosi Rosa, Stefania Stiubiener<\/p>\n<p><a href=\"http:\/\/ce-resd.sbc.org.br\/sbrc\/1993\/p03.pdf\">Um modelo conceitual para os componentes da camada de aplica\u00e7\u00e3o do RM-OSI\/ISO e aspectos de sua implementa\u00e7\u00e3o. pp. 34-54<\/a><br \/>\nFl\u00e1vio Morais de Assis Silva, Edmundo Roberto Mauro Madeira<\/p>\n<p><a href=\"http:\/\/ce-resd.sbc.org.br\/sbrc\/1993\/p03.pdf\">Uma interface para integra\u00e7\u00e3o de redes de telesupervis\u00e3o a um sistema integrador de supervis\u00e3o. pp. 57-76<\/a><br \/>\nPatr\u00edcia Val\u00e9ria Corr\u00eaa, Jos\u00e9 Marcos Silva Nogueira<\/p>\n<p><a href=\"http:\/\/ce-resd.sbc.org.br\/sbrc\/1993\/p05.pdf\">Monitoriza\u00e7\u00e3o autom\u00e1tica e atua\u00e7\u00e3o em sistemas de supervis\u00e3o de redes de telecomunica\u00e7\u00f5es. pp. 77-96<\/a><br \/>\nMurilo Silva Monteiro, Jos\u00e9 Marcos Silva Nogueira<\/p>\n<p><a href=\"http:\/\/ce-resd.sbc.org.br\/sbrc\/1993\/p06.pdf\">Servi\u00e7os de transfer\u00eancia de dados ponto a multiponto. pp. 97-116<\/a><br \/>\nMarcos Tadeu von Lutzow Vidal, Fernando Mascarenhas Cavalcanti de Barros, Otto Carlos Muniz Bandeira Duarte<\/p>\n<p><a href=\"http:\/\/ce-resd.sbc.org.br\/sbrc\/1993\/p07.pdf\">Protocolo hier\u00e1rquico em anel: um esquema eficiente para leitura de dados replicados. pp. 119-138<\/a><br \/>\nNabor das Chagas Mendon\u00e7a, Ricardo de Oliveira Anido<\/p>\n<p><a href=\"http:\/\/ce-resd.sbc.org.br\/sbrc\/1993\/p08.pdf\">Aspectos da implementa\u00e7\u00e3o de objetos distribu\u00eddos. pp. 139-152<\/a><br \/>\nRog\u00e9rio Drummond, Celso Gon\u00e7alves J\u00fanior, Alexandre Prado Teles<\/p>\n<p><a href=\"http:\/\/ce-resd.sbc.org.br\/sbrc\/1993\/p09.pdf\">d-smpl: um simulador distribu\u00eddo para transputers. pp. 153-171<\/a><br \/>\nCl\u00e1udia Maria Ribeiro Azevedo, Jos\u00e9 Augusto Suruagy Monteiro<\/p>\n<p><a href=\"http:\/\/ce-resd.sbc.org.br\/sbrc\/1993\/p10.pdf\">Processamento distribu\u00eddo aberto e o modelo RM-ODP\/ISO. pp. 175-195<\/a><br \/>\nVolker Tschammer, Manuel de J. Mendes, Wanderley L. de Souza, Edmundo R. M. Madeira, Waldomiro P. de Loyolla<\/p>\n<p><a href=\"http:\/\/ce-resd.sbc.org.br\/sbrc\/1993\/p11.pdf\">Executivo &#8211; um suporte de processamento distribu\u00eddo para gerenciamento de redes de telecomunica\u00e7\u00f5es. pp. 196-214<\/a><br \/>\nJoaquim Celestino J\u00fanior, Jean-Marie Claud\u00e9<\/p>\n<p><a href=\"http:\/\/ce-resd.sbc.org.br\/sbrc\/1993\/p12.pdf\">A fully distributed name server for reliable distributed applications. pp. 215-225<\/a><br \/>\nFerris, Claudia S., Cardozo, Eleri<\/p>\n<p><a href=\"http:\/\/ce-resd.sbc.org.br\/sbrc\/1993\/p13.pdf\">A supporting platform for heterogeneous networks management systems. pp. 229-246<\/a><br \/>\nFouad Georges, Jos\u00e9 Neuman, S. Lalanne, J. P. Claude<\/p>\n<p><a href=\"http:\/\/ce-resd.sbc.org.br\/sbrc\/1993\/p14.pdf\">Experience with the interoperability between telecommunications management network systems (TMN). pp. 247-266<\/a><br \/>\nMauro Oliveira, Nazim Agoulmine, Neuman de Souza, J-P. Claude<\/p>\n<p><a href=\"http:\/\/ce-resd.sbc.org.br\/sbrc\/1993\/p15.pdf\">An overview of IDEA network management plataform. pp. 269-281<\/a><br \/>\nManoel Camillo Penna<\/p>\n<p><a href=\"http:\/\/ce-resd.sbc.org.br\/sbrc\/1993\/p16.pdf\">Managing heterogeneous networks &#8211; integrator-based approach. pp. 285-305<\/a><br \/>\nJose Neuman de Souza, Ahmed Patel, Bharat Bhushan<\/p>\n<p><a href=\"http:\/\/ce-resd.sbc.org.br\/sbrc\/1993\/p17.pdf\">Implementa\u00e7\u00e3o de novos agentes para ger\u00eancia em redes de computadores. pp. 306-320<\/a><br \/>\nAna Cristina Benso da Silva, Carlos Becker Westphall<\/p>\n<p><a href=\"http:\/\/ce-resd.sbc.org.br\/sbrc\/1993\/p18.pdf\">TCMIP &#8211; um protocolo de ger\u00eancia OSI para uma rede TCP\/IP. pp. 321-339<\/a><br \/>\nAlessandra Schweitzer, Jane Ferreira Cunha, Elizabeth Sueli Specialski, Elvis Melo Vieira, Maria Marta Leite<\/p>\n<p><a href=\"http:\/\/ce-resd.sbc.org.br\/sbrc\/1993\/p19.pdf\">Transforma\u00e7\u00f5es de especifica\u00e7\u00f5es LOTOS direcionadas para a implementa\u00e7\u00e3o. pp. 343-357<\/a><br \/>\nP. Cunha, E. Najm, J. Queiroz<\/p>\n<p><a href=\"http:\/\/ce-resd.sbc.org.br\/sbrc\/1993\/p20.pdf\">Utiliza\u00e7\u00e3o da t\u00e9cnica Estelle na valida\u00e7\u00e3o de protocolos de alto n\u00edvel: metodologia, ferramentas e experi\u00eancia. pp. 358-372<\/a><br \/>\nV. B. Mazzola, L. F. R. C. Carmo, P. de Saqui-Sannes, J-P. Courtiat<\/p>\n<p><a href=\"http:\/\/ce-resd.sbc.org.br\/sbrc\/1993\/p21.pdf\">Implementa\u00e7\u00e3o de um compilador ASN.1-C para o ambiente SISDI-OSI. pp. 373-383<\/a><br \/>\nMar\u00eda In\u00e9s Valderrama Restov\u00edc, Manuel de Jesus Mendes<\/p>\n<p><a href=\"http:\/\/ce-resd.sbc.org.br\/sbrc\/1993\/p22.pdf\">O protocolo MMS: projeto e aplica\u00e7\u00f5es. pp. 387-406<\/a><br \/>\nFrederick Bigoni Burrowes, M\u00e1rcia Gon\u00e7alves de Novaes, Aloysio de Castro Pinto Pedroza<\/p>\n<p><a href=\"http:\/\/ce-resd.sbc.org.br\/sbrc\/1993\/p23.pdf\">An\u00e1lise de mutantes baseada em m\u00e1quinas de estado finito. pp. 407-425<\/a><br \/>\nSandra Camargo Pinto Ferraz Fabbri, Jos\u00e9 Carlos Maldonado, Paulo Cesar Masiero, Marcio Eduardo Delamaro, Karen Kiomi Nakazato<\/p>\n<p><a href=\"http:\/\/ce-resd.sbc.org.br\/sbrc\/1993\/p24.pdf\">Teste de protocolos tolerantes a falhas em presen\u00e7a de falhas. pp. 426-445<\/a><br \/>\nEliane Martins<\/p>\n<p><a href=\"http:\/\/ce-resd.sbc.org.br\/sbrc\/1993\/p25.pdf\">Uma proposta de um modelo organizacional heterog\u00eaneo para ger\u00eancia de redes. pp. 449-456<\/a><br \/>\nCleber Garcia Weissheimer, Liane Rockenbach Tarouco<\/p>\n<p><a href=\"http:\/\/ce-resd.sbc.org.br\/sbrc\/1993\/p26.pdf\">A aplica\u00e7\u00e3o de mecanismos de intelig\u00eancia artificial no centro de ger\u00eancia integrada de rede da TELESC. pp. 456-467<\/a><br \/>\nMarcello Thiry, Elizabeth Specialski<\/p>\n<p><a href=\"http:\/\/ce-resd.sbc.org.br\/sbrc\/1993\/p27.pdf\">Sistema criptogr\u00e1fico de chave secreta utilizando a transformada de campo de Galois. pp. 468-476<\/a><br \/>\nF. M. R. Alencar, A. M. P. L\u00e9o, R. M. Campello de Souza<\/p>\n<p><a href=\"http:\/\/ce-resd.sbc.org.br\/sbrc\/1993\/p28.pdf\">Estudo comparativo da efici\u00eancia dos mecanismos de policiamento para as redes ATM. pp. 479-496<\/a><br \/>\nJos\u00e9 Arivaldo Fraz\u00e3o J\u00fanior, Jos\u00e9 Augusto Suruagy Monteiro<\/p>\n<p><a href=\"http:\/\/ce-resd.sbc.org.br\/sbrc\/1993\/p29.pdf\">Projeto de topologias e aloca\u00e7\u00e3o de capacidades em redes ATM. pp. 497-516<\/a><br \/>\nCarlos Marcelo Dias Pazos, Jos\u00e9 Augusto Suruagy Monteiro<\/p>\n<p><a href=\"http:\/\/ce-resd.sbc.org.br\/sbrc\/1993\/p30.pdf\">Uma arquitetura distribu\u00edda para o modelo de contextos aninhados com interc\u00e2mbio de objetos MHEG. pp. 517-532<\/a><br \/>\nLuiz Fernando G. Soares, Marco Antonio Casanova<\/p>\n<p><a href=\"http:\/\/ce-resd.sbc.org.br\/sbrc\/1993\/p31.pdf\">Uma proposta para uma rede de \u00e1rea metropolitana com prioridade para o tr\u00e1fego s\u00edncrono. pp. 535-548<\/a><br \/>\nMagda Patr\u00edcia C. Arantes, Shusaburo Motoyama<\/p>\n<p><a href=\"http:\/\/ce-resd.sbc.org.br\/sbrc\/1993\/p32.pdf\">A high speed access protocol for distributed systems. pp. 549-564<\/a><br \/>\nF. Schaffa, M. Willebeek-LeMair, B. Patel<\/p>\n<p><a href=\"http:\/\/ce-resd.sbc.org.br\/sbrc\/1993\/p33.pdf\">Um protocolo MAC FDDI aperfei\u00e7oado para o servi\u00e7o de comuta\u00e7\u00e3o por pacotes de uma rede FFOL. pp. 565-584<\/a><br \/>\nJos\u00e9 Luiz Timb\u00f3 Elmiro<\/p>\n<p><a href=\"http:\/\/ce-resd.sbc.org.br\/sbrc\/1993\/p34.pdf\">Avalia\u00e7\u00e3o da probabilidade de perda de c\u00e9lulas em redes ATM utilizando o processo de Poisson modulado por Markov. pp. 587-606<\/a><br \/>\nRicardo Jos\u00e9 Paiva de Britto Salgueiro, Jos\u00e9 Augusto Suruagy Monteiro<\/p>\n<p><a href=\"http:\/\/ce-resd.sbc.org.br\/sbrc\/1993\/p35.pdf\">The effect of the gateway location on the performance of the DQDB network. pp. 607-615<\/a><br \/>\nHitoshi Nagano, Shuji Tasaka<\/p>\n<p><a href=\"http:\/\/ce-resd.sbc.org.br\/sbrc\/1993\/p36.pdf\">Um novo protocolo multiponto para comunica\u00e7\u00f5es de dados via sat\u00e9lite a altas velocidades. pp. 616-630<\/a><br \/>\nHeliomar Medeiros de Lima, Otto Carlos Muniz Bandeira Duarte<\/p>\n<p><a href=\"http:\/\/ce-resd.sbc.org.br\/sbrc\/1993\/p37.pdf\">Um estudo para utiliza\u00e7\u00e3o dos protocolos TCP\/IP em redes locais industriais. pp. 633-649<\/a><br \/>\nMauro Roseinberg, Liane Margarida Rockenbach Tarouco<\/p>\n<p><a href=\"http:\/\/ce-resd.sbc.org.br\/sbrc\/1993\/p38.pdf\">Uma an\u00e1lise comparativa das diversas propostas de atendimento dos requisitos de comunica\u00e7\u00e3o para sistemas tempo-real. pp. 650-663<\/a><br \/>\nKeiko Ver\u00f4nica Ono Fonseca, Jean-Marie Farines<\/p>\n<p><a href=\"http:\/\/ce-resd.sbc.org.br\/sbrc\/1993\/p39.pdf\">Interliga\u00e7\u00e3o entre a rede digital com integra\u00e7\u00e3o de servi\u00e7os e uma LAN Ethernet com TCP\/IP. pp. 664-683<\/a><br \/>\nFernando Videira, Augusto Casaca<\/p>\n<p><a href=\"http:\/\/ce-resd.sbc.org.br\/sbrc\/1993\/p40.pdf\">Um modelo para interopera\u00e7\u00e3o entre sistemas de recupera\u00e7\u00e3o de informa\u00e7\u00f5es. pp. 684-697<\/a><br \/>\nRenata Henkel Schwan, Liane Margarida Rockenbach Tarouco<\/p>\n<p><a href=\"http:\/\/ce-resd.sbc.org.br\/sbrc\/1993\/p41.pdf\">Implementa\u00e7\u00e3o da sub-camada MAC em uma rede com integra\u00e7\u00e3o de servi\u00e7os utilizando circuitos integrados dedicados. pp. 701-717<\/a><br \/>\nGorgonio Barreto Ara\u00fajo, Akebo Yamakami, Shusaburo Motoyama<\/p>\n<p><a href=\"http:\/\/ce-resd.sbc.org.br\/sbrc\/1993\/p42.pdf\">Implementa\u00e7\u00e3o de protocolo de comunica\u00e7\u00e3o em uma rede com integra\u00e7\u00e3o de servi\u00e7os utilizando a linguagem CHILL. pp. 718-736<\/a><br \/>\nM. Cristina E. Ussami, Shusaburo Motoyama<\/p>\n<p><a href=\"http:\/\/ce-resd.sbc.org.br\/sbrc\/1993\/p43.pdf\">Modelagem do sistema Minhoc0: um simulador orientado a objeto para o ensino de redes de computadores. pp. 737-756<\/a><br \/>\nHenrique Almeida, Serge Lalanne, Mauro Oliveira<\/p>\n","protected":false},"excerpt":{"rendered":"<p>P\u00e1ginas Iniciais Artigos da Trilha Principal SISDI-OSI: sistema did\u00e1tico para o modelo OSI. pp. 3-19 Manuel de Jesus Mendes, Edmundo Roberto Mauro Madeira, Fl\u00e1vio Morais de Assis, Silva, Elza Kiyomi Shimabukuro Garcia, Lisiane Maria Bannwart Ambiel, Luiz Ot\u00e1vio Merlin Miranda, &hellip; <a href=\"https:\/\/ce-resd.sbc.org.br\/?page_id=89\">Continue lendo <span class=\"meta-nav\">&rarr;<\/span><\/a><\/p>\n","protected":false},"author":3,"featured_media":0,"parent":0,"menu_order":0,"comment_status":"closed","ping_status":"closed","template":"","meta":{"_daextinma_seo_power":"","_daextinma_enable_ail":"","footnotes":""},"class_list":["post-89","page","type-page","status-publish","hentry"],"_links":{"self":[{"href":"https:\/\/ce-resd.sbc.org.br\/index.php?rest_route=\/wp\/v2\/pages\/89","targetHints":{"allow":["GET"]}}],"collection":[{"href":"https:\/\/ce-resd.sbc.org.br\/index.php?rest_route=\/wp\/v2\/pages"}],"about":[{"href":"https:\/\/ce-resd.sbc.org.br\/index.php?rest_route=\/wp\/v2\/types\/page"}],"author":[{"embeddable":true,"href":"https:\/\/ce-resd.sbc.org.br\/index.php?rest_route=\/wp\/v2\/users\/3"}],"replies":[{"embeddable":true,"href":"https:\/\/ce-resd.sbc.org.br\/index.php?rest_route=%2Fwp%2Fv2%2Fcomments&post=89"}],"version-history":[{"count":0,"href":"https:\/\/ce-resd.sbc.org.br\/index.php?rest_route=\/wp\/v2\/pages\/89\/revisions"}],"wp:attachment":[{"href":"https:\/\/ce-resd.sbc.org.br\/index.php?rest_route=%2Fwp%2Fv2%2Fmedia&parent=89"}],"curies":[{"name":"wp","href":"https:\/\/api.w.org\/{rel}","templated":true}]}}