{"id":88,"date":"2013-03-19T02:34:50","date_gmt":"2013-03-19T02:34:50","guid":{"rendered":"http:\/\/ce-resd.sbc.org.br\/?page_id=88"},"modified":"2013-04-28T22:09:05","modified_gmt":"2013-04-28T22:09:05","slug":"anais-1992","status":"publish","type":"page","link":"https:\/\/ce-resd.sbc.org.br\/?page_id=88","title":{"rendered":"Anais &#8211; X SBRC (1992)"},"content":{"rendered":"<p><a href=\"http:\/\/ce-resd.sbc.org.br\/sbrc\/1992\/frontmatter.pdf\"><span style=\"font-size: large;\">P\u00e1ginas Iniciais<\/span><\/a><\/p>\n<p><strong><span style=\"font-size: large;\">Artigos da Trilha Principal<\/span><\/strong><\/p>\n<p><a href=\"http:\/\/ce-resd.sbc.org.br\/sbrc\/1992\/p01.pdf\">Avalia\u00e7\u00e3o de desempenho de sistemas distribu\u00eddos especificados em Estelle. pp. 19-34<\/a><br \/>\nPedro Mej\u00eda Ochoa, Edmundo de Souza e Silva<\/p>\n<p><a href=\"http:\/\/ce-resd.sbc.org.br\/sbrc\/1992\/p02.pdf\">Uma ferramenta para integra\u00e7\u00e3o ASN.1\/Estelle. pp. 35-49<\/a><br \/>\nMaria Marta Leite, Jean-Marie Farines<\/p>\n<p><a href=\"http:\/\/ce-resd.sbc.org.br\/sbrc\/1992\/p03.pdf\">Conceitos de engenharia de protocolos utilizados na implementa\u00e7\u00e3o de um protocolo de aplica\u00e7\u00e3o em ambiente de manufatura. pp. 50-60<\/a><br \/>\nPedro Frosi Rosa, Stefania Stiubiener<\/p>\n<p><a href=\"http:\/\/ce-resd.sbc.org.br\/sbrc\/1992\/p04.pdf\">Implementa\u00e7\u00e3o de um protocolo para sincroniza\u00e7\u00e3o de rel\u00f3gio. pp. 67-79<\/a><br \/>\nMiguel Antonio Sovierzoski, Jos\u00e9 Luiz Andriolli Pereira<\/p>\n<p><a href=\"http:\/\/ce-resd.sbc.org.br\/sbrc\/1992\/p05.pdf\">Avalia\u00e7\u00e3o da implanta\u00e7\u00e3o da Bitnet nas universidades estaduais paulistas. pp. 80-92<\/a><br \/>\nEduardo Martins Morgado<\/p>\n<p><a href=\"http:\/\/ce-resd.sbc.org.br\/sbrc\/1992\/p06.pdf\">A rede interna da PUC-RIO. pp. 93-106<\/a><br \/>\nMichael Anthony Stanton<\/p>\n<p><a href=\"http:\/\/ce-resd.sbc.org.br\/sbrc\/1992\/p07.pdf\">O acesso a vari\u00e1veis MMS utilizando a interface de aplica\u00e7\u00e3o MAP. pp. 109-120<\/a><br \/>\nVer\u00f4nica Lima Pimentel de Sousa<\/p>\n<p><a href=\"http:\/\/ce-resd.sbc.org.br\/sbrc\/1992\/p08.pdf\">Uma abordagem para a ger\u00eancia de produ\u00e7\u00e3o em redes industrias. pp. 121-132<\/a><br \/>\nS. B. M., Joberto, Fernando W. Cruz<\/p>\n<p><a href=\"http:\/\/ce-resd.sbc.org.br\/sbrc\/1992\/p09.pdf\">Projeto de um protocolo LLC para rede local MINI-MAP usando a linguagem Estelle. pp. 133-146<\/a><br \/>\nMarcelo Moraes de Azevedo, Maur\u00edcio Assad Neder, Aloysio de Castro Pinto Pedroza, H\u00e9lio Schor, Elton Lemos Santos<\/p>\n<p><a href=\"http:\/\/ce-resd.sbc.org.br\/sbrc\/1992\/p10.pdf\">Um sistema de simula\u00e7\u00e3o para o c\u00e1lculo de processos. pp. 169-182<\/a><br \/>\nWaldomiro Soares Yuan, Aloysio de Castro Pinto Pedroza<\/p>\n<p><a href=\"http:\/\/ce-resd.sbc.org.br\/sbrc\/1992\/p11.pdf\">Extending CCS with multiway rendezvous. pp. 183-191<\/a><br \/>\nRosvelter Jo\u00e3o Coelho da Costa, Jean-Pierre Courtiat<\/p>\n<p><a href=\"http:\/\/ce-resd.sbc.org.br\/sbrc\/1992\/p12.pdf\">Uma variante do modelo LOTOS b\u00e1sico com tempo estoc\u00e1stico para especifica\u00e7\u00e3o e avalia\u00e7\u00e3o de desempenho em sistemas distribu\u00eddos dependentes do tempo. pp. 192-207<\/a><br \/>\nMurilo Silva de Camargo, Jean-Marie A. Farines<\/p>\n<p><a href=\"http:\/\/ce-resd.sbc.org.br\/sbrc\/1992\/p13.pdf\">Pr\u00e9-implementando especifica\u00e7\u00f5es LOTOS. pp. 208-223<\/a><br \/>\nQueiroz, Jos\u00e9; Serhrouchni, Ahmed; Najm, Elie; Cunha, Paulo<\/p>\n<p><a href=\"http:\/\/ce-resd.sbc.org.br\/sbrc\/1992\/p14.pdf\">Avalia\u00e7\u00e3o de desempenho de redes FDDI utilizando a ferramenta RESQ2. pp. 225-246<\/a><br \/>\nS\u00e9rgio de F. Brito, William F. Giozza<\/p>\n<p><a href=\"http:\/\/ce-resd.sbc.org.br\/sbrc\/1992\/p15.pdf\">Abordagem orientada a objetos no desenvolvimento de simuladores de redes locais. pp. 247-262<\/a><br \/>\nMaria Madalena Dias, Maria Izabel Cavalcanti Cabral, Marcos Antonio Gon\u00e7alves Brasileiro<\/p>\n<p><a href=\"http:\/\/ce-resd.sbc.org.br\/sbrc\/1992\/p16.pdf\">Projeto e otimiza\u00e7\u00e3o de topologias de redes de computadores de longa dist\u00e2ncia, auxiliados por computador. pp. 263-275<\/a><br \/>\n\u00c9der Manoel de Abreu, Paulo Xavier Ramos<\/p>\n<p><a href=\"http:\/\/ce-resd.sbc.org.br\/sbrc\/1992\/p17.pdf\">Especifica\u00e7\u00e3o e implementa\u00e7\u00e3o do protocolo de acesso a base de dados remota. pp. 279-288<\/a><br \/>\nAna Maria Motta Garcia Lopes, Manuel de Jesus Mendes<\/p>\n<p><a href=\"http:\/\/ce-resd.sbc.org.br\/sbrc\/1992\/p18.pdf\">Implementa\u00e7\u00e3o e an\u00e1lise de desempenho do protocolo de sess\u00e3o. pp. 289-302<\/a><br \/>\nJos\u00e9 Ferreira de Rezende, Otto Carlos M. B. Duarte<\/p>\n<p><a href=\"http:\/\/ce-resd.sbc.org.br\/sbrc\/1992\/p19.pdf\">Interoperabilidade e certifica\u00e7\u00e3o de produtos O S I. pp. 303-317<\/a><br \/>\nDenis Gabos<\/p>\n<p><a href=\"http:\/\/ce-resd.sbc.org.br\/sbrc\/1992\/p20.pdf\">Reasoning about distributed system specification: the temporal-causal way. pp. 321-339<\/a><br \/>\nJaelson Freire Brelaz de Castro<\/p>\n<p><a href=\"http:\/\/ce-resd.sbc.org.br\/sbrc\/1992\/p21.pdf\">Defining a verification methodology for distributed algorithms. pp. 340-357<\/a><br \/>\nTereza C. M. B. Carvalho, Ana R. Cavalli, Sidney Monreal Martin<\/p>\n<p><a href=\"http:\/\/ce-resd.sbc.org.br\/sbrc\/1992\/p22.pdf\">Integra\u00e7\u00e3o de redes acad\u00eamicas: aplica\u00e7\u00f5es e gerenciamento cooperantes. pp. 361-374<\/a><br \/>\nLiane Margarida Rockenbach Tarouco<\/p>\n<p><a href=\"http:\/\/ce-resd.sbc.org.br\/sbrc\/1992\/p23.pdf\">Um prot\u00f3tipo de servidor de modem sobre uma rede TCP\/IP. pp. 375-384<\/a><br \/>\nRoseli Maria da Silva, Edson dos Santos Moreira<\/p>\n<p><a href=\"http:\/\/ce-resd.sbc.org.br\/sbrc\/1992\/p24.pdf\">Sistema de manipula\u00e7\u00e3o de imagens via correio eletr\u00f4nico. Sistema FACO. pp. 385-397<\/a><br \/>\nFernando Antonio Marques da Silva, Paulo Henrique de Aguiar Rodrigues<\/p>\n<p><a href=\"http:\/\/ce-resd.sbc.org.br\/sbrc\/1992\/p25.pdf\">EDI sobre sistemas abertos de comunica\u00e7\u00e3o. pp. 398-414<\/a><br \/>\nDaniel Maurice Perpignan, Tereza Cristina Melo de Brito Carvalho<\/p>\n<p><a href=\"http:\/\/ce-resd.sbc.org.br\/sbrc\/1992\/p26.pdf\">Desempenho de servidores de arquivos baseados em redes locais. pp. 417-430<\/a><br \/>\nAna Paula G. S. Rossato, Regina H. C. Santana<\/p>\n<p><a href=\"http:\/\/ce-resd.sbc.org.br\/sbrc\/1992\/p27.pdf\">Compara\u00e7\u00e3o de desempenho de paradigmas para acesso distribu\u00eddo a bancos de dados em redes locais. pp. 431-444<\/a><br \/>\nCarlos A. M. Bastos, Daniel A. Menasc\u00e9, Luis F. G. Soares<\/p>\n<p><a href=\"http:\/\/ce-resd.sbc.org.br\/sbrc\/1992\/p28.pdf\">An\u00e1lise de algoritmos para reprodu\u00e7\u00e3o em tempo real de voz em redes de pacotes. pp. 445-462<\/a><br \/>\nT. L. P. Bastos, L. F. G. Soares<\/p>\n<p><a href=\"http:\/\/ce-resd.sbc.org.br\/sbrc\/1992\/p29.pdf\">Estudo comparativo de controles de admiss\u00e3o para redes digitais de servi\u00e7os integrados de faixa larga. pp. 463-475<\/a><br \/>\nRos\u00e2ngela Fernandes Coelho, Jos\u00e9 Augusto Suruagy Monteiro<\/p>\n<p><a href=\"http:\/\/ce-resd.sbc.org.br\/sbrc\/1992\/p30.pdf\">Uma plataforma de computa\u00e7\u00e3o para administra\u00e7\u00e3o de IBCNs. pp. 483-496<\/a><br \/>\nA. Mauro B. Oliveira, Jose Neuman de Sousa, Manoel Camilo Penna, Joaquim Celestino Junior<\/p>\n<p><a href=\"http:\/\/ce-resd.sbc.org.br\/sbrc\/1992\/p31.pdf\">Um modelo de ger\u00eancia de rede em ambiente TCP\/IP. pp. 497-510<\/a><br \/>\nReges Antonio Bronzatti, Liane M. R. Tarouco<\/p>\n<p><a href=\"http:\/\/ce-resd.sbc.org.br\/sbrc\/1992\/p32.pdf\">Estrutura\u00e7\u00e3o de base de conhecimento de um sistema de apoio \u00e0 ger\u00eancia de redes locais. pp. 511-525<\/a><br \/>\nFernando Lu\u00eds Dotti, Liane Margarida Rockenbach Tarouco<\/p>\n<p><a href=\"http:\/\/ce-resd.sbc.org.br\/sbrc\/1992\/p33.pdf\">Uso do FDDI e SONET em uma implementa\u00e7\u00e3o de comuta\u00e7\u00e3o digital distribu\u00edda (CDD). pp. 529-542<\/a><br \/>\nPaulo M. C. Pessoa, Victor Valenzuela<\/p>\n<p><a href=\"http:\/\/ce-resd.sbc.org.br\/sbrc\/1992\/p34.pdf\">T\u00e9cnicas de acelera\u00e7\u00e3o da comunica\u00e7\u00e3o em um barramento paralelo centralizado. pp. 543-556<\/a><br \/>\nRosana C. de M. Grillo Gon\u00e7alves, Claudio Kirner<\/p>\n<p><a href=\"http:\/\/ce-resd.sbc.org.br\/sbrc\/1992\/p35.pdf\">Arquitetura e implementa\u00e7\u00e3o de uma interface de comunica\u00e7\u00e3o integrada para tr\u00e1fego de voz e dados em redes locais. pp. 557-570<\/a><br \/>\nAlexandre M. Moraes, William F. Giozza<\/p>\n<p><a href=\"http:\/\/ce-resd.sbc.org.br\/sbrc\/1992\/p36.pdf\">Um n\u00facleo &#8220;Linda&#8221; para desenvolvimento de aplica\u00e7\u00f5es distribu\u00eddas em uma rede Unix. pp. 573-585<\/a><br \/>\nDorgival O. Guedes Neto, Osvaldo S. F. Carvalho<\/p>\n<p><a href=\"http:\/\/ce-resd.sbc.org.br\/sbrc\/1992\/p37.pdf\">Sistema multitalk. pp. 586-593<\/a><br \/>\nL\u00facia Maria Oliveira, Marcelo Migueletto de Andrade, Osvaldo S. F. Carvalho<\/p>\n<p><strong><span style=\"font-size: large;\">Palestras<\/span><\/strong><\/p>\n<p><a href=\"http:\/\/ce-resd.sbc.org.br\/sbrc\/1992\/palestra1.pdf\">On the design and implementation of distributed systems using LOTOS<\/a><br \/>\nEd Brinksma<\/p>\n<p><a href=\"http:\/\/ce-resd.sbc.org.br\/sbrc\/1992\/palestra2.pdf\">A evolu\u00e7\u00e3o de redes acad\u00eamicas no pa\u00eds<\/a><br \/>\nDemi Getschko, Michael Anthony Stanton<\/p>\n<p><a href=\"http:\/\/ce-resd.sbc.org.br\/sbrc\/1992\/palestra3.pdf\">LOTOS: state of the art and perspectives<\/a><br \/>\nAbdellatif Obaid<\/p>\n<p><a href=\"http:\/\/ce-resd.sbc.org.br\/sbrc\/1992\/palestra4.pdf\">Networking support for multimedia<\/a><br \/>\nJacky Barr\u00e9<\/p>\n","protected":false},"excerpt":{"rendered":"<p>P\u00e1ginas Iniciais Artigos da Trilha Principal Avalia\u00e7\u00e3o de desempenho de sistemas distribu\u00eddos especificados em Estelle. pp. 19-34 Pedro Mej\u00eda Ochoa, Edmundo de Souza e Silva Uma ferramenta para integra\u00e7\u00e3o ASN.1\/Estelle. pp. 35-49 Maria Marta Leite, Jean-Marie Farines Conceitos de engenharia &hellip; <a href=\"https:\/\/ce-resd.sbc.org.br\/?page_id=88\">Continue lendo <span class=\"meta-nav\">&rarr;<\/span><\/a><\/p>\n","protected":false},"author":3,"featured_media":0,"parent":0,"menu_order":0,"comment_status":"closed","ping_status":"closed","template":"","meta":{"_daextinma_seo_power":"","_daextinma_enable_ail":"","footnotes":""},"class_list":["post-88","page","type-page","status-publish","hentry"],"_links":{"self":[{"href":"https:\/\/ce-resd.sbc.org.br\/index.php?rest_route=\/wp\/v2\/pages\/88","targetHints":{"allow":["GET"]}}],"collection":[{"href":"https:\/\/ce-resd.sbc.org.br\/index.php?rest_route=\/wp\/v2\/pages"}],"about":[{"href":"https:\/\/ce-resd.sbc.org.br\/index.php?rest_route=\/wp\/v2\/types\/page"}],"author":[{"embeddable":true,"href":"https:\/\/ce-resd.sbc.org.br\/index.php?rest_route=\/wp\/v2\/users\/3"}],"replies":[{"embeddable":true,"href":"https:\/\/ce-resd.sbc.org.br\/index.php?rest_route=%2Fwp%2Fv2%2Fcomments&post=88"}],"version-history":[{"count":0,"href":"https:\/\/ce-resd.sbc.org.br\/index.php?rest_route=\/wp\/v2\/pages\/88\/revisions"}],"wp:attachment":[{"href":"https:\/\/ce-resd.sbc.org.br\/index.php?rest_route=%2Fwp%2Fv2%2Fmedia&parent=88"}],"curies":[{"name":"wp","href":"https:\/\/api.w.org\/{rel}","templated":true}]}}