{"id":87,"date":"2013-03-19T02:34:26","date_gmt":"2013-03-19T02:34:26","guid":{"rendered":"http:\/\/ce-resd.sbc.org.br\/?page_id=87"},"modified":"2013-04-28T22:05:26","modified_gmt":"2013-04-28T22:05:26","slug":"anais-1991","status":"publish","type":"page","link":"https:\/\/ce-resd.sbc.org.br\/?page_id=87","title":{"rendered":"Anais &#8211; IX SBRC (1991)"},"content":{"rendered":"<p><a href=\"http:\/\/ce-resd.sbc.org.br\/sbrc\/1991\/frontmatter.pdf\"><span style=\"font-size: large;\">P\u00e1ginas Iniciais<\/span><\/a><\/p>\n<p><strong><span style=\"font-size: large;\">Artigos da Trilha Principal<\/span><\/strong><\/p>\n<p><a href=\"http:\/\/ce-resd.sbc.org.br\/sbrc\/1991\/p01.pdf\">Uma interface de soquetes padr\u00e3o UNIX BSD 4.2 para microcomputadores do tipo IBM PC. pp. 71-84<\/a><br \/>\nAlessandro Anzaloni, Gilberto S. Mayor Jr.<\/p>\n<p><a href=\"http:\/\/ce-resd.sbc.org.br\/sbrc\/1991\/p02.pdf\">Comunica\u00e7\u00e3o de computadores atrav\u00e9s de redes heterog\u00eaneas: existe um solu\u00e7\u00e3o padronizada? pp. 85-101<\/a><br \/>\nWagner Luiz Zucchi<\/p>\n<p><a href=\"http:\/\/ce-resd.sbc.org.br\/sbrc\/1991\/p03.pdf\">O diret\u00f3rio X500: uma solu\u00e7\u00e3o para o problema de resolu\u00e7\u00e3o de endere\u00e7os no MHS. pp. 105-120<\/a><br \/>\nLuci Pirmez, Suzan Almada Mendes<\/p>\n<p><a href=\"http:\/\/ce-resd.sbc.org.br\/sbrc\/1991\/p04.pdf\">Arquitetura e protocolos da rede de comunica\u00e7\u00e3o de dados da miss\u00e3o espacial completa brasileira. pp. 121-136<\/a><br \/>\nAnast\u00e1cio Emanuel de Carvalho Vieira<\/p>\n<p><a href=\"http:\/\/ce-resd.sbc.org.br\/sbrc\/1991\/p05.pdf\">Utiliza\u00e7\u00e3o do modelo ISO\/OSI simplificado na implementa\u00e7\u00e3o de um novo m\u00f3dulo de controle para unidade terminal remota. pp. 139-153<\/a><br \/>\nV\u00f3ldi Costa Zambenedetti, Keiko V. Ono Fonseca, Jean Charles Valadier, Marcos Olandoski<\/p>\n<p><a href=\"http:\/\/ce-resd.sbc.org.br\/sbrc\/1991\/p06.pdf\">Uma proposta de baixo custo para a interconex\u00e3o de equipamentos. pp. 154-167<\/a><br \/>\nMarcello Thiry Comicholi da Costa, Elizabeth Sueli Specialski<\/p>\n<p><a href=\"http:\/\/ce-resd.sbc.org.br\/sbrc\/1991\/p07.pdf\">Especifica\u00e7\u00e3o de um sistema de supervis\u00e3o e ger\u00eancia de equipamentos de comunica\u00e7\u00e3o de dados. pp. 168-182<\/a><br \/>\nBernardino Corr\u00eaa, Heitor Blum S. Thiago, Marcos de Souza Silva<\/p>\n<p><a href=\"http:\/\/ce-resd.sbc.org.br\/sbrc\/1991\/p08.pdf\">Redes metropolitanas (MAN). pp. 185-199<\/a><br \/>\nS\u00e9rgio de Figueir\u00eado Brito, William F. Giozza<\/p>\n<p><a href=\"http:\/\/ce-resd.sbc.org.br\/sbrc\/1991\/p09.pdf\">Especifica\u00e7\u00e3o de uma interface de voz para rede local com fibras \u00f3ticas e integra\u00e7\u00e3o de servi\u00e7os. pp. 200-213<\/a><br \/>\nPaulo Maur\u00edcio C. Pessoa, Shusaburo Motoyama<\/p>\n<p><a href=\"http:\/\/ce-resd.sbc.org.br\/sbrc\/1991\/p10.pdf\">Um m\u00e9todo de acesso para rede local com fibras \u00f3pticas de pl\u00e1stico e integra\u00e7\u00e3o de voz e dados. pp. 214-230<\/a><br \/>\nPaulo Roberto Guardieiro, Shusaburo Motoyama<\/p>\n<p><a href=\"http:\/\/ce-resd.sbc.org.br\/sbrc\/1991\/p11.pdf\">Modelo baseado em conex\u00f5es para o gerenciamento de configura\u00e7\u00e3o din\u00e2mica em sistemas distribu\u00eddos. pp. 233-246<\/a><br \/>\nJorge de Ara\u00fajo Lima Filho, Paulo Roberto Freire Cunha<\/p>\n<p><a href=\"http:\/\/ce-resd.sbc.org.br\/sbrc\/1991\/p12.pdf\">Configura\u00e7\u00e3o din\u00e2mica no sistema ADES. pp. 247-258<\/a><br \/>\nWesley de Abreu, Joni Fraga, Eraldo S. Silva<\/p>\n<p><a href=\"http:\/\/ce-resd.sbc.org.br\/sbrc\/1991\/p13.pdf\">Uma vis\u00e3o moderna para o tratamento de concorr\u00eancia em Modula-2. pp. 259-274<\/a><br \/>\nRegina Claudia de Alencar Ximenes, Paulo Roberto Freire Cunha<\/p>\n<p><a href=\"http:\/\/ce-resd.sbc.org.br\/sbrc\/1991\/p14.pdf\">CSP: um dialeto de CSP e sua aplica\u00e7\u00e3o a especifica\u00e7\u00e3o de protocolos de comunica\u00e7\u00e3o. pp. 277-294<\/a><br \/>\nJ. B. M. Sobral, J. L. S. Le\u00e3o, A. C. P. Pedroza<\/p>\n<p><a href=\"http:\/\/ce-resd.sbc.org.br\/sbrc\/1991\/p15.pdf\">Projeto de sistemas atrav\u00e9s de refinamentos sucessivos utilizando a TDF LOTOS. pp. 295-312<\/a><br \/>\nWanderley Lopes de Souza, Luis Ferreira Pires<\/p>\n<p><a href=\"http:\/\/ce-resd.sbc.org.br\/sbrc\/1991\/p16.pdf\">Um tradutor TTCN-ESTELLE para teste de implementa\u00e7\u00f5es de protocolos. pp. 313-327<\/a><br \/>\nM\u00f4nica Paiva de Almeida, Jos\u00e9 Marcos Silva Nogueira<\/p>\n<p><a href=\"http:\/\/ce-resd.sbc.org.br\/sbrc\/1991\/p17.pdf\">Aspectos de implementa\u00e7\u00e3o de um servidor MMS. pp. 331-342<\/a><br \/>\nM\u00f4nica V. C. Aguiar, Elizabet Spohr, Joberto, S. B. M.<\/p>\n<p><a href=\"http:\/\/ce-resd.sbc.org.br\/sbrc\/1991\/p18.pdf\">Modelamento da rede Minimap por blocos funcionais. pp. 343-357<\/a><br \/>\nJean-Charles Valadier, Keiko V. O. Fonseca, Bernard Hautbergue, Flavio Neves Jr.<\/p>\n<p><a href=\"http:\/\/ce-resd.sbc.org.br\/sbrc\/1991\/p19.pdf\">Uma proposta de um modelo de implementa\u00e7\u00e3o do padr\u00e3o MMS numa arquitetura Mini-Map. pp. 358-371<\/a><br \/>\nRoberto Willrich, Jean-Marie Farines, Joni da Silva Fraga<\/p>\n<p><a href=\"http:\/\/ce-resd.sbc.org.br\/sbrc\/1991\/p20.pdf\">Uma proposta evolutiva para redes locais em automa\u00e7\u00e3o da manufatura. pp. 372-381<\/a><br \/>\nDaniel Brand\u00e3o Cavalcanti<\/p>\n<p><a href=\"http:\/\/ce-resd.sbc.org.br\/sbrc\/1991\/p21.pdf\">Perfil: programa examinador de rede focalizado em inspe\u00e7\u00e3o de tr\u00e1fego em linha. pp. 385-399<\/a><br \/>\nMarcelo Spohn, Liane M. R. Tarouco<\/p>\n<p><a href=\"http:\/\/ce-resd.sbc.org.br\/sbrc\/1991\/p22.pdf\">Um sistema de apoio \u00e0 ger\u00eancia de redes locais. pp. 400-416<\/a><br \/>\nFernando Lu\u00eds Dotti, Liane Margarida Rockenbach Tarouco<\/p>\n<p><a href=\"http:\/\/ce-resd.sbc.org.br\/sbrc\/1991\/p23.pdf\">Esta\u00e7\u00e3o de trabalho de opera\u00e7\u00e3o, manuten\u00e7\u00e3o, e supervis\u00e3o do tr\u00f3pico RA (ET-OMS). pp. 417-427<\/a><br \/>\nOt\u00e1vio Cury D\u00e9cio, S\u00e9rgio Roberto Pereira<\/p>\n<p><a href=\"http:\/\/ce-resd.sbc.org.br\/sbrc\/1991\/p24.pdf\">Um sistema especialista para avaliar o desempenho de redes de computadores. pp. 431-445<\/a><br \/>\nMarcos Ant\u00f4nio Gon\u00e7alves Brasileiro, Maria Izabel Cavalcanti Cabral, H\u00e9lio de Menezes Silva<\/p>\n<p><a href=\"http:\/\/ce-resd.sbc.org.br\/sbrc\/1991\/p25.pdf\">Aloca\u00e7\u00e3o de capacidades e controle de tr\u00e1fego em redes MTA. pp. 446-459<\/a><br \/>\nJos\u00e9 Augusto Suruagy Monteiro<\/p>\n<p><a href=\"http:\/\/ce-resd.sbc.org.br\/sbrc\/1991\/p26.pdf\">Utiliza\u00e7\u00e3o de uma metodologia baseada em objetos na implementa\u00e7\u00e3o de uma rede local de custo zero. pp. 463-477<\/a><br \/>\nM\u00e1rcio Quintaes Marchini, Gl\u00e1ucio Estanislao Schumacher<\/p>\n<p><a href=\"http:\/\/ce-resd.sbc.org.br\/sbrc\/1991\/p27.pdf\">hiperNet: um ambiente de coopera\u00e7\u00e3o em rede local. pp. 478-492<\/a><br \/>\nLuiz Fernando Bier Melgarejo, Andr\u00e9 Luis Costa Ballista, M\u00e1rcio Quintaes Marchini<\/p>\n<p><a href=\"http:\/\/ce-resd.sbc.org.br\/sbrc\/1991\/p28.pdf\">Minhonix, a distributed system for teaching. pp. 493-506<\/a><br \/>\nA. Mauro B. Oliveira, Jean-Pierre Peyrin<\/p>\n<p><strong><span style=\"font-size: large;\">Palestras<\/span><\/strong><\/p>\n<p><a href=\"http:\/\/ce-resd.sbc.org.br\/sbrc\/1991\/palestra1.pdf\">A dissemina\u00e7\u00e3o das arquiteturas abertas no Brasil: o esfor\u00e7o da BRISA<\/a><br \/>\nWagner Luiz Zucchi<\/p>\n<p><a href=\"http:\/\/ce-resd.sbc.org.br\/sbrc\/1991\/palestra2.pdf\">Gateway X.400\/BITNET de Queens em uso em produ\u00e7\u00e3o na Alemanha (Dearn) e na UFRJ: um trabalho a quatro m\u00e3os<\/a><br \/>\nJuan Altmayer Pizzorno<\/p>\n<p><a href=\"http:\/\/ce-resd.sbc.org.br\/sbrc\/1991\/palestra3.pdf\">OSI specifications using ASN.1 and other formal description techniques<\/a><br \/>\nGregor v. Bochmann, Daniel Ouimet<\/p>\n<p><a href=\"http:\/\/ce-resd.sbc.org.br\/sbrc\/1991\/palestra4.pdf\">Network management in the Esprit Project 2100: MAX metropolitan area communication system<\/a><br \/>\nCarlos B. Westphall<\/p>\n<p><a href=\"http:\/\/ce-resd.sbc.org.br\/sbrc\/1991\/palestra5.pdf\">Redes de computadores: o futuro n\u00e3o \u00e9 mais o que era<\/a><br \/>\nJ. Ant\u00e3o B. Moura, Marcos A. G. Brasileiro, Jacques P. Sauv\u00e9<\/p>\n","protected":false},"excerpt":{"rendered":"<p>P\u00e1ginas Iniciais Artigos da Trilha Principal Uma interface de soquetes padr\u00e3o UNIX BSD 4.2 para microcomputadores do tipo IBM PC. pp. 71-84 Alessandro Anzaloni, Gilberto S. Mayor Jr. Comunica\u00e7\u00e3o de computadores atrav\u00e9s de redes heterog\u00eaneas: existe um solu\u00e7\u00e3o padronizada? pp. &hellip; <a href=\"https:\/\/ce-resd.sbc.org.br\/?page_id=87\">Continue lendo <span class=\"meta-nav\">&rarr;<\/span><\/a><\/p>\n","protected":false},"author":3,"featured_media":0,"parent":0,"menu_order":0,"comment_status":"closed","ping_status":"closed","template":"","meta":{"_daextinma_seo_power":"","_daextinma_enable_ail":"","footnotes":""},"class_list":["post-87","page","type-page","status-publish","hentry"],"_links":{"self":[{"href":"https:\/\/ce-resd.sbc.org.br\/index.php?rest_route=\/wp\/v2\/pages\/87","targetHints":{"allow":["GET"]}}],"collection":[{"href":"https:\/\/ce-resd.sbc.org.br\/index.php?rest_route=\/wp\/v2\/pages"}],"about":[{"href":"https:\/\/ce-resd.sbc.org.br\/index.php?rest_route=\/wp\/v2\/types\/page"}],"author":[{"embeddable":true,"href":"https:\/\/ce-resd.sbc.org.br\/index.php?rest_route=\/wp\/v2\/users\/3"}],"replies":[{"embeddable":true,"href":"https:\/\/ce-resd.sbc.org.br\/index.php?rest_route=%2Fwp%2Fv2%2Fcomments&post=87"}],"version-history":[{"count":0,"href":"https:\/\/ce-resd.sbc.org.br\/index.php?rest_route=\/wp\/v2\/pages\/87\/revisions"}],"wp:attachment":[{"href":"https:\/\/ce-resd.sbc.org.br\/index.php?rest_route=%2Fwp%2Fv2%2Fmedia&parent=87"}],"curies":[{"name":"wp","href":"https:\/\/api.w.org\/{rel}","templated":true}]}}