{"id":86,"date":"2013-03-19T02:34:15","date_gmt":"2013-03-19T02:34:15","guid":{"rendered":"http:\/\/ce-resd.sbc.org.br\/?page_id=86"},"modified":"2022-04-06T11:49:22","modified_gmt":"2022-04-06T14:49:22","slug":"anais-1983","status":"publish","type":"page","link":"https:\/\/ce-resd.sbc.org.br\/?page_id=86","title":{"rendered":"Anais &#8211; I SBRC  (1983)"},"content":{"rendered":"\n<p><a href=\"http:\/\/ce-resd.sbc.org.br\/sbrc\/1983\/frontmatter.pdf\">P\u00e1ginas Iniciais<\/a><\/p>\n\n\n\n<h2 class=\"wp-block-heading\"><strong><span style=\"font-size: large;\">Artigos da Trilha Principal<\/span><\/strong><\/h2>\n\n\n\n<p><a href=\"http:\/\/ce-resd.sbc.org.br\/sbrc\/1983\/p01.pdf\">Poscot &#8211; um protocolo de sess\u00e3o para redes de computadores. pp. 10-43<\/a><br>Stefania Stiubiener, Wagner Luiz Zucchi<\/p>\n\n\n\n<p><a href=\"http:\/\/ce-resd.sbc.org.br\/sbrc\/1983\/p02.pdf\">Projeto e implementa\u00e7\u00e3o de um equipamento PAD (&#8220;Packet Assembler\/Disassembler&#8221;). pp. 44-63<\/a><br>Edit G. L. de Campos, Armando S. Barbosa Jr.<\/p>\n\n\n\n<p><a href=\"http:\/\/ce-resd.sbc.org.br\/sbrc\/1983\/p03.pdf\">Experi\u00eancia no projeto e implementa\u00e7\u00e3o da rede local REDPUC. pp. 64-75<\/a><br>Daniel A. Menasc\u00e9, Luiz Fernando Gomes Soares, Daniel Schwabe<\/p>\n\n\n\n<p><a href=\"http:\/\/ce-resd.sbc.org.br\/sbrc\/1983\/p04.pdf\">RELIME &#8211; rede local do IME. pp. 76-103<\/a><br>Ivan Melo de Carvalho, Emmanuel Lopes Passos<\/p>\n\n\n\n<p><a href=\"http:\/\/ce-resd.sbc.org.br\/sbrc\/1983\/p05.pdf\">A rede local de computadores do NCE\/UFRJ. pp. 104-122<\/a><br>Jos\u00e9 F\u00e1bio Marinho de Ara\u00fajo, Guilherme Chagas Rodrigues, Diogo Fujio Takano, Moacyr Henrique Cruz de Azevedo<\/p>\n\n\n\n<p><a href=\"http:\/\/ce-resd.sbc.org.br\/sbrc\/1983\/p06.pdf\">Arquitetura de uma rede local com integra\u00e7\u00e3o de servi\u00e7os de dados e voz. pp. 123-124<\/a><br>Edit G. L. de Campos<\/p>\n\n\n\n<p><a href=\"http:\/\/ce-resd.sbc.org.br\/sbrc\/1983\/p07.pdf\">Avalia\u00e7\u00e3o de desempenho de redes de dados locais. pp. 125-149<\/a><br>J. Ant\u00e3o B. Moura, Jacques P. Sauv\u00e9<\/p>\n\n\n\n<p><a href=\"http:\/\/ce-resd.sbc.org.br\/sbrc\/1983\/p08.pdf\">A note on random graphs, shortest edges and distributed computing. pp. 150-163<\/a><br>Michael M. Krieger<\/p>\n\n\n\n<p><a href=\"http:\/\/ce-resd.sbc.org.br\/sbrc\/1983\/p09.pdf\">Constructor &#8211; uma proposta de uma ferramenta para projeto e implementa\u00e7\u00e3o de sistemas distribu\u00eddos. pp. 164-209<\/a><br>Paulo F. W. Keglevich de Buzin<\/p>\n\n\n\n<p><a href=\"http:\/\/ce-resd.sbc.org.br\/sbrc\/1983\/p10.pdf\">Um modelo para sistemas de mensagens por computador. pp. 210-229<\/a><br>Liane Margarida Rockenbach Tarouco<\/p>\n\n\n\n<p><a href=\"http:\/\/ce-resd.sbc.org.br\/sbrc\/1983\/p11.pdf\">Sistemas operacionais para redes de computadores. pp. 230-252<\/a><br>Jos\u00e9 Ant\u00f4nio Monteiro de Queir\u00f3z<\/p>\n\n\n\n<p><a href=\"http:\/\/ce-resd.sbc.org.br\/sbrc\/1983\/p12.pdf\">Metodologia para desenvolvimento de software em sistemas distribu\u00eddos. pp. 253-278<\/a><br>Antonio Luiz Bogado Fernandes, Maur\u00edcio Moszkowicz, Lucia Della Valle<\/p>\n\n\n\n<h2 class=\"wp-block-heading\"><span style=\"font-size: large;\"><strong>Palestras<\/strong><\/span><\/h2>\n\n\n\n<p><a href=\"http:\/\/ce-resd.sbc.org.br\/sbrc\/1983\/palestra01.pdf\">STATMUX: Especifica\u00e7\u00f5es, desenvolvimento e aplica\u00e7\u00f5es<\/a><br>Jonas Barcellos de Moraes<\/p>\n\n\n\n<p><a href=\"http:\/\/ce-resd.sbc.org.br\/sbrc\/1983\/palestra02.pdf\">Teletex em rede de pacotes<\/a><br>Roberto Gadelha Pinheiro, Jos\u00e9 Roberto Emiliano Leite, Rosana Jamal Francisco dos Santos<\/p>\n\n\n\n<p><a title=\"Corpo Editorial\" href=\"http:\/\/ce-resd.sbc.org.br\/sbrc\/1983\/palestra03.pdf\">VIDEOTEXTO: Desenvolvimento de terminais de usu\u00e1rios<\/a><br>Ricardo Menna Barreto Felizzola<\/p>\n\n\n\n<p><a href=\"http:\/\/ce-resd.sbc.org.br\/sbrc\/1983\/palestra04.pdf\">Programa de inform\u00e1tica do Rio Grande do Sul<\/a><br>Antonio Ernani Martins Lima, Newton Braga Rosa<\/p>\n\n\n\n<p><a href=\"http:\/\/ce-resd.sbc.org.br\/sbrc\/1983\/palestra05.pdf\">Os sistemas de informa\u00e7\u00f5es e a Embratel<\/a><br>Jorge Luiz Charbel<\/p>\n\n\n\n<p><a href=\"http:\/\/ce-resd.sbc.org.br\/sbrc\/1983\/palestra06.pdf\">Algumas id\u00e9ias para quando a rede de pacotes chegar<\/a><br>Renato Brea<\/p>\n\n\n\n<p><a href=\"http:\/\/ce-resd.sbc.org.br\/sbrc\/1983\/palestra07.pdf\">Rede Edisa para automa\u00e7\u00e3o de bancos<\/a><br>Rolf Harm Hinrichs<\/p>\n","protected":false},"excerpt":{"rendered":"<p>P\u00e1ginas Iniciais Artigos da Trilha Principal Poscot &#8211; um protocolo de sess\u00e3o para redes de computadores. pp. 10-43Stefania Stiubiener, Wagner Luiz Zucchi Projeto e implementa\u00e7\u00e3o de um equipamento PAD (&#8220;Packet Assembler\/Disassembler&#8221;). pp. 44-63Edit G. L. de Campos, Armando S. Barbosa &hellip; <a href=\"https:\/\/ce-resd.sbc.org.br\/?page_id=86\">Continue lendo <span class=\"meta-nav\">&rarr;<\/span><\/a><\/p>\n","protected":false},"author":3,"featured_media":0,"parent":0,"menu_order":0,"comment_status":"closed","ping_status":"closed","template":"","meta":{"_daextinma_seo_power":"1000","_daextinma_enable_ail":"","footnotes":""},"class_list":["post-86","page","type-page","status-publish","hentry"],"_links":{"self":[{"href":"https:\/\/ce-resd.sbc.org.br\/index.php?rest_route=\/wp\/v2\/pages\/86","targetHints":{"allow":["GET"]}}],"collection":[{"href":"https:\/\/ce-resd.sbc.org.br\/index.php?rest_route=\/wp\/v2\/pages"}],"about":[{"href":"https:\/\/ce-resd.sbc.org.br\/index.php?rest_route=\/wp\/v2\/types\/page"}],"author":[{"embeddable":true,"href":"https:\/\/ce-resd.sbc.org.br\/index.php?rest_route=\/wp\/v2\/users\/3"}],"replies":[{"embeddable":true,"href":"https:\/\/ce-resd.sbc.org.br\/index.php?rest_route=%2Fwp%2Fv2%2Fcomments&post=86"}],"version-history":[{"count":0,"href":"https:\/\/ce-resd.sbc.org.br\/index.php?rest_route=\/wp\/v2\/pages\/86\/revisions"}],"wp:attachment":[{"href":"https:\/\/ce-resd.sbc.org.br\/index.php?rest_route=%2Fwp%2Fv2%2Fmedia&parent=86"}],"curies":[{"name":"wp","href":"https:\/\/api.w.org\/{rel}","templated":true}]}}