{"id":84,"date":"2013-03-19T02:30:05","date_gmt":"2013-03-19T02:30:05","guid":{"rendered":"http:\/\/ce-resd.sbc.org.br\/?page_id=84"},"modified":"2013-04-28T21:58:58","modified_gmt":"2013-04-28T21:58:58","slug":"anais-1990","status":"publish","type":"page","link":"https:\/\/ce-resd.sbc.org.br\/?page_id=84","title":{"rendered":"Anais &#8211; VIII SBRC (1990)"},"content":{"rendered":"<p><a href=\"http:\/\/ce-resd.sbc.org.br\/sbrc\/1990\/frontmatter.pdf\"><span style=\"font-size: large;\">P\u00e1ginas Iniciais<\/span><\/a><\/p>\n<p><span style=\"font-size: large;\"><strong>Artigos da Trilha Principal<\/strong><\/span><\/p>\n<p><a href=\"http:\/\/ce-resd.sbc.org.br\/sbrc\/1990\/p1.pdf\">Estrutura\u00e7\u00e3o e implementa\u00e7\u00e3o do protocolo FTAM. pp. 1-14<\/a><br \/>\nClizenit, P. A. L., Joberto, S. B. M<\/p>\n<p><a href=\"http:\/\/ce-resd.sbc.org.br\/sbrc\/1990\/p2.pdf\">Uma ferramenta para especifica\u00e7\u00e3o e gera\u00e7\u00e3o de modelos markovianos. pp. 15-36<\/a><br \/>\nMorganna Carmem Diniz, Edmundo de Souza e Silva<\/p>\n<p><a href=\"http:\/\/ce-resd.sbc.org.br\/sbrc\/1990\/p3.pdf\">Aspectos do sistema de arquivamento virtual no contexto da OSI. pp. 37-49<\/a><br \/>\nEsther de Castro Pacitti, Ana Claudia de Medeiros Rocha Vaz<\/p>\n<p><a href=\"http:\/\/ce-resd.sbc.org.br\/sbrc\/1990\/p4.pdf\">Projeto de um monitor de desempenho para redes Ethernet. pp. 50-65<\/a><br \/>\nJorge H. Rogoski, Joberto S. B. Martins<\/p>\n<p><a href=\"http:\/\/ce-resd.sbc.org.br\/sbrc\/1990\/p5.pdf\">Experi\u00eancias no desenvolvimento do sistema de manipula\u00e7\u00e3o de mensagem do NCE\/UFRJ. pp. 66-82<\/a><br \/>\nLuci Pirmez, Suzan Karina Almada Mendes, Juan Pizzorno<\/p>\n<p><a href=\"http:\/\/ce-resd.sbc.org.br\/sbrc\/1990\/p6.pdf\">Um modelo de sistemas especialistas para avalia\u00e7\u00e3o de desempenho de sistemas de computa\u00e7\u00e3o. pp. 83-99<\/a><br \/>\nPaulo R. X. Ramos<\/p>\n<p><a href=\"http:\/\/ce-resd.sbc.org.br\/sbrc\/1990\/p7.pdf\">Servi\u00e7os de apresenta\u00e7\u00e3o na REDE-RIO. pp. 100-117<\/a><br \/>\nLuiz Fernando Rust da Costa Carmo<\/p>\n<p><a href=\"http:\/\/ce-resd.sbc.org.br\/sbrc\/1990\/p8.pdf\">Proposta e analise de desempenho de um m\u00e9todo de acesso para o sistema CDD. pp. 118-136<\/a><br \/>\nS\u00e9rgio A. S. de Moraes, Shusaburo Motoyama<\/p>\n<p><a href=\"http:\/\/ce-resd.sbc.org.br\/sbrc\/1990\/p9.pdf\">Experi\u00eancia da implementa\u00e7\u00e3o do protocolo de transporte ISO, classe 2, em microprocessadores. pp. 137-159<\/a><br \/>\nStefania Stiubiener, Wagner Luiz Zucchi<\/p>\n<p><a href=\"http:\/\/ce-resd.sbc.org.br\/sbrc\/1990\/p10.pdf\">Metodologia para an\u00e1lise de desempenho de sistemas de computa\u00e7\u00e3o descritos atrav\u00e9s de redes de Petri temporizadas estendidas. pp. 160-183<\/a><br \/>\nHamilton Fernandes de Mattias, Wilson Vicente Ruggiero<\/p>\n<p><a href=\"http:\/\/ce-resd.sbc.org.br\/sbrc\/1990\/p11.pdf\">Aspectos da implementa\u00e7\u00e3o do protocolo MNP em modem V.22 BIS. pp. 184-199<\/a><br \/>\nRicardo Nogueira Pianta<\/p>\n<p><a href=\"http:\/\/ce-resd.sbc.org.br\/sbrc\/1990\/p12.pdf\">Estrutura de camadas de protocolo de comunica\u00e7\u00e3o para redes locais de computadores com integra\u00e7\u00e3o de servi\u00e7os. pp. 200-219<\/a><br \/>\nMaria Claudia C. Carneiro, Shusaburo Motoyama, Paulo Roberto Guardieiro<\/p>\n<p><a href=\"http:\/\/ce-resd.sbc.org.br\/sbrc\/1990\/p13.pdf\">ANPRO: analisador autom\u00e1tico de protocolos de comunica\u00e7\u00e3o modelados em RPN (Rede de Petri Num\u00e9rica). pp. 220-239<\/a><br \/>\nBerenice C. Damasceno, Walter C. Borelli<\/p>\n<p><a href=\"http:\/\/ce-resd.sbc.org.br\/sbrc\/1990\/p14.pdf\">An\u00e1lise do mapeamento do protocolo MMS na arquitetura Minimap. pp. 240-263<\/a><br \/>\nFl\u00e1vio Neves Junior, Jean-Charles Valadier, Keiko V. Ono Fonseca<\/p>\n<p><a href=\"http:\/\/ce-resd.sbc.org.br\/sbrc\/1990\/p15.pdf\">Interface gr\u00e1fica para o desenvolvimento de especifica\u00e7\u00f5es em LOTOS. pp. 264-284<\/a><br \/>\nMaria Teresa Silva de Moura, Paulo Roberto Freire Cunha<\/p>\n<p><a href=\"http:\/\/ce-resd.sbc.org.br\/sbrc\/1990\/p16.pdf\">Uma implementa\u00e7\u00e3o das camadas MAC\/LLC para a interface Mini-map. pp. 285-297<\/a><br \/>\nDavid J. Turnell, Joberto, S. B. M<\/p>\n<p><a href=\"http:\/\/ce-resd.sbc.org.br\/sbrc\/1990\/p17.pdf\">Especifica\u00e7\u00e3o alg\u00e9brica de processos da camada de aplica\u00e7\u00e3o do RM OSI\/ISO. pp. 298-310<\/a><br \/>\nBernardo Gon\u00e7alves Riso, Wanderley Lopes de Souza<\/p>\n<p><a href=\"http:\/\/ce-resd.sbc.org.br\/sbrc\/1990\/p18.pdf\">QMProt, a experi\u00eancia de uma rede local industrial segundo a proposta MAP. pp. 311-330<\/a><br \/>\nEm\u00edlio Carlos Gomes Wille, Irineu do Nascimento, Marcos Antonio Masnik Ferreira, Marcos de Macedo Val\u00e9rio<\/p>\n<p><a href=\"http:\/\/ce-resd.sbc.org.br\/sbrc\/1990\/p19.pdf\">Um simulador funcional para especifica\u00e7\u00f5es LOTOS. pp. 331-350<\/a><br \/>\nCarlos Andr\u00e9 Guimar\u00e3es Ferraz, Paulo Roberto Freire Cunha<\/p>\n<p><a href=\"http:\/\/ce-resd.sbc.org.br\/sbrc\/1990\/p20.pdf\">Modelamento de interfaces de aplica\u00e7\u00e3o e exemplo de implementa\u00e7\u00e3o para o protocolo MMS. pp. 351-371<\/a><br \/>\nEdmundo Roberto Mauro Madeira, Jayme Nicolato Correa, Ver\u00f4nica Lima Pimentel de Sousa, Manuel de Jesus Mendes<\/p>\n<p><a href=\"http:\/\/ce-resd.sbc.org.br\/sbrc\/1990\/p21.pdf\">Um sistema para gera\u00e7\u00e3o autom\u00e1tica de sequ\u00eancias de testes para protocolos de comunica\u00e7\u00e3o. pp. 372-391<\/a><br \/>\nGutembergue Soares de Silva, Aloysio de Castro Pinto Pedroza<\/p>\n<p><a href=\"http:\/\/ce-resd.sbc.org.br\/sbrc\/1990\/p22.pdf\">RNCC (Reserva-e-notifica\u00e7\u00e3o em ciclos conjugados) &#8211; um mecanismo de acesso para redes locais de alta velocidade. pp. 392-411<\/a><br \/>\nPaulo Cesar Nunes da Silva, Paulo Henrique de Aguiar Rodrigues<\/p>\n<p><a href=\"http:\/\/ce-resd.sbc.org.br\/sbrc\/1990\/p23.pdf\">Um exemplo de aplica\u00e7\u00e3o de TTCN (The Tree Tabular Combined Notation) na descri\u00e7\u00e3o de cen\u00e1rios de teste de uma implementa\u00e7\u00e3o do protocolo de transporte. pp. 412-434<\/a><br \/>\nJos\u00e9 Pedro de Oliveira, Tereza Cristina Melo de Brito Carvalho, Stefania Stiubiener<\/p>\n<p><a href=\"http:\/\/ce-resd.sbc.org.br\/sbrc\/1990\/p24.pdf\">Um algoritmo para compensa\u00e7\u00e3o da varia\u00e7\u00e3o estat\u00edstica do retardo em redes comutadas por pacotes. pp. 435-445<\/a><br \/>\nL. F. G. Soares, S. L. Martins<\/p>\n<p><a href=\"http:\/\/ce-resd.sbc.org.br\/sbrc\/1990\/p25.pdf\">Projeto topol\u00f3gico para interliga\u00e7\u00e3o de redes locais. pp. 446-466<\/a><br \/>\nVirg\u00edlio Jos\u00e9 Martins Ferreira Filho, Paulo Henrique de Aguiar Rodrigues, Roberto Di\u00e9guez Galv\u00e3o<\/p>\n<p><a href=\"http:\/\/ce-resd.sbc.org.br\/sbrc\/1990\/p26.pdf\">Uma ponte h\u00edbrida para interconex\u00e3o de inter-redes IEEE 802.1. pp. 467-487<\/a><br \/>\nJorge H. Rogoski, William F. Giozza<\/p>\n<p><a href=\"http:\/\/ce-resd.sbc.org.br\/sbrc\/1990\/p27.pdf\">Interconex\u00e3o de redes de computadores. Padroniza\u00e7\u00e3o e aspectos t\u00e9cnicos. pp. 488-505<\/a><br \/>\nWagner Luiz Zucchi<\/p>\n","protected":false},"excerpt":{"rendered":"<p>P\u00e1ginas Iniciais Artigos da Trilha Principal Estrutura\u00e7\u00e3o e implementa\u00e7\u00e3o do protocolo FTAM. pp. 1-14 Clizenit, P. A. L., Joberto, S. B. M Uma ferramenta para especifica\u00e7\u00e3o e gera\u00e7\u00e3o de modelos markovianos. pp. 15-36 Morganna Carmem Diniz, Edmundo de Souza e &hellip; <a href=\"https:\/\/ce-resd.sbc.org.br\/?page_id=84\">Continue lendo <span class=\"meta-nav\">&rarr;<\/span><\/a><\/p>\n","protected":false},"author":3,"featured_media":0,"parent":0,"menu_order":0,"comment_status":"closed","ping_status":"closed","template":"","meta":{"_daextinma_seo_power":"","_daextinma_enable_ail":"","footnotes":""},"class_list":["post-84","page","type-page","status-publish","hentry"],"_links":{"self":[{"href":"https:\/\/ce-resd.sbc.org.br\/index.php?rest_route=\/wp\/v2\/pages\/84","targetHints":{"allow":["GET"]}}],"collection":[{"href":"https:\/\/ce-resd.sbc.org.br\/index.php?rest_route=\/wp\/v2\/pages"}],"about":[{"href":"https:\/\/ce-resd.sbc.org.br\/index.php?rest_route=\/wp\/v2\/types\/page"}],"author":[{"embeddable":true,"href":"https:\/\/ce-resd.sbc.org.br\/index.php?rest_route=\/wp\/v2\/users\/3"}],"replies":[{"embeddable":true,"href":"https:\/\/ce-resd.sbc.org.br\/index.php?rest_route=%2Fwp%2Fv2%2Fcomments&post=84"}],"version-history":[{"count":0,"href":"https:\/\/ce-resd.sbc.org.br\/index.php?rest_route=\/wp\/v2\/pages\/84\/revisions"}],"wp:attachment":[{"href":"https:\/\/ce-resd.sbc.org.br\/index.php?rest_route=%2Fwp%2Fv2%2Fmedia&parent=84"}],"curies":[{"name":"wp","href":"https:\/\/api.w.org\/{rel}","templated":true}]}}