{"id":83,"date":"2013-03-19T02:29:55","date_gmt":"2013-03-19T02:29:55","guid":{"rendered":"http:\/\/ce-resd.sbc.org.br\/?page_id=83"},"modified":"2013-04-28T21:58:01","modified_gmt":"2013-04-28T21:58:01","slug":"anais-1989","status":"publish","type":"page","link":"https:\/\/ce-resd.sbc.org.br\/?page_id=83","title":{"rendered":"Anais &#8211; VII SBRC (1989)"},"content":{"rendered":"<p><a href=\"http:\/\/ce-resd.sbc.org.br\/sbrc\/1989\/frontmatter.pdf\"><span style=\"font-size: large;\">P\u00e1ginas Iniciais<\/span><\/a><\/p>\n<p><strong><span style=\"font-size: large;\">Artigos da Trilha Principal<\/span><\/strong><\/p>\n<p><a href=\"http:\/\/ce-resd.sbc.org.br\/sbrc\/1989\/p01.pdf\">MAN5: multivendor network management system. pp. 1-15<\/a><br \/>\nB. French Keogh, D. Sin, A. Kuczewski De Poray, A. Latreche, G. Roullet, Pr. J. P. Cabanel<\/p>\n<p><a href=\"http:\/\/ce-resd.sbc.org.br\/sbrc\/1989\/p02.pdf\">A defini\u00e7\u00e3o de perfis funcionais, de especifica\u00e7\u00f5es para aquisi\u00e7\u00e3o e a certifica\u00e7\u00e3o de redes locais no Brasil. pp. 16-36<\/a><br \/>\nEdelvicio Amor de Souza Junior<\/p>\n<p><a href=\"http:\/\/ce-resd.sbc.org.br\/sbrc\/1989\/p03.pdf\">Comunica\u00e7\u00e3o por pacotes na experi\u00eancia piloto de RDSI. pp. 37-47<\/a><br \/>\nJos\u00e9 Pav\u00e3o Junior, Fernando Campos Arruda Jr., Maria R. Neves Camargo, Rosana Jainal F. Santos, Salom\u00e3o Abud Gregorio, Oswaldo L. Fernandes, Maria Fernanda S. Ribeiro, Walter Wataru Ishibashi<\/p>\n<p><a href=\"http:\/\/ce-resd.sbc.org.br\/sbrc\/1989\/p04.pdf\">Redes de computadores acad\u00eamicas e o servi\u00e7o de submiss\u00e3o remota de tarefas. pp. 48-65<\/a><br \/>\nAdolfo M. Sotelo Bed\u00f3n<\/p>\n<p><a href=\"http:\/\/ce-resd.sbc.org.br\/sbrc\/1989\/p05.pdf\">Vis\u00e3o de um sistema de terminal virtual. pp. 66-80<\/a><br \/>\nOswaldo Vernet de Souza Pires<\/p>\n<p><a href=\"http:\/\/ce-resd.sbc.org.br\/sbrc\/1989\/p06.pdf\">Ambiente JTM\/OSI para o sistema VAX\/VMS. pp. 81-105<\/a><br \/>\nLuiz Fernando Rust da Costa Carmo<\/p>\n<p><a href=\"http:\/\/ce-resd.sbc.org.br\/sbrc\/1989\/p07.pdf\">Testes de uma implementa\u00e7\u00e3o de FTAM (File Transfer Access and Management). pp. 106-130<\/a><br \/>\nTereza Cristina Melo de Brito Carvalho<\/p>\n<p><a href=\"http:\/\/ce-resd.sbc.org.br\/sbrc\/1989\/p08.pdf\">Um algoritmo para exclus\u00e3o m\u00fatua em sistemas distribu\u00eddas com troca de O(\u221an) mensagens de 2 bits. pp. 131-148<\/a><br \/>\nS\u00e9rgio V. A. Campos, Osvaldo S. F. Carvalho<\/p>\n<p><a href=\"http:\/\/ce-resd.sbc.org.br\/sbrc\/1989\/p09.pdf\">Proposta de uma metodologia de especifica\u00e7\u00e3o para implementa\u00e7\u00e3o de protocolos de comunica\u00e7\u00e3o. pp. 149-160<\/a><br \/>\nPeter Eugene Lonergan, Solon Benayon da Silva, Stefania Stiubiener, Wagner L. Zucchi, Wilson V. Ruggiero<\/p>\n<p><a href=\"http:\/\/ce-resd.sbc.org.br\/sbrc\/1989\/p10.pdf\">Tornando LOTOS execut\u00e1vel. pp. 161-175<\/a><br \/>\nHumberto Maia Lima, Maur\u00edcio F. Magalh\u00e3es<\/p>\n<p><a href=\"http:\/\/ce-resd.sbc.org.br\/sbrc\/1989\/p11.pdf\">Portabilidade de um compilador Estelle\/83 para a cria\u00e7\u00e3o de uma base de pesquisas em TDF&#8217;s. pp. 176-189<\/a><br \/>\nEdilson Ferneda, Peter Eugene Lonergan, Sol\u00f3n Benayon da Silva, Wanderley Lopes de Souza<\/p>\n<p><a href=\"http:\/\/ce-resd.sbc.org.br\/sbrc\/1989\/p12.pdf\">Um simulador Prolog para express\u00f5es LOTOS. pp. 190-200<\/a><br \/>\nGualberto Rubay Filho, Maur\u00edcio Ferreira Magalh\u00e3es<\/p>\n<p><a href=\"http:\/\/ce-resd.sbc.org.br\/sbrc\/1989\/p13.pdf\">Modeling and analysis of computer networks in a graphical workstation environment. pp. 201-207<\/a><br \/>\nAlvin M. Blum, Robert F. Gordon, Edward A. MacNair<\/p>\n<p><a href=\"http:\/\/ce-resd.sbc.org.br\/sbrc\/1989\/p14.pdf\">Testes de protocolos para redes de computadores. pp. 208-220A<\/a><br \/>\nStefania Stiubiener<\/p>\n<p><a href=\"http:\/\/ce-resd.sbc.org.br\/sbrc\/1989\/p15.pdf\">Metodologia de testes para rede local tipo Ethernet. pp. 221-235<\/a><br \/>\nB. B. Albert, J. S. B. Martins, W. F. Giozza<\/p>\n<p><a href=\"http:\/\/ce-resd.sbc.org.br\/sbrc\/1989\/p16.pdf\">Testes de conformidade em protocolos modelo OSI. pp. 236-250<\/a><br \/>\nEdison de Queiroz Albuquerque<\/p>\n<p><a href=\"http:\/\/ce-resd.sbc.org.br\/sbrc\/1989\/p17.pdf\">Teste de implementa\u00e7\u00f5es de protocolos. pp. 251-268<\/a><br \/>\nNewton Alberto de Castilho Lages, Eduardo Paoliello<\/p>\n<p><a href=\"http:\/\/ce-resd.sbc.org.br\/sbrc\/1989\/p18.pdf\">Analisador de dados program\u00e1vel. pp. 269-278<\/a><br \/>\nMarco Antonio Garcia Rossi, Reginaldo Ladvig Oswaldo, Elza K. Shimabukuro Garcia<\/p>\n<p><a href=\"http:\/\/ce-resd.sbc.org.br\/sbrc\/1989\/p19.pdf\">&#8220;Minhoca plus&#8221;, uma rede local para fins did\u00e1ticos. pp. 279-295<\/a><br \/>\nJos\u00e9 Maria Coelho Filho, Jos\u00e9 Claudio Teixeira e Silva Jr., Maria Heveline Bernandes Vieira, Antonio Mauro Barbosa de Oliveira<\/p>\n<p><a href=\"http:\/\/ce-resd.sbc.org.br\/sbrc\/1989\/p20.pdf\">A implementa\u00e7\u00e3o do modelo OSI na UFRGS. pp. 296-307<\/a><br \/>\nMaria Janilce Almeida Wilkens, Liane Margarida Rockenbach Tarouco<\/p>\n<p><a href=\"http:\/\/ce-resd.sbc.org.br\/sbrc\/1989\/p21.pdf\">Esta\u00e7\u00e3o de avalia\u00e7\u00e3o de desempenho de uma rede local &#8220;PDV&#8221; para aplica\u00e7\u00f5es industriais. pp. 308-329<\/a><br \/>\nHari Bruno Mohr, Carlos Alberto Scheider<\/p>\n<p><a href=\"http:\/\/ce-resd.sbc.org.br\/sbrc\/1989\/p22.pdf\">Desenvolvimento de aplica\u00e7\u00e3o em rede local. pp. 330-340<\/a><br \/>\nMarcelo Lessa Brand\u00e3o, Victor Haim Yallouz<\/p>\n<p><a href=\"http:\/\/ce-resd.sbc.org.br\/sbrc\/1989\/p23.pdf\">Tratamento de documentos compartilhados em sistemas de teleconfer\u00eancia. pp. 341-361<\/a><br \/>\nLuiz Fernando Gomes Soares, Simone de Lima Martins, Ta\u00eds Leite Pimenta Bastos<\/p>\n<p><a href=\"http:\/\/ce-resd.sbc.org.br\/sbrc\/1989\/p24.pdf\">Modelo para arquitetura de automa\u00e7\u00e3o empresarial. pp. 362-365<\/a><br \/>\nJulio Cesar Lima Cruz, Mitsugo Tanikawa<\/p>\n<p><a href=\"http:\/\/ce-resd.sbc.org.br\/sbrc\/1989\/p25.pdf\">Proposi\u00e7\u00e3o em ger\u00eancia de comunica\u00e7\u00e3o de dados. pp. 366-380<\/a><br \/>\nCarlos B. Westphall, Liane M. R. Tarouco<\/p>\n<p><a href=\"http:\/\/ce-resd.sbc.org.br\/sbrc\/1989\/p26.pdf\">Aspectos de implementa\u00e7\u00e3o do protoclo X.32 do CCITT no projeto COMPAC. pp. 381-393<\/a><br \/>\nElaine C. Gouvea Martins, Jo\u00e3o Alberto Fernandes Alves, Maria Cec\u00edlia B. B. Mandel, Maur\u00edcio Santos Maciel, Vania L. de Almeida<\/p>\n<p><a href=\"http:\/\/ce-resd.sbc.org.br\/sbrc\/1989\/p27.pdf\">RENPAC: estudo de casos. pp. 394-404<\/a><br \/>\nMaria Irene da Fonseca e S\u00e1<\/p>\n<p><a href=\"http:\/\/ce-resd.sbc.org.br\/sbrc\/1989\/p28.pdf\">Processamento cooperativo utilizando acesso ass\u00edncrono a RENPAC. pp. 405-413<\/a><br \/>\nFernando Lu\u00eds Dotti, Liane M. R. Tarouco<\/p>\n<p><a href=\"http:\/\/ce-resd.sbc.org.br\/sbrc\/1989\/p29.pdf\">Descri\u00e7\u00e3o de um gerenciador para redes de comunica\u00e7\u00e3o de dados. pp. 415-429<\/a><br \/>\nEduardo Palmeira, Ricardo Dorneles, Valdo Molina<\/p>\n<p><a href=\"http:\/\/ce-resd.sbc.org.br\/sbrc\/1989\/p30.pdf\">O sistema de ger\u00eancia de configura\u00e7\u00e3o da rede COMPAC. pp. 430-442<\/a><br \/>\nRonaldo Gon\u00e7alves, Paulo S\u00e9rgio Lorena, Maria Cristina T. C. Sbroco, Loraine Mondini Munhoz, Carla Lu\u00edsa Antonelli Bolsonaro, Armando Hiroshi Yoshida, Jos\u00e9 Roberto Emiliano Leite, Salom\u00e3o Abud Gregorio, Cl\u00e1udio Luiz F. Santos<\/p>\n<p><a href=\"http:\/\/ce-resd.sbc.org.br\/sbrc\/1989\/p31.pdf\">Protocolo RS-511. Um modelo de implementa\u00e7\u00e3o. pp. 443-462<\/a><br \/>\nA. Paglione Jr., D. C. A. Jacintho, I. A. Fernandes, J. R. Emiliano Leite, M. C. Zabeu<\/p>\n<p><a href=\"http:\/\/ce-resd.sbc.org.br\/sbrc\/1989\/p32.pdf\">Avalia\u00e7\u00e3o de topologias com fibras \u00f3pticas para redes locais mini-map e MAP\/EPA. pp. 463-482<\/a><br \/>\nMarcelo Moraes de Azevedo, Aloysio de Castro Pinto Pedroza<\/p>\n<p><a href=\"http:\/\/ce-resd.sbc.org.br\/sbrc\/1989\/p33.pdf\">Especifica\u00e7\u00f5es dos servi\u00e7os da camada sess\u00e3o do modelo OSI na linguagem ESTELLE. pp. 483-505<\/a><br \/>\nMaria Fernanda Rodrigues Vaz, Stefania Stiubiener<\/p>\n<p><a href=\"http:\/\/ce-resd.sbc.org.br\/sbrc\/1989\/p34.pdf\">Tradutor autom\u00e1tico ASN.1\/X.409. Aplica\u00e7\u00e3o em sistemas de tratamento de mensagens X.409. pp. 506-534<\/a><br \/>\nDaniel Maurice Perpignan, Jos\u00e9 Lucas Mour\u00e3o Rangel Netto<\/p>\n<p><a href=\"http:\/\/ce-resd.sbc.org.br\/sbrc\/1989\/p35.pdf\">Sistema de medida de desempenho de redes locais de computadores. pp. 535-555<\/a><br \/>\nCiro Aloisio Noronha Junior<\/p>\n<p><a href=\"http:\/\/ce-resd.sbc.org.br\/sbrc\/1989\/p36.pdf\">Aspectos de metodologia de gera\u00e7\u00e3o de sequ\u00eancias de testes para protocolos de comunica\u00e7\u00e3o de dados. pp. 556-576<\/a><br \/>\nDenis Gabos, Stefania Stiubiener<\/p>\n<p><a href=\"http:\/\/ce-resd.sbc.org.br\/sbrc\/1989\/p37.pdf\">Uma estrategia de controle de erro h\u00edbrida para uma rede de pacote via r\u00e1dio. pp. 577-593<\/a><br \/>\nFl\u00e1vio Barbosa Toledo, Edmundo de Souza e Silva, Luis Felipe M. de Moraes<\/p>\n<p><a href=\"http:\/\/ce-resd.sbc.org.br\/sbrc\/1989\/p38.pdf\">Data communication design using expert system. pp. 594-604<\/a><br \/>\nDipak Khakhar<\/p>\n<p><a href=\"http:\/\/ce-resd.sbc.org.br\/sbrc\/1989\/p39.pdf\">Uma vers\u00e3o finita do m\u00e9todo C. F. A. pp. 605-648<\/a><br \/>\nCarlos Humes Jr.<\/p>\n<p><a href=\"http:\/\/ce-resd.sbc.org.br\/sbrc\/1989\/p40.pdf\">Compress\u00e3o\/Descompress\u00e3o LZW modificada. pp. 649-664<\/a><br \/>\nFrancisco V. Brasileiro, Jacques P. Sauv\u00e9, J. Ant\u00e3o B. Moura<\/p>\n<p><a href=\"http:\/\/ce-resd.sbc.org.br\/sbrc\/1989\/p41.pdf\">Servi\u00e7o quarentena de dados local: um estudo de caso. pp. 665-682<\/a><br \/>\nMaria Izabel Cavalcanti Cabral, Jos\u00e9 Ant\u00e3o Beltr\u00e3o Moura, Marcos Gon\u00e7alves Brasileiro<\/p>\n<p><a href=\"http:\/\/ce-resd.sbc.org.br\/sbrc\/1989\/p42.pdf\">Especifica\u00e7\u00e3o formal e implementa\u00e7\u00e3o do protocolo de transporte. pp. 683-700<\/a><br \/>\nOtto Carlos M. B. Duarte, Gilberto G. de Magalh\u00e3es<\/p>\n<p><a href=\"http:\/\/ce-resd.sbc.org.br\/sbrc\/1989\/p43.pdf\">Configura\u00e7\u00e3o din\u00e2mica como ferramenta para constru\u00e7\u00e3o de sistemas distribu\u00eddos flex\u00edveis e robustos. pp. 701-720<\/a><br \/>\nGeorge Roger Ribeiro Justo, Paulo Roberto Freire Cunha<\/p>\n<p><a href=\"http:\/\/ce-resd.sbc.org.br\/sbrc\/1989\/p44.pdf\">Executivo multi-tarefa para processador frontal de rede. pp. 721-730<\/a><br \/>\nDavid Turnell e Joberto S. B. Martins<\/p>\n<p><a href=\"http:\/\/ce-resd.sbc.org.br\/sbrc\/1989\/p45.pdf\">Controle de congestionamento e fluxo nas camadas de rede e transporte em ambiente OSI. pp. 731-756<\/a><br \/>\nCristina Kokiel, Daniel Dalarosa<\/p>\n<p><a href=\"http:\/\/ce-resd.sbc.org.br\/sbrc\/1989\/p46.pdf\">Projeto de um subsistema de redes para sistema operacional compat\u00edvel com Unix. pp. 757-777<\/a><br \/>\nCelso Gonzalez Hummel, Ivan Patr\u00edcio Miranda, Mirian Favareto de Macedo, Wang Kuei Yu<\/p>\n<p><a href=\"http:\/\/ce-resd.sbc.org.br\/sbrc\/1989\/p47.pdf\">Uma proposta de especifica\u00e7\u00e3o de um sistema de manipula\u00e7\u00e3o de mensagens para a REDE-RIO. pp. 778-804<\/a><br \/>\nLuci Pirmez, Suzan Karina Almada Mendes<\/p>\n<p><a href=\"http:\/\/ce-resd.sbc.org.br\/sbrc\/1989\/p48.pdf\">Servi\u00e7os de submiss\u00e3o de tarefas num ambiente FTAM\/OSI. pp. 805-828<\/a><br \/>\nEsther de Castro Pacitti, Luiz Fernando Rust da Costa Carmo<\/p>\n<p><a href=\"http:\/\/ce-resd.sbc.org.br\/sbrc\/1989\/p49.pdf\">SEREIA: sistema eficaz de rede empregando intelig\u00eancia artificial. pp. 829-838<\/a><br \/>\nCleber Garcia Weissheiner, Claudio Chiapin, Liane Margarida Rockenbach Tarouco<\/p>\n<p><a href=\"http:\/\/ce-resd.sbc.org.br\/sbrc\/1989\/p50.pdf\">Servidor de arquivos Unix para um ambiente heterog\u00eaneo. pp. 839-856<\/a><br \/>\nH\u00e9lio Schor, M\u00e1rcio Lannes Duarte de Souza<\/p>\n<p><a href=\"http:\/\/ce-resd.sbc.org.br\/sbrc\/1989\/p51.pdf\">Message handling systems. An overview and introduction into the X.400 recommendations of 1984 and 1988. pp. 857-898<\/a><br \/>\nPietro Schicker<\/p>\n","protected":false},"excerpt":{"rendered":"<p>P\u00e1ginas Iniciais Artigos da Trilha Principal MAN5: multivendor network management system. pp. 1-15 B. French Keogh, D. Sin, A. Kuczewski De Poray, A. Latreche, G. Roullet, Pr. J. P. Cabanel A defini\u00e7\u00e3o de perfis funcionais, de especifica\u00e7\u00f5es para aquisi\u00e7\u00e3o e &hellip; <a href=\"https:\/\/ce-resd.sbc.org.br\/?page_id=83\">Continue lendo <span class=\"meta-nav\">&rarr;<\/span><\/a><\/p>\n","protected":false},"author":3,"featured_media":0,"parent":0,"menu_order":0,"comment_status":"closed","ping_status":"closed","template":"","meta":{"_daextinma_seo_power":"","_daextinma_enable_ail":"","footnotes":""},"class_list":["post-83","page","type-page","status-publish","hentry"],"_links":{"self":[{"href":"https:\/\/ce-resd.sbc.org.br\/index.php?rest_route=\/wp\/v2\/pages\/83","targetHints":{"allow":["GET"]}}],"collection":[{"href":"https:\/\/ce-resd.sbc.org.br\/index.php?rest_route=\/wp\/v2\/pages"}],"about":[{"href":"https:\/\/ce-resd.sbc.org.br\/index.php?rest_route=\/wp\/v2\/types\/page"}],"author":[{"embeddable":true,"href":"https:\/\/ce-resd.sbc.org.br\/index.php?rest_route=\/wp\/v2\/users\/3"}],"replies":[{"embeddable":true,"href":"https:\/\/ce-resd.sbc.org.br\/index.php?rest_route=%2Fwp%2Fv2%2Fcomments&post=83"}],"version-history":[{"count":0,"href":"https:\/\/ce-resd.sbc.org.br\/index.php?rest_route=\/wp\/v2\/pages\/83\/revisions"}],"wp:attachment":[{"href":"https:\/\/ce-resd.sbc.org.br\/index.php?rest_route=%2Fwp%2Fv2%2Fmedia&parent=83"}],"curies":[{"name":"wp","href":"https:\/\/api.w.org\/{rel}","templated":true}]}}