{"id":82,"date":"2013-03-19T02:29:43","date_gmt":"2013-03-19T02:29:43","guid":{"rendered":"http:\/\/ce-resd.sbc.org.br\/?page_id=82"},"modified":"2013-04-28T21:57:12","modified_gmt":"2013-04-28T21:57:12","slug":"anais-1988","status":"publish","type":"page","link":"https:\/\/ce-resd.sbc.org.br\/?page_id=82","title":{"rendered":"Anais &#8211; VI SBRC (1988)"},"content":{"rendered":"<p><a href=\"http:\/\/ce-resd.sbc.org.br\/sbrc\/1988\/frontmatter.pdf\"><span style=\"font-size: large;\">P\u00e1ginas Iniciais<\/span><\/a><\/p>\n<p><strong><span style=\"font-size: large;\">Artigos da Trilha Principal<\/span><\/strong><\/p>\n<p><a href=\"http:\/\/ce-resd.sbc.org.br\/sbrc\/1988\/p01.pdf\">Gerenciamento do sistema Compac.<\/a><br \/>\nJos\u00e9 Ricardo P. Navas, Jos\u00e9 Roberto Emiliano Leite, Maria Cecilia R. B. Mandel, Ricardo de Carvalho Brissac<\/p>\n<p><a href=\"http:\/\/ce-resd.sbc.org.br\/sbrc\/1988\/p02.pdf\">Toler\u00e2ncia a faltas em sistemas distribu\u00eddos de tempo real baseados em redes locais.<\/a><br \/>\nDaniel Brand\u00e3o Cavalcanti<\/p>\n<p><a href=\"http:\/\/ce-resd.sbc.org.br\/sbrc\/1988\/p03.pdf\">Um controlador para rede local em anel com passagem de permiss\u00e3o.<\/a><br \/>\nNewton Alberto de Castilho Lages, Di\u00f3genes Cec\u00edlio da Silva Junior<\/p>\n<p><a href=\"http:\/\/ce-resd.sbc.org.br\/sbrc\/1988\/p04.pdf\">Utiliza\u00e7\u00e3o da rede el\u00e9trica e da rede de telefonia para transmiss\u00e3o de sinais digitais.<\/a><br \/>\nNewton Alberto de Castilho Lages, Francisco Junqueira Muniz<\/p>\n<p><a href=\"http:\/\/ce-resd.sbc.org.br\/sbrc\/1988\/p05.pdf\">Uma an\u00e1lise de adequabilidade e valida\u00e7\u00e3o de primitivas de comunica\u00e7\u00e3o entre processos.<\/a><br \/>\nAugusto C\u00e9sar Alves Sampaio, Paulo Roberto Freire Cunha<\/p>\n<p><a href=\"http:\/\/ce-resd.sbc.org.br\/sbrc\/1988\/p06.pdf\">Desenvolvimento de programas distribu\u00eddos atrav\u00e9s de configura\u00e7\u00e3o din\u00e2mica de processos.<\/a><br \/>\nGeorge Roger Ribeiro Justo, Paulo Roberto Freire Cunha<\/p>\n<p><a href=\"http:\/\/ce-resd.sbc.org.br\/sbrc\/1988\/p07.pdf\">Uma modelagem funcional dos MHS para a sua implementa\u00e7\u00e3o.<\/a><br \/>\nChun Yin Hsu<\/p>\n<p><a href=\"http:\/\/ce-resd.sbc.org.br\/sbrc\/1988\/p08.pdf\">Analise da implementa\u00e7\u00e3o dos servi\u00e7os CCR para uma entidade de aplica\u00e7\u00e3o JTM<\/a><br \/>\nLuiz Fernando Rust da Costa Carmo<\/p>\n<p><a href=\"http:\/\/ce-resd.sbc.org.br\/sbrc\/1988\/p09.pdf\">Uma implementa\u00e7\u00e3o da chamada remota de procedimento.<\/a><br \/>\nCelio Estevan Moron, Arthur Jo\u00e3o Catto<\/p>\n<p><a href=\"http:\/\/ce-resd.sbc.org.br\/sbrc\/1988\/p10.pdf\">Um estudo do servi\u00e7o quarentena de dados com o modo de di\u00e1logo duplex.<\/a><br \/>\nMaria Izabel Cavalcanti Cabral<\/p>\n<p><a href=\"http:\/\/ce-resd.sbc.org.br\/sbrc\/1988\/p11.pdf\">Sistema de confer\u00eancia audio-gr\u00e1fica para um ambiente de rede local.<\/a><br \/>\nLuiz Fernando Gomes Soares, Simone de Lima Martins<\/p>\n<p><a href=\"http:\/\/ce-resd.sbc.org.br\/sbrc\/1988\/p12.pdf\">Sistema de telefonia para um ambiente de rede local com voz e dados integrados.<\/a><br \/>\nLuiz Fernando Gomes Soares, Nelson Ramos Ribeiro, Roberto Cesar Serra Cordeiro, Simone de Lima Martins, Solon Benayon da Silva<\/p>\n<p><a href=\"http:\/\/ce-resd.sbc.org.br\/sbrc\/1988\/p13.pdf\">Sistema integrado de voz e dados para troca de mensagem em um ambiente de rede local.<\/a><br \/>\nLuiz Fernando Gomes Soares, Nelson Ribeiro, Roberto Cesar Serra Cordeiro, Simone de Lima Martins, Solon Benayon da Silva<\/p>\n<p><a href=\"http:\/\/ce-resd.sbc.org.br\/sbrc\/1988\/p14.pdf\">Especifica\u00e7\u00e3o e verifica\u00e7\u00e3o em CCS de sistemas de comunica\u00e7\u00e3o.<\/a><br \/>\nWanderley Lopes de Souza, Bernardo Gon\u00e7alves Riso, Adalberto F. M. Filho<\/p>\n<p><a href=\"http:\/\/ce-resd.sbc.org.br\/sbrc\/1988\/p15.pdf\">Proposta de especifica\u00e7\u00e3o e implementa\u00e7\u00e3o dos servi\u00e7os de transfer\u00eancia, acesso e manipula\u00e7\u00e3o de arquivos (&#8220;FTAM&#8221;).\u00a0<\/a><br \/>\nEsther de Castro Pacitti<\/p>\n<p><a href=\"http:\/\/ce-resd.sbc.org.br\/sbrc\/1988\/p16.pdf\">Padroniza\u00e7\u00e3o de servidores de arquivos em redes.<\/a><br \/>\nLiane Margarida Rockenbach Tarouco, Maria Janilce Almeida Wilkens<\/p>\n<p><a href=\"http:\/\/ce-resd.sbc.org.br\/sbrc\/1988\/p17.pdf\">Servi\u00e7os de transfer\u00eancia de arquivos em redes de automa\u00e7\u00e3o de escrit\u00f3rio.<\/a><br \/>\nTereza Cristina Melo de Brito Carvalho<\/p>\n<p><a href=\"http:\/\/ce-resd.sbc.org.br\/sbrc\/1988\/p18.pdf\">Um servidor de arquivos com transa\u00e7\u00f5es at\u00f4micas e diret\u00f3rios para redes de computadores.<\/a><br \/>\nJos\u00e9 Edgard Soares J\u00fanior, Jos\u00e9 Marcos Silva Nogueira<\/p>\n","protected":false},"excerpt":{"rendered":"<p>P\u00e1ginas Iniciais Artigos da Trilha Principal Gerenciamento do sistema Compac. Jos\u00e9 Ricardo P. Navas, Jos\u00e9 Roberto Emiliano Leite, Maria Cecilia R. B. Mandel, Ricardo de Carvalho Brissac Toler\u00e2ncia a faltas em sistemas distribu\u00eddos de tempo real baseados em redes locais. &hellip; <a href=\"https:\/\/ce-resd.sbc.org.br\/?page_id=82\">Continue lendo <span class=\"meta-nav\">&rarr;<\/span><\/a><\/p>\n","protected":false},"author":3,"featured_media":0,"parent":0,"menu_order":0,"comment_status":"closed","ping_status":"closed","template":"","meta":{"_daextinma_seo_power":"","_daextinma_enable_ail":"","footnotes":""},"class_list":["post-82","page","type-page","status-publish","hentry"],"_links":{"self":[{"href":"https:\/\/ce-resd.sbc.org.br\/index.php?rest_route=\/wp\/v2\/pages\/82","targetHints":{"allow":["GET"]}}],"collection":[{"href":"https:\/\/ce-resd.sbc.org.br\/index.php?rest_route=\/wp\/v2\/pages"}],"about":[{"href":"https:\/\/ce-resd.sbc.org.br\/index.php?rest_route=\/wp\/v2\/types\/page"}],"author":[{"embeddable":true,"href":"https:\/\/ce-resd.sbc.org.br\/index.php?rest_route=\/wp\/v2\/users\/3"}],"replies":[{"embeddable":true,"href":"https:\/\/ce-resd.sbc.org.br\/index.php?rest_route=%2Fwp%2Fv2%2Fcomments&post=82"}],"version-history":[{"count":0,"href":"https:\/\/ce-resd.sbc.org.br\/index.php?rest_route=\/wp\/v2\/pages\/82\/revisions"}],"wp:attachment":[{"href":"https:\/\/ce-resd.sbc.org.br\/index.php?rest_route=%2Fwp%2Fv2%2Fmedia&parent=82"}],"curies":[{"name":"wp","href":"https:\/\/api.w.org\/{rel}","templated":true}]}}