{"id":81,"date":"2013-03-19T02:29:32","date_gmt":"2013-03-19T02:29:32","guid":{"rendered":"http:\/\/ce-resd.sbc.org.br\/?page_id=81"},"modified":"2013-04-28T21:54:31","modified_gmt":"2013-04-28T21:54:31","slug":"anais-1987","status":"publish","type":"page","link":"https:\/\/ce-resd.sbc.org.br\/?page_id=81","title":{"rendered":"Anais &#8211; V SBRC (1987)"},"content":{"rendered":"<p><a href=\"http:\/\/ce-resd.sbc.org.br\/sbrc\/1987\/frontmatter.pdf\"><span style=\"font-size: large;\">P\u00e1ginas Iniciais<\/span><\/a><\/p>\n<p><strong><span style=\"font-size: large;\">Artigos da Trilha Principal<\/span><\/strong><\/p>\n<p><a href=\"http:\/\/ce-resd.sbc.org.br\/sbrc\/1987\/p01.pdf\">Protocolos de aplica\u00e7\u00e3o em redes locais de computadores na automa\u00e7\u00e3o industrial (protocolos MAP\/TOP). pp. 1-20<\/a><br \/>\nJos\u00e9 Roberto Emiliano Leite, Manuel de Jesus Mendes, Maur\u00edcio Ferreira Magalh\u00e3es<\/p>\n<p><a href=\"http:\/\/ce-resd.sbc.org.br\/sbrc\/1987\/p02.pdf\">Aplica\u00e7\u00e3o de redes locais em automa\u00e7\u00e3o industrial. pp. 21-54<\/a><br \/>\nTereza Cristina Melo de Brito Carvalho, Antonio Jos\u00e9 Chagas de Carvalho<\/p>\n<p><a href=\"http:\/\/ce-resd.sbc.org.br\/sbrc\/1987\/p04.pdf\">Especificando protocolos atrav\u00e9s de uma metodologia baseada em redes de Petri. pp. 56-82<\/a><br \/>\nJaelson Freire Brelaz de Castro, Paulo Roberto Freire Cunha<\/p>\n<p><a href=\"http:\/\/ce-resd.sbc.org.br\/sbrc\/1987\/p05.pdf\">Aspectos da implementa\u00e7\u00e3o do protocolo LAPD a RDSI (Rede Digital de Servi\u00e7os Integrados). pp. 83-95<\/a><br \/>\nDurval Carvalho de Avila Jacintho, Maria Fernanda Simonetti Ribeiro<\/p>\n<p><a href=\"http:\/\/ce-resd.sbc.org.br\/sbrc\/1987\/p06.pdf\">Uma abordagem em modelagem do protocolo da camada de sess\u00e3o. pp. 96-106<\/a><br \/>\nMaria Izabel Cavalcanti Cabral, Jacques Phillipe Sauv\u00e9<\/p>\n<p><a href=\"http:\/\/ce-resd.sbc.org.br\/sbrc\/1987\/p07.pdf\">Aplica\u00e7\u00f5es do compilador Estelle. pp. 107-120<\/a><br \/>\nWanderley Lopes de Souza, Edilson Ferneda<\/p>\n<p><a href=\"http:\/\/ce-resd.sbc.org.br\/sbrc\/1987\/p08.pdf\">LOTOS: uma t\u00e9cnica para a descri\u00e7\u00e3o formal de servi\u00e7os e protocolos de comunica\u00e7\u00e3o. pp. 121-144<\/a><br \/>\nWanderley Lopes de Souza<\/p>\n<p><a href=\"http:\/\/ce-resd.sbc.org.br\/sbrc\/1987\/p10.pdf\">O sistema Compac para redes de comunica\u00e7\u00e3o de dados. pp. 146-161<\/a><br \/>\nFernando Campos Arruda Junior, Jos\u00e9 Roberto Emiliano Leite, Eduardo Cezar Grizendi<\/p>\n<p><a href=\"http:\/\/ce-resd.sbc.org.br\/sbrc\/1987\/p11.pdf\">Um sistema de comunica\u00e7\u00e3o confi\u00e1vel entre microcomputadores atrav\u00e9s da Renpac. pp. 162-179<\/a><br \/>\nWagner Luiz Zucchi<\/p>\n<p><a href=\"http:\/\/ce-resd.sbc.org.br\/sbrc\/1987\/p12.pdf\">Implementa\u00e7\u00e3o de um ponto de acesso de transfer\u00eancia eletr\u00f4nica de fundos (PATEF). pp. 180-196<\/a><br \/>\nJos\u00e9 Roberto Emiliano Leite, Luiz Ot\u00e1vio Merlin Miranda, Fl\u00e1vio Tonioli Mariotto, Claudia de Paula Krahembul<\/p>\n<p><a href=\"http:\/\/ce-resd.sbc.org.br\/sbrc\/1987\/p13.pdf\">Worldwide implementation of open systems interconnection (OSI) standards. pp. 197-208<\/a><br \/>\nRichard desJardins<\/p>\n<p><a href=\"http:\/\/ce-resd.sbc.org.br\/sbrc\/1987\/p14.pdf\">Modelagem de aplica\u00e7\u00f5es cr\u00edticas em redes locais com passagem de ficha. pp. 209-232<\/a><br \/>\nMarcos A. G. Brasileiro, Jos\u00e9 Ant\u00e3o B. Moura<\/p>\n<p><a href=\"http:\/\/ce-resd.sbc.org.br\/sbrc\/1987\/p15.pdf\">Modelagem de aplica\u00e7\u00f5es em redes locais. pp. 233-249<\/a><br \/>\nClaudio Cesar de S\u00e1, Marcos A. G. Brasileiro<\/p>\n<p><a href=\"http:\/\/ce-resd.sbc.org.br\/sbrc\/1987\/p16.pdf\">Protocolo de comunica\u00e7\u00e3o em um sistema distribu\u00eddo baseado num barramento paralelo centralizado. pp. 250-270<\/a><br \/>\nClaudio Kirner, Jorge Luiz e Silva<\/p>\n<p><a href=\"http:\/\/ce-resd.sbc.org.br\/sbrc\/1987\/p17.pdf\">Caracteriza\u00e7\u00e3o de uma rede local para integra\u00e7\u00e3o de servi\u00e7os de dados, \u00e1udio e v\u00eddeo. pp. 271-298<\/a><br \/>\nCesar A. C. Teixeira, Wilson V. Ruggiero<\/p>\n<p><a href=\"http:\/\/ce-resd.sbc.org.br\/sbrc\/1987\/p18.pdf\">Rastreamento em ambiente logo suportado por rede local. pp. 299-318<\/a><br \/>\nEduardo Valle, Clylton Galamba Fernandes<\/p>\n<p><a href=\"http:\/\/ce-resd.sbc.org.br\/sbrc\/1987\/p19.pdf\">Um processador de comunica\u00e7\u00e3o de rede local para controle de processos. pp. 319-341<\/a><br \/>\nLeonardo Appezato<\/p>\n<p><a href=\"http:\/\/ce-resd.sbc.org.br\/sbrc\/1987\/p20.pdf\">Equipamentos de rede com fun\u00e7\u00f5es de gerenciamento. pp. 342-358<\/a><br \/>\nCarlos B. Westphall<\/p>\n<p><a href=\"http:\/\/ce-resd.sbc.org.br\/sbrc\/1987\/p21.pdf\">O centro de supervis\u00e3o e controle do sistema Compac. pp. 359-371<\/a><br \/>\nJos\u00e9 Eduardo Martins, Oswaldo Luiz Fernandes, Cristiana de Souza Santos, Neusa Kazumi Ishikawa<\/p>\n<p><a href=\"http:\/\/ce-resd.sbc.org.br\/sbrc\/1987\/p22.pdf\">Recent developments in protocol testing. pp. 372-392<\/a><br \/>\nBeh\u00e7et Sarikaya<\/p>\n<p><a href=\"http:\/\/ce-resd.sbc.org.br\/sbrc\/1987\/p23.pdf\">Manipula\u00e7\u00e3o de express\u00f5es de fragmenta\u00e7\u00e3o em sistemas distribu\u00eddos com uma m\u00e1quina de infer\u00eancias. pp. 393-401<\/a><br \/>\nPedro Manoel Silveira<\/p>\n<p><a href=\"http:\/\/ce-resd.sbc.org.br\/sbrc\/1987\/p24.pdf\">Executivo para implanta\u00e7\u00e3o de redes em ambientes MS-DOS. pp. 411-414<\/a><br \/>\nJoberto S. B. Martins, J. H. F. Cavalcanti<\/p>\n<p><a href=\"http:\/\/ce-resd.sbc.org.br\/sbrc\/1987\/p25.pdf\">Rumo a um ambiente de programa\u00e7\u00e3o distribu\u00edda em Modula-2. pp. 423-425<\/a><br \/>\nL\u00eddia Segre, Michael Staton<\/p>\n<p><a href=\"http:\/\/ce-resd.sbc.org.br\/sbrc\/1987\/p26.pdf\">Um n\u00facleo de sistema operacional distribu\u00eddo para aplica\u00e7\u00f5es em tempo real. pp. 426-437<\/a><br \/>\nJ. Fraga, J. M. Farines, L. Nacamura, V. Mazzola<\/p>\n<p><a href=\"http:\/\/ce-resd.sbc.org.br\/sbrc\/1987\/p27.pdf\">Sistema multi-tarefas distribu\u00eddo para redes locais. pp. 438-452<\/a><br \/>\nJos\u00e9 Motta, Jorge Ramos<\/p>\n<p><a href=\"http:\/\/ce-resd.sbc.org.br\/sbrc\/1987\/p28.pdf\">Implementa\u00e7\u00e3o de um ponto de acesso de videotexto (PAV ou Videopad). pp. 453-472<\/a><br \/>\nMilton Ben-Hur Faber, Jos\u00e9 Roberto Emiliano Leite, Marco T\u00falio S. Liporoni, Akiko Hayashi<\/p>\n<p><a href=\"http:\/\/ce-resd.sbc.org.br\/sbrc\/1987\/p29.pdf\">Concentrador de telefones para uma rede local com integra\u00e7\u00e3o de servi\u00e7os de voz e dados. pp. 473-493<\/a><br \/>\nLuiz Fernando Gomes Soares, Marcus F\u00e1bio Vieira<\/p>\n<p><a href=\"http:\/\/ce-resd.sbc.org.br\/sbrc\/1987\/p30.pdf\">Interface de comunica\u00e7\u00e3o para rede local: implementa\u00e7\u00e3o de um circuito integrado. pp. 494-510<\/a><br \/>\nM.T.C. Andrade, M.R.P. Barretto, W.R. Esposito, W.A.M. Van Noije<\/p>\n<p><a href=\"http:\/\/ce-resd.sbc.org.br\/sbrc\/1987\/p31.pdf\">O comutador de pacotes do sistema Compac. pp. 511-530<\/a><br \/>\nJos\u00e9 Roberto Emiliano Leite, Angelo Antonio Mantovani, Carlos Gunter Klemz, Rosana Jamal F. dos Santos, Maria Cec\u00edlia R. B. Mandel, Selma Cristina G. F. Cintra<\/p>\n<p><a href=\"http:\/\/ce-resd.sbc.org.br\/sbrc\/1987\/p32.pdf\">O concentrador multiprotocolo Compac. pp. 531-546<\/a><br \/>\nJos\u00e9 Roberto Emiliano Leite, Fernando Campos Arruda Junior, Jos\u00e9 Ricardo Portillo Navas, Ivo Alexandre Fernandes<\/p>\n","protected":false},"excerpt":{"rendered":"<p>P\u00e1ginas Iniciais Artigos da Trilha Principal Protocolos de aplica\u00e7\u00e3o em redes locais de computadores na automa\u00e7\u00e3o industrial (protocolos MAP\/TOP). pp. 1-20 Jos\u00e9 Roberto Emiliano Leite, Manuel de Jesus Mendes, Maur\u00edcio Ferreira Magalh\u00e3es Aplica\u00e7\u00e3o de redes locais em automa\u00e7\u00e3o industrial. pp. &hellip; <a href=\"https:\/\/ce-resd.sbc.org.br\/?page_id=81\">Continue lendo <span class=\"meta-nav\">&rarr;<\/span><\/a><\/p>\n","protected":false},"author":3,"featured_media":0,"parent":0,"menu_order":0,"comment_status":"closed","ping_status":"closed","template":"","meta":{"_daextinma_seo_power":"","_daextinma_enable_ail":"","footnotes":""},"class_list":["post-81","page","type-page","status-publish","hentry"],"_links":{"self":[{"href":"https:\/\/ce-resd.sbc.org.br\/index.php?rest_route=\/wp\/v2\/pages\/81","targetHints":{"allow":["GET"]}}],"collection":[{"href":"https:\/\/ce-resd.sbc.org.br\/index.php?rest_route=\/wp\/v2\/pages"}],"about":[{"href":"https:\/\/ce-resd.sbc.org.br\/index.php?rest_route=\/wp\/v2\/types\/page"}],"author":[{"embeddable":true,"href":"https:\/\/ce-resd.sbc.org.br\/index.php?rest_route=\/wp\/v2\/users\/3"}],"replies":[{"embeddable":true,"href":"https:\/\/ce-resd.sbc.org.br\/index.php?rest_route=%2Fwp%2Fv2%2Fcomments&post=81"}],"version-history":[{"count":0,"href":"https:\/\/ce-resd.sbc.org.br\/index.php?rest_route=\/wp\/v2\/pages\/81\/revisions"}],"wp:attachment":[{"href":"https:\/\/ce-resd.sbc.org.br\/index.php?rest_route=%2Fwp%2Fv2%2Fmedia&parent=81"}],"curies":[{"name":"wp","href":"https:\/\/api.w.org\/{rel}","templated":true}]}}