{"id":80,"date":"2013-03-19T02:29:19","date_gmt":"2013-03-19T02:29:19","guid":{"rendered":"http:\/\/ce-resd.sbc.org.br\/?page_id=80"},"modified":"2013-04-28T21:53:08","modified_gmt":"2013-04-28T21:53:08","slug":"anais-1986","status":"publish","type":"page","link":"https:\/\/ce-resd.sbc.org.br\/?page_id=80","title":{"rendered":"Anais &#8211; IV SBRC (1986)"},"content":{"rendered":"<p><a href=\"http:\/\/ce-resd.sbc.org.br\/sbrc\/1986\/frontmatter.pdf\"><span style=\"font-size: large;\">P\u00e1ginas Iniciais<\/span><\/a><\/p>\n<p><strong><span style=\"font-size: large;\">Artigos da Trilha Principal<\/span><\/strong><\/p>\n<p><a href=\"http:\/\/ce-resd.sbc.org.br\/sbrc\/1986\/p01.pdf\">Valida\u00e7\u00e3o de protocolos de comunica\u00e7\u00e3o atrav\u00e9s de rede de Petri: aplica\u00e7\u00e3o em sinaliza\u00e7\u00e3o telef\u00f4nica. pp. 1-20<\/a><br \/>\nShusaburo Motoyama, Walter da Cunha Borelli, Magda Patr\u00edcia Caldeira Arantes, Roberto T. Tamura<\/p>\n<p><a href=\"http:\/\/ce-resd.sbc.org.br\/sbrc\/1986\/p02.pdf\">Applicative specification of computer networks and protocols. pp. 21-30<\/a><br \/>\nSilvio Lemos Meira<\/p>\n<p><a href=\"http:\/\/ce-resd.sbc.org.br\/sbrc\/1986\/p03.pdf\">Development and operation of an OSI-based network for the scientific community. pp. 31-41<\/a><br \/>\nK. Ullmann, DFN-Verein<\/p>\n<p><a href=\"http:\/\/ce-resd.sbc.org.br\/sbrc\/1986\/p04.pdf\">Modelagem do servi\u00e7o gerenciamento de di\u00e1logo da camada de sess\u00e3o. pp. 42-57<\/a><br \/>\nMaria Izabel Cavalcanti Cabral, Jacques Phillipe Sauv\u00e9<\/p>\n<p><a href=\"http:\/\/ce-resd.sbc.org.br\/sbrc\/1986\/p05.pdf\">Estudo comparativo entre o PTV\/SERPRO e as tend\u00eancias da ISO para a padroniza\u00e7\u00e3o da sintaxe de transfer\u00eancia de informa\u00e7\u00f5es. pp. 58-80<\/a><br \/>\nEveline T\u00e1vora de Queiroz Cobra, Pedro Koshino<\/p>\n<p><a href=\"http:\/\/ce-resd.sbc.org.br\/sbrc\/1986\/p06.pdf\">Apropria\u00e7\u00e3o de uso dos recursos computacionais em uma rede de computa\u00e7\u00e3o com vistas a contabiliza\u00e7\u00e3o de pre\u00e7o. pp. 81-102<\/a><br \/>\nPaulo Guilherme Teixeira Freire<\/p>\n<p><a href=\"http:\/\/ce-resd.sbc.org.br\/sbrc\/1986\/p07.pdf\">Distributed allocation of identical resources. pp. 103-118<\/a><br \/>\nOsvaldo S. F. Carvalho<\/p>\n<p><a href=\"http:\/\/ce-resd.sbc.org.br\/sbrc\/1986\/p08.pdf\">Fracionamento-dissemina\u00e7\u00e3o: uma t\u00e9cnica para a seguran\u00e7a de dados em sistemas distribu\u00eddos. pp. 119-132<\/a><br \/>\nJ. Fraga<\/p>\n<p><a href=\"http:\/\/ce-resd.sbc.org.br\/sbrc\/1986\/p09.pdf\">Interconnection between computer networks in Germany. pp. 133-147<\/a><br \/>\nWulf L.-Bauerfeld, DFN-Verein Berlin<\/p>\n<p><a href=\"http:\/\/ce-resd.sbc.org.br\/sbrc\/1986\/p10.pdf\">The comic toolkit for building distributed systems. pp. 148-157<\/a><br \/>\nM. Sloman, J. Kramer, J. Magee<\/p>\n<p><a href=\"http:\/\/ce-resd.sbc.org.br\/sbrc\/1986\/p11.pdf\">Alternativas de acesso de computadores a redes p\u00fablicas. pp. 158-180<\/a><br \/>\nJos\u00e9 da Silva Rodrigues Filho, Paulo Roberto Freire Cunha<\/p>\n<p><a href=\"http:\/\/ce-resd.sbc.org.br\/sbrc\/1986\/p12.pdf\">Um concentrador\/comutador local de pacotes X.25, supervisionado remotamente. pp. 181-198<\/a><br \/>\nJos\u00e9 Roberto Emiliano Leite<\/p>\n<p><a href=\"http:\/\/ce-resd.sbc.org.br\/sbrc\/1986\/p13.pdf\">Dimac: um protocolo de acesso por passagem de Token. pp. 199-216<\/a><br \/>\nClylton Galamba Fernandes, Jaelson Freire Brelaz de Castro, Paulo Roberto Freire Cunha<\/p>\n<p><a href=\"http:\/\/ce-resd.sbc.org.br\/sbrc\/1986\/p14.pdf\">Arquitetura de um suporte de comunica\u00e7\u00e3o baseado na rede local ethernet e no unix. pp. 217-233<br \/>\n<\/a>Joberto S. B. Martins, G\u00e9rard Noguez<\/p>\n<p><a href=\"http:\/\/ce-resd.sbc.org.br\/sbrc\/1986\/p15.pdf\">Servi\u00e7os e primitivas para transfer\u00eancia de arquivos. pp. 234-248<\/a><br \/>\nSelim Asfora Neto, Merval Jurema Filho<\/p>\n<p><a href=\"http:\/\/ce-resd.sbc.org.br\/sbrc\/1986\/p16.pdf\">Proposta de especifica\u00e7\u00e3o de um servidor de impressora. pp. 249-262<\/a><br \/>\nBernardo Gon\u00e7alves Riso, Elizabeth Sueli Specialski, Maria Marta Leite<\/p>\n<p><a href=\"http:\/\/ce-resd.sbc.org.br\/sbrc\/1986\/p17.pdf\">O servidor de impress\u00e3o da REDPUC. pp. 263-279<\/a><br \/>\nVieira EAP, Fonseca NLS, Schwabe D.<\/p>\n<p><a href=\"http:\/\/ce-resd.sbc.org.br\/sbrc\/1986\/p18.pdf\">Considera\u00e7\u00f5es sobre a utiliza\u00e7\u00e3o de t\u00e9cnicas de descri\u00e7\u00e3o formal de protocolos. pp. 280-300<\/a><br \/>\nAroldo Y. Yai, Jaime Ono, Lauro T. Muramoto, William Astolfi, Stefania Stiubiener<\/p>\n<p><a href=\"http:\/\/ce-resd.sbc.org.br\/sbrc\/1986\/p19.pdf\">Estudo e proposta de testes de comportamento do protocolo de transporte da ISO. pp. 301-324<\/a><br \/>\nDenis Gabos, Hamilton Fernandes de Mattias, Sidnei Hideo Tano, Stefania Stiubiener<\/p>\n<p><a href=\"http:\/\/ce-resd.sbc.org.br\/sbrc\/1986\/p20.pdf\">Analisador sint\u00e1tico em Prolog para a linguagem de especifica\u00e7\u00e3o de protocolos Estelle. pp. 325-353<\/a><br \/>\nWanderley Lopes de Souza<\/p>\n<p><a href=\"http:\/\/ce-resd.sbc.org.br\/sbrc\/1986\/p21.pdf\">Recent developments in protocol specification, validation and testing. pp. 354-368<\/a><br \/>\nGregor v. Bochmann<\/p>\n<p><a href=\"http:\/\/ce-resd.sbc.org.br\/sbrc\/1986\/p22.pdf\">Implementa\u00e7\u00e3o de uma esta\u00e7\u00e3o de voz num computador pessoal de 16 bits. pp. 369-391<\/a><br \/>\nWagner Luiz Zucchi, Wilson Vicente Ruggiero<\/p>\n<p><a href=\"http:\/\/ce-resd.sbc.org.br\/sbrc\/1986\/p23.pdf\">Rede experimental da PUC\/RJ para integra\u00e7\u00e3o de voz e dados. pp. 392-407<\/a><br \/>\nLuiz Fernando G. Soares, Marcus F\u00e1bio Vieira, Simone L. Martins<\/p>\n<p><a href=\"http:\/\/ce-resd.sbc.org.br\/sbrc\/1986\/p24.pdf\">Implanta\u00e7\u00e3o de um protocolo de transporte em uma rede local. pp. 408-421<\/a><br \/>\nLiane Margarida Rockenbach Tarouco, Jussara Issa Musse<\/p>\n<p><a href=\"http:\/\/ce-resd.sbc.org.br\/sbrc\/1986\/p25.pdf\">Uma implementa\u00e7\u00e3o de servi\u00e7os de n\u00edvel 6 e 7 na REDURGS. pp. 422-439<\/a><br \/>\nLiane Margarida Rockenbach Tarouco, Maria Janilce Almeida Wilkens<\/p>\n<p><a href=\"http:\/\/ce-resd.sbc.org.br\/sbrc\/1986\/p26.pdf\">Reliability bounds for networks with statistical dependence. pp. 440-444<\/a><br \/>\nEddy H. Carrasco, Charles J. Colbourn<\/p>\n<p><a href=\"http:\/\/ce-resd.sbc.org.br\/sbrc\/1986\/p27.pdf\">Um pacote de simula\u00e7\u00e3o para avalia\u00e7\u00e3o de desempenho de redes locais. pp. 445-461<\/a><br \/>\nAntonio Cauper Filho, Jacques Philippe Sauv\u00e9, Jos\u00e9 Ant\u00e3o Beltr\u00e3o Moura<\/p>\n<p><a href=\"http:\/\/ce-resd.sbc.org.br\/sbrc\/1986\/p28.pdf\">Um modelo anal\u00edtico modular para protocolos de acesso em redes locais. pp. 462-483<\/a><br \/>\nMarcos Andr\u00e9 M. Primo, J. Ant\u00e3o B. Moura<\/p>\n<p><a href=\"http:\/\/ce-resd.sbc.org.br\/sbrc\/1986\/p29.pdf\">High throughput local network. pp. 484-491<\/a><br \/>\nG. Pujolle<\/p>\n","protected":false},"excerpt":{"rendered":"<p>P\u00e1ginas Iniciais Artigos da Trilha Principal Valida\u00e7\u00e3o de protocolos de comunica\u00e7\u00e3o atrav\u00e9s de rede de Petri: aplica\u00e7\u00e3o em sinaliza\u00e7\u00e3o telef\u00f4nica. pp. 1-20 Shusaburo Motoyama, Walter da Cunha Borelli, Magda Patr\u00edcia Caldeira Arantes, Roberto T. Tamura Applicative specification of computer networks &hellip; <a href=\"https:\/\/ce-resd.sbc.org.br\/?page_id=80\">Continue lendo <span class=\"meta-nav\">&rarr;<\/span><\/a><\/p>\n","protected":false},"author":3,"featured_media":0,"parent":0,"menu_order":0,"comment_status":"closed","ping_status":"closed","template":"","meta":{"_daextinma_seo_power":"","_daextinma_enable_ail":"","footnotes":""},"class_list":["post-80","page","type-page","status-publish","hentry"],"_links":{"self":[{"href":"https:\/\/ce-resd.sbc.org.br\/index.php?rest_route=\/wp\/v2\/pages\/80","targetHints":{"allow":["GET"]}}],"collection":[{"href":"https:\/\/ce-resd.sbc.org.br\/index.php?rest_route=\/wp\/v2\/pages"}],"about":[{"href":"https:\/\/ce-resd.sbc.org.br\/index.php?rest_route=\/wp\/v2\/types\/page"}],"author":[{"embeddable":true,"href":"https:\/\/ce-resd.sbc.org.br\/index.php?rest_route=\/wp\/v2\/users\/3"}],"replies":[{"embeddable":true,"href":"https:\/\/ce-resd.sbc.org.br\/index.php?rest_route=%2Fwp%2Fv2%2Fcomments&post=80"}],"version-history":[{"count":0,"href":"https:\/\/ce-resd.sbc.org.br\/index.php?rest_route=\/wp\/v2\/pages\/80\/revisions"}],"wp:attachment":[{"href":"https:\/\/ce-resd.sbc.org.br\/index.php?rest_route=%2Fwp%2Fv2%2Fmedia&parent=80"}],"curies":[{"name":"wp","href":"https:\/\/api.w.org\/{rel}","templated":true}]}}