{"id":738,"date":"2022-06-22T13:57:42","date_gmt":"2022-06-22T16:57:42","guid":{"rendered":"https:\/\/ce-resd.sbc.org.br\/?page_id=738"},"modified":"2022-06-22T14:28:47","modified_gmt":"2022-06-22T17:28:47","slug":"estatisticas-de-inscricao","status":"publish","type":"page","link":"https:\/\/ce-resd.sbc.org.br\/?page_id=738","title":{"rendered":"Estat\u00edsticas de Inscri\u00e7\u00e3o"},"content":{"rendered":"\n<p><\/p>\n\n\n\n<div class='tableauPlaceholder' id='viz1655917606279' style='position: relative'><noscript><a href='#'><img alt=' ' src='https:&#47;&#47;public.tableau.com&#47;static&#47;images&#47;SB&#47;SBRC&#47;InscriesGeral&#47;1_rss.png' style='border: none' \/><\/a><\/noscript><object class='tableauViz'  style='display:none;'><param name='host_url' value='https%3A%2F%2Fpublic.tableau.com%2F' \/> <param name='embed_code_version' value='3' \/> <param name='site_root' value='' \/><param name='name' value='SBRC&#47;InscriesGeral' \/><param name='tabs' value='yes' \/><param name='toolbar' value='yes' \/><param name='static_image' value='https:&#47;&#47;public.tableau.com&#47;static&#47;images&#47;SB&#47;SBRC&#47;InscriesGeral&#47;1.png' \/> <param name='animate_transition' value='yes' \/><param name='display_static_image' value='yes' \/><param name='display_spinner' value='yes' \/><param name='display_overlay' value='yes' \/><param name='display_count' value='yes' \/><param name='language' value='pt-BR' \/><\/object><\/div>                <script type='text\/javascript'>                    var divElement = document.getElementById('viz1655917606279');                    var vizElement = divElement.getElementsByTagName('object')[0];                    vizElement.style.width='130%';vizElement.style.height='768px';                     var scriptElement = document.createElement('script');                    scriptElement.src = 'https:\/\/public.tableau.com\/javascripts\/api\/viz_v1.js';                    vizElement.parentNode.insertBefore(scriptElement, vizElement);                <\/script>\n","protected":false},"excerpt":{"rendered":"","protected":false},"author":3,"featured_media":0,"parent":0,"menu_order":0,"comment_status":"closed","ping_status":"closed","template":"","meta":{"_daextinma_seo_power":"1000","_daextinma_enable_ail":"","footnotes":""},"class_list":["post-738","page","type-page","status-publish","hentry"],"_links":{"self":[{"href":"https:\/\/ce-resd.sbc.org.br\/index.php?rest_route=\/wp\/v2\/pages\/738","targetHints":{"allow":["GET"]}}],"collection":[{"href":"https:\/\/ce-resd.sbc.org.br\/index.php?rest_route=\/wp\/v2\/pages"}],"about":[{"href":"https:\/\/ce-resd.sbc.org.br\/index.php?rest_route=\/wp\/v2\/types\/page"}],"author":[{"embeddable":true,"href":"https:\/\/ce-resd.sbc.org.br\/index.php?rest_route=\/wp\/v2\/users\/3"}],"replies":[{"embeddable":true,"href":"https:\/\/ce-resd.sbc.org.br\/index.php?rest_route=%2Fwp%2Fv2%2Fcomments&post=738"}],"version-history":[{"count":9,"href":"https:\/\/ce-resd.sbc.org.br\/index.php?rest_route=\/wp\/v2\/pages\/738\/revisions"}],"predecessor-version":[{"id":749,"href":"https:\/\/ce-resd.sbc.org.br\/index.php?rest_route=\/wp\/v2\/pages\/738\/revisions\/749"}],"wp:attachment":[{"href":"https:\/\/ce-resd.sbc.org.br\/index.php?rest_route=%2Fwp%2Fv2%2Fmedia&parent=738"}],"curies":[{"name":"wp","href":"https:\/\/api.w.org\/{rel}","templated":true}]}}