{"id":713,"date":"2022-05-18T18:00:07","date_gmt":"2022-05-18T21:00:07","guid":{"rendered":"https:\/\/ce-resd.sbc.org.br\/?page_id=713"},"modified":"2022-05-18T18:15:29","modified_gmt":"2022-05-18T21:15:29","slug":"sobre-a-sbc","status":"publish","type":"page","link":"https:\/\/ce-resd.sbc.org.br\/?page_id=713","title":{"rendered":"Sobre a SBC"},"content":{"rendered":"\n<ul class=\"wp-block-social-links has-small-icon-size has-icon-color has-icon-background-color is-content-justification-right is-layout-flex wp-container-core-social-links-is-layout-765c4724 wp-block-social-links-is-layout-flex\"><li style=\"color:#fff;background-color:#000;\" class=\"wp-social-link wp-social-link-instagram has-white-color has-black-background-color wp-block-social-link\"><a rel=\"noopener nofollow\" target=\"_blank\" href=\"https:\/\/www.instagram.com\/sbcoficial\/\" class=\"wp-block-social-link-anchor\"><svg width=\"24\" height=\"24\" viewBox=\"0 0 24 24\" version=\"1.1\" xmlns=\"http:\/\/www.w3.org\/2000\/svg\" aria-hidden=\"true\" focusable=\"false\"><path d=\"M12,4.622c2.403,0,2.688,0.009,3.637,0.052c0.877,0.04,1.354,0.187,1.671,0.31c0.42,0.163,0.72,0.358,1.035,0.673 c0.315,0.315,0.51,0.615,0.673,1.035c0.123,0.317,0.27,0.794,0.31,1.671c0.043,0.949,0.052,1.234,0.052,3.637 s-0.009,2.688-0.052,3.637c-0.04,0.877-0.187,1.354-0.31,1.671c-0.163,0.42-0.358,0.72-0.673,1.035 c-0.315,0.315-0.615,0.51-1.035,0.673c-0.317,0.123-0.794,0.27-1.671,0.31c-0.949,0.043-1.233,0.052-3.637,0.052 s-2.688-0.009-3.637-0.052c-0.877-0.04-1.354-0.187-1.671-0.31c-0.42-0.163-0.72-0.358-1.035-0.673 c-0.315-0.315-0.51-0.615-0.673-1.035c-0.123-0.317-0.27-0.794-0.31-1.671C4.631,14.688,4.622,14.403,4.622,12 s0.009-2.688,0.052-3.637c0.04-0.877,0.187-1.354,0.31-1.671c0.163-0.42,0.358-0.72,0.673-1.035 c0.315-0.315,0.615-0.51,1.035-0.673c0.317-0.123,0.794-0.27,1.671-0.31C9.312,4.631,9.597,4.622,12,4.622 M12,3 C9.556,3,9.249,3.01,8.289,3.054C7.331,3.098,6.677,3.25,6.105,3.472C5.513,3.702,5.011,4.01,4.511,4.511 c-0.5,0.5-0.808,1.002-1.038,1.594C3.25,6.677,3.098,7.331,3.054,8.289C3.01,9.249,3,9.556,3,12c0,2.444,0.01,2.751,0.054,3.711 c0.044,0.958,0.196,1.612,0.418,2.185c0.23,0.592,0.538,1.094,1.038,1.594c0.5,0.5,1.002,0.808,1.594,1.038 c0.572,0.222,1.227,0.375,2.185,0.418C9.249,20.99,9.556,21,12,21s2.751-0.01,3.711-0.054c0.958-0.044,1.612-0.196,2.185-0.418 c0.592-0.23,1.094-0.538,1.594-1.038c0.5-0.5,0.808-1.002,1.038-1.594c0.222-0.572,0.375-1.227,0.418-2.185 C20.99,14.751,21,14.444,21,12s-0.01-2.751-0.054-3.711c-0.044-0.958-0.196-1.612-0.418-2.185c-0.23-0.592-0.538-1.094-1.038-1.594 c-0.5-0.5-1.002-0.808-1.594-1.038c-0.572-0.222-1.227-0.375-2.185-0.418C14.751,3.01,14.444,3,12,3L12,3z M12,7.378 c-2.552,0-4.622,2.069-4.622,4.622S9.448,16.622,12,16.622s4.622-2.069,4.622-4.622S14.552,7.378,12,7.378z M12,15 c-1.657,0-3-1.343-3-3s1.343-3,3-3s3,1.343,3,3S13.657,15,12,15z M16.804,6.116c-0.596,0-1.08,0.484-1.08,1.08 s0.484,1.08,1.08,1.08c0.596,0,1.08-0.484,1.08-1.08S17.401,6.116,16.804,6.116z\"><\/path><\/svg><span class=\"wp-block-social-link-label screen-reader-text\">Instagram<\/span><\/a><\/li>\n\n<li style=\"color:#fff;background-color:#000;\" class=\"wp-social-link wp-social-link-twitter has-white-color has-black-background-color wp-block-social-link\"><a rel=\"noopener nofollow\" target=\"_blank\" href=\"https:\/\/twitter.com\/sbcbrasil\" class=\"wp-block-social-link-anchor\"><svg width=\"24\" height=\"24\" viewBox=\"0 0 24 24\" version=\"1.1\" xmlns=\"http:\/\/www.w3.org\/2000\/svg\" aria-hidden=\"true\" focusable=\"false\"><path d=\"M22.23,5.924c-0.736,0.326-1.527,0.547-2.357,0.646c0.847-0.508,1.498-1.312,1.804-2.27 c-0.793,0.47-1.671,0.812-2.606,0.996C18.324,4.498,17.257,4,16.077,4c-2.266,0-4.103,1.837-4.103,4.103 c0,0.322,0.036,0.635,0.106,0.935C8.67,8.867,5.647,7.234,3.623,4.751C3.27,5.357,3.067,6.062,3.067,6.814 c0,1.424,0.724,2.679,1.825,3.415c-0.673-0.021-1.305-0.206-1.859-0.513c0,0.017,0,0.034,0,0.052c0,1.988,1.414,3.647,3.292,4.023 c-0.344,0.094-0.707,0.144-1.081,0.144c-0.264,0-0.521-0.026-0.772-0.074c0.522,1.63,2.038,2.816,3.833,2.85 c-1.404,1.1-3.174,1.756-5.096,1.756c-0.331,0-0.658-0.019-0.979-0.057c1.816,1.164,3.973,1.843,6.29,1.843 c7.547,0,11.675-6.252,11.675-11.675c0-0.178-0.004-0.355-0.012-0.531C20.985,7.47,21.68,6.747,22.23,5.924z\"><\/path><\/svg><span class=\"wp-block-social-link-label screen-reader-text\">Twitter<\/span><\/a><\/li>\n\n<li style=\"color:#fff;background-color:#000;\" class=\"wp-social-link wp-social-link-facebook has-white-color has-black-background-color wp-block-social-link\"><a rel=\"noopener nofollow\" target=\"_blank\" href=\"https:\/\/www.facebook.com\/sbcbrasil\/\" class=\"wp-block-social-link-anchor\"><svg width=\"24\" height=\"24\" viewBox=\"0 0 24 24\" version=\"1.1\" xmlns=\"http:\/\/www.w3.org\/2000\/svg\" aria-hidden=\"true\" focusable=\"false\"><path d=\"M12 2C6.5 2 2 6.5 2 12c0 5 3.7 9.1 8.4 9.9v-7H7.9V12h2.5V9.8c0-2.5 1.5-3.9 3.8-3.9 1.1 0 2.2.2 2.2.2v2.5h-1.3c-1.2 0-1.6.8-1.6 1.6V12h2.8l-.4 2.9h-2.3v7C18.3 21.1 22 17 22 12c0-5.5-4.5-10-10-10z\"><\/path><\/svg><span class=\"wp-block-social-link-label screen-reader-text\">Facebook<\/span><\/a><\/li>\n\n<li style=\"color:#fff;background-color:#000;\" class=\"wp-social-link wp-social-link-youtube has-white-color has-black-background-color wp-block-social-link\"><a rel=\"noopener nofollow\" target=\"_blank\" href=\"https:\/\/www.youtube.com\/c\/SociedadeBrasileiradeComputa\u00e7\u00e3o\/featured\" class=\"wp-block-social-link-anchor\"><svg width=\"24\" height=\"24\" viewBox=\"0 0 24 24\" version=\"1.1\" xmlns=\"http:\/\/www.w3.org\/2000\/svg\" aria-hidden=\"true\" focusable=\"false\"><path d=\"M21.8,8.001c0,0-0.195-1.378-0.795-1.985c-0.76-0.797-1.613-0.801-2.004-0.847c-2.799-0.202-6.997-0.202-6.997-0.202 h-0.009c0,0-4.198,0-6.997,0.202C4.608,5.216,3.756,5.22,2.995,6.016C2.395,6.623,2.2,8.001,2.2,8.001S2,9.62,2,11.238v1.517 c0,1.618,0.2,3.237,0.2,3.237s0.195,1.378,0.795,1.985c0.761,0.797,1.76,0.771,2.205,0.855c1.6,0.153,6.8,0.201,6.8,0.201 s4.203-0.006,7.001-0.209c0.391-0.047,1.243-0.051,2.004-0.847c0.6-0.607,0.795-1.985,0.795-1.985s0.2-1.618,0.2-3.237v-1.517 C22,9.62,21.8,8.001,21.8,8.001z M9.935,14.594l-0.001-5.62l5.404,2.82L9.935,14.594z\"><\/path><\/svg><span class=\"wp-block-social-link-label screen-reader-text\">Youtube<\/span><\/a><\/li><\/ul>\n\n\n\n<main class=\"l-content\">\n<section class=\"l-section wpb_row height_medium\">\n<div class=\"l-section-h i-cf\">\n<div class=\"g-cols vc_row type_default valign_top\">\n<div class=\"vc_col-sm-12 wpb_column vc_column_container\">\n<div class=\"vc_column-inner\">\n<div class=\"wpb_wrapper\">\n<div class=\"wpb_text_column \">\n<div class=\"wpb_wrapper\">\n<p align=\"justify\"><span id=\"page3R_mcid1\" class=\"markedContent\"><span dir=\"ltr\" role=\"presentation\">A Sociedade Brasileira de Computa\u00e7\u00e3o<\/span>\u00a0<span dir=\"ltr\" role=\"presentation\">\u2013<\/span>\u00a0<span dir=\"ltr\" role=\"presentation\">SBC \u00e9 uma Sociedade Cient\u00edfica sem fins lucrativos,\u00a0fundada em julho de 1978, que re\u00fane estudantes, professores, profissionais, pesquisadores\u00a0e entusiastas da \u00e1rea de Computa\u00e7\u00e3o e Inform\u00e1tica de todo o Brasil.<\/span><\/span><\/p>\n<p align=\"justify\"><span id=\"page3R_mcid2\" class=\"markedContent\"><span id=\"page3R_mcid2\" class=\"markedContent\"><span dir=\"ltr\" role=\"presentation\">A SBC<\/span>\u00a0<span dir=\"ltr\" role=\"presentation\">tem como fun\u00e7\u00e3o fomentar o acesso \u00e0 informa\u00e7\u00e3o e cultura por meio da inform\u00e1tica,\u00a0promover a inclus\u00e3o digital, incentivar a pesquisa e o ensino em Computa\u00e7\u00e3o no Brasil,\u00a0contribuindo para a forma\u00e7\u00e3o do profissional da Computa\u00e7\u00e3o com responsabilidade social.<\/span><\/span><\/span><\/p>\n<p align=\"justify\"><span id=\"page3R_mcid3\" class=\"markedContent\"><span id=\"page3R_mcid3\" class=\"markedContent\"><span dir=\"ltr\" role=\"presentation\">Para a organiza\u00e7\u00e3o e divulga\u00e7\u00e3o de atividades, a\u00e7\u00f5es e eventos cient\u00edficos, t\u00e9cnicos,\u00a0educacionais e pol\u00edticos, a SBC mant\u00e9m uma estrutura de tr\u00eas tipos de Grupos Tem\u00e1ticos (GT),\u00a0que s\u00e3o as Grandes \u00c1reas (GA), as Comiss\u00f5es Especiais (CE) e os Grupos de Interesses (GI).Estes grupos re\u00fanem associados com interesses comuns numa sub\u00e1rea da computa\u00e7\u00e3o.<\/span><\/span><span id=\"page3R_mcid4\" class=\"markedContent\"><br \/><\/span><\/span><\/p>\n<p align=\"justify\"><span id=\"page3R_mcid4\" class=\"markedContent\"><span dir=\"ltr\" role=\"presentation\">Voc\u00ea est\u00e1 acessando o site de uma das<\/span>\u00a0<span dir=\"ltr\" role=\"presentation\">Comiss\u00f5es Especiais (CE) da SBC, que representa um\u00a0grupo de associados da SBC que compartilham dos interesses e valores<\/span>\u00a0<span dir=\"ltr\" role=\"presentation\">em determinada \u00e1rea\u00a0da Computa\u00e7\u00e3o.<\/span>\u00a0<span dir=\"ltr\" role=\"presentation\">O associado vigente pode se inscrever nas<\/span><\/span><a href=\"https:\/\/www.sbc.org.br\/403-comissoes-especiais\"><span id=\"page3R_mcid5\" class=\"markedContent\">\u00a0<span dir=\"ltr\" role=\"presentation\">listas de e\u2013mail das Comiss\u00f5es\u00a0Especiais (CE)<\/span><\/span><\/a><span id=\"page3R_mcid6\" class=\"markedContent\">\u00a0<span dir=\"ltr\" role=\"presentation\">da \u00e1rea que deseja acompanhar. Se voc\u00ea ainda n\u00e3o \u00e9 um associado ou deseja\u00a0renovar sua associa\u00e7\u00e3o \u00e0 nossa comunidade<\/span><\/span><a href=\"https:\/\/centraldesistemas.sbc.org.br\/mom\"><span id=\"page3R_mcid7\" class=\"markedContent\">\u00a0<span dir=\"ltr\" role=\"presentation\">clique aqui<\/span><\/span><\/a><span id=\"page3R_mcid8\" class=\"markedContent\">\u00a0<span dir=\"ltr\" role=\"presentation\">e venha fazer parte da SBC.<\/span><\/span><\/p>\n<\/div>\n<\/div>\n<\/div>\n<\/div>\n<\/div>\n<\/div>\n<\/div>\n<\/section>\n<\/main>\n","protected":false},"excerpt":{"rendered":"<p>A Sociedade Brasileira de Computa\u00e7\u00e3o\u00a0\u2013\u00a0SBC \u00e9 uma Sociedade Cient\u00edfica sem fins lucrativos,\u00a0fundada em julho de 1978, que re\u00fane estudantes, professores, profissionais, pesquisadores\u00a0e entusiastas da \u00e1rea de Computa\u00e7\u00e3o e Inform\u00e1tica de todo o Brasil. A SBC\u00a0tem como fun\u00e7\u00e3o fomentar o acesso &hellip; <a href=\"https:\/\/ce-resd.sbc.org.br\/?page_id=713\">Continue lendo <span class=\"meta-nav\">&rarr;<\/span><\/a><\/p>\n","protected":false},"author":3,"featured_media":0,"parent":0,"menu_order":0,"comment_status":"closed","ping_status":"closed","template":"","meta":{"_daextinma_seo_power":"1000","_daextinma_enable_ail":"","footnotes":""},"class_list":["post-713","page","type-page","status-publish","hentry"],"_links":{"self":[{"href":"https:\/\/ce-resd.sbc.org.br\/index.php?rest_route=\/wp\/v2\/pages\/713","targetHints":{"allow":["GET"]}}],"collection":[{"href":"https:\/\/ce-resd.sbc.org.br\/index.php?rest_route=\/wp\/v2\/pages"}],"about":[{"href":"https:\/\/ce-resd.sbc.org.br\/index.php?rest_route=\/wp\/v2\/types\/page"}],"author":[{"embeddable":true,"href":"https:\/\/ce-resd.sbc.org.br\/index.php?rest_route=\/wp\/v2\/users\/3"}],"replies":[{"embeddable":true,"href":"https:\/\/ce-resd.sbc.org.br\/index.php?rest_route=%2Fwp%2Fv2%2Fcomments&post=713"}],"version-history":[{"count":2,"href":"https:\/\/ce-resd.sbc.org.br\/index.php?rest_route=\/wp\/v2\/pages\/713\/revisions"}],"predecessor-version":[{"id":720,"href":"https:\/\/ce-resd.sbc.org.br\/index.php?rest_route=\/wp\/v2\/pages\/713\/revisions\/720"}],"wp:attachment":[{"href":"https:\/\/ce-resd.sbc.org.br\/index.php?rest_route=%2Fwp%2Fv2%2Fmedia&parent=713"}],"curies":[{"name":"wp","href":"https:\/\/api.w.org\/{rel}","templated":true}]}}