{"id":70,"date":"2013-03-18T19:18:51","date_gmt":"2013-03-18T19:18:51","guid":{"rendered":"http:\/\/ce-resd.sbc.org.br\/?page_id=70"},"modified":"2013-04-28T21:51:29","modified_gmt":"2013-04-28T21:51:29","slug":"anais-1985","status":"publish","type":"page","link":"https:\/\/ce-resd.sbc.org.br\/?page_id=70","title":{"rendered":"Anais &#8211; III SBRC (1985)"},"content":{"rendered":"<p><a href=\"http:\/\/ce-resd.sbc.org.br\/sbrc\/1985\/frontmatter.pdf\"><span style=\"font-size: large;\">P\u00e1ginas Iniciais<\/span><\/a><\/p>\n<p><strong><span style=\"font-size: large;\">Artigos da Trilha Principal<\/span><\/strong><\/p>\n<p><a href=\"http:\/\/ce-resd.sbc.org.br\/sbrc\/1985\/p01.pdf\">O servidor de comunica\u00e7\u00e3o da rede local NCE\/UFRJ. pp. 1.1-1.26<\/a><br \/>\nLuci Stoltz Pereira de Sousa<\/p>\n<p><a href=\"http:\/\/ce-resd.sbc.org.br\/sbrc\/1985\/p02.pdf\">Rede local Itautec. pp. 2.1-2.19<\/a><br \/>\nV\u00e2nia Maria Ferro<\/p>\n<p><a href=\"http:\/\/ce-resd.sbc.org.br\/sbrc\/1985\/p03.pdf\">Proposta de uma rede local para o DCC. pp. 3.1-3.13<\/a><br \/>\nAntonio Alfredo Ferreira Loureiro, Di\u00f3genes Cecilio da Silva J\u00fanior, Jo\u00e3o Eduardo de Rezende Dantas, Newton Alberto de Castilho Lages<\/p>\n<p><a href=\"http:\/\/ce-resd.sbc.org.br\/sbrc\/1985\/p04.pdf\">Arquitetura de uma interface para rede local sob tr\u00e1fego de voz e dados. pp. 4.1-4.21<\/a><br \/>\nJo\u00e3o Marques de Carvalho, Jos\u00e9 Ant\u00e3o Beltr\u00e3o Moura<\/p>\n<p><a href=\"http:\/\/ce-resd.sbc.org.br\/sbrc\/1985\/p05.pdf\">Protocolos de comunica\u00e7\u00e3o da rede local SCOPUS. pp. 5.1-5.41<\/a><br \/>\nLuiz Cl\u00e1udio Navarro, Henrique Ribeiro Filho<\/p>\n<p><a href=\"http:\/\/ce-resd.sbc.org.br\/sbrc\/1985\/p06.pdf\">Protocolos de acesso para redes locais em barra usando fibras \u00f3ticas. pp. 6.1-6.21<\/a><br \/>\nPaulo Henrique de Aguiar Rodrigues<\/p>\n<p><a href=\"http:\/\/ce-resd.sbc.org.br\/sbrc\/1985\/p07.pdf\">Uma esta\u00e7\u00e3o de transporte de dados. pp. 7.1-7.14<\/a><br \/>\nJos\u00e9 Roberto Emiliano Leite, Mario Jino<\/p>\n<p><a href=\"http:\/\/ce-resd.sbc.org.br\/sbrc\/1985\/p08.pdf\">Implementa\u00e7\u00e3o de um algoritmo de roteamento adaptativo para os gateways interredes-PUC. pp. 8.1-8.14<\/a><br \/>\nLuis Carlos Trevelin<\/p>\n<p><a href=\"http:\/\/ce-resd.sbc.org.br\/sbrc\/1985\/p09.pdf\">Implementa\u00e7\u00e3o de um protocolo de transporte para a rede Cepinne. pp. 9.1-9.26<\/a><br \/>\nPaulo Roberto Freire Cunha, Jos\u00e9 Augusto Suruagy Monteiro, Emilio de Barros Lucena<\/p>\n<p><a href=\"http:\/\/ce-resd.sbc.org.br\/sbrc\/1985\/p10.pdf\">Conversores de protocolo BSC.3\/X.25. pp. 10.1-10.18<\/a><br \/>\nDavid Naidin<\/p>\n<p><a href=\"http:\/\/ce-resd.sbc.org.br\/sbrc\/1985\/p11.pdf\">A influ\u00eancia da nova arquitetura de rede de teleprocessamento no ambiente de desenvolvimento do SERPRO. pp. 11.1-11.28<\/a><br \/>\nMarco Aurelio de Carvalho<\/p>\n<p><a href=\"http:\/\/ce-resd.sbc.org.br\/sbrc\/1985\/p12.pdf\">Uma experi\u00eancia em implementa\u00e7\u00e3o e testes de protocolo para redes de computadores. pp. 12.1-12.16<\/a><br \/>\nMiguel Maur\u00edcio Isoni, Jos\u00e9 Albos Rodrigues, Jacques P. Sauv\u00e9, Jos\u00e9 Ant\u00e3o B. Moura<\/p>\n<p><a href=\"http:\/\/ce-resd.sbc.org.br\/sbrc\/1985\/p13.pdf\">Circuito de acoplamento de linha para rede em barra do tipo CSMA\/CD. pp. 13.1-13.10<\/a><br \/>\nDiogo Fujio Takano<\/p>\n<p><a href=\"http:\/\/ce-resd.sbc.org.br\/sbrc\/1985\/p14.pdf\">T\u00e9cnicas de sincronismo ao n\u00edvel de bit em redes locais integradas. pp. 14.1-14.19<\/a><br \/>\nEug\u00eanio M. L. G. Medeiros, William F. Giozza<\/p>\n<p><a href=\"http:\/\/ce-resd.sbc.org.br\/sbrc\/1985\/p15.pdf\">Otimiza\u00e7\u00e3o do n\u00famero de esta\u00e7\u00f5es em redes locais de fibras \u00f3ticas com barramento duplo. pp. 15.1-15.16<\/a><br \/>\nPaulo Henrique de Aguiar Rodrigues<\/p>\n<p><a href=\"http:\/\/ce-resd.sbc.org.br\/sbrc\/1985\/p16.pdf\">Modelagem de m\u00faltiplas conex\u00f5es de transporte com controle de fluxo de janela. pp. 16.1-16.14<\/a><br \/>\nMaria Izabel Cavalcanti Cabral, Jacques Philippe Sauv\u00e9<\/p>\n<p><a href=\"http:\/\/ce-resd.sbc.org.br\/sbrc\/1985\/p17.pdf\">Uma an\u00e1lise do servi\u00e7o de transporte. pp. 17.1-17.14<\/a><br \/>\nJussara Issa Musse, Ricardo Rodrigues Branco, Liane Margarida Rockenbach Tarouco<\/p>\n<p><a href=\"http:\/\/ce-resd.sbc.org.br\/sbrc\/1985\/p18.pdf\">Um concentrador X.25. pp. 18.1-18.10<\/a><br \/>\nAnt\u00f4nio Barbosa<\/p>\n<p><a href=\"http:\/\/ce-resd.sbc.org.br\/sbrc\/1985\/p19.pdf\">Uso de um conversor &#8216;START\/STOP&#8217; &#8211; X.25 para o acesso de computadores a redes p\u00fablicas. pp. 19.1-19.16<\/a><br \/>\nJos\u00e9 Augusto Suruagy Monteiro, Paulo Roberto Freire Cunha, Jos\u00e9 da Silva Rodrigues Filho<\/p>\n<p><a href=\"http:\/\/ce-resd.sbc.org.br\/sbrc\/1985\/p20.pdf\">Um sistema operacional para o MCR. pp. 20.1-20.19<\/a><br \/>\nEliane Martins, Maria de F\u00e1tima Mattiello, Antonio \u00c9sio Marcondes Salgado, Pedro de Paula Santos J\u00fanior<\/p>\n<p><a href=\"http:\/\/ce-resd.sbc.org.br\/sbrc\/1985\/p21.pdf\">Informatiza\u00e7\u00e3o do departamento de treinamento da Embratel. pp. 21.1-21.20<\/a><br \/>\nEraldo de Freitas Montenegro<\/p>\n<p><a href=\"http:\/\/ce-resd.sbc.org.br\/sbrc\/1985\/p22.pdf\">Caracteriza\u00e7\u00e3o de uma esta\u00e7\u00e3o de voz para redes locais de computadores. pp. 22.1-22.19<\/a><br \/>\nWagner Luiz Zucchi, Wilson Vicente Ruggiero<\/p>\n<p><a href=\"http:\/\/ce-resd.sbc.org.br\/sbrc\/1985\/p23.pdf\">Algumas considera\u00e7\u00f5es sobre a capacidade de redes locais com passagem de ficha para transmiss\u00e3o de sinais de voz. pp. 23.1-23.9<\/a><br \/>\nMarcos A. G. Brasileiro, J. Ant\u00e3o B. Moura, J. Roberto Boisson de Marca, Jacques P. Sauv\u00e9<\/p>\n<p><a href=\"http:\/\/ce-resd.sbc.org.br\/sbrc\/1985\/p24.pdf\">Ambiente de teste para protocolos de comunica\u00e7\u00e3o. pp. 24.1-24.12<\/a><br \/>\nWanderley Lopes de Souza, Rach\u00edda Dssouli, Gregor von Bochmann<\/p>\n<p><a href=\"http:\/\/ce-resd.sbc.org.br\/sbrc\/1985\/p25.pdf\">Utiliza\u00e7\u00e3o dos conceitos de m\u00f3dulo, porta e canal em especifica\u00e7\u00f5es formais de servi\u00e7os, protocolos e interfaces de comunica\u00e7\u00e3o. pp. 25.1-25.23<\/a><br \/>\nWanderley Lopes de Souza<\/p>\n<p><a href=\"http:\/\/ce-resd.sbc.org.br\/sbrc\/1985\/p26.pdf\">Videotexto: uma alternativa eficiente e econ\u00f4mica para a comunica\u00e7\u00e3o de dados. pp. 26.1-26.18<\/a><br \/>\nCristina Avila Martins Nogueira, Heloisa Maria Monteiro, Isabel Cristina David Lopes<\/p>\n<p><a href=\"http:\/\/ce-resd.sbc.org.br\/sbrc\/1985\/p27.pdf\">Especifica\u00e7\u00f5es de circuitos integrados gestion\u00e1rios de comunica\u00e7\u00e3o de dados em redes locais de acordo com o padr\u00e3o IEEE 802. pp. 27.1-27.22<\/a><br \/>\nDante Augusto Couto Barone<\/p>\n<p><strong><span style=\"font-size: large;\">Palestras<\/span><\/strong><\/p>\n<p><a href=\"http:\/\/ce-resd.sbc.org.br\/sbrc\/1985\/palestra-I.pdf\">Padroniza\u00e7\u00e3o em automa\u00e7\u00e3o de escrit\u00f3rios<\/a><br \/>\nLiane Margarida Rockenbach Tarouco<\/p>\n<p><a href=\"http:\/\/ce-resd.sbc.org.br\/sbrc\/1985\/palestra-II.pdf\">A padroniza\u00e7\u00e3o de protocolos como um dos instrumentos da pol\u00edtica nacional de inform\u00e1tica<\/a><br \/>\nKival Chaves Weber<\/p>\n","protected":false},"excerpt":{"rendered":"<p>P\u00e1ginas Iniciais Artigos da Trilha Principal O servidor de comunica\u00e7\u00e3o da rede local NCE\/UFRJ. pp. 1.1-1.26 Luci Stoltz Pereira de Sousa Rede local Itautec. pp. 2.1-2.19 V\u00e2nia Maria Ferro Proposta de uma rede local para o DCC. pp. 3.1-3.13 Antonio &hellip; <a href=\"https:\/\/ce-resd.sbc.org.br\/?page_id=70\">Continue lendo <span class=\"meta-nav\">&rarr;<\/span><\/a><\/p>\n","protected":false},"author":3,"featured_media":0,"parent":0,"menu_order":0,"comment_status":"closed","ping_status":"closed","template":"","meta":{"_daextinma_seo_power":"","_daextinma_enable_ail":"","footnotes":""},"class_list":["post-70","page","type-page","status-publish","hentry"],"_links":{"self":[{"href":"https:\/\/ce-resd.sbc.org.br\/index.php?rest_route=\/wp\/v2\/pages\/70","targetHints":{"allow":["GET"]}}],"collection":[{"href":"https:\/\/ce-resd.sbc.org.br\/index.php?rest_route=\/wp\/v2\/pages"}],"about":[{"href":"https:\/\/ce-resd.sbc.org.br\/index.php?rest_route=\/wp\/v2\/types\/page"}],"author":[{"embeddable":true,"href":"https:\/\/ce-resd.sbc.org.br\/index.php?rest_route=\/wp\/v2\/users\/3"}],"replies":[{"embeddable":true,"href":"https:\/\/ce-resd.sbc.org.br\/index.php?rest_route=%2Fwp%2Fv2%2Fcomments&post=70"}],"version-history":[{"count":0,"href":"https:\/\/ce-resd.sbc.org.br\/index.php?rest_route=\/wp\/v2\/pages\/70\/revisions"}],"wp:attachment":[{"href":"https:\/\/ce-resd.sbc.org.br\/index.php?rest_route=%2Fwp%2Fv2%2Fmedia&parent=70"}],"curies":[{"name":"wp","href":"https:\/\/api.w.org\/{rel}","templated":true}]}}