{"id":54,"date":"2013-03-06T00:44:43","date_gmt":"2013-03-06T00:44:43","guid":{"rendered":"http:\/\/ce-resd.sbc.org.br\/?page_id=54"},"modified":"2013-04-28T23:03:11","modified_gmt":"2013-04-28T23:03:11","slug":"anais-1984","status":"publish","type":"page","link":"https:\/\/ce-resd.sbc.org.br\/?page_id=54","title":{"rendered":"Anais &#8211; II SBRC (1984)"},"content":{"rendered":"<p><a href=\"http:\/\/ce-resd.sbc.org.br\/sbrc\/1984\/frontmatter.pdf\"><span style=\"font-size: large;\">P\u00e1ginas Iniciais<\/span><\/a><\/p>\n<p><strong><span style=\"font-size: large;\">Artigos da Trilha Principal<\/span><\/strong><\/p>\n<p><a href=\"http:\/\/ce-resd.sbc.org.br\/sbrc\/1984\/p01.pdf\">Tend\u00eancias na comunica\u00e7\u00e3o de dados para redes de computadores em miss\u00f5es espaciais. pp. 1.1-1.13<\/a><br \/>\nEduardo Whitaker Bergamini<\/p>\n<p><a href=\"http:\/\/ce-resd.sbc.org.br\/sbrc\/1984\/p02.pdf\">Comporta para conex\u00e3o de um computador DEC-10 a uma rede p\u00fablica de comunica\u00e7\u00e3o de dados. pp. 2.1-2.21<\/a><br \/>\nJos\u00e9 A. S. Monteiro, Merval A. Jurema Filho, Paulo R. Freire Cunha<\/p>\n<p><a href=\"http:\/\/ce-resd.sbc.org.br\/sbrc\/1984\/p03.pdf\">Equidade em redes de computadores. pp. 3.1-3.12<\/a><br \/>\nJacques P. Sauv\u00e9<\/p>\n<p><a href=\"http:\/\/ce-resd.sbc.org.br\/sbrc\/1984\/p04.pdf\">Aspectos de integra\u00e7\u00e3o dos servi\u00e7os de voz e dados em redes de longa dist\u00e2ncia. pp. 4.1-4.35<\/a><br \/>\nMarcos A. G. Brasileiro, Jos\u00e9 Ant\u00e3o B. Moura<\/p>\n<p><a href=\"http:\/\/ce-resd.sbc.org.br\/sbrc\/1984\/p05.pdf\">Protocolos para redes de computadores. pp. 5.1-5.13<\/a><br \/>\nStefania Stiubiener<\/p>\n<p><a href=\"http:\/\/ce-resd.sbc.org.br\/sbrc\/1984\/p07.pdf\">Uma t\u00e9cnica para o desenvolvimento e implementa\u00e7\u00e3o de protocolos. pp. 7.1-7.21<\/a><br \/>\nJos\u00e9 Augusto Suruagy Monteiro<\/p>\n<p><a href=\"http:\/\/ce-resd.sbc.org.br\/sbrc\/1984\/p08.pdf\">Composi\u00e7\u00e3o de camadas de protocolos. pp. 8.1-8.17<\/a><br \/>\nRui Jos\u00e9 Guerra Barreto de Queiroz, Paulo Roberto Freire Cunha<\/p>\n<p><a href=\"http:\/\/ce-resd.sbc.org.br\/sbrc\/1984\/p10.pdf\">Uma abordagem ao problema de interconex\u00e3o de redes localis a redes de longa dist\u00e2ncia. pp. 10.1-10.15<\/a><br \/>\nCesar Augusto C. Teixeira, Elsa Deguti, Lee Kwong Sing<\/p>\n<p><a href=\"http:\/\/ce-resd.sbc.org.br\/sbrc\/1984\/p11.pdf\">Implementa\u00e7\u00e3o de uma comporta rede local\/rede p\u00fablica X.25. pp. 11.1-11.18<\/a><br \/>\nChun Yin Hsu, Diogo Fujio Takano<\/p>\n<p><a href=\"http:\/\/ce-resd.sbc.org.br\/sbrc\/1984\/p12.pdf\">Modelo de uma interface de comunica\u00e7\u00e3o utilizando multimicroprocessamento. pp. 12.1-12.16<\/a><br \/>\nMauro Hissao Hashioka<\/p>\n<p><a href=\"http:\/\/ce-resd.sbc.org.br\/sbrc\/1984\/p13.pdf\">Dimensionamento de sistema multimicroprocessadores para redes de computadores. pp. 13.1-13.18<\/a><br \/>\nArmando S. Barbosa Jr., Lucas A. Moscato<\/p>\n<p><a href=\"http:\/\/ce-resd.sbc.org.br\/sbrc\/1984\/p14.pdf\">Programa\u00e7\u00e3o paralela: uma experi\u00eancia na depura\u00e7\u00e3o de programas na mad. pp. 14.1-14.15<\/a><br \/>\nSelma S. S. Melnikoff, Carlos Jos\u00e9 Lucena<\/p>\n<p><a href=\"http:\/\/ce-resd.sbc.org.br\/sbrc\/1984\/p15.pdf\">Tecnologia de redes locais com fibras \u00f3ticas. pp. 15.1-15.29<\/a><br \/>\nWilliam Ferreira Giozza<\/p>\n<p><a href=\"http:\/\/ce-resd.sbc.org.br\/sbrc\/1984\/p16.pdf\">Protocolo de acesso e supera\u00e7\u00e3o de falhas em redes com topologia estrela coincidente. pp. 16.1-16.15<\/a><br \/>\nC\u00e9sar Augusto C. Teixeira, Luis Carlos Trevelin<\/p>\n<p><a href=\"http:\/\/ce-resd.sbc.org.br\/sbrc\/1984\/p17.pdf\">Um estudo comparativo por simula\u00e7\u00e3o de t\u00e9cnicas de acesso para redes locais. pp. 17.1-17.21<\/a><br \/>\nMarcel Tachlitsky, Wilson V. Ruggiero<\/p>\n<p><a href=\"http:\/\/ce-resd.sbc.org.br\/sbrc\/1984\/p18.pdf\">Redes locais com integra\u00e7\u00e3o de servi\u00e7o de voz e de dados. pp. 18.1-18.28<\/a><br \/>\nWagner Luiz Zucchi, Wilson Vicente Ruggiero<\/p>\n<p><a href=\"http:\/\/ce-resd.sbc.org.br\/sbrc\/1984\/p19.pdf\">Sistema distribu\u00eddo de processamento &#8211; SDP-86. pp. 19.1-19.20<\/a><br \/>\nSilvio Roberto Sakata, Daniel Brand\u00e3o Cavalcanti, Alice Maria B. H. Tokarnia, H\u00e9rcules Lobo de Souza, Alexandre Costa e Silva, Fernando Rodrigues da Cunha<\/p>\n","protected":false},"excerpt":{"rendered":"<p>P\u00e1ginas Iniciais Artigos da Trilha Principal Tend\u00eancias na comunica\u00e7\u00e3o de dados para redes de computadores em miss\u00f5es espaciais. pp. 1.1-1.13 Eduardo Whitaker Bergamini Comporta para conex\u00e3o de um computador DEC-10 a uma rede p\u00fablica de comunica\u00e7\u00e3o de dados. pp. 2.1-2.21 &hellip; <a href=\"https:\/\/ce-resd.sbc.org.br\/?page_id=54\">Continue lendo <span class=\"meta-nav\">&rarr;<\/span><\/a><\/p>\n","protected":false},"author":3,"featured_media":0,"parent":0,"menu_order":0,"comment_status":"closed","ping_status":"closed","template":"","meta":{"_daextinma_seo_power":"","_daextinma_enable_ail":"","footnotes":""},"class_list":["post-54","page","type-page","status-publish","hentry"],"_links":{"self":[{"href":"https:\/\/ce-resd.sbc.org.br\/index.php?rest_route=\/wp\/v2\/pages\/54","targetHints":{"allow":["GET"]}}],"collection":[{"href":"https:\/\/ce-resd.sbc.org.br\/index.php?rest_route=\/wp\/v2\/pages"}],"about":[{"href":"https:\/\/ce-resd.sbc.org.br\/index.php?rest_route=\/wp\/v2\/types\/page"}],"author":[{"embeddable":true,"href":"https:\/\/ce-resd.sbc.org.br\/index.php?rest_route=\/wp\/v2\/users\/3"}],"replies":[{"embeddable":true,"href":"https:\/\/ce-resd.sbc.org.br\/index.php?rest_route=%2Fwp%2Fv2%2Fcomments&post=54"}],"version-history":[{"count":0,"href":"https:\/\/ce-resd.sbc.org.br\/index.php?rest_route=\/wp\/v2\/pages\/54\/revisions"}],"wp:attachment":[{"href":"https:\/\/ce-resd.sbc.org.br\/index.php?rest_route=%2Fwp%2Fv2%2Fmedia&parent=54"}],"curies":[{"name":"wp","href":"https:\/\/api.w.org\/{rel}","templated":true}]}}