{"id":45,"date":"2013-02-27T03:17:15","date_gmt":"2013-02-27T03:17:15","guid":{"rendered":"http:\/\/ce-resd.sbc.org.br\/?page_id=45"},"modified":"2013-04-29T13:12:37","modified_gmt":"2013-04-29T13:12:37","slug":"anais-2011","status":"publish","type":"page","link":"https:\/\/ce-resd.sbc.org.br\/?page_id=45","title":{"rendered":"Anais &#8211; XXIX SBRC (2011)"},"content":{"rendered":"<p><strong><span style=\"font-size: large;\">Artigos da Trilha Principal<\/span><\/strong><\/p>\n<p><a href=\"http:\/\/ce-resd.sbc.org.br\/sbrc\/2011\/ST01_1.pdf\">RouteFlow: roteamento commodity sobre redes program\u00e1veis. pp. 3-16<\/a><br \/>\nMarcelo R. Nascimento, Christian E. Rothenberg, Rodrigo R. Denicol, Marcos R. Salvador, Maur\u00edcio F. Magalh\u00e3es<\/p>\n<p><a href=\"http:\/\/ce-resd.sbc.org.br\/sbrc\/2011\/ST01_2.pdf\">XTC: um controlador de vaz\u00e3o para roteadores virtuais baseados em Xen. pp. 17-30<\/a><br \/>\nRodrigo S. Couto, Miguel Elias M. Campista, Lu\u00eds Henrique M. K. Costa<\/p>\n<p><a href=\"http:\/\/ce-resd.sbc.org.br\/sbrc\/2011\/ST01_3.pdf\">ECO-ALOC: aloca\u00e7\u00e3o energeticamente eficiente de recursos para roteadores de software em cluster. pp. 31-44<\/a><br \/>\nCarlo Fragni, Lu\u00eds Henrique M. K. Costa, Otto Carlos M. B. Duarte<\/p>\n<p><a href=\"http:\/\/ce-resd.sbc.org.br\/sbrc\/2011\/ST01_4.pdf\">Mapeamento de redes virtuais em substratos de rede. pp. 45-58<\/a><br \/>\nGustavo P. Alkmim, Daniel M. Batista, Nelson L. S. da Fonseca<\/p>\n<p><a href=\"http:\/\/ce-resd.sbc.org.br\/sbrc\/2011\/ST02_1.pdf\">Redes de r\u00e1dios cognitivos com disponibilidade din\u00e2mica de oportunidades. pp. 61-74<\/a><br \/>\nMarcel William Rocha da Silva, Jos\u00e9 Ferreira de Rezende<\/p>\n<p><a href=\"http:\/\/ce-resd.sbc.org.br\/sbrc\/2011\/ST02_2.pdf\">Sele\u00e7\u00e3o din\u00e2mica de canais de controle em r\u00e1dios cognitivos utilizando Reinforcement Learning. pp. 75-88<\/a><br \/>\nRaphael M. Guedes, Jos\u00e9 Ferreira de Rezende<\/p>\n<p><a href=\"http:\/\/ce-resd.sbc.org.br\/sbrc\/2011\/ST02_3.pdf\">Redu\u00e7\u00e3o de consumo de energia em redes m\u00f3veis atrav\u00e9s do uso de controle de topologia. pp. 89-101<\/a><br \/>\nEdans Sandes, Alba C. M. A. Melo, Jacir L. Bordim<\/p>\n<p><a href=\"http:\/\/ce-resd.sbc.org.br\/sbrc\/2011\/ST02_4.pdf\">Modelagem da probabilidade de sucesso no envio de pacotes codificados aplicada a roteamento ciente de codifica\u00e7\u00e3o para redes sem fio de m\u00faltiplos saltos. pp. 103-116<\/a><br \/>\nDiego Passos, C\u00e9lio V. N. Albuquerque<\/p>\n<p><a href=\"http:\/\/ce-resd.sbc.org.br\/sbrc\/2011\/ST03_1.pdf\">Promovendo adapta\u00e7\u00e3o a contextos em DTNs. pp. 119-132<\/a><br \/>\nEtienne C. R. de Oliveira, Edelberto F. Silva, C\u00e9lio V. N. de Albuquerque<\/p>\n<p><a href=\"http:\/\/ce-resd.sbc.org.br\/sbrc\/2011\/ST03_2.pdf\">Sistema de monitoramento subaqu\u00e1tico usando navios de suporte log\u00edstico em uma rede de sensores ac\u00fasticos tolerante a atrasos e interrup\u00e7\u00f5es. pp. 133-146<\/a><br \/>\nFabr\u00edcio Jorge L. Ribeiro, Aloysio C. P. Pedroza, Lu\u00eds Henrique M. K. Costa<\/p>\n<p><a href=\"http:\/\/ce-resd.sbc.org.br\/sbrc\/2011\/ST03_3.pdf\">Uma arquitetura para a ger\u00eancia de mobilidade para redes veiculares com suporte a ambientes virtuais colaborativos. pp. 147-160<br \/>\n<\/a>Rodolfo I. Meneguette, Edmundo R. M. Madeira<\/p>\n<p><a href=\"http:\/\/ce-resd.sbc.org.br\/sbrc\/2011\/ST04_1.pdf\">Modelo de aloca\u00e7\u00e3o de banda com compartilhamento oportunista entre classes de tr\u00e1fego e aplica\u00e7\u00f5es em redes multiservi\u00e7o. pp. 163-176<\/a><br \/>\nRafael Freitas Reale, Walter da C. P. Neto, Joberto S. B. Martins<\/p>\n<p><a href=\"http:\/\/ce-resd.sbc.org.br\/sbrc\/2011\/ST04_2.pdf\">Uma metodologia para planejamento de redes de circuitos \u00f3pticos transparentes com QoS no n\u00edvel do usu\u00e1rio. pp. 177-190<\/a><br \/>\nAndr\u00e9 Soares, Gilvan Dur\u00e3es, Jos\u00e9 Maranh\u00e3o, William Giozza, Paulo Cunha<\/p>\n<p><a href=\"http:\/\/ce-resd.sbc.org.br\/sbrc\/2011\/ST04_3.pdf\">Controle de admiss\u00e3o Fuzzy baseado em limites din\u00e2micos de congestionamento para redes de celulares. pp. 191-204<\/a><br \/>\nAnna Izabel J. Tostes, F\u00e1tima F. L. P. Duarte-Figueiredo, Luis E. Z\u00e1rate<\/p>\n<p><a href=\"http:\/\/ce-resd.sbc.org.br\/sbrc\/2011\/ST05_1.pdf\">Integrating servers and networking using an XOR-based flat routing mechanism in 3-cube server-centric data centers. pp. 207-220<\/a><br \/>\nRafael Pasquini, F\u00e1bio L. Verdi, Maur\u00edcio F. Magalh\u00e3es<\/p>\n<p><a href=\"http:\/\/ce-resd.sbc.org.br\/sbrc\/2011\/ST05_2.pdf\">Sobre a amplitude da elasticidade dos provedores atuais de computa\u00e7\u00e3o na nuvem. pp. 221-234<\/a><br \/>\nRostand Costa, Francisco Brasileiro, Guido Lemos, D\u00eanio Mariz<\/p>\n<p><a href=\"http:\/\/ce-resd.sbc.org.br\/sbrc\/2011\/ST05_3.pdf\">An\u00e1lise do impacto de migra\u00e7\u00e3o de m\u00e1quinas virtuais em ambiente computacional virtualizado. pp. 235-248<\/a><br \/>\nDeborah V. Magalh\u00e3es, Jos\u00e9 Marques Soares, Danielo G. Gomes<\/p>\n<p><a href=\"http:\/\/ce-resd.sbc.org.br\/sbrc\/2011\/ST06_1.pdf\">RT-JADE: middleware com suporte para escalonamento de agentes m\u00f3veis em tempo real. pp. 251-264<\/a><br \/>\nTatiana Pereira Filgueiras, Lau Cheuk Lung, Luciana de Oliveira Rach<\/p>\n<p><a href=\"http:\/\/ce-resd.sbc.org.br\/sbrc\/2011\/ST06_2.pdf\">Uma arquitetura orientada a componentes para o Ginga. pp. 265-278<\/a><br \/>\nMarcio Ferreira Moreno, Luiz Fernando Gomes Soares, Renato Cerqueira<\/p>\n<p><a href=\"http:\/\/ce-resd.sbc.org.br\/sbrc\/2011\/ST06_3.pdf\">Computa\u00e7\u00e3o intensiva em dados com MapReduce em ambientes oportunistas. pp. 279-292<\/a><br \/>\nJonhnny Weslley Silva, Thiago Emmanuel Pereira, Carla de Ara\u00fajo Souza, Francisco Brasileiro<\/p>\n<p><a href=\"http:\/\/ce-resd.sbc.org.br\/sbrc\/2011\/ST07_1.pdf\">Provendo isolamento e qualidade de servi\u00e7o em redes virtuais. pp. 295-308<\/a><br \/>\nNatalia Castro Fernandes, Otto Carlos Muniz Bandeira Duarte<\/p>\n<p><a href=\"http:\/\/ce-resd.sbc.org.br\/sbrc\/2011\/ST07_2.pdf\">XenFlow: um sistema de processamento de fluxos robusto e eficiente para migra\u00e7\u00e3o em redes virtuais. pp. 309-322<\/a><br \/>\nDiogo Menezes Ferrazani Mattos, Natalia Castro Fernandes, Otto Carlos Muniz Bandeira \u00a0Duarte<\/p>\n<p><a href=\"http:\/\/ce-resd.sbc.org.br\/sbrc\/2011\/ST07_3.pdf\">Uma avalia\u00e7\u00e3o experimental de solu\u00e7\u00f5es de virtualiza\u00e7\u00e3o para o plano de controle de roteamento de redes virtuais. pp. 323-336<\/a><br \/>\nCarlos Corr\u00eaa, Sidney Lucena, Christian Rothenberg, Marcos Salvador<\/p>\n<p><a href=\"http:\/\/ce-resd.sbc.org.br\/sbrc\/2011\/ST07_4.pdf\">Isolamento de tr\u00e1fego em ambientes virtualizados. pp. 337-350<\/a><br \/>\nHenrique Rodrigues, Paolo Soares, Jose Renato Santos, Yoshio Turner, Dorgival Guedes<\/p>\n<p><a href=\"http:\/\/ce-resd.sbc.org.br\/sbrc\/2011\/ST08_1.pdf\">Aumento do reuso espacial em redes ad hoc IEEE 802.11 com o uso de enlaces independentes. pp. 353-366<\/a><br \/>\nAlexandre Andrade Pires, Jos\u00e9 Ferreira de Rezende<\/p>\n<p><a href=\"http:\/\/ce-resd.sbc.org.br\/sbrc\/2011\/ST08_2.pdf\">A hybrid prediction and assessment quality of experience approach for videostreaming applications over wireless Mesh networks. pp. 367-380<\/a><br \/>\nAndr\u00e9 F. Riker, Elisangela S. Aguiar, Diogo C. B. Cardoso, Patr\u00edcia A. de Oliveira, Eduardo Cerqueira, Ant\u00f4nio J. G. Abel\u00e9m<\/p>\n<p><a href=\"http:\/\/ce-resd.sbc.org.br\/sbrc\/2011\/ST08_3.pdf\">Roteamento, atribui\u00e7\u00e3o e adapta\u00e7\u00e3o conjunta de largura de canais em redes em malha sem fio IEEE 802.11. pp. 381-394<\/a><br \/>\nCelso Barbosa Carvalho, Jos\u00e9 Ferreira de Rezende<\/p>\n<p><a href=\"http:\/\/ce-resd.sbc.org.br\/sbrc\/2011\/ST08_4.pdf\">Um mecanismo de exclus\u00e3o acurado baseado em confian\u00e7a para controle de acesso em redes ad hoc. pp. 395-408<\/a><br \/>\nLyno Henrique G. Ferraz, Natalia C. Fernandes, Pedro B. Velloso, Otto Carlos M. B. Duarte<\/p>\n<p><a href=\"http:\/\/ce-resd.sbc.org.br\/sbrc\/2011\/ST09_1.pdf\">Um modelo de programa\u00e7\u00e3o para RSSF com suporte a reconfigura\u00e7\u00e3o din\u00e2mica de aplica\u00e7\u00f5es. pp. 411-424<\/a><br \/>\nAdriano Branco, Noemi Rodriguez, Silvana Rossetto<\/p>\n<p><a href=\"http:\/\/ce-resd.sbc.org.br\/sbrc\/2011\/ST09_2.pdf\">Explorando a correla\u00e7\u00e3o espacial na coleta de dados em redes de sensores sem fio. pp. 425-438<\/a><br \/>\nLeandro A. Villas, Daniel L. Guidoni, Regina B. Araujo, Azzedine Boukerche, Antonio A. F. Loureiro<\/p>\n<p><a href=\"http:\/\/ce-resd.sbc.org.br\/sbrc\/2011\/ST09_3.pdf\">Algoritmo distribu\u00eddo para detec\u00e7\u00e3o de dano em aerogeradores utilizando redes de atuadores e sensores sem fio. pp. 439-452<\/a><br \/>\n\u00c9rico T. Lemos, Igor Le\u00e3o dos Santos, Luci Pirmez, Silvana Rosseto, Fl\u00e1via C. Delicato, J. Neuman de Souza, Luiz Vaz<\/p>\n<p><a href=\"http:\/\/ce-resd.sbc.org.br\/sbrc\/2011\/ST10_1.pdf\">Detec\u00e7\u00e3o de spams utilizando conte\u00fado Web associado a mensagens. pp. 455-468<\/a><br \/>\nMarco T\u00falio C. Ribeiro, Leonardo Vilela, Teixeira, Pedro H. Calais Guerra, Adriano Veloso, Wagner Meira Jr., Dorgival Guedes, Cristine Hoepers, Klaus Steding-Jessen, Marco H. P. C. Chaves<\/p>\n<p><a href=\"http:\/\/ce-resd.sbc.org.br\/sbrc\/2011\/ST10_2.pdf\">Uma ferramenta de agrega\u00e7\u00e3o e extra\u00e7\u00e3o de alertas para solu\u00e7\u00f5es colaborativas. pp. 469-483<\/a><br \/>\nBruno Lins, Eduardo Luzeiro Feitosa, Djamel Sadok<\/p>\n<p><a href=\"http:\/\/ce-resd.sbc.org.br\/sbrc\/2011\/ST10_3.pdf\">Detec\u00e7\u00e3o de spammers na rede de origem. pp. 485-498<\/a><br \/>\nPedro Henrique B. Las Casas, Dorgival Guedes, Jussara M. Almeida, Artur Ziviani, Humberto T. Marques-Neto<\/p>\n<p><a href=\"http:\/\/ce-resd.sbc.org.br\/sbrc\/2011\/ST11_1.pdf\">Infraestrutura para o desenvolvimento de aplica\u00e7\u00f5es pervasivas cientes de redes sociais. pp. 501-514<\/a><br \/>\nDaniel Santos, Angelo Perkusich, Hyggo O. Almeida<\/p>\n<p><a href=\"http:\/\/ce-resd.sbc.org.br\/sbrc\/2011\/ST11_2.pdf\">Esquemas para troca r\u00e1pida de canais em sistemas IPTV. pp. 515-528<\/a><br \/>\nDaniel A. G. Manzato, Nelson L. S. da Fonseca<\/p>\n<p><a href=\"http:\/\/ce-resd.sbc.org.br\/sbrc\/2011\/ST11_3.pdf\">SIMP2P: uma estrat\u00e9gia P2P de distribui\u00e7\u00e3o de texturas em mundos virtuais 3D. pp. 529-542<\/a><br \/>\nMarcelo Santos, Carlos Kamienski<\/p>\n<p><a href=\"http:\/\/ce-resd.sbc.org.br\/sbrc\/2011\/ST12_1.pdf\">Adaptive convergecast by distributed topology switching. pp. 545-557<\/a><br \/>\nSuchetana Chakraborty, Sushanta Karmakar<\/p>\n<p><a href=\"http:\/\/ce-resd.sbc.org.br\/sbrc\/2011\/ST12_2.pdf\">Protocolo tolerante a faltas bizantinas para bases de dados transacionais. pp. 559-572<\/a><br \/>\nAdelir Fernando Luiz, Lau Cheuk Lung, Miguel Correia<\/p>\n<p><a href=\"http:\/\/ce-resd.sbc.org.br\/sbrc\/2011\/ST12_3.pdf\">Escalonamento est\u00e1tico bi-objetivo e tolerante a falhas para sistemas distribu\u00eddos. pp. 573-586<\/a><br \/>\nIdalmis Mili\u00e1n Sardi\u00f1a, Cristina Boeres, L\u00facia Drummond<\/p>\n<p><a href=\"http:\/\/ce-resd.sbc.org.br\/sbrc\/2011\/ST12_4.pdf\">Consenso distribu\u00eddo eficiente no modelo s\u00edncrono particionado. pp. 587-600<\/a><br \/>\nS\u00e9rgio Gorender, Raimundo Mac\u00eado<\/p>\n<p><a href=\"http:\/\/ce-resd.sbc.org.br\/sbrc\/2011\/ST13_1.pdf\">Estabelecimento de sess\u00f5es SIP com garantias de QoS e sua aplica\u00e7\u00e3o em um dom\u00ednio DiffServ. pp. 603-616<\/a><br \/>\nRoberto Willrich, Luiz H. Vicente, Achilles C. Prud\u00eancio, Victor S. N. Alves, Rafael B. Uriarte, Felipe B. Teixeira<\/p>\n<p><a href=\"http:\/\/ce-resd.sbc.org.br\/sbrc\/2011\/ST13_2.pdf\">Improving the QoS of Web services via client-based load distribution. pp. 617-629<\/a><br \/>\nAlan Massaru Nakai, Edmundo Madeira, Luiz E. Buzato<\/p>\n<p><a href=\"http:\/\/ce-resd.sbc.org.br\/sbrc\/2011\/ST13_3.pdf\">Roteamento multicaminho para provis\u00e3o eficiente de recursos interdom\u00ednio com qualidade de servi\u00e7o em redes \u00f3pticas WDM. pp. 631-644<\/a><br \/>\nAndr\u00e9 C. Drummond, Nelson L. S. da Fonseca, Xiaomin Chen, Admela Jukan<\/p>\n<p><a href=\"http:\/\/ce-resd.sbc.org.br\/sbrc\/2011\/ST13_4.pdf\">Um controlador robusto de acordos de n\u00edvel de servi\u00e7o para redes virtuais baseado em l\u00f3gica nebulosa. pp. 645-658<\/a><br \/>\nHugo Eiji Tibana Carvalho, Natalia Castro Fernandes, Otto Carlos Muniz Bandeira Duarte<\/p>\n<p><a href=\"http:\/\/ce-resd.sbc.org.br\/sbrc\/2011\/ST14_1.pdf\">Otimiza\u00e7\u00e3o bicrit\u00e9rio de recursos para redes sem fio de acesso e r\u00e1dio sobre fibra. pp. 661-674<\/a><br \/>\nPedro Henrique Gomes, Nelson L. S. da Fonseca, Omar C. Branquinho<\/p>\n<p><a href=\"http:\/\/ce-resd.sbc.org.br\/sbrc\/2011\/ST14_2.pdf\">Uma an\u00e1lise do overhead dos mapas em redes metropolitanas sem fio baseadas em OFDMA. pp. 675-688<\/a><br \/>\nCristiano Bonato Both, Rafael Kunst, Lisandro Zambenedetti Granville, Juergen Rochol<\/p>\n<p><a href=\"http:\/\/ce-resd.sbc.org.br\/sbrc\/2011\/ST14_3.pdf\">Novas pol\u00edticas de invoca\u00e7\u00e3o paralela para sele\u00e7\u00e3o din\u00e2mica de servidores replicados. pp. 689-702<\/a><br \/>\nWesley E. Q. de Sousa, Nabor C. Mendon\u00e7a<\/p>\n<p><a href=\"http:\/\/ce-resd.sbc.org.br\/sbrc\/2011\/ST14_4.pdf\">Uma metodologia para a caracteriza\u00e7\u00e3o de comportamento evolutivo em sistemas de recomenda\u00e7\u00e3o. pp. 703-716<\/a><br \/>\nAlan Cardoso, Walkiria Resende, Daniel Rocha, Fernando Mour\u00e3o, Leonardo Rocha, Wagner Meira Jr.<\/p>\n<p><a href=\"http:\/\/ce-resd.sbc.org.br\/sbrc\/2011\/ST15_1.pdf\">DSI-RTree &#8211; um \u00edndice R-Tree escal\u00e1vel distribu\u00eddo. pp. 719-732<\/a><br \/>\nThiago B. de Oliveira, Vagner J. do Sacramento Rodrigues, S\u00e1vio S. T. de Oliveira, Pedro I. de Albuquerque Lima, Marcelo de C. Cardoso<\/p>\n<p><a href=\"http:\/\/ce-resd.sbc.org.br\/sbrc\/2011\/ST15_2.pdf\">Uma nova pol\u00edtica de incentivos para grades computacionais entre-pares. pp. 733-745<\/a><br \/>\nMatheus Gaudencio, Francisco Brasileiro<\/p>\n<p><a href=\"http:\/\/ce-resd.sbc.org.br\/sbrc\/2011\/ST15_3.pdf\">An\u00e1lise do impacto de detectores de falhas adaptativos no OurGrid. pp. 747-758<\/a><br \/>\nAbmar Grangeiro de Barros, Francisco Vilar Brasileiro<\/p>\n<p><a href=\"http:\/\/ce-resd.sbc.org.br\/sbrc\/2011\/ST16_1.pdf\">Fast DCCP: uma variante do protocolo DCCP para redes de alta velocidade. pp. 761-774<\/a><br \/>\nCarlos A. Froldi, Nelson L. S. da Fonseca, Carlos Papotti<\/p>\n<p><a href=\"http:\/\/ce-resd.sbc.org.br\/sbrc\/2011\/ST16_2.pdf\">Uma proposta de uso otimizado do conjunto mSCTP-SCTP. pp. 775-788<\/a><br \/>\nHelder Cleber A. Pereira, Paulo Roberto de L. Gondim<\/p>\n<p><a href=\"http:\/\/ce-resd.sbc.org.br\/sbrc\/2011\/ST16_3.pdf\">Avalia\u00e7\u00e3o de par\u00e2metros do SCTP para transporte de tr\u00e1fego VoIP em cen\u00e1rios com perdas. pp. 789-802<\/a><br \/>\nRudolfo A. E.\u00a0R\u00fcncos, Eduardo P. Ribeiro<\/p>\n<p><a href=\"http:\/\/ce-resd.sbc.org.br\/sbrc\/2011\/ST17_1.pdf\">Control of mobile robots through a wireless sensor network. pp. 805-818<\/a><br \/>\nRicardo S. Souza, Lucio Agostinho, F\u00e1bio Teixeira, Diego Rodrigues, Leonardo Olivi, Eliane G. Guimar\u00e3es, Eleri Cardozo<\/p>\n<p><a href=\"http:\/\/ce-resd.sbc.org.br\/sbrc\/2011\/ST17_2.pdf\">Contornos irregulares no processamento de requisi\u00e7\u00f5es espaciais para redes de sensores sem fio. pp. 819-832<\/a><br \/>\nRone Il\u00eddio da Silva, Daniel Fernandes Macedo, Jos\u00e9 Marcos Silva Nogueira<\/p>\n<p><a href=\"http:\/\/ce-resd.sbc.org.br\/sbrc\/2011\/ST17_3.pdf\">Algoritmo quantizado de rastreamento em redes de sensores sem fio. pp. 833-846<\/a><br \/>\n\u00c9fren L. Souza, Andr\u00e9 N. Campos, Eduardo F. Nakamura<\/p>\n<p><a href=\"http:\/\/ce-resd.sbc.org.br\/sbrc\/2011\/ST18_1.pdf\">Uso do modelo E para monitoramento de qualidade de voz em tempo real. pp. 849-862<\/a><br \/>\nAndr\u00e9 A. D. P. Souza, Paulo H. de A. Rodrigues<\/p>\n<p><a href=\"http:\/\/ce-resd.sbc.org.br\/sbrc\/2011\/ST18_2.pdf\">Classifica\u00e7\u00e3o online dos tr\u00e1fegos TCP e UDP baseada em sub-fluxos. pp. 863-875<\/a><br \/>\nRaimir Holanda Filho, Victor Pasknel de Alencar Ribeiro, Jos\u00e9 Everardo Bessa Maia<\/p>\n<p><a href=\"http:\/\/ce-resd.sbc.org.br\/sbrc\/2011\/ST18_3.pdf\">Um modelo para composi\u00e7\u00e3o de m\u00e9tricas de desempenho de redes. pp. 877-890<\/a><br \/>\nRaphael A. Dourado, Leobino N. Sampaio, Jos\u00e9 A. S. Monteiro, Paulo R. F. Cunha<\/p>\n<p><a href=\"http:\/\/ce-resd.sbc.org.br\/sbrc\/2011\/ST18_4.pdf\">Identifica\u00e7\u00e3o interativa da causa raiz de problemas em execu\u00e7\u00f5es de mudan\u00e7as de TI. pp. 891-904<\/a><br \/>\nRicardo Luis dos Santos, Juliano Ara\u00fajo Wickboldt, Roben Castagna Lunardi, Bruno Lopes Dalmazo, Lisandro Zambenedetti Granville, Luciano Paschoal Gaspary<\/p>\n","protected":false},"excerpt":{"rendered":"<p>Artigos da Trilha Principal RouteFlow: roteamento commodity sobre redes program\u00e1veis. pp. 3-16 Marcelo R. Nascimento, Christian E. Rothenberg, Rodrigo R. Denicol, Marcos R. Salvador, Maur\u00edcio F. Magalh\u00e3es XTC: um controlador de vaz\u00e3o para roteadores virtuais baseados em Xen. pp. 17-30 &hellip; <a href=\"https:\/\/ce-resd.sbc.org.br\/?page_id=45\">Continue lendo <span class=\"meta-nav\">&rarr;<\/span><\/a><\/p>\n","protected":false},"author":3,"featured_media":0,"parent":0,"menu_order":0,"comment_status":"closed","ping_status":"closed","template":"","meta":{"_daextinma_seo_power":"","_daextinma_enable_ail":"","footnotes":""},"class_list":["post-45","page","type-page","status-publish","hentry"],"_links":{"self":[{"href":"https:\/\/ce-resd.sbc.org.br\/index.php?rest_route=\/wp\/v2\/pages\/45","targetHints":{"allow":["GET"]}}],"collection":[{"href":"https:\/\/ce-resd.sbc.org.br\/index.php?rest_route=\/wp\/v2\/pages"}],"about":[{"href":"https:\/\/ce-resd.sbc.org.br\/index.php?rest_route=\/wp\/v2\/types\/page"}],"author":[{"embeddable":true,"href":"https:\/\/ce-resd.sbc.org.br\/index.php?rest_route=\/wp\/v2\/users\/3"}],"replies":[{"embeddable":true,"href":"https:\/\/ce-resd.sbc.org.br\/index.php?rest_route=%2Fwp%2Fv2%2Fcomments&post=45"}],"version-history":[{"count":0,"href":"https:\/\/ce-resd.sbc.org.br\/index.php?rest_route=\/wp\/v2\/pages\/45\/revisions"}],"wp:attachment":[{"href":"https:\/\/ce-resd.sbc.org.br\/index.php?rest_route=%2Fwp%2Fv2%2Fmedia&parent=45"}],"curies":[{"name":"wp","href":"https:\/\/api.w.org\/{rel}","templated":true}]}}