{"id":391,"date":"2013-04-29T00:51:38","date_gmt":"2013-04-29T00:51:38","guid":{"rendered":"http:\/\/ce-resd.sbc.org.br\/?page_id=391"},"modified":"2021-02-08T23:04:49","modified_gmt":"2021-02-08T23:04:49","slug":"pesquisadores","status":"publish","type":"page","link":"https:\/\/ce-resd.sbc.org.br\/?page_id=391","title":{"rendered":"Pesquisadores"},"content":{"rendered":"<div align=\"justify\">\n<p>Aqui s\u00e3o divulgados links para os curr\u00edculos Lattes de pesquisadores nas \u00e1reas de Redes de Computadores, Sistemas Distribu\u00eddos e \u00e1reas afins. As solicita\u00e7\u00f5es para inclus\u00e3o ou exclus\u00e3o de um pesquisador nesta p\u00e1gina devem ser encaminhadas para raf@sbc.org.br.<\/p>\n<p><a href=\"http:\/\/lattes.cnpq.br\/0957641516282703\">Aldri dos Santos (UFPR)<\/a><br \/>\n<a href=\"http:\/\/lattes.cnpq.br\/0403732822984772\">Alexandre Sztajnberg (UERJ)<\/a><br \/>\n<a href=\"http:\/\/lattes.cnpq.br\/2118391660819227\">Alfredo Goldman (USP)<\/a><br \/>\n<a href=\"http:\/\/lattes.cnpq.br\/1398087708014392\">Aloysio de Castro Pinto Pedroza (UFRJ)<\/a><br \/>\n<a href=\"http:\/\/lattes.cnpq.br\/2408991231058279\">Ana Paula Couto Silva (UFJF)<\/a><br \/>\n<a href=\"http:\/\/lattes.cnpq.br\/4992303457891284\">Anelise Munaretto (UTFPR)<\/a><br \/>\n<a href=\" http:\/\/lattes.cnpq.br\/5376253015721742\">Ant\u00f4nio Abel\u00e9m (UFPA)<\/a><br \/>\n<a href=\"http:\/\/lattes.cnpq.br\/8326803963394077\">Ant\u00f4nio Tadeu Azevedo Gomes (LNCC)<\/a><br \/>\n<a href=\"http:\/\/lattes.cnpq.br\/8886634592087842\">Antonio Alfredo Ferreira Loureiro (UFMG)<\/a><br \/>\n<a href=\"http:\/\/lattes.cnpq.br\/0472856771871140\">Artur Ziviani (LNCC)<\/a><br \/>\n<a href=\"http:\/\/lattes.cnpq.br\/4448540530244733\">Bruno Schulze (LNCC)<\/a><br \/>\n<a href=\"http:\/\/lattes.cnpq.br\/8020803376969953\">Carlos Alberto Vieira Campos (UNIRIO)<\/a><br \/>\n<a href=\"http:\/\/lattes.cnpq.br\/7716805104151473\">Carlos Ferraz (UFPE)<\/a><br \/>\n<a href=\"http:\/\/lattes.cnpq.br\/2716794374126005\">Carlos Goulart (UFV)<\/a><br \/>\n<a href=\"http:\/\/lattes.cnpq.br\/8133514145411759\">Carlos Kamienski (UFABC)<\/a><br \/>\n<a href=\"http:\/\/lattes.cnpq.br\/4386203755404108\">Carlos Westphall (UFSC)<\/a><br \/>\n<a href=\"http:\/\/lattes.cnpq.br\/4641684220602580\">C\u00e9lio Vinicius Neves de Albuquerque (UFF)<\/a><br \/>\n<a href=\"http:\/\/lattes.cnpq.br\/0097703442306179\">Cesar Melo (UFAM)<\/a><br \/>\n<a href=\"http:\/\/lattes.cnpq.br\/8968483294142013\">Claudio Geyer (UFRGS)<br \/>\n<\/a><a href=\"http:\/\/lattes.cnpq.br\/2658002010026792\">Cristiano Bonato Both<\/a><br \/>\n<a href=\"http:\/\/lattes.cnpq.br\/5249973626810280\">Cristina Murta (CEFET-MG)<\/a><br \/>\n<a href=\"http:\/\/lattes.cnpq.br\/3621433615334969\">Daniel Figueiredo (UFRJ)<br \/>\n<\/a><a href=\"http:\/\/lattes.cnpq.br\/9931198850020140\">Daniel Sadoc Menasch\u00e9 (UFRJ)<\/a><br \/>\n<a href=\"http:\/\/lattes.cnpq.br\/6303297687237256\">Danielo Gomes (UFC)<\/a><br \/>\n<a href=\"http:\/\/lattes.cnpq.br\/0353331129592565\">D\u00eanio Mariz Sousa (IFPB)<\/a><br \/>\n<a href=\"http:\/\/lattes.cnpq.br\/3776300004312848\">Djamel H. Sadok (UFPE)<\/a><br \/>\n<a href=\"http:\/\/lattes.cnpq.br\/3551809247862378\">Dorgival Guedes (UFMG)<\/a><br \/>\n<a href=\"http:\/\/lattes.cnpq.br\/9358511568098561\">Edmundo Albuquerque de Souza e Silva (UFRJ)<\/a><br \/>\n<a href=\"http:\/\/lattes.cnpq.br\/1870389730408675\">Edmundo Madeira (UNICAMP)<\/a><br \/>\n<a href=\"http:\/\/lattes.cnpq.br\/7082372374132551\">Eduardo Bergamini (INPE\/MCT)<\/a><br \/>\n<a href=\"http:\/\/lattes.cnpq.br\/1028151705135221\">Eduardo Cerqueira (UFPA)<\/a><br \/>\n<a href=\"http:\/\/lattes.cnpq.br\/1448696292042915\">Eduardo Nakamura (FUCAPI\/UFAM)<\/a><br \/>\n<a href=\"http:\/\/lattes.cnpq.br\/5464351563900900\">Elias P. Duarte Jr. (UFPR)<\/a><br \/>\n<a href=\"http:\/\/lattes.cnpq.br\/0120615995402345\">Fab\u00edola Greve (UFBA)<\/a><br \/>\n<a href=\"http:\/\/lattes.cnpq.br\/0925150626762308\">Fabio Costa (UFG)<\/a><br \/>\n<a href=\"http:\/\/lattes.cnpq.br\/2342739419247924\">Fabio Kon (USP)<\/a><br \/>\n<a href=\"http:\/\/lattes.cnpq.br\/9143186843657940\">F\u00e1bio Luciano Verdi (UFSCar)<\/a><br \/>\n<a href=\"http:\/\/lattes.cnpq.br\/5386282151810710\">Flavia Delicato (UFRN)<\/a><br \/>\n<a href=\"http:\/\/lattes.cnpq.br\/3190608911887258\">Fl\u00e1vio Assis Silva (UFBA)<br \/>\nFl\u00e1vio de Oliveira Silva (UFU)<\/a><br \/>\n<a href=\"http:\/\/lattes.cnpq.br\/5957855817378897\">Francisco Brasileiro (UFCG)<\/a><br \/>\n<a href=\"http:\/\/lattes.cnpq.br\/6289602045034353\">Geraldo Robson Mateus (UFMG)<\/a><br \/>\n<a href=\"http:\/\/lattes.cnpq.br\/8098209307634371\">J\u00f3 Ueyama (USP)<\/a><br \/>\n<a href=\"http:\/\/lattes.cnpq.br\/4953705856223870\">Jean-Marie Farines (UFSC)<\/a><br \/>\n<a href=\"http:\/\/lattes.cnpq.br\/2855716620920623\">Joaquim Celestino J\u00fanior (UECE)<\/a><br \/>\n<a href=\"http:\/\/lattes.cnpq.br\/8321013081371965\">Joberto Martins (UNIFACS)<br \/>\n<\/a><a title=\"Joel Jos\u00e9 Puga Coelho Rodrigues\" href=\"http:\/\/lattes.cnpq.br\/2907270080464933\">Joel Jos\u00e9 Puga Coelho Rodrigues (INATEL)<\/a><br \/>\n<a href=\"http:\/\/lattes.cnpq.br\/8679800047341353\">Joni da Silva Fraga (UFSC)<\/a><br \/>\n<a href=\"http:\/\/lattes.cnpq.br\/3614256141054800\">Jos\u00e9 Neuman de Souza (UFC)<\/a><br \/>\n<a href=\"http:\/\/lattes.cnpq.br\/8588117212005149\">Jos\u00e9 Ferreira de Rezende (UFRJ)<\/a><br \/>\n<a href=\"http:\/\/lattes.cnpq.br\/2887736963561252\">Jos\u00e9 Augusto Suruagy Monteiro (UNIFACS)<\/a><br \/>\n<a href=\"http:\/\/lattes.cnpq.br\/7955837132687218\">Jose-Marcos Nogueira (UFMG)<\/a><br \/>\n<a href=\"http:\/\/lattes.cnpq.br\/4108398403192996\">Julius Leite (UFF)<\/a><br \/>\n<a href=\"http:\/\/lattes.cnpq.br\/3286329883412205\">Jussara Almeida (UFMG)<\/a><br \/>\n<a href=\"http:\/\/lattes.cnpq.br\/8827013568855482\">Keiko Fonseca (UTFPR)<\/a><br \/>\n<a href=\"http:\/\/lattes.cnpq.br\/8664169441117482\">Kelvin Dias (UFPE)<\/a><br \/>\n<a href=\"http:\/\/lattes.cnpq.br\/5279288859073700\">Lau Cheuk Lung (UFSC)<\/a><br \/>\n<a href=\"http:\/\/lattes.cnpq.br\/0878410768350416\">Liane Tarouco (UFRGS)<\/a><br \/>\n<a href=\"http:\/\/lattes.cnpq.br\/2872064505456567\">Linnyer Ruiz (UEM)<\/a><br \/>\n<a href=\"http:\/\/lattes.cnpq.br\/8501956419094089\">Lisandro Zambenedetti Granville (UFRGS)<\/a><br \/>\n<a href=\"http:\/\/lattes.cnpq.br\/3763390337091127\">Luci Pirmez (UFRJ)<\/a><br \/>\n<a href=\"http:\/\/lattes.cnpq.br\/3059640410928425\">Luciano Paschoal Gaspary (UFRGS)<\/a><br \/>\n<a href=\"http:\/\/lattes.cnpq.br\/9945289519054859\">Luis Carlos De Bona (UFPR)<\/a><br \/>\n<a href=\"http:\/\/lattes.cnpq.br\/4193860852876287\">Luis Henrique Costa (UFRJ)<\/a><br \/>\n<a href=\"http:\/\/lattes.cnpq.br\/8119785638200345\">Luiz Fernando Rust da Costa Carmo (UFRJ)<\/a><br \/>\n<a href=\"http:\/\/lattes.cnpq.br\/6903922865972561\">Luiz Eduardo Buzato (UNICAMP)<\/a><br \/>\n<a href=\"http:\/\/lattes.cnpq.br\/2126584242026703\">Luiz Fernando Soares (PUC-Rio)<\/a><br \/>\n<a href=\"http:\/\/lattes.cnpq.br\/7471111924336519\">Magnos Martinello (UFES)<\/a><br \/>\n<a href=\"http:\/\/lattes.cnpq.br\/2787725227134746\">Marcelo Rubinstein (UERJ)<\/a><br \/>\n<a href=\"http:\/\/lattes.cnpq.br\/7708021019524305\">Marcial Fernandez (UECE)<\/a><br \/>\n<a href=\"http:\/\/lattes.cnpq.br\/4654226726267340\">Marco Aur\u00e9lio Spohn (UFCG)<\/a><br \/>\n<a href=\"http:\/\/lattes.cnpq.br\/1682925222063297\">Marcos Pinheiro (UFRN)<\/a><br \/>\n<a href=\"http:\/\/lattes.cnpq.br\/3062238499531939\">Marcos Salvador (CPqD)<\/a><br \/>\n<a href=\"http:\/\/lattes.cnpq.br\/2784404872572914\">Marinho Barcellos (UFRGS)<\/a><br \/>\n<a href=\"http:\/\/lattes.cnpq.br\/6505039023842313\">Markus Endler (PUC-Rio)<\/a><br \/>\n<a href=\"http:\/\/lattes.cnpq.br\/6534637358360971\">Mauro Fonseca (PUCPR)<\/a><br \/>\n<a href=\"http:\/\/lattes.cnpq.br\/1198809977746222\">Michael Stanton (RNP &amp; UFF)<\/a><br \/>\n<a href=\"http:\/\/lattes.cnpq.br\/7862253799240671\">Michele Nogueira (UFPR)<\/a><br \/>\n<a href=\"http:\/\/lattes.cnpq.br\/4256483085616956\">Miguel Elias Mitre Campista (UFRJ)<\/a><br \/>\n<a href=\"http:\/\/lattes.cnpq.br\/5660469902738038\">Nabor Mendonca (UNIFOR)<\/a><br \/>\n<a href=\"http:\/\/lattes.cnpq.br\/2729979018100977\">Nazareno Andrade (UFCG)<\/a><br \/>\n<a href=\"http:\/\/lattes.cnpq.br\/9612704468357790\">Nelson Fonseca (UNICAMP)<\/a><br \/>\n<a href=\"http:\/\/lattes.cnpq.br\/4220236737158909\">Nelson Rosa (UFPE)<\/a><br \/>\n<a href=\"http:\/\/lattes.cnpq.br\/4933326132948063\">Noemi Rodriguez (PUC-Rio)<\/a><br \/>\n<a href=\"http:\/\/lattes.cnpq.br\/9433123288261141\">Orlando Loques (UFF)<\/a><br \/>\n<a href=\"http:\/\/lattes.cnpq.br\/1426401706315442\">Otto Carlos M. B. Duarte (UFRJ)<\/a><br \/>\n<a href=\"http:\/\/lattes.cnpq.br\/5269625574293250\">Paulo Aguiar (UFRJ)<\/a><br \/>\n<a href=\"http:\/\/lattes.cnpq.br\/2026295360734357\">Paulo Cunha (UFPE)<\/a><br \/>\n<a href=\"http:\/\/lattes.cnpq.br\/1304174767727101\">Paulo Pires (UFRN)<\/a><br \/>\n<a href=\"http:\/\/lattes.cnpq.br\/7828441075514905\">Paulo Andr\u00e9 da Silva Gon\u00e7alves (UFPE)<br \/>\nPedro Frosi Rosa (UFU)<br \/>\n<\/a><a href=\"http:\/\/lattes.cnpq.br\/6428800770934048\">Rafael Pasquini (UFU)<\/a><br \/>\n<a href=\"http:\/\/lattes.cnpq.br\/9840346055970503\">Raimundo Jos\u00e9 de Ara\u00fajo Mac\u00eado (UFBA)<\/a><br \/>\n<a href=\"http:\/\/lattes.cnpq.br\/6331835838649652\">Raquel Mini (PUC-Minas)<\/a><br \/>\n<a href=\"http:\/\/lattes.cnpq.br\/4788702298711499\">Regina Silveira (USP)<\/a><br \/>\n<a href=\"http:\/\/lattes.cnpq.br\/1154078371182103\">Roberto Willrich (UFSC)<\/a><br \/>\n<a href=\"http:\/\/lattes.cnpq.br\/6840478133476887\">Rodrigo Mello (USP)<\/a><br \/>\n<a href=\"http:\/\/lattes.cnpq.br\/8808884844055224\">Ronaldo Alves Ferreira (UFMS)<\/a><br \/>\n<a href=\"http:\/\/lattes.cnpq.br\/3620084512865554\">Ronaldo Salles (IME)<\/a><br \/>\n<a href=\"http:\/\/lattes.cnpq.br\/3553487130003978\">Rosa Le\u00e3o (UFRJ)<\/a><br \/>\n<a href=\"http:\/\/lattes.cnpq.br\/9576713124661835\">Rossana Andrade (UFC)<\/a><br \/>\n<a href=\"http:\/\/lattes.cnpq.br\/0054098292730720\">Silvana Rossetto (UFRJ)<\/a><br \/>\n<a href=\"http:\/\/lattes.cnpq.br\/8602960801642916\">Taisy Weber (UFRGS)<\/a><br \/>\n<a href=\"http:\/\/lattes.cnpq.br\/8587567074814594\">Tereza Carvalho (USP)<\/a><br \/>\n<a href=\"http:\/\/lattes.cnpq.br\/5521922960404236\">Thais Vasconcelos Batista (UFRN)<\/a><br \/>\n<a href=\"http:\/\/lattes.cnpq.br\/8795680989708219\">Vinod Rebello (UFF)<\/a><br \/>\n<a href=\"http:\/\/lattes.cnpq.br\/3742302894743620\">Wanderley Lopes de Souza (UFSCar)<\/a><br \/>\n<a href=\"http:\/\/lattes.cnpq.br\/3408305339297459\">William Ferreira Giozza (UnB)<\/a><\/p>\n<\/div>\n","protected":false},"excerpt":{"rendered":"<p>Aqui s\u00e3o divulgados links para os curr\u00edculos Lattes de pesquisadores nas \u00e1reas de Redes de Computadores, Sistemas Distribu\u00eddos e \u00e1reas afins. As solicita\u00e7\u00f5es para inclus\u00e3o ou exclus\u00e3o de um pesquisador nesta p\u00e1gina devem ser encaminhadas para raf@sbc.org.br. Aldri dos Santos &hellip; <a href=\"https:\/\/ce-resd.sbc.org.br\/?page_id=391\">Continue lendo <span class=\"meta-nav\">&rarr;<\/span><\/a><\/p>\n","protected":false},"author":3,"featured_media":0,"parent":0,"menu_order":0,"comment_status":"closed","ping_status":"closed","template":"","meta":{"_daextinma_seo_power":"","_daextinma_enable_ail":"","footnotes":""},"class_list":["post-391","page","type-page","status-publish","hentry"],"_links":{"self":[{"href":"https:\/\/ce-resd.sbc.org.br\/index.php?rest_route=\/wp\/v2\/pages\/391","targetHints":{"allow":["GET"]}}],"collection":[{"href":"https:\/\/ce-resd.sbc.org.br\/index.php?rest_route=\/wp\/v2\/pages"}],"about":[{"href":"https:\/\/ce-resd.sbc.org.br\/index.php?rest_route=\/wp\/v2\/types\/page"}],"author":[{"embeddable":true,"href":"https:\/\/ce-resd.sbc.org.br\/index.php?rest_route=\/wp\/v2\/users\/3"}],"replies":[{"embeddable":true,"href":"https:\/\/ce-resd.sbc.org.br\/index.php?rest_route=%2Fwp%2Fv2%2Fcomments&post=391"}],"version-history":[{"count":0,"href":"https:\/\/ce-resd.sbc.org.br\/index.php?rest_route=\/wp\/v2\/pages\/391\/revisions"}],"wp:attachment":[{"href":"https:\/\/ce-resd.sbc.org.br\/index.php?rest_route=%2Fwp%2Fv2%2Fmedia&parent=391"}],"curies":[{"name":"wp","href":"https:\/\/api.w.org\/{rel}","templated":true}]}}