{"id":31,"date":"2013-02-27T00:16:00","date_gmt":"2013-02-27T00:16:00","guid":{"rendered":"http:\/\/ce-resd.sbc.org.br\/?page_id=31"},"modified":"2024-04-04T11:37:28","modified_gmt":"2024-04-04T14:37:28","slug":"coordenacao","status":"publish","type":"page","link":"https:\/\/ce-resd.sbc.org.br\/?page_id=31","title":{"rendered":"Coordena\u00e7\u00e3o"},"content":{"rendered":"<p align=\"justify\">A coordena\u00e7\u00e3o da Comiss\u00e3o Especial de Redes e Sistemas Distribu\u00eddos \u00e9 constitu\u00edda por um(a) coordenador(a) e por representantes da comunidade, s\u00f3cios da SBC, sendo o mandato de todos os componentes de dois anos.<\/p>\n<p align=\"justify\">2023-2025<\/p>\n<ul>\n<li>Rossana Maria de Castro Andrade (Coordenadora)<\/li>\n<li>Carlos Alberto Kamienski<\/li>\n<li>Eduardo Coelho Cerqueira<\/li>\n<li>Leandro Aparecido Villas<\/li>\n<li>Fl\u00e1via Coimbra Delicato<\/li>\n<\/ul>\n<p align=\"justify\">2021-2023<\/p>\n<ul>\n<li>Miguel Elias Mitre Campista (Coordenador)<\/li>\n<li>Alberto Egon Schaeffer Filho<\/li>\n<li>Anelise Munaretto<\/li>\n<li>F\u00e1bio Luciano Verdi<\/li>\n<li>Marcelo Gon\u00e7alves Rubinstein<\/li>\n<\/ul>\n<p align=\"justify\">2019-2021<\/p>\n<ul>\n<li>Alberto Egon Schaeffer-Filho (Coordenador)<\/li>\n<li>Antonio Abelem<\/li>\n<li>Fab\u00edola Greve<\/li>\n<li>Luiz Fernando Bittencourt<\/li>\n<li>Rossana Andrade<\/li>\n<\/ul>\n<p align=\"justify\">2017-2019<\/p>\n<ul>\n<li>Fab\u00edola Greve (Coordenadora)<\/li>\n<li>Ant\u00f4nio Loureiro<\/li>\n<li>Marinho Barcellos<\/li>\n<li>Edmundo Madeira<\/li>\n<li>Michele Nogueira<\/li>\n<\/ul>\n<p align=\"justify\">2015-2017<\/p>\n<ul>\n<li>Jussara Marques de Almeida (Coordenadora)<\/li>\n<li>Frank Augusto Siqueira<\/li>\n<li>Mois\u00e9s Renato Nunes Ribeiro<\/li>\n<\/ul>\n<p align=\"justify\">2013-2015<\/p>\n<ul>\n<li><span style=\"line-height: 15px;\">Dorgival Olavo Guedes Neto (Coordenador)<\/span><\/li>\n<li>Jos\u00e9 Augusto Suruagy Monteiro<\/li>\n<li>Jos\u00e9 Ferreira de Rezende<\/li>\n<\/ul>\n<p align=\"justify\">2011-2013<\/p>\n<ul>\n<li><span style=\"line-height: 15px;\">Ronaldo Alves Ferreira (Coordenador)<\/span><\/li>\n<li>Bruno Schulze<\/li>\n<li>Luci Pirmez<\/li>\n<\/ul>\n<p align=\"justify\">2009-2011<\/p>\n<ul>\n<li><span style=\"line-height: 15px;\">Carlos Andr\u00e9 Guimar\u00e3es Ferraz (Coordenador)<\/span><\/li>\n<li>Francisco Vilar Brasileiro<\/li>\n<li>Nelson Luis Saldanha da Fonseca<\/li>\n<\/ul>\n<p align=\"justify\">2007-2009<\/p>\n<ul>\n<li>Ant\u00f4nio Jorge Gomes Abel\u00e9m (Coordenador)<\/li>\n<li>Lisandro Zambenedetti Granville<\/li>\n<li>Joni da Silva Fraga<\/li>\n<\/ul>\n<p>2005-2007<\/p>\n<ul>\n<li><span style=\"line-height: 15px;\">Lisandro Zambenedetti Granville (Coordenador)<\/span><\/li>\n<li>Jos\u00e9 Augusto Suruagy Monteiro<\/li>\n<li>Jos\u00e9 Marcos Silva Nogueira<\/li>\n<\/ul>\n<p>2003-2005<\/p>\n<ul>\n<li><span style=\"line-height: 15px;\">Otto Carlos Muniz Bandeira Duarte (Coordenador)<\/span><\/li>\n<li>Luiz Fernando Gomes Soares<\/li>\n<li>Raimundo Jos\u00e9 de Ara\u00fajo Mac\u00eado<\/li>\n<\/ul>\n<p>2001-2003<\/p>\n<ul>\n<li><span style=\"line-height: 15px;\">Julius Leite (Coordenador)<\/span><\/li>\n<\/ul>\n<p>1999-2001<\/p>\n<ul>\n<li><span style=\"line-height: 15px;\">Raimundo Jos\u00e9 de Ara\u00fajo Mac\u00eado (Coordenador)<\/span><\/li>\n<\/ul>\n","protected":false},"excerpt":{"rendered":"<p>A coordena\u00e7\u00e3o da Comiss\u00e3o Especial de Redes e Sistemas Distribu\u00eddos \u00e9 constitu\u00edda por um(a) coordenador(a) e por representantes da comunidade, s\u00f3cios da SBC, sendo o mandato de todos os componentes de dois anos. 2023-2025 Rossana Maria de Castro Andrade (Coordenadora) &hellip; <a href=\"https:\/\/ce-resd.sbc.org.br\/?page_id=31\">Continue lendo <span class=\"meta-nav\">&rarr;<\/span><\/a><\/p>\n","protected":false},"author":3,"featured_media":0,"parent":0,"menu_order":0,"comment_status":"closed","ping_status":"closed","template":"","meta":{"_daextinma_seo_power":"1000","_daextinma_enable_ail":"","footnotes":""},"class_list":["post-31","page","type-page","status-publish","hentry"],"_links":{"self":[{"href":"https:\/\/ce-resd.sbc.org.br\/index.php?rest_route=\/wp\/v2\/pages\/31","targetHints":{"allow":["GET"]}}],"collection":[{"href":"https:\/\/ce-resd.sbc.org.br\/index.php?rest_route=\/wp\/v2\/pages"}],"about":[{"href":"https:\/\/ce-resd.sbc.org.br\/index.php?rest_route=\/wp\/v2\/types\/page"}],"author":[{"embeddable":true,"href":"https:\/\/ce-resd.sbc.org.br\/index.php?rest_route=\/wp\/v2\/users\/3"}],"replies":[{"embeddable":true,"href":"https:\/\/ce-resd.sbc.org.br\/index.php?rest_route=%2Fwp%2Fv2%2Fcomments&post=31"}],"version-history":[{"count":1,"href":"https:\/\/ce-resd.sbc.org.br\/index.php?rest_route=\/wp\/v2\/pages\/31\/revisions"}],"predecessor-version":[{"id":769,"href":"https:\/\/ce-resd.sbc.org.br\/index.php?rest_route=\/wp\/v2\/pages\/31\/revisions\/769"}],"wp:attachment":[{"href":"https:\/\/ce-resd.sbc.org.br\/index.php?rest_route=%2Fwp%2Fv2%2Fmedia&parent=31"}],"curies":[{"name":"wp","href":"https:\/\/api.w.org\/{rel}","templated":true}]}}