{"id":296,"date":"2013-04-23T17:16:19","date_gmt":"2013-04-23T17:16:19","guid":{"rendered":"http:\/\/ce-resd.sbc.org.br\/?page_id=296"},"modified":"2024-04-04T11:47:32","modified_gmt":"2024-04-04T14:47:32","slug":"premio-destaque","status":"publish","type":"page","link":"https:\/\/ce-resd.sbc.org.br\/?page_id=296","title":{"rendered":"Pr\u00eamio Destaque SBRC Prof. Otto Carlos Muniz Bandeira Duarte"},"content":{"rendered":"<p align=\"justify\">O pr\u00eamio Destaque SBRC foi criado em 2012, como parte das comemora\u00e7\u00f5es dos trinta anos do SBRC, e tem como objetivo homenagear pessoas da comunidade do SBRC que se distinguiram ao longo de suas vidas por suas contribui\u00e7\u00f5es cient\u00edficas nas \u00e1reas de redes de computadores e sistemas distribu\u00eddos, por seus engajamentos em atividades do SBRC e\/ou por servi\u00e7os prestados em benef\u00edcio da comunidade brasileira de redes e sistemas distribu\u00eddos. Em 2022, o pr\u00eamio destaque passou a se chamar Pr\u00eamio Destaque SBRC Prof. Otto Carlos Muniz Bandeira Duarte.<\/p>\n<p align=\"justify\"><strong>Homenageados<\/strong><\/p>\n<p align=\"justify\">2023 &#8211; <a href=\"http:\/\/lattes.cnpq.br\/0296622203426132\">Juergen Rochol<\/a> (<em>in memoriam<\/em>) e <a href=\"http:\/\/lattes.cnpq.br\/9576713124661835\">Rossana Maria de Castro Andrade<\/a><br \/>\n2022 &#8211; <a href=\"http:\/\/lattes.cnpq.br\/1426401706315442\">Otto Carlos Muniz Bandeira<\/a> (<em>in memoriam<\/em>) e <a href=\"http:\/\/lattes.cnpq.br\/5521922960404236\">Thais Vasconcelos Batista<\/a><br \/>\n2021 &#8211; <a title=\"Artur Ziviani\" href=\"http:\/\/lattes.cnpq.br\/0472856771871140\">Artur Ziviani<\/a> (<em>in memoriam<\/em>) e <a title=\"Luci Pirmez\" href=\"http:\/\/lattes.cnpq.br\/3763390337091127\">Luci Pirmez<\/a><br \/>\n2020 &#8211; <a href=\"http:\/\/lattes.cnpq.br\/8501956419094089\">Lisandro Zambenedetti Granville<\/a><br \/>\n2019 &#8211; <a href=\"http:\/\/lattes.cnpq.br\/1198809977746222\">Michael Anthony Stanton<\/a><br \/>\n2018 &#8211; <a href=\"http:\/\/lattes.cnpq.br\/8886634592087842\">Ant\u00f4nio Alfredo Ferreira Loureiro<\/a><br \/>\n2017 &#8211; <a href=\"http:\/\/lattes.cnpq.br\/4953705856223870\">Jean Marie Alexandre Farines<\/a><br \/>\n2016 &#8211; <a title=\"Nelson Luis Saldanha da Fonseca\" href=\"http:\/\/lattes.cnpq.br\/9612704468357790\">Nelson Luis Saldanha da Fonseca<\/a><br \/>\n2015 &#8211; <a href=\"http:\/\/lattes.cnpq.br\/7955837132687218\">Jos\u00e9 Marcos Silva Nogueira<\/a><br \/>\n2014 &#8211; <a href=\"http:\/\/lattes.cnpq.br\/2887736963561252\">Jos\u00e9 Augusto Suruagy Monteiro<\/a><br \/>\n2013 &#8211; <a href=\"http:\/\/lattes.cnpq.br\/0878410768350416\">Liane Margarida Rockenbach Tarouco<\/a><br \/>\n2012 &#8211; <a href=\"http:\/\/lattes.cnpq.br\/9358511568098561\">Edmundo Albuquerque de Souza e Silva<\/a><\/p>\n","protected":false},"excerpt":{"rendered":"<p>O pr\u00eamio Destaque SBRC foi criado em 2012, como parte das comemora\u00e7\u00f5es dos trinta anos do SBRC, e tem como objetivo homenagear pessoas da comunidade do SBRC que se distinguiram ao longo de suas vidas por suas contribui\u00e7\u00f5es cient\u00edficas nas &hellip; <a href=\"https:\/\/ce-resd.sbc.org.br\/?page_id=296\">Continue lendo <span class=\"meta-nav\">&rarr;<\/span><\/a><\/p>\n","protected":false},"author":3,"featured_media":0,"parent":0,"menu_order":0,"comment_status":"closed","ping_status":"closed","template":"","meta":{"_daextinma_seo_power":"1000","_daextinma_enable_ail":"","footnotes":""},"class_list":["post-296","page","type-page","status-publish","hentry"],"_links":{"self":[{"href":"https:\/\/ce-resd.sbc.org.br\/index.php?rest_route=\/wp\/v2\/pages\/296","targetHints":{"allow":["GET"]}}],"collection":[{"href":"https:\/\/ce-resd.sbc.org.br\/index.php?rest_route=\/wp\/v2\/pages"}],"about":[{"href":"https:\/\/ce-resd.sbc.org.br\/index.php?rest_route=\/wp\/v2\/types\/page"}],"author":[{"embeddable":true,"href":"https:\/\/ce-resd.sbc.org.br\/index.php?rest_route=\/wp\/v2\/users\/3"}],"replies":[{"embeddable":true,"href":"https:\/\/ce-resd.sbc.org.br\/index.php?rest_route=%2Fwp%2Fv2%2Fcomments&post=296"}],"version-history":[{"count":5,"href":"https:\/\/ce-resd.sbc.org.br\/index.php?rest_route=\/wp\/v2\/pages\/296\/revisions"}],"predecessor-version":[{"id":777,"href":"https:\/\/ce-resd.sbc.org.br\/index.php?rest_route=\/wp\/v2\/pages\/296\/revisions\/777"}],"wp:attachment":[{"href":"https:\/\/ce-resd.sbc.org.br\/index.php?rest_route=%2Fwp%2Fv2%2Fmedia&parent=296"}],"curies":[{"name":"wp","href":"https:\/\/api.w.org\/{rel}","templated":true}]}}