{"id":2,"date":"2013-02-26T23:29:52","date_gmt":"2013-02-26T23:29:52","guid":{"rendered":"http:\/\/ce-resd.sbc.org.br\/?page_id=2"},"modified":"2022-06-22T15:37:07","modified_gmt":"2022-06-22T18:37:07","slug":"pagina-exemplo","status":"publish","type":"page","link":"https:\/\/ce-resd.sbc.org.br\/","title":{"rendered":"Sobre a CE-RESD"},"content":{"rendered":"\n<p><\/p>\n\n\n\n<ul class=\"wp-block-social-links has-small-icon-size has-icon-color has-icon-background-color is-style-default is-content-justification-right is-layout-flex wp-container-core-social-links-is-layout-765c4724 wp-block-social-links-is-layout-flex\"><li style=\"color:#fff;background-color:#000;\" class=\"wp-social-link wp-social-link-youtube has-white-color has-black-background-color wp-block-social-link\"><a href=\"https:\/\/www.youtube.com\/channel\/UCs_G8OBSToxhIyBYpuF1MYQ\" class=\"wp-block-social-link-anchor\"><svg width=\"24\" height=\"24\" viewBox=\"0 0 24 24\" version=\"1.1\" xmlns=\"http:\/\/www.w3.org\/2000\/svg\" aria-hidden=\"true\" focusable=\"false\"><path d=\"M21.8,8.001c0,0-0.195-1.378-0.795-1.985c-0.76-0.797-1.613-0.801-2.004-0.847c-2.799-0.202-6.997-0.202-6.997-0.202 h-0.009c0,0-4.198,0-6.997,0.202C4.608,5.216,3.756,5.22,2.995,6.016C2.395,6.623,2.2,8.001,2.2,8.001S2,9.62,2,11.238v1.517 c0,1.618,0.2,3.237,0.2,3.237s0.195,1.378,0.795,1.985c0.761,0.797,1.76,0.771,2.205,0.855c1.6,0.153,6.8,0.201,6.8,0.201 s4.203-0.006,7.001-0.209c0.391-0.047,1.243-0.051,2.004-0.847c0.6-0.607,0.795-1.985,0.795-1.985s0.2-1.618,0.2-3.237v-1.517 C22,9.62,21.8,8.001,21.8,8.001z M9.935,14.594l-0.001-5.62l5.404,2.82L9.935,14.594z\"><\/path><\/svg><span class=\"wp-block-social-link-label screen-reader-text\">Youtube<\/span><\/a><\/li><\/ul>\n\n\n\n<p style=\"text-align: justify;\">A principal fun\u00e7\u00e3o da Comiss\u00e3o Especial de Redes de Computadores e Sistemas Distribu\u00eddos da SBC (CE-RESD) \u00e9 garantir e coordenar a realiza\u00e7\u00e3o do Simp\u00f3sio Brasileiro de Redes de Computadores e Sistemas Distribu\u00eddos (SBRC),\u00a0 com continuidade e qualidade, bem como prover meios para a dissemina\u00e7\u00e3o do estado da arte nas \u00e1reas de Redes de Computadores, Sistemas Distribu\u00eddos, e outras \u00e1reas de interse\u00e7\u00f5es com essas \u00e1reas dentro da grande \u00e1rea de Computa\u00e7\u00e3o.<\/p>\n\n\n\n<p style=\"text-align: justify;\">Em conjunto com o <a href=\"http:\/\/www.larc.org.br\/\" target=\"_blank\" rel=\"noopener\">LARC<\/a> (Laborat\u00f3rio Nacional de Redes de Computadores), a CE-RESD apoia a realiza\u00e7\u00e3o do SBRC a cada ano em uma cidade brasileira.<\/p>\n\n\n\n<p><\/p>\n","protected":false},"excerpt":{"rendered":"<p>A principal fun\u00e7\u00e3o da Comiss\u00e3o Especial de Redes de Computadores e Sistemas Distribu\u00eddos da SBC (CE-RESD) \u00e9 garantir e coordenar a realiza\u00e7\u00e3o do Simp\u00f3sio Brasileiro de Redes de Computadores e Sistemas Distribu\u00eddos (SBRC),\u00a0 com continuidade e qualidade, bem como prover &hellip; <a href=\"https:\/\/ce-resd.sbc.org.br\/\">Continue lendo <span class=\"meta-nav\">&rarr;<\/span><\/a><\/p>\n","protected":false},"author":3,"featured_media":0,"parent":0,"menu_order":0,"comment_status":"closed","ping_status":"closed","template":"","meta":{"_daextinma_seo_power":"1000","_daextinma_enable_ail":"","footnotes":""},"class_list":["post-2","page","type-page","status-publish","hentry"],"_links":{"self":[{"href":"https:\/\/ce-resd.sbc.org.br\/index.php?rest_route=\/wp\/v2\/pages\/2","targetHints":{"allow":["GET"]}}],"collection":[{"href":"https:\/\/ce-resd.sbc.org.br\/index.php?rest_route=\/wp\/v2\/pages"}],"about":[{"href":"https:\/\/ce-resd.sbc.org.br\/index.php?rest_route=\/wp\/v2\/types\/page"}],"author":[{"embeddable":true,"href":"https:\/\/ce-resd.sbc.org.br\/index.php?rest_route=\/wp\/v2\/users\/3"}],"replies":[{"embeddable":true,"href":"https:\/\/ce-resd.sbc.org.br\/index.php?rest_route=%2Fwp%2Fv2%2Fcomments&post=2"}],"version-history":[{"count":8,"href":"https:\/\/ce-resd.sbc.org.br\/index.php?rest_route=\/wp\/v2\/pages\/2\/revisions"}],"predecessor-version":[{"id":756,"href":"https:\/\/ce-resd.sbc.org.br\/index.php?rest_route=\/wp\/v2\/pages\/2\/revisions\/756"}],"wp:attachment":[{"href":"https:\/\/ce-resd.sbc.org.br\/index.php?rest_route=%2Fwp%2Fv2%2Fmedia&parent=2"}],"curies":[{"name":"wp","href":"https:\/\/api.w.org\/{rel}","templated":true}]}}