{"id":174,"date":"2013-03-23T14:15:38","date_gmt":"2013-03-23T14:15:38","guid":{"rendered":"http:\/\/ce-resd.sbc.org.br\/?page_id=174"},"modified":"2022-05-18T15:34:43","modified_gmt":"2022-05-18T18:34:43","slug":"onde-publicar","status":"publish","type":"page","link":"https:\/\/ce-resd.sbc.org.br\/?page_id=174","title":{"rendered":"Principais Publica\u00e7\u00f5es"},"content":{"rendered":"\n<p>As principais confer\u00eancias nas \u00e1reas de Redes de Computadores e Sistemas Distribu\u00eddos de acordo com o Qualis da Capes podem ser acessadas no link abaixo:<\/p>\n\n\n\n<ul class=\"wp-block-list\"><li><a rel=\"noreferrer noopener\" href=\"https:\/\/www.gov.br\/capes\/pt-br\/centrais-de-conteudo\/Qualis_conferencia_ccomp.pdf\" target=\"_blank\">Confer\u00eancias<\/a><\/li><\/ul>\n\n\n\n<p>Os principais peri\u00f3dicos de acordo com o Qualis da Capes devem ser pesquisados atrav\u00e9s da plataforma Sucupira, no link abaixo:<\/p>\n\n\n\n<ul class=\"wp-block-list\"><li><a rel=\"noreferrer noopener\" href=\"https:\/\/sucupira.capes.gov.br\/sucupira\/public\/consultas\/coleta\/veiculoPublicacaoQualis\/listaConsultaGeralPeriodicos.jsf\" data-type=\"URL\" target=\"_blank\">Peri\u00f3dicos<\/a><\/li><\/ul>\n","protected":false},"excerpt":{"rendered":"<p>As principais confer\u00eancias nas \u00e1reas de Redes de Computadores e Sistemas Distribu\u00eddos de acordo com o Qualis da Capes podem ser acessadas no link abaixo: Confer\u00eancias Os principais peri\u00f3dicos de acordo com o Qualis da Capes devem ser pesquisados atrav\u00e9s &hellip; <a href=\"https:\/\/ce-resd.sbc.org.br\/?page_id=174\">Continue lendo <span class=\"meta-nav\">&rarr;<\/span><\/a><\/p>\n","protected":false},"author":3,"featured_media":0,"parent":0,"menu_order":0,"comment_status":"closed","ping_status":"closed","template":"","meta":{"_daextinma_seo_power":"1000","_daextinma_enable_ail":"","footnotes":""},"class_list":["post-174","page","type-page","status-publish","hentry"],"_links":{"self":[{"href":"https:\/\/ce-resd.sbc.org.br\/index.php?rest_route=\/wp\/v2\/pages\/174","targetHints":{"allow":["GET"]}}],"collection":[{"href":"https:\/\/ce-resd.sbc.org.br\/index.php?rest_route=\/wp\/v2\/pages"}],"about":[{"href":"https:\/\/ce-resd.sbc.org.br\/index.php?rest_route=\/wp\/v2\/types\/page"}],"author":[{"embeddable":true,"href":"https:\/\/ce-resd.sbc.org.br\/index.php?rest_route=\/wp\/v2\/users\/3"}],"replies":[{"embeddable":true,"href":"https:\/\/ce-resd.sbc.org.br\/index.php?rest_route=%2Fwp%2Fv2%2Fcomments&post=174"}],"version-history":[{"count":1,"href":"https:\/\/ce-resd.sbc.org.br\/index.php?rest_route=\/wp\/v2\/pages\/174\/revisions"}],"predecessor-version":[{"id":704,"href":"https:\/\/ce-resd.sbc.org.br\/index.php?rest_route=\/wp\/v2\/pages\/174\/revisions\/704"}],"wp:attachment":[{"href":"https:\/\/ce-resd.sbc.org.br\/index.php?rest_route=%2Fwp%2Fv2%2Fmedia&parent=174"}],"curies":[{"name":"wp","href":"https:\/\/api.w.org\/{rel}","templated":true}]}}