{"id":108,"date":"2013-03-19T02:41:07","date_gmt":"2013-03-19T02:41:07","guid":{"rendered":"http:\/\/ce-resd.sbc.org.br\/?page_id=108"},"modified":"2013-04-29T13:13:01","modified_gmt":"2013-04-29T13:13:01","slug":"anais-2012","status":"publish","type":"page","link":"https:\/\/ce-resd.sbc.org.br\/?page_id=108","title":{"rendered":"Anais &#8211; XXX SBRC (2012)"},"content":{"rendered":"<p><strong><span style=\"font-size: large;\">Artigos da Trilha Principal<\/span><\/strong><\/p>\n<p><a href=\"http:\/\/ce-resd.sbc.org.br\/sbrc\/2012\/ST1_1.pdf\">Energy and spectral efficiencies trade-off with filter optimization in multiple access interference-aware networks. pp. 30-43<\/a><br \/>\n\u00c1lvaro R. C. Souza, Taufik Abr\u00e3o, Lucas H. Sampaio, Paul Jean E. Jeszensky<\/p>\n<p><a href=\"http:\/\/ce-resd.sbc.org.br\/sbrc\/2012\/ST1_2.pdf\">Mecanismo de Handoff de espectro para r\u00e1dios cognitivos. pp. 44-56<\/a><br \/>\nPedro Smith Coutinho, Marcel W. R. da Silva, Jos\u00e9 Ferreira de Rezende<\/p>\n<p><a href=\"http:\/\/ce-resd.sbc.org.br\/sbrc\/2012\/ST1_3.pdf\">An\u00e1lise da viabilidade de aplica\u00e7\u00f5es de monitoramento e controle utilizando redes ac\u00fasticas submarinas. pp. 57-70<\/a><br \/>\nFelipe Duarte dos Santos, Marcelo Gon\u00e7alves Rubinstein<\/p>\n<p><a href=\"http:\/\/ce-resd.sbc.org.br\/sbrc\/2012\/ST2_1.pdf\">Caracteriza\u00e7\u00e3o temporal de estrat\u00e9gias de dissemina\u00e7\u00e3o de spam. pp. 73-86<\/a><br \/>\nLuam C. Totti, Rubens E. A. Moreira, Elverton Fazzion, Osvaldo Fonseca, Wagner Meira Jr., Dorgival Guedes, Cristine Hoepers, Klaus Steding-Jessen, Marcelo H. P. Chaves<\/p>\n<p><a href=\"http:\/\/ce-resd.sbc.org.br\/sbrc\/2012\/ST2_2.pdf\">Impacto da evolu\u00e7\u00e3o temporal na detec\u00e7\u00e3o de spammers na rede de origem. pp. 87-100<\/a><br \/>\nPedro Henrique B. Las Casas, Jussara M. Almeida, Marcos A. Gon\u00e7alves, Dorgival Guedes, Artur Ziviani, Humberto T. Marques-Neto<\/p>\n<p><a href=\"http:\/\/ce-resd.sbc.org.br\/sbrc\/2012\/ST2_3.pdf\">Caracteriza\u00e7\u00e3o e an\u00e1lise do comportamento de destinat\u00e1rios de SPAMs. pp. 101-114<\/a><br \/>\nTha\u00edna Am\u00e9lia de Oliveira Alves, Humberto T. Marques-Neto<\/p>\n<p><a href=\"http:\/\/ce-resd.sbc.org.br\/sbrc\/2012\/ST3_1.pdf\">CONDE: um sistema de controle e decis\u00e3o para edif\u00edcios inteligentes usando redes de sensores e atuadores sem fio. pp. 117-130<\/a><br \/>\nHenrique R. dos S. Soares, Luci Pirmez, Fl\u00e1via C. Delicato, Claudio M. de Farias<\/p>\n<p><a href=\"http:\/\/ce-resd.sbc.org.br\/sbrc\/2012\/ST3_2.pdf\">Um algoritmo ciente da correla\u00e7\u00e3o espa\u00e7o-temporal e consumo de energia para coleta de dados em redes de sensores sem fio. pp. 131-144<\/a><br \/>\nLeandro A. Villas, Daniel L. Guidoni, Regina B. Araujo, Azzedine Boukerche, Antonio A. F. Loureiro<\/p>\n<p><a href=\"http:\/\/ce-resd.sbc.org.br\/sbrc\/2012\/ST3_3.pdf\">An optimal design testing assignment for wireless sensor networks. pp. 145-158<\/a><br \/>\nAlexander Robert Kutzke, Andr\u00e9a Weber, Stefano Chessa<\/p>\n<p><a href=\"http:\/\/ce-resd.sbc.org.br\/sbrc\/2012\/ST4_1.pdf\">Stability of peer-to-peer swarming systems. pp. 161-174<\/a><br \/>\nDaniel S. Menasch\u00e9, Ant\u00f4nio A. Rocha, Edmundo de Souza e Silva, Rosa M. M. Le\u00e3o, Don Towsley<\/p>\n<p><a href=\"http:\/\/ce-resd.sbc.org.br\/sbrc\/2012\/ST4_2.pdf\">Hamming DHT: an indexing system for similarity search. pp. 175-188<\/a><br \/>\nRodolfo da Silva Villa\u00e7a, Luciano Bernardes de Paula, Rafael Pasquini, Maur\u00edcio Ferreira Magalh\u00e3es<\/p>\n<p><a href=\"http:\/\/ce-resd.sbc.org.br\/sbrc\/2012\/ST4_3.pdf\">GD\u00b2: um servi\u00e7o de diret\u00f3rios P2P para gerenciamento de informa\u00e7\u00f5es em redes heterog\u00eaneas. pp. 189-202<\/a><br \/>\nTarciana Dias da Silva, Carlos Kamienski, St\u00eanio Fernandes, Djamel Sadok<\/p>\n<p><a href=\"http:\/\/ce-resd.sbc.org.br\/sbrc\/2012\/ST5_1.pdf\">Pol\u00edtica h\u00edbrida para determinar o momento acordado do pr\u00f3ximo n\u00f3 na comunica\u00e7\u00e3o em redes de sensores sem fio. pp. 205-218<\/a><br \/>\nMax do Val Machado, Raquel A. F. Mini, Antonio A. F. Loureiro<\/p>\n<p><a href=\"http:\/\/ce-resd.sbc.org.br\/sbrc\/2012\/ST5_2.pdf\">Middleware baseado em componentes e orientado a recursos para redes de sensores sem fio. pp. 219-232<\/a><br \/>\nRodrigo P. M. de Ara\u00fajo, Jes\u00fas M. T. Portocarrero, Fl\u00e1via C. Delicato, Paulo F. Pires, Luci Pirmez, Thais Batista, Silvana Rossetto, Ana Liz S. Oliveira<\/p>\n<p><a href=\"http:\/\/ce-resd.sbc.org.br\/sbrc\/2012\/ST5_3.pdf\">LPS e LRF: pol\u00edticas de gerenciamento de buffer eficientes para redes tolerantes a atrasos e desconex\u00f5es. pp. 233-246<\/a><br \/>\nJuliano F. Naves, Igor M. Moraes, C\u00e9lio Vinicius N. de Albuquerque<\/p>\n<p><a href=\"http:\/\/ce-resd.sbc.org.br\/sbrc\/2012\/ST5_4.pdf\">Um estudo do impacto de componentes adaptativos sobre protocolos de roteamento para DTNs. pp. 247-260<\/a><br \/>\nEtienne C. R. de Oliveira, C\u00e9lio V. N. de Albuquerque<\/p>\n<p><a href=\"http:\/\/ce-resd.sbc.org.br\/sbrc\/2012\/ST6_1.pdf\">Identifica\u00e7\u00e3o de ataques em redes de computadores usando comit\u00ea de classificadores. pp. 263-276<\/a><br \/>\nJorge L. de Castro e Silva, Jos\u00e9 Everardo B. Maia, Nelson Luis S. da Fonseca<\/p>\n<p><a href=\"http:\/\/ce-resd.sbc.org.br\/sbrc\/2012\/ST6_2.pdf\">Avalia\u00e7\u00e3o de desempenho de mecanismos de seguran\u00e7a para redes de sensores sem fio. pp. 277-290<\/a><br \/>\nTiago M. Cavalcante, Fernando P. Garcia, Rossana M. C. Andrade<\/p>\n<p><a href=\"http:\/\/ce-resd.sbc.org.br\/sbrc\/2012\/ST6_3.pdf\">Seguran\u00e7a verde: usando desafios adaptativos com espera vari\u00e1vel para conter Sybils em redes par-a-par. pp. 291-304<\/a><br \/>\nWeverton Luis da Costa Cordeiro, Paolo Cemim, Fl\u00e1vio Roberto Santos, Marinho Pilla Barcellos, Luciano Paschoal Gaspary<\/p>\n<p><a href=\"http:\/\/ce-resd.sbc.org.br\/sbrc\/2012\/ST6_4.pdf\">Servi\u00e7os confi\u00e1veis em MANETs baseado em sistema de qu\u00f3rum tolerante a m\u00e1-conduta. pp. 305-318<\/a><br \/>\nElisa Mannes, Michele Nogueira, Aldri Santos<\/p>\n<p><a href=\"http:\/\/ce-resd.sbc.org.br\/sbrc\/2012\/ST7_1.pdf\">Uma an\u00e1lise das implementa\u00e7\u00f5es de protocolos IPv6 puros e h\u00edbridos para provimento de mobilidade em IPv6. pp. 321-334<\/a><br \/>\nC\u00e9sar A. H. Loureiro, Liane M. R. Tarouco, Lisandro Z. Granville, Leandro M. Bertholdo<\/p>\n<p><a href=\"http:\/\/ce-resd.sbc.org.br\/sbrc\/2012\/ST7_2.pdf\">Usando redes aleat\u00f3rias na an\u00e1lise de mobilidade. pp. 335-348<\/a><br \/>\nPedro O. S. Vaz de Melo, Aline C. Viana, Marco Fiore, Katia Jaffr\u00e8s-Runser, Fr\u00e9d\u00e9ric Le Mou\u00ebl, Antonio A. F. Loureiro<\/p>\n<p><a href=\"http:\/\/ce-resd.sbc.org.br\/sbrc\/2012\/ST7_3.pdf\">Um protocolo de distribui\u00e7\u00e3o de dados para redes de sensores sem fio heterog\u00eaneas com Sink m\u00f3vel. pp. 349-362<\/a><br \/>\nGuilherme Maia, Daniel L. Guidoni, Aline C. Viana, Andr\u00e9 L. L. Aquino, Raquel A. F. Mini, Antonio A. F. Loureiro<\/p>\n<p><a href=\"http:\/\/ce-resd.sbc.org.br\/sbrc\/2012\/ST8_1.pdf\">Desvendando o impacto da desconex\u00e3o otimista no BitTorrent. pp. 365-378<\/a><br \/>\nMatheus Lehmann, Lucas M\u00fcller, Rodolfo S. Antunes, Marinho P. Barcellos<\/p>\n<p><a href=\"http:\/\/ce-resd.sbc.org.br\/sbrc\/2012\/ST8_2.pdf\">Predi\u00e7\u00e3o do n\u00edvel de coopera\u00e7\u00e3o em sistemas par-a-par de v\u00eddeo ao vivo a partir de m\u00e9tricas de centralidade. pp. 379-392<\/a><br \/>\nGlauber D. Goncalves, Anna Guimar\u00e3es, Alex Borges Vieira, Jussara M. Almeida<\/p>\n<p><a href=\"http:\/\/ce-resd.sbc.org.br\/sbrc\/2012\/ST8_3.pdf\">Um algoritmo paralelo em Hadoop para c\u00e1lculo de centralidade em grafos grandes. pp. 393-406<\/a><br \/>\nJo\u00e3o Paulo B. Nascimento, Cristina D. Murta<\/p>\n<p><a href=\"http:\/\/ce-resd.sbc.org.br\/sbrc\/2012\/ST9_1.pdf\">Accurate second-order moment multifractal traffic modelling. pp. 409-421<\/a><br \/>\nJeferson Wilian de Godoy St\u00eanico, Lee Luan Ling<\/p>\n<p><a href=\"http:\/\/ce-resd.sbc.org.br\/sbrc\/2012\/ST9_2.pdf\">Impacto da carga de trabalho com rajadas no desempenho de servi\u00e7os Web. pp. 422-435<\/a><br \/>\nAdriana M. Centurion, Marcos J. Santana, Regina C. Santana, Sarita M. Bruschi<\/p>\n<p><a href=\"http:\/\/ce-resd.sbc.org.br\/sbrc\/2012\/ST9_3.pdf\">Corre\u00e7\u00e3o de PCR integrada \u00e0 adapta\u00e7\u00e3o de taxa para processadores de fluxos de transporte MPEG-2. pp. 436-447<\/a><br \/>\nHeitor J. Savino, Eddie B. L. Filho<\/p>\n<p><a href=\"http:\/\/ce-resd.sbc.org.br\/sbrc\/2012\/ST10_1.pdf\">Classifica\u00e7\u00e3o autom\u00e1tica de coss-site scripting em p\u00e1ginas Web. pp. 450-463<\/a><br \/>\nEduardo Nunan, Eduardo Souto, Eulanda M. dos Santos, Eduardo Feitosa<\/p>\n<p><a href=\"http:\/\/ce-resd.sbc.org.br\/sbrc\/2012\/ST10_2.pdf\">Previs\u00e3o de popularidade de v\u00eddeos no YouTube utilizando padr\u00f5es de acesso iniciais. pp. 464-477<\/a><br \/>\nHenrique Pinto, Jussara M. Almeida, Marcos Gon\u00e7alves<\/p>\n<p><a href=\"http:\/\/ce-resd.sbc.org.br\/sbrc\/2012\/ST10_3.pdf\">Caracteriza\u00e7\u00e3o e influ\u00eancia do uso de tips e dones no Foursquare. pp. 478-491<\/a><br \/>\nMarisa Vasconcelos, Saulo Ricci, Jussara M. Almeida, Fabricio Benevenuto, Virg\u00edlio Almeida<\/p>\n<p><a href=\"http:\/\/ce-resd.sbc.org.br\/sbrc\/2012\/ST11_1.pdf\">Mapeamento energeticamente eficiente de redes virtuais em substratos f\u00edsicos. pp. 494-507<\/a><br \/>\nEsteban Rodriguez B., Gustavo P. Alkmim , Daniel M. Batista, Nelson L. S. da Fonseca<\/p>\n<p><a href=\"http:\/\/ce-resd.sbc.org.br\/sbrc\/2012\/ST11_2.pdf\">Escalonamento com prioridade na aloca\u00e7\u00e3o ciente de energia de m\u00e1quinas virtuais em nuvens. pp. 508-521<\/a><br \/>\nDaniel G. Lago, Edmundo R. M. Madeira, Luiz Fernando Bittencourt<\/p>\n<p><a href=\"http:\/\/ce-resd.sbc.org.br\/sbrc\/2012\/ST11_3.pdf\">Infraestrutura baseada em virtualiza\u00e7\u00e3o para servi\u00e7os tolerantes a intrus\u00f5es. pp. 522-535<\/a><br \/>\nJim Lau, Luciano Barreto, Joni da Silva Fraga<\/p>\n<p><a href=\"http:\/\/ce-resd.sbc.org.br\/sbrc\/2012\/ST11_4.pdf\">QFlow: um sistema com garantia de isolamento e oferta de qualidade de servi\u00e7o para redes virtualizadas. pp. 536-549<\/a><br \/>\nDiogo Menezes Ferrazani Mattos, Otto Carlos Muniz Bandeira Duarte<\/p>\n<p><a href=\"http:\/\/ce-resd.sbc.org.br\/sbrc\/2012\/ST12_1.pdf\">Aprovisionamento de Lightpath inter-dom\u00ednio baseado em PCE. pp. 552-565<\/a><br \/>\nAlisson S. L. Pontes, Nelson L. S. da Fonseca, Andr\u00e9 C. Drummond<\/p>\n<p><a href=\"http:\/\/ce-resd.sbc.org.br\/sbrc\/2012\/ST12_2.pdf\">Um algoritmo de baixa complexidade para o estabelecimento de conex\u00f5es energeticamente eficientes em redes WDM. pp. 566-579<\/a><br \/>\nRafael A. Scaraficci, Nelson L. S. da Fonseca, Marcos R. Salvador<\/p>\n<p><a href=\"http:\/\/ce-resd.sbc.org.br\/sbrc\/2012\/ST12_3.pdf\">Roteamento adaptativo de menor caminho para redes \u00f3pticas transl\u00facidas. pp. 580-593<\/a><br \/>\nGilvan Dur\u00e3es, Andr\u00e9 Soares, William Giozza, Jos\u00e9 Suruagy Monteiro<\/p>\n<p><a href=\"http:\/\/ce-resd.sbc.org.br\/sbrc\/2012\/ST13_1.pdf\">Emprego de resili\u00eancia na ger\u00eancia de redes de computadores. pp. 596-609<\/a><br \/>\nMarcelo F. Vasconcelos, Ronaldo M. Salles<\/p>\n<p><a href=\"http:\/\/ce-resd.sbc.org.br\/sbrc\/2012\/ST13_2.pdf\">Uma avalia\u00e7\u00e3o da robustez intra data centers baseada na topologia da rede. pp. 610-623<\/a><br \/>\nRodrigo S. Couto, Miguel Elias M. Campista, Lu\u00eds Henrique M. K. Costa<\/p>\n<p><a href=\"http:\/\/ce-resd.sbc.org.br\/sbrc\/2012\/ST13_3.pdf\">Solu\u00e7\u00f5es exatas para o problema de replica\u00e7\u00e3o e distribui\u00e7\u00e3o de requisi\u00e7\u00f5es em redes de distribui\u00e7\u00e3o de conte\u00fados. pp. 624-637<\/a><br \/>\nTiago Ara\u00fajo Neves, Luiz Satoru Ochi, C\u00e9lio Albuquerque<\/p>\n<p><a href=\"http:\/\/ce-resd.sbc.org.br\/sbrc\/2012\/ST14_1.pdf\">Estrat\u00e9gias de cache para a redu\u00e7\u00e3o do consumo de banda e dos atrasos na distribui\u00e7\u00e3o de v\u00eddeo sob-demanda na Internet. pp. 640-653<\/a><br \/>\nJosilene A. Moreira, M\u00e1rcio Neves, Victor Souza, Djamel Sadok<\/p>\n<p><a href=\"http:\/\/ce-resd.sbc.org.br\/sbrc\/2012\/ST14_2.pdf\">RAFLE: uma proposta para diferencia\u00e7\u00e3o de fluxos sem manuten\u00e7\u00e3o de estados em roteadores. pp. 654-667<\/a><br \/>\nSalim S. Mussi, Mois\u00e9s R. N. Ribeiro<\/p>\n<p><a href=\"http:\/\/ce-resd.sbc.org.br\/sbrc\/2012\/ST14_3.pdf\">Modelagem Multihoming em redes heterog\u00eaneas e proposta de distribui\u00e7\u00e3o de carga utilizando o aCMT. pp. 668-681<\/a><br \/>\nLorena Marques Avelar, Edson Adriano M. Avelar, Kelvin Lopes Dias<\/p>\n<p><a href=\"http:\/\/ce-resd.sbc.org.br\/sbrc\/2012\/ST15_1.pdf\">Avalia\u00e7\u00e3o de desempenho do escalonador DBQUS na rede integrada EPON-WiMAX. pp. 684-697<\/a><br \/>\nMariana Piquet Dias, Nelson Luis Saldanha da Fonseca<\/p>\n<p><a href=\"http:\/\/ce-resd.sbc.org.br\/sbrc\/2012\/ST15_2.pdf\">Impacto da comuta\u00e7\u00e3o OBS na probabilidade de bloqueio OCS em redes h\u00edbridas OCS\/OBS. pp. 698-711<\/a><br \/>\nIgo Moura, Felipe Mazullo, Jos\u00e9 Maranh\u00e3o, Andr\u00e9 Soares<\/p>\n<p><a href=\"http:\/\/ce-resd.sbc.org.br\/sbrc\/2012\/ST15_3.pdf\">Protocolos MAC para integra\u00e7\u00e3o de redes de sensores sem fio baseado em r\u00e1dio-sobre-fibra. pp. 712-725<\/a><br \/>\nTiago P. C. de Andrade, Nelson L. S. da Fonseca, Leonardo B. Oliveira, Omar C. Branquinho<\/p>\n<p><a href=\"http:\/\/ce-resd.sbc.org.br\/sbrc\/2012\/ST16_1.pdf\">Condi\u00e7\u00f5es de conectividade de algoritmos de exclus\u00e3o m\u00fatua em redes din\u00e2micas. pp. 728-741<\/a><br \/>\nPaulo H. Floriano, Luciana Arantes, Alfredo Goldman<\/p>\n<p><a href=\"http:\/\/ce-resd.sbc.org.br\/sbrc\/2012\/ST16_2.pdf\">Impacto de m\u00e9tricas de QoS no desempenho de detectores auto-gerenci\u00e1veis de defeitos para sistemas distribu\u00eddos. pp. 742-755<\/a><br \/>\nAlirio Santos de S\u00e1, Raimundo Jos\u00e9 de Ara\u00fajo Mac\u00eado<\/p>\n<p><a href=\"http:\/\/ce-resd.sbc.org.br\/sbrc\/2012\/ST16_3.pdf\">Consenso com participantes desconhecidos em mem\u00f3ria compartilhada. pp. 756-769<\/a><br \/>\nC\u00e1tia Khouri, Fab\u00edola Greve, S\u00e9bastien Tixeuil<\/p>\n<p><a href=\"http:\/\/ce-resd.sbc.org.br\/sbrc\/2012\/ST17_1.pdf\">Discretiza\u00e7\u00e3o do tempo na utiliza\u00e7\u00e3o de programa\u00e7\u00e3o linear para o problema de escalonamento de workflows em m\u00faltiplos provedores de nuvem. pp. 772-785<\/a><br \/>\nThiago A. L. Genez, Luiz F. Bittencourt, Edmundo R. M. Madeira<\/p>\n<p><a href=\"http:\/\/ce-resd.sbc.org.br\/sbrc\/2012\/ST17_2.pdf\">Avalia\u00e7\u00e3o de servi\u00e7os de computa\u00e7\u00e3o na nuvem para aplica\u00e7\u00f5es de e-Ci\u00eancia. pp. 786-799<\/a><br \/>\nF\u00e1bio Jorge Almeida Morais, Francisco Vilar Brasileiro<\/p>\n<p><a href=\"http:\/\/ce-resd.sbc.org.br\/sbrc\/2012\/ST17_3.pdf\">Modelagem da carga de trabalho de grades computacionais baseada no comportamento dos usu\u00e1rios. pp. 800-813<\/a><br \/>\nMarcus Carvalho, Francisco Brasileiro<\/p>\n<p><a href=\"http:\/\/ce-resd.sbc.org.br\/sbrc\/2012\/ST17_4.pdf\">OddCI-Ginga: uma plataforma para computa\u00e7\u00e3o de alta vaz\u00e3o baseada em receptores de TV digital. pp. 814-827<\/a><br \/>\nDiogo Henrique D. Bezerra, Rostand Costa, D\u00eanio Mariz Sousa, Di\u00e9nert A. Vieira, Guido Lemos de Souza Filho, Francisco Vilar Brasileiro<\/p>\n<p><a href=\"http:\/\/ce-resd.sbc.org.br\/sbrc\/2012\/ST18_1.pdf\">Um protocolo de localiza\u00e7\u00e3o ass\u00edncrono para RSSF heterog\u00eaneas centradas em ator. pp. 830-843<\/a><br \/>\nJos\u00e9 Souza de Jesus, Paulo Andr\u00e9 da S. Gon\u00e7alves<\/p>\n<p><a href=\"http:\/\/ce-resd.sbc.org.br\/sbrc\/2012\/ST18_2.pdf\">Um framework de r\u00e1dios cognitivos para redes de sensores sem fio. pp. 844-857<\/a><br \/>\nLuiz H. A. Correia, Erasmo E. Oliveira, Daniel F. Macedo, Pedro M. Moura, Antonio A. F. Loureiro, Jorge S\u00e1 Silva<\/p>\n<p><a href=\"http:\/\/ce-resd.sbc.org.br\/sbrc\/2012\/ST18_3.pdf\">Influ\u00eancia da topologia da \u00e1rea de movimenta\u00e7\u00e3o na capacidade de transmiss\u00e3o de redes DTN de pessoas. pp. 858-871<\/a><br \/>\nDanilo A. Moschetto, Douglas O. Freitas, Lourdes P. P. Poma, Ricardo A. P. Almeida, H\u00e9lio C. Guardia, Cesar A. C. Marcondes<\/p>\n<p><a href=\"http:\/\/ce-resd.sbc.org.br\/sbrc\/2012\/ST18_4.pdf\">Roteamento adaptativo a contextos para redes tolerantes a atrasos e desconex\u00f5es. pp. 872-885<\/a><br \/>\nEtienne C. R. de Oliveira, C\u00e9lio V. N. de Albuquerque<\/p>\n","protected":false},"excerpt":{"rendered":"<p>Artigos da Trilha Principal Energy and spectral efficiencies trade-off with filter optimization in multiple access interference-aware networks. pp. 30-43 \u00c1lvaro R. C. Souza, Taufik Abr\u00e3o, Lucas H. Sampaio, Paul Jean E. Jeszensky Mecanismo de Handoff de espectro para r\u00e1dios cognitivos. &hellip; <a href=\"https:\/\/ce-resd.sbc.org.br\/?page_id=108\">Continue lendo <span class=\"meta-nav\">&rarr;<\/span><\/a><\/p>\n","protected":false},"author":3,"featured_media":0,"parent":0,"menu_order":0,"comment_status":"closed","ping_status":"closed","template":"","meta":{"_daextinma_seo_power":"","_daextinma_enable_ail":"","footnotes":""},"class_list":["post-108","page","type-page","status-publish","hentry"],"_links":{"self":[{"href":"https:\/\/ce-resd.sbc.org.br\/index.php?rest_route=\/wp\/v2\/pages\/108","targetHints":{"allow":["GET"]}}],"collection":[{"href":"https:\/\/ce-resd.sbc.org.br\/index.php?rest_route=\/wp\/v2\/pages"}],"about":[{"href":"https:\/\/ce-resd.sbc.org.br\/index.php?rest_route=\/wp\/v2\/types\/page"}],"author":[{"embeddable":true,"href":"https:\/\/ce-resd.sbc.org.br\/index.php?rest_route=\/wp\/v2\/users\/3"}],"replies":[{"embeddable":true,"href":"https:\/\/ce-resd.sbc.org.br\/index.php?rest_route=%2Fwp%2Fv2%2Fcomments&post=108"}],"version-history":[{"count":0,"href":"https:\/\/ce-resd.sbc.org.br\/index.php?rest_route=\/wp\/v2\/pages\/108\/revisions"}],"wp:attachment":[{"href":"https:\/\/ce-resd.sbc.org.br\/index.php?rest_route=%2Fwp%2Fv2%2Fmedia&parent=108"}],"curies":[{"name":"wp","href":"https:\/\/api.w.org\/{rel}","templated":true}]}}