{"id":107,"date":"2013-03-19T02:40:57","date_gmt":"2013-03-19T02:40:57","guid":{"rendered":"http:\/\/ce-resd.sbc.org.br\/?page_id=107"},"modified":"2013-04-29T13:12:10","modified_gmt":"2013-04-29T13:12:10","slug":"anais-2010","status":"publish","type":"page","link":"https:\/\/ce-resd.sbc.org.br\/?page_id=107","title":{"rendered":"Anais &#8211; XXVIII SBRC (2010)"},"content":{"rendered":"<p><strong><span style=\"font-size: large;\">Artigos da Trilha Principal<\/span><\/strong><\/p>\n<p><a href=\"http:\/\/ce-resd.sbc.org.br\/sbrc\/2010\/001.pdf\">P2P streaming de alta defini\u00e7\u00e3o: an\u00e1lise quantitativa de esquemas de assinatura digital para autentica\u00e7\u00e3o de conte\u00fado. pp. 3-16<\/a><br \/>\nRafael Vieira Coelho, Marinho Pilla Barcellos, Ingrid Jansch-P\u00f4rto, Luciano Gaspary<\/p>\n<p><a href=\"http:\/\/ce-resd.sbc.org.br\/sbrc\/2010\/002.pdf\">Dois pesos, duas medidas: gerenciamento de identidades orientado a desafios adaptativos para conten\u00e7\u00e3o de Sybils. pp. 17-30<\/a><br \/>\nGustavo Huff Mauch, Fl\u00e1vio Roberto Santos, Weverton Luis da Costa Cordeiro, Marinho Pilla Barcellos, Luciano Paschoal Gaspary<\/p>\n<p><a href=\"http:\/\/ce-resd.sbc.org.br\/sbrc\/2010\/003.pdf\">Modelo de gerenciamento de seguran\u00e7a adaptativo para redes de emerg\u00eancia. pp. 31-44<\/a><br \/>\nThiago Rodrigues de Oliveira, S\u00e9rgio de Oliveira, Jos\u00e9 Marcos Nogueira<\/p>\n<p><a href=\"http:\/\/ce-resd.sbc.org.br\/sbrc\/2010\/004.pdf\">Identifica\u00e7\u00e3o e caracteriza\u00e7\u00e3o de spammers a partir de listas de destinat\u00e1rios. pp. 45-57<\/a><br \/>\nPedro H. Calais Guerra, Marco T\u00falio Ribeiro, Dorgival Olavo Guedes, Wagner Meira Jr., Cristine Hoepers, Klaus Steding-Jessen, Marcelo H. P. C. Chaves<\/p>\n<p><a href=\"http:\/\/ce-resd.sbc.org.br\/sbrc\/2010\/005.pdf\">Comunica\u00e7\u00e3o de dados baseada no receptor para redes de sensores sem fio. pp. 61-74<\/a><br \/>\nMax do Val Machado, Raquel A. F. Mini, Antonio A. F. Loureiro<\/p>\n<p><a href=\"http:\/\/ce-resd.sbc.org.br\/sbrc\/2010\/006.pdf\">Envio de dados de consulta para sinks m\u00f3veis em alta velocidade em redes de sensores sem fio. pp. 75-88<\/a><br \/>\nHor\u00e1cio A. B. F. Oliveira, Raimundo S. Barreto, Awdren L. Font\u00e3o, Eduardo F. Nakamura, Antonio A. F. Loureiro<\/p>\n<p><a href=\"http:\/\/ce-resd.sbc.org.br\/sbrc\/2010\/007.pdf\">Projeto integrado para comunica\u00e7\u00e3o de dados em redes de sensores sem fio. pp. 89-102<\/a><br \/>\nFelipe Domingos da Cunha, Michelle Nery Nascimento, Raquel A. F. Mini, Antonio A. F. Loureiro<\/p>\n<p><a href=\"http:\/\/ce-resd.sbc.org.br\/sbrc\/2010\/008.pdf\">Um algoritmo de amostragem multivariada para redes de sensores sem fio. pp. 103-116<\/a><br \/>\nOrlando Silva Junior, Andre L. L. Aquino, Raquel A. F. Mini<\/p>\n<p><a href=\"http:\/\/ce-resd.sbc.org.br\/sbrc\/2010\/009.pdf\">Uma arquitetura para resolu\u00e7\u00e3o de conflitos coletivos em sistemas ub\u00edquos e cientes de contexto. pp. 119-132<\/a><br \/>\nThais R. M. B. Silva, Linnyer B. Ruiz, Antonio A. F. Loureiro<\/p>\n<p><a href=\"http:\/\/ce-resd.sbc.org.br\/sbrc\/2010\/010.pdf\">Mobile users are not static users on the move. pp. 133-143<\/a><br \/>\nJo\u00e3o Garcia, Jo\u00e3o Leit\u00e3o, Paulo Ferreira<\/p>\n<p><a href=\"http:\/\/ce-resd.sbc.org.br\/sbrc\/2010\/011.pdf\">Sensibilidade a contexto na gest\u00e3o eficiente de energia el\u00e9trica. pp. 145-158<\/a><br \/>\nJulio Chagas, Carlos Ferraz, Ana Paula Alves, Gustavo Carvalho<\/p>\n<p><a href=\"http:\/\/ce-resd.sbc.org.br\/sbrc\/2010\/012.pdf\">Roteamento em redes em malha sem fio IEEE 802.11 com adapta\u00e7\u00e3o de largura de canal. pp. 161-174<\/a><br \/>\nCelso Barbosa Carvalho, Jos\u00e9 Ferreira de Rezende<\/p>\n<p><a href=\"http:\/\/ce-resd.sbc.org.br\/sbrc\/2010\/013.pdf\">ZAP: um algoritmo de atribui\u00e7\u00e3o distribu\u00edda de canais para mitiga\u00e7\u00e3o de interfer\u00eancias em redes com r\u00e1dio cognitivo. pp. 175-188<\/a><br \/>\nPaulo R. Walenga Jr., Mauro Fonseca, Anelise Munaretto, Aline Carneiro Viana, Artur Ziviani<\/p>\n<p><a href=\"http:\/\/ce-resd.sbc.org.br\/sbrc\/2010\/014.pdf\">Impacto do roteamento no escalonamento de enlaces em redes em malhas sem fio. pp. 189-202<\/a><br \/>\nCarlos Henrique Pereira Augusto, Celso Barbosa Carvalho, Marcel William Rocha da Silva, Jos\u00e9 Ferreira de Rezende<\/p>\n<p><a href=\"http:\/\/ce-resd.sbc.org.br\/sbrc\/2010\/015.pdf\">D\u00c9GRAD\u00c9: usando anota\u00e7\u00f5es para aumentar a qualidade de downloads em sistemas de compartilhamento de arquivos. pp. 205-218<\/a><br \/>\nFl\u00e1vio Roberto Santos, Weverton Luis da Costa Cordeiro, Marinho Pilla Barcellos, Luciano Paschoal Gaspary<\/p>\n<p><a href=\"http:\/\/ce-resd.sbc.org.br\/sbrc\/2010\/016.pdf\">Sele\u00e7\u00e3o de parceiros em sistemas par-a-par de v\u00eddeo sob demanda. pp. 219-232<\/a><br \/>\nIgor M. Moraes, Otto Carlos M. B. Duarte<\/p>\n<p><a href=\"http:\/\/ce-resd.sbc.org.br\/sbrc\/2010\/017.pdf\">Observando o universo BitTorrent atrav\u00e9s de telesc\u00f3pios. pp. 233-246<\/a><br \/>\nRodrigo Brand\u00e3o Mansilha, Alan Mezzomo, Giovani Facchini, Luciano Paschoal Gaspary, Marinho Pilla Barcellos<\/p>\n<p><a href=\"http:\/\/ce-resd.sbc.org.br\/sbrc\/2010\/018.pdf\">DESRO: um protocolo de roteamento com gerenciamento din\u00e2mico de energia para redes de sensores sem fio. pp. 249-262<\/a><br \/>\nArthur V. M. Dantas, Carlos de Castro Goulart, Mauro Nacif Rocha, Ricardo dos Santos Ferreira<\/p>\n<p><a href=\"http:\/\/ce-resd.sbc.org.br\/sbrc\/2010\/019.pdf\">Resource consumption analysis for a structural health monitoring algorithm using wireless sensor networks. pp. 263-276<\/a><br \/>\nIgor Le\u00e3o dos Santos, Luci Pirmez, \u00c9rico Lemos, Luiz Vaz, Fl\u00e1via C. Delicato, Neuman Souza<\/p>\n<p><a href=\"http:\/\/ce-resd.sbc.org.br\/sbrc\/2010\/020.pdf\">Escalonamento din\u00e2mico de compartilhamentos de tempo garantido em redes IEEE 802.15.4. pp. 277-290<\/a><br \/>\nTiago Semprebom, Victor Maryama, Gustavo Zomer, Carlos Montez, Francisco Vasques, Paulo Portugal<\/p>\n<p><a href=\"http:\/\/ce-resd.sbc.org.br\/sbrc\/2010\/021.pdf\">Uma abordagem de fus\u00e3o de dados em redes de sensores para reduzir o impacto de erros de localiza\u00e7\u00e3o em algoritmos de rastreamento. pp. 291-304<\/a><br \/>\n\u00c9fren L. Souza, Eduardo F. Nakamura, Hor\u00e1cio A. B. F. de Oliveira<\/p>\n<p><a href=\"http:\/\/ce-resd.sbc.org.br\/sbrc\/2010\/022.pdf\">An\u00e1lise de estrat\u00e9gias de computa\u00e7\u00e3o verde em grades computacionais oportunistas. pp. 307-320<\/a><br \/>\nLesandro Ponciano, Jaindson Santana, Marcus Carvalho, Matheus Gaudencio, Francisco Brasileiro<\/p>\n<p><a href=\"http:\/\/ce-resd.sbc.org.br\/sbrc\/2010\/023.pdf\">Provendo efici\u00eancia e justi\u00e7a em um sistema de cache em disco para grades computacionais entre-pares. pp. 321-334<\/a><br \/>\nRafael Silva, Francisco Brasileiro, Raquel Lopes<\/p>\n<p><a href=\"http:\/\/ce-resd.sbc.org.br\/sbrc\/2010\/024.pdf\">Algoritmos branch-and-prune aut\u00f4nomos. pp. 335-348<\/a><br \/>\nFernanda G. Oliveira, Vinod E. F. Rebello<\/p>\n<p><a href=\"http:\/\/ce-resd.sbc.org.br\/sbrc\/2010\/025.pdf\">JUMP: a unified scheduling policy with process migration. pp. 349-361<\/a><br \/>\nJuliano F. Ravasi, Marcos J. Santana, Regina Helena C. Santana<\/p>\n<p><a href=\"http:\/\/ce-resd.sbc.org.br\/sbrc\/2010\/026.pdf\">Avalia\u00e7\u00e3o de desempenho do protocolo DCCP na presen\u00e7a de erros de transmiss\u00e3o. pp. 365-378<\/a><br \/>\nPriscila Gon\u00e7alves Doria, Marco Aur\u00e9lio Spohn<\/p>\n<p><a href=\"http:\/\/ce-resd.sbc.org.br\/sbrc\/2010\/027.pdf\">Caracteriza\u00e7\u00e3o de tr\u00e1fego SMTP na rede de origem. pp. 379-392<\/a><br \/>\nLuis Henrique D. Castilho, Pedro Henrique B. Las Casas, Mateus D. Dutra, Saulo M. R. Ricci, Humberto T. Marques-Neto, Artur Ziviani, Dorgival Guedes, Jussara M. Almeida, Virg\u00edlio A. F. Almeida<\/p>\n<p><a href=\"http:\/\/ce-resd.sbc.org.br\/sbrc\/2010\/028.pdf\">Homeostatic congestion control. pp. 393-406<\/a><br \/>\nLuiz Claudio Schara Magalh\u00e3es, Marcos V. S. Monteiro, Ricardo C. Carrano<\/p>\n<p><a href=\"http:\/\/ce-resd.sbc.org.br\/sbrc\/2010\/029.pdf\">Medi\u00e7\u00e3o, an\u00e1lise e modelagem de tempos de ida-e-volta na Internet. pp. 407-420<\/a><br \/>\nEverthon Valad\u00e3o, Assahaf Ge\u00e7ary, Thiago Silva, Dorgival Guedes, Ricardo Duarte<\/p>\n<p><a href=\"http:\/\/ce-resd.sbc.org.br\/sbrc\/2010\/030.pdf\">Roteamento oportun\u00edstico em redes de sensores tolerantes a atrasos e desconex\u00f5es. pp. 423-436<\/a><br \/>\nFelipe Domingos da Cunha, Heitor S. Ramos, Raquel A. F. Mini, Antonio A. F. Loureiro<\/p>\n<p><a href=\"http:\/\/ce-resd.sbc.org.br\/sbrc\/2010\/031.pdf\">Sobre o consumo de energia dos mecanismos de descoberta de dispositivos em redes tolerantes a atrasos e interrup\u00e7\u00f5es. pp. 437-450<\/a><br \/>\nTiago Souza Azevedo, Lu\u00eds Felipe M. de Moraes<\/p>\n<p><a href=\"http:\/\/ce-resd.sbc.org.br\/sbrc\/2010\/032.pdf\">APRP-Group: roteamento para redes DTN com repasse baseado em agrupamento de nodos por potencial de entrega. pp. 451-464<\/a><br \/>\nCristina M. Nunes, Fernando Lu\u00eds Dotti, Jo\u00e3o Batista S. de Oliveira<\/p>\n<p><a href=\"http:\/\/ce-resd.sbc.org.br\/sbrc\/2010\/033.pdf\">Jornadas mais r\u00e1pidas e compromissos em DTNs. pp. 465-478<\/a><br \/>\nAlfredo Goldman, C\u00e1ssia G. Ferreira, C\u00e9sar G. Machado, Paulo H. Floriano<\/p>\n<p><a href=\"http:\/\/ce-resd.sbc.org.br\/sbrc\/2010\/034.pdf\">Avaliando a efic\u00e1cia e a efici\u00eancia da busca par-a-par por conte\u00fado. pp. 481-494<\/a><br \/>\nEduardo Cola\u00e7o, Eder Martins, Jussara Almeida, Marcos Gon\u00e7alves<\/p>\n<p><a href=\"http:\/\/ce-resd.sbc.org.br\/sbrc\/2010\/035.pdf\">NodeWiz-R: um sistema para a indexa\u00e7\u00e3o expressiva, eficiente e auto-gerenci\u00e1vel de recursos distribu\u00eddos na Internet. pp. 495-508<\/a><br \/>\nJos\u00e9 F. M. Vieira J\u00fanior, Paulo R. M. Gomes, Francisco Brasileiro, L\u00edvia Sampaio<\/p>\n<p><a href=\"http:\/\/ce-resd.sbc.org.br\/sbrc\/2010\/036.pdf\">Uma arquitetura h\u00edbrida para buscas complexas em redes P2P. pp. 509-522<\/a><br \/>\nP\u00e9ricles C. M. Lopes,\u00a0Ronaldo A. Ferreira<\/p>\n<p><a href=\"http:\/\/ce-resd.sbc.org.br\/sbrc\/2010\/037.pdf\">Algoritmo para roteamento e agrega\u00e7\u00e3o de tr\u00e1fego em redes \u00f3pticas inter-dom\u00ednio. pp. 525-538<\/a><br \/>\nRenato T. R. da Silva,\u00a0Andr\u00e9 C. Drummond,\u00a0Nelson L. S. da Fonseca,\u00a0Admela Jukan<\/p>\n<p><a href=\"http:\/\/ce-resd.sbc.org.br\/sbrc\/2010\/038.pdf\">Um algoritmo heur\u00edstico para roteamento robusto baseado em avalia\u00e7\u00e3o de fluxo m\u00e1ximo. pp. 539-552<\/a><br \/>\nMaverson E. S. Rosa,\u00a0Elias P. Duarte Jr.<\/p>\n<p><a href=\"http:\/\/ce-resd.sbc.org.br\/sbrc\/2010\/039.pdf\">Data center networking with in-packet Bloom filters. pp. 553-566<\/a><br \/>\nChristian Esteve Rothenberg,\u00a0Carlos A. B. Macapuna,\u00a0F\u00e1bio L. Verdi,\u00a0Maur\u00edcio F. Magalh\u00e3es,\u00a0Andr\u00e1s Zahemszky<\/p>\n<p><a href=\"http:\/\/ce-resd.sbc.org.br\/sbrc\/2010\/040.pdf\">Uma Abordagem adaptativa para detec\u00e7\u00e3o de falhas em redes veiculares ad hoc. pp. 569-583<\/a><br \/>\nEduardo Cambruzzi, Jean-Marie Farines,\u00a0Raimundo Jos\u00e9 de Ara\u00fajo Mac\u00eado,\u00a0Werner Kraus Jr.<\/p>\n<p><a href=\"http:\/\/ce-resd.sbc.org.br\/sbrc\/2010\/041.pdf\">Caracteriza\u00e7\u00e3o da mobilidade veicular e o seu impacto nas redes veiculares tolerantes a atrasos e desconex\u00f5es. pp. 585-598<\/a><br \/>\nCarlos A. V. Campos,\u00a0Lu\u00eds F. M. de Moraes,\u00a0Rodrigo F. Silva<\/p>\n<p><a href=\"http:\/\/ce-resd.sbc.org.br\/sbrc\/2010\/042.pdf\">Um mecanismo de reputa\u00e7\u00e3o para redes veiculares tolerantes a atrasos e desconex\u00f5es. pp. 599-612<\/a><br \/>\nWellington Passos de Paula,\u00a0S\u00e9rgio de Oliveira,\u00a0Jos\u00e9 Marcos Nogueira<\/p>\n<p><a href=\"http:\/\/ce-resd.sbc.org.br\/sbrc\/2010\/043.pdf\">Swarm power-rate optimization in multi-class services DS\/CDMA networks. pp. 615-628<\/a><br \/>\nLucas Dias H. Sampaio,\u00a0Mois\u00e9s F. Lima,\u00a0Bruno B. Zarpel\u00e3o,\u00a0Mario Lemes Proen\u00e7a Jr., \u00a0Taufik Abr\u00e3o<\/p>\n<p><a href=\"http:\/\/ce-resd.sbc.org.br\/sbrc\/2010\/044.pdf\">QoS no canal de controle do padr\u00e3o IEEE 802.16 no modo Mesh. pp. 629-642<\/a><br \/>\nCec\u00edlia A. Castro C\u00e9sar,\u00a0Nelson L. S. da Fonseca,\u00a0Solon Ven\u00e2ncio de Carvalho<\/p>\n<p><a href=\"http:\/\/ce-resd.sbc.org.br\/sbrc\/2010\/045.pdf\">Controle de admiss\u00e3o em redes IEEE 802.16. pp. 643-656<\/a><br \/>\nJuliana Freitag Borin,\u00a0Nelson L. S. da Fonseca<\/p>\n<p><a href=\"http:\/\/ce-resd.sbc.org.br\/sbrc\/2010\/046.pdf\">On the reduction of scalable video base-layer packet loss rate on FIFO\/Drop-tail queues. pp. 659-672<\/a><br \/>\nGuilherme D. G. Jaime,\u00a0Edmundo de Souza e Silva,\u00a0Rosa Maria Meri Le\u00e3o,\u00a0Jos\u00e9 Roberto Boisson de Marca<\/p>\n<p><a href=\"http:\/\/ce-resd.sbc.org.br\/sbrc\/2010\/047.pdf\">Classical playout buffer algorithm revisited. pp. 673-682<\/a><br \/>\nCarlos A. Rodr\u00edguez L\u00f3pez,\u00a0Vitalio Alfonso Reguera,\u00a0Evelio M. G. Fern\u00e1ndez,\u00a0Walter Godoy Jr.<\/p>\n<p><a href=\"http:\/\/ce-resd.sbc.org.br\/sbrc\/2010\/048.pdf\">Previs\u00e3o de carga para economia de energia em aglomerados de servidores Web. pp. 683-696<\/a><br \/>\nCarlos Henrique Sant\u2019 Ana,\u00a0J. C. B. Leite,\u00a0Daniel Moss\u00e9<\/p>\n<p><a href=\"http:\/\/ce-resd.sbc.org.br\/sbrc\/2010\/049.pdf\">Redu\u00e7\u00e3o do tempo de zapping em servi\u00e7os IPTV sobre redes GPON utilizando v\u00eddeos escal\u00e1veis. pp. 699-712<\/a><br \/>\nMarcos P. Mokarzel,\u00a0Sandro M. Rossi,\u00a0Andr\u00e9 B. Sassi,\u00a0M\u00f4nica L. Rocha<\/p>\n<p><a href=\"http:\/\/ce-resd.sbc.org.br\/sbrc\/2010\/050.pdf\">Registro e autentica\u00e7\u00e3o remotos com otimiza\u00e7\u00e3o do fluxo de m\u00eddia em uma federa\u00e7\u00e3o SIP. pp. 713-726<\/a><br \/>\nM\u00e1rcio R. Galhano,\u00a0Paulo H. de Aguiar Rodrigues<\/p>\n<p><a href=\"http:\/\/ce-resd.sbc.org.br\/sbrc\/2010\/051.pdf\">BIVoD: um novo protocolo P2P para acesso interativo em sistemas de v\u00eddeo sob demanda. pp. 727-740<\/a><br \/>\nLuiz J. H. Filho,\u00a0Carlo K. da S. Rodrigues,\u00a0Rosa M. M. Le\u00e3o<\/p>\n<p><a href=\"http:\/\/ce-resd.sbc.org.br\/sbrc\/2010\/052.pdf\">Avaliando o uso de espa\u00e7o de tuplas como alternativa para implementa\u00e7\u00e3o de servi\u00e7os tolerantes a faltas bizantinas. pp. 743-756<\/a><br \/>\nAldelir Fernando Luiz,\u00a0Lau Cheuk Lung, Alysson Neves Bessani<\/p>\n<p><a href=\"http:\/\/ce-resd.sbc.org.br\/sbrc\/2010\/053.pdf\">Um detector de defeitos cumulativo baseado em uma abordagem difusa. pp. 757-770<\/a><br \/>\nJo\u00e1s E. Souza,\u00a0Fernando Castor<\/p>\n<p><a href=\"http:\/\/ce-resd.sbc.org.br\/sbrc\/2010\/054.pdf\">Um servi\u00e7o baseado em SNMP para detec\u00e7\u00e3o de falhas de processos distribu\u00eddos em m\u00faltiplos sistemas aut\u00f4nomos. pp. 771-784<\/a><br \/>\nDionei M. Moraes,\u00a0Elias P. Duarte Jr.<\/p>\n<p><a href=\"http:\/\/ce-resd.sbc.org.br\/sbrc\/2010\/055.pdf\">Detectores de defeitos auton\u00f4micos para sistemas distribu\u00eddos. pp. 785-798<\/a><br \/>\nAlirio Santos de S\u00e1,\u00a0Raimundo Jos\u00e9 de Ara\u00fajo Mac\u00eado<\/p>\n<p><a href=\"http:\/\/ce-resd.sbc.org.br\/sbrc\/2010\/056.pdf\">Algoritmo para a provis\u00e3o de confiabilidade diferenciada em redes \u00f3pticas sens\u00edveis \u00e0s limita\u00e7\u00f5es da camada f\u00edsica. pp. 801-814<\/a><br \/>\nS\u00e1vio R. A. dos S. Rosa,\u00a0Andr\u00e9 C. Drummond,\u00a0Nelson L. S. da Fonseca<\/p>\n<p><a href=\"http:\/\/ce-resd.sbc.org.br\/sbrc\/2010\/057.pdf\">Um algoritmo \u00f3timo linear para o problema de escalonamento em lote em redes OBS. pp. 815-828<\/a><br \/>\nGustavo B. Figueiredo,\u00a0Nelson L. S. da Fonseca<\/p>\n<p><a href=\"http:\/\/ce-resd.sbc.org.br\/sbrc\/2010\/058.pdf\">Aloca\u00e7\u00e3o de comprimento de onda em redes \u00f3pticas considerando as degrada\u00e7\u00f5es de camada f\u00edsica. pp. 829-840<\/a><br \/>\nJos\u00e9 Maranh\u00e3o,\u00a0Andr\u00e9 Soares,\u00a0H\u00e9lio Waldman<\/p>\n<p><a href=\"http:\/\/ce-resd.sbc.org.br\/sbrc\/2010\/059.pdf\">Um framework para dimensionamento de redes \u00f3ticas em ambientes competitivos. pp. 841-854<\/a><br \/>\nHelio Waldman,\u00a0Rodrigo C. Bortoletto,\u00a0Gustavo S. Pavani<\/p>\n<p><a href=\"http:\/\/ce-resd.sbc.org.br\/sbrc\/2010\/060.pdf\">Escalonamento distribu\u00eddo de inunda\u00e7\u00f5es em redes ad hoc m\u00f3veis. pp. 857-870<\/a><br \/>\nCarlos Henrique Pereira Augusto, Jos\u00e9 Ferreira de Rezende<\/p>\n<p><a href=\"http:\/\/ce-resd.sbc.org.br\/sbrc\/2010\/061.pdf\">A queue management mechanism for improving TCP fairness in wireless access networks. pp. 871-884<\/a><br \/>\nPedro Henrique Gomes,\u00a0Dzmitry Kliazovich,\u00a0Fabrizio Granelli,\u00a0Nelson L. S. da Fonseca<\/p>\n<p><a href=\"http:\/\/ce-resd.sbc.org.br\/sbrc\/2010\/062.pdf\">Implementa\u00e7\u00e3o e an\u00e1lise pr\u00e1tica de desempenho do mecanismo MARA em redes em malha sem fio. pp. 885-898<\/a><br \/>\nDiego Passos,\u00a0C\u00e9lio Albuquerque<\/p>\n<p><a href=\"http:\/\/ce-resd.sbc.org.br\/sbrc\/2010\/063.pdf\">Um novo algoritmo dual-ascent distribu\u00eddo para multicast din\u00e2mico. pp. 901-914<\/a><br \/>\nRafaelli de Carvalho Coutinho,\u00a0Ubiratam Carvalho de Paula Junior,\u00a0Diego Passos,\u00a0C\u00e9lio Albuquerque,\u00a0L\u00facia M. A. Drummond<\/p>\n<p><a href=\"http:\/\/ce-resd.sbc.org.br\/sbrc\/2010\/064.pdf\">Group communication for self-aware distributed systems. pp. 915-928<\/a><br \/>\nRaimundo Jos\u00e9 de Ara\u00fajo Mac\u00eado,\u00a0Allan Edgard Silva Freitas<\/p>\n<p><a href=\"http:\/\/ce-resd.sbc.org.br\/sbrc\/2010\/065.pdf\">Development and evaluation of a generic Group communication layer. pp. 929-942<\/a><br \/>\nLeandro Sales,\u00a0Henrique Te\u00f3filo,\u00a0Nabor C. Mendon\u00e7a<\/p>\n<p><a href=\"http:\/\/ce-resd.sbc.org.br\/sbrc\/2010\/066.pdf\">Um modelo eficiente de mobilidade centrada no usu\u00e1rio para Internet do Futuro. pp. 945-958<\/a><br \/>\nObionor N\u00f3brega,\u00a0Eduardo Vasconcelos,\u00a0Marco Domingues,\u00a0Paulo Cunha<\/p>\n<p><a href=\"http:\/\/ce-resd.sbc.org.br\/sbrc\/2010\/067.pdf\">Gera\u00e7\u00e3o de topologias da Internet por redu\u00e7\u00e3o do grafo original. pp. 959-972<\/a><br \/>\nMariane Raquel S. Gon\u00e7alves,\u00a0Joylan N. Maciel,\u00a0Cristina D. Murta<\/p>\n<p><a href=\"http:\/\/ce-resd.sbc.org.br\/sbrc\/2010\/068.pdf\">Precifica\u00e7\u00e3o de tr\u00e1fego de Internet de banda larga baseada no comportamento do usu\u00e1rio. pp. 973-986<\/a><br \/>\nHumberto T. Marques-Neto,\u00a0Jussara M. Almeida,\u00a0Virgilio A. F. Almeida<\/p>\n","protected":false},"excerpt":{"rendered":"<p>Artigos da Trilha Principal P2P streaming de alta defini\u00e7\u00e3o: an\u00e1lise quantitativa de esquemas de assinatura digital para autentica\u00e7\u00e3o de conte\u00fado. pp. 3-16 Rafael Vieira Coelho, Marinho Pilla Barcellos, Ingrid Jansch-P\u00f4rto, Luciano Gaspary Dois pesos, duas medidas: gerenciamento de identidades orientado &hellip; <a href=\"https:\/\/ce-resd.sbc.org.br\/?page_id=107\">Continue lendo <span class=\"meta-nav\">&rarr;<\/span><\/a><\/p>\n","protected":false},"author":3,"featured_media":0,"parent":0,"menu_order":0,"comment_status":"closed","ping_status":"closed","template":"","meta":{"_daextinma_seo_power":"","_daextinma_enable_ail":"","footnotes":""},"class_list":["post-107","page","type-page","status-publish","hentry"],"_links":{"self":[{"href":"https:\/\/ce-resd.sbc.org.br\/index.php?rest_route=\/wp\/v2\/pages\/107","targetHints":{"allow":["GET"]}}],"collection":[{"href":"https:\/\/ce-resd.sbc.org.br\/index.php?rest_route=\/wp\/v2\/pages"}],"about":[{"href":"https:\/\/ce-resd.sbc.org.br\/index.php?rest_route=\/wp\/v2\/types\/page"}],"author":[{"embeddable":true,"href":"https:\/\/ce-resd.sbc.org.br\/index.php?rest_route=\/wp\/v2\/users\/3"}],"replies":[{"embeddable":true,"href":"https:\/\/ce-resd.sbc.org.br\/index.php?rest_route=%2Fwp%2Fv2%2Fcomments&post=107"}],"version-history":[{"count":0,"href":"https:\/\/ce-resd.sbc.org.br\/index.php?rest_route=\/wp\/v2\/pages\/107\/revisions"}],"wp:attachment":[{"href":"https:\/\/ce-resd.sbc.org.br\/index.php?rest_route=%2Fwp%2Fv2%2Fmedia&parent=107"}],"curies":[{"name":"wp","href":"https:\/\/api.w.org\/{rel}","templated":true}]}}