{"id":106,"date":"2013-03-19T02:40:48","date_gmt":"2013-03-19T02:40:48","guid":{"rendered":"http:\/\/ce-resd.sbc.org.br\/?page_id=106"},"modified":"2013-04-29T13:11:46","modified_gmt":"2013-04-29T13:11:46","slug":"anais-2009","status":"publish","type":"page","link":"https:\/\/ce-resd.sbc.org.br\/?page_id=106","title":{"rendered":"Anais &#8211; XXVII SBRC (2009)"},"content":{"rendered":"<p><strong><span style=\"font-size: large;\">Artigos da Trilha Principal<\/span><\/strong><\/p>\n<p><a href=\"http:\/\/ce-resd.sbc.org.br\/sbrc\/2009\/001.pdf\">A escolha da melhor entre as menores rotas em redes \u00f3pticas transparentes. pp. 3-16<\/a><br \/>\nGilvan M. Dur\u00e3es, Andr\u00e9 Soares, William Giozza<\/p>\n<p><a href=\"http:\/\/ce-resd.sbc.org.br\/sbrc\/2009\/002.pdf\">Um algoritmo eficiente e justo para agrega\u00e7\u00e3o din\u00e2mica de tr\u00e1fego em redes WDM. pp. 17-30<\/a><br \/>\nAndr\u00e9 C. Drummond, Nelson L. S. da Fonseca<\/p>\n<p><a href=\"http:\/\/ce-resd.sbc.org.br\/sbrc\/2009\/003.pdf\">Wavelenght assignment optimization for all-optical networks using evolutionary computation. pp. 31-44<\/a><br \/>\nCarmelo J. A. Bastos-Filho, Daniel A. R. Chaves, Felipe S. F. e Silva, Renan V. B. Carvalho, Helder A. Pereira, Joaquim F. Martins-Filho<\/p>\n<p><a href=\"http:\/\/ce-resd.sbc.org.br\/sbrc\/2009\/004.pdf\">Um algoritmo \u00f3timo para escalonamento de canais em lote em redes OBS. pp. 45-58<\/a><br \/>\nGustavo B. Figueiredo, Eduardo C. Xavier, Nelson L. S. da Fonseca<\/p>\n<p><a href=\"http:\/\/ce-resd.sbc.org.br\/sbrc\/2009\/005.pdf\">Caracteriza\u00e7\u00e3o hier\u00e1rquica do comportamento dos usu\u00e1rios de sistemas par-a-par na Internet de banda larga. pp. 61-74<\/a><br \/>\nHumberto T. Marques-Neto, Emanuel V. do Valle, Luis Henrique Castilho, Jussara M. Almeida, Virgilio A. F. Almeida<\/p>\n<p><a href=\"http:\/\/ce-resd.sbc.org.br\/sbrc\/2009\/006.pdf\">Modelagem de desempenho de plataformas servidoras multi-camadas. pp. 75-88<\/a><br \/>\nItamar Viana, Jo\u00e3o Palotti, Gena\u00edna Rodrigues, Jussara Almeida, Virg\u00edlio Almeida<\/p>\n<p><a href=\"http:\/\/ce-resd.sbc.org.br\/sbrc\/2009\/007.pdf\">Implementa\u00e7\u00e3o e avalia\u00e7\u00e3o de encadeamento de conex\u00f5es TCP em redes de grande mem\u00f3ria e altas pedras. pp. 89-102<\/a><br \/>\nCarlos Henrique Pereira Augusto, Marcel William Rocha da Silva, Kleber Vieira Cardoso, Andre Chaves Mendes, Raphael Melo Guedes, Jos\u00e9 Ferreira de Rezende<\/p>\n<p><a href=\"http:\/\/ce-resd.sbc.org.br\/sbrc\/2009\/008.pdf\">Uma solu\u00e7\u00e3o para gerenciamento de BGP em pontos de troca de tr\u00e1fego Internet. pp. 105-115<\/a><br \/>\nJo\u00e3o Ceron, Leonardo Lemes, Lisandro Granville, Liane Tarouco, Leandro Bertholdo<\/p>\n<p><a href=\"http:\/\/ce-resd.sbc.org.br\/sbrc\/2009\/009.pdf\">Metro ethernet e light-trails: uma proposta experimental de integra\u00e7\u00e3o via funcionalidades OAM. pp. 116-129<\/a><br \/>\nFl\u00e1vio Rabello de Souza, Mois\u00e9s R. N. Ribeiro<\/p>\n<p><a href=\"http:\/\/ce-resd.sbc.org.br\/sbrc\/2009\/010.pdf\">Um sistema de gerenciamento de redes baseado em Mashups. pp. 130-143<\/a><br \/>\nRafael Santos Bezerra, Carlos Rainery Paula dos Santos, Leandro M\u00e1rcio Bertholdo, Lisandro Zambenedetti Granville, Liane Rockenbach Tarouco<\/p>\n<p><a href=\"http:\/\/ce-resd.sbc.org.br\/sbrc\/2009\/011.pdf\">Uma proposta para estabilizar o modelo de mobilidade Random Waypoint em redes ad hoc sem fio. pp. 147-160<\/a><br \/>\nRenato M. de Moraes, Fagner P. de Ara\u00fajo, Alisson S. L. Pontes<\/p>\n<p><a href=\"http:\/\/ce-resd.sbc.org.br\/sbrc\/2009\/012.pdf\">A heur\u00edstica lazy-adaptativo para determinar itiner\u00e1rios de agentes m\u00f3veis com restri\u00e7\u00e3o temporal. pp. 161-174<\/a><br \/>\nLuciana Rech, Alex Magalh\u00e3es, Lau Cheuk Lung, R\u00f4mulo Silva de Oliveira<\/p>\n<p><a href=\"http:\/\/ce-resd.sbc.org.br\/sbrc\/2009\/013.pdf\">Reserva antecipada de recursos em cen\u00e1rios de mobilidade simult\u00e2nea de terminais. pp. 175-188<\/a><br \/>\nEraldo Silveira e Silva, Jean-Marie Farines, Michael Diaz<\/p>\n<p><a href=\"http:\/\/ce-resd.sbc.org.br\/sbrc\/2009\/014.pdf\">Uma proposta de t\u00e9cnica para o ajuste de modelos de mobilidade em redes ad hoc e questionamentos sobre a adequa\u00e7\u00e3o dos par\u00e2metros envolvidos com base em dados reais. pp. 189-202<\/a><br \/>\nRafael L. Bezerra, Carlos A. V. Campos, Lu\u00eds F. M. de Moraes<\/p>\n<p><a href=\"http:\/\/ce-resd.sbc.org.br\/sbrc\/2009\/015.pdf\">Revisiting the k-neighbors connectivity problem under practical indoor scenarios. pp. 205-218<\/a><br \/>\nS\u00e9rgio Kostin, Maur\u00edcio Henrique Costa Dias, Leonardo Bidese de Pinho, Claudio Luis de Amorim<\/p>\n<p><a href=\"http:\/\/ce-resd.sbc.org.br\/sbrc\/2009\/016.pdf\">Um protocolo baseado em teoria dos jogos para a coopera\u00e7\u00e3o entre diferentes redes de sensores sem fio. pp. 219-232<\/a><br \/>\nPedro Vaz de Melo, Antonio A. F. Loureiro, Max Machado, Raquel A. F. Mini<\/p>\n<p><a href=\"http:\/\/ce-resd.sbc.org.br\/sbrc\/2009\/017.pdf\">Um algoritmo de roteamento ciente de agrega\u00e7\u00e3o de dados para redes de sensores sem fio. pp. 233-246<\/a><br \/>\nLeandro A. Villas, Heitor S. R. Filho, Regina B. Araujo, Antonio A. F. Loureiro<\/p>\n<p><a href=\"http:\/\/ce-resd.sbc.org.br\/sbrc\/2009\/018.pdf\">Detec\u00e7\u00e3o de intrus\u00e3o em redes de sensores sem fio utilizando uma abordagem colaborativa e cross-layer. pp. 247-260<\/a><br \/>\nMarcus Vin\u00edcius de Sousa Lemos, Liliam Barroso Leal, Raimir Holanda Filho<\/p>\n<p><a href=\"http:\/\/ce-resd.sbc.org.br\/sbrc\/2009\/019.pdf\">Consenso FT-CUP em redes MANETs: uma abordagem pr\u00e1tica. pp. 263-276<\/a><br \/>\nVictor Franco Costa, Fab\u00edola Gon\u00e7alves Pereira Greve, S\u00e9bastien Tixeuil<\/p>\n<p><a href=\"http:\/\/ce-resd.sbc.org.br\/sbrc\/2009\/020.pdf\">Sistemas de qu\u00f3runs bizantinos pr\u00f3-ativos. pp. 277-290<\/a><br \/>\nEduardo Adilio Pelinson Alchieri, Alysson Neves Bessani, Fernando Carlos Pereira, Joni da Silva Fraga<\/p>\n<p><a href=\"http:\/\/ce-resd.sbc.org.br\/sbrc\/2009\/021.pdf\">The performance of paxos and fast paxos. pp. 291-304<\/a><br \/>\nGustavo M. D. Vieira, Luiz E. Buzato<\/p>\n<p><a href=\"http:\/\/ce-resd.sbc.org.br\/sbrc\/2009\/022.pdf\">Dual ascent distribu\u00eddo para o problema de steiner on-line. pp. 305-318<\/a><br \/>\nMarcelo Santos, L\u00facia M. A. Drummond, Eduardo Uchoa<\/p>\n<p><a href=\"http:\/\/ce-resd.sbc.org.br\/sbrc\/2009\/023.pdf\">Towards a landmark-based flat routing. pp. 321-334<\/a><br \/>\nRafael Pasquini, F\u00e1bio L. Verdi, Maur\u00edcio F. Magalh\u00e3es<\/p>\n<p><a href=\"http:\/\/ce-resd.sbc.org.br\/sbrc\/2009\/024.pdf\">Algoritmo de engenharia de tr\u00e1fego para aprovisionamento autom\u00e1tico de servi\u00e7os metro ethernet em redes PBB-TE. pp. 335-348<\/a><br \/>\nRafael A. Scaraficci, Marcos R. Salvador<\/p>\n<p><a href=\"http:\/\/ce-resd.sbc.org.br\/sbrc\/2009\/025.pdf\">Otimiza\u00e7\u00e3o multi-objetivo aplicada \u00e0 aloca\u00e7\u00e3o din\u00e2mica de rotas LSP em redes MPLS. pp. 349-362<\/a><br \/>\nFernando A. Santos, Geraldo R. Mateus<\/p>\n<p><a href=\"http:\/\/ce-resd.sbc.org.br\/sbrc\/2009\/026.pdf\">Um sistema de arquivos distribu\u00eddos peer-to-peer tolerante a faltas usando arquivos transparentes. pp. 365-378<\/a><br \/>\nMarcelo Madruga, S\u00e9rgio Loest, Carlos Maziero, Altair Santimn<\/p>\n<p><a href=\"http:\/\/ce-resd.sbc.org.br\/sbrc\/2009\/027.pdf\">On P2P systems for enterprise content delibery. pp. 379-392<\/a><br \/>\nAntonio A. de Arag\u00e3o Rocha, Daniel Sadoc Menasche, Don Towsley, Arun Venkataramani<\/p>\n<p><a href=\"http:\/\/ce-resd.sbc.org.br\/sbrc\/2009\/028.pdf\">Separando joio de trigo com Funnel: combate \u00e0 polui\u00e7\u00e3o de conte\u00fado em comunidades BitTorrent. pp. 393-406<\/a><br \/>\nFl\u00e1vio Roberto Santos, Luciano Paschoal Gaspary, Marinho Pilla Barcellos<\/p>\n<p><a href=\"http:\/\/ce-resd.sbc.org.br\/sbrc\/2009\/029.pdf\">Gerando planos de rollback mais eficientes em sistemas de gerenciamento de mudan\u00e7as em TI. pp. 409-422<\/a><br \/>\nAlan Diego dos Santos, Guilherme Sperb Machado,\u00a0Weverton Luis da Costa Cordeiro, Fabr\u00edcio Girard Andreis,\u00a0Juliano Araujo Wickboldt, Roben Castagna Lunardi, Cristiano Bonato Both,\u00a0Luciano Paschoal Gaspary, Lisandro Zambenedetti Granville<\/p>\n<p><a href=\"http:\/\/ce-resd.sbc.org.br\/sbrc\/2009\/030.pdf\">Automatizando a estimativa de riscos em sistemas de gerenciamento de mudan\u00e7as em TI. pp. 423-436<\/a><br \/>\nJuliano Araujo Wickboldt, Roben Castagna Lunardi,\u00a0Guilherme Sperb Machado,\u00a0Weverton Luis da Costa Cordeiro,\u00a0Alan Diego dos Santos,\u00a0Fabr\u00edcio Girard Andreis,\u00a0Cristiano Bonato Both,\u00a0Lisandro Zambenedetti Granville,\u00a0Luciano Paschoal Gaspary<\/p>\n<p><a href=\"http:\/\/ce-resd.sbc.org.br\/sbrc\/2009\/031.pdf\">CHANGEADVISOR: alinhando o planejamento de mudan\u00e7as em infra-estruturas de rede e servi\u00e7os a prop\u00f3sitos de neg\u00f3cio. pp. 437-450<br \/>\n<\/a>Roben Castagna Lunardi,\u00a0Weverton Luis da Costa Cordeiro,\u00a0Juliano Ara\u00fajo Wickboldt, Guilherme Sperb Machado, Fabr\u00edcio Girard Andreis,\u00a0Alan Diego dos Santos, Cristiano Bonato Both,\u00a0Luciano Paschoal Gaspary,\u00a0Lisandro Zambenedetti Granville<\/p>\n<p><a href=\"http:\/\/ce-resd.sbc.org.br\/sbrc\/2009\/032.pdf\">Uma infra-estrutura para execu\u00e7\u00e3o din\u00e2mica de servi\u00e7os em grades computacionais. pp. 453-466<\/a><br \/>\nCarlos R. Senna, Luiz F. Bittencourt, Edmundo R. M. Madeira<\/p>\n<p><a href=\"http:\/\/ce-resd.sbc.org.br\/sbrc\/2009\/033.pdf\">Escalonamento bi-objetivo de aplica\u00e7\u00f5es paralelas em recursos heterog\u00eaneos. pp. 467-480<\/a><br \/>\nIdalmis Mili\u00e1n Sardi\u00f1a, Cristina Boeres, L\u00facia Drummond<\/p>\n<p><a href=\"http:\/\/ce-resd.sbc.org.br\/sbrc\/2009\/034.pdf\">Provisionamento autom\u00e1tico de conex\u00f5es determin\u00edsticas para redes GOBS. pp. 481-494<\/a><br \/>\nRafael P. Esteves, Fernando N. N. Farias, Anderson M. Nunes, Ant\u00f4nio J. G. Abel\u00e9m<\/p>\n<p><a href=\"http:\/\/ce-resd.sbc.org.br\/sbrc\/2009\/035.pdf\">Um protocolo de aceso ao meio para redes locais sem fio infra-estruturadas utilizando m\u00faltiplos canais ortogonais. pp. 497-510<\/a><br \/>\nLuis Felipe M. de Moraes, Julio Heitor Silva N\u00f3brega<\/p>\n<p><a href=\"http:\/\/ce-resd.sbc.org.br\/sbrc\/2009\/036.pdf\">Balanceamento de carga utilizando virtualiza\u00e7\u00e3o em redes IEEE 802.11. pp. 511-524<\/a><br \/>\nTib\u00e9rio Menezes de Oliveira, Marcel William Rocha da Silva, Kleber Vieira Cardoso, Jos\u00e9 Ferreira de Rezende<\/p>\n<p><a href=\"http:\/\/ce-resd.sbc.org.br\/sbrc\/2009\/037.pdf\">Uma arquitetura de escalonamento hier\u00e1rquica para transmiss\u00f5es uplink em redes WiMAX baseadas em OFDMA. pp. 525-538<\/a><br \/>\nEliane Gobetti de Camargo, Cristiano Bonato Both, Rafael Kunst, Lisandro Zambenedetti Granville, Juergen Rochol<\/p>\n<p><a href=\"http:\/\/ce-resd.sbc.org.br\/sbrc\/2009\/038.pdf\">Um novo algoritmo de aux\u00edlio \u00e0 localiza\u00e7\u00e3o de etiquetas RFID ativas em ambientes internos. pp. 539-552<\/a><br \/>\nRafael A. Silva, Paulo Andr\u00e9 da S. Gon\u00e7alves<\/p>\n<p><a href=\"http:\/\/ce-resd.sbc.org.br\/sbrc\/2009\/039.pdf\">Network worm detection using Markov&#8217;s and Cantelli&#8217;s inequalities. pp. 555-568<\/a><br \/>\nMiranda Mowbray<\/p>\n<p><a href=\"http:\/\/ce-resd.sbc.org.br\/sbrc\/2009\/040.pdf\">Detec\u00e7\u00e3o de intrus\u00e3o em redes ad hoc usando t\u00e9cnicas de reconhecimento de padr\u00f5es. pp. 569-582<\/a><br \/>\nEd&#8217; Wilson Tavares Ferreira, Ruy de Oliveira, Gilberto Arantes Carrijo, Nelcileno Virg\u00edlio de Souza Ara\u00fajo<\/p>\n<p><a href=\"http:\/\/ce-resd.sbc.org.br\/sbrc\/2009\/041.pdf\">Aplicando a teoria da evid\u00eancia na detec\u00e7\u00e3o de anomalias. pp. 583-596<\/a><br \/>\nBruno F. O. Lins, Eduardo L. Feitosa, Djmael F. H. Sadok<\/p>\n<p><a href=\"http:\/\/ce-resd.sbc.org.br\/sbrc\/2009\/042.pdf\">Acesso interativo para aplica\u00e7\u00f5es P2P de streaming de v\u00eddeo. pp. 599-612<\/a><br \/>\nLuiz J. H. Filho, Carlo K. da S. Rodrigues, Rosa M. M. Le\u00e3o<\/p>\n<p><a href=\"http:\/\/ce-resd.sbc.org.br\/sbrc\/2009\/043.pdf\">Caracteriza\u00e7\u00e3o do comportamento dos espectadores em transmiss\u00f5es de v\u00eddeos ao vivo geradas por usu\u00e1rios. pp. 613-626<\/a><br \/>\nThiago Silva, Vin\u00edcius Mota, Everthon Valad\u00e3o, Jussara Almeida, Dorgival Guedes<\/p>\n<p><a href=\"http:\/\/ce-resd.sbc.org.br\/sbrc\/2009\/044.pdf\">ProfileTV: um sistema de gerenciamento de perfins em TVDi. pp. 627-640<\/a><br \/>\nAndrino S. S. Co\u00ealho, Carlos A. G. Ferraz<\/p>\n<p><a href=\"http:\/\/ce-resd.sbc.org.br\/sbrc\/2009\/045.pdf\">Personaliza\u00e7\u00e3o para televis\u00e3o digital utilizando a estrat\u00e9gia de sistema de recomenda\u00e7\u00e3o para ambientes multiusu\u00e1rios. pp. 641-654<\/a><br \/>\nAdriano S. Lucas, Sergio D. Zorzo<\/p>\n<p><a href=\"http:\/\/ce-resd.sbc.org.br\/sbrc\/2009\/046.pdf\">Um algoritmo baseado em peso para forma\u00e7\u00e3o e manuten\u00e7\u00e3o de agrupamentos em redes veiculares ad hoc. pp. 657-670<\/a><br \/>\nEduardo Cambruzzi, Jean-Marie Farines, Werner Kraus Junior<\/p>\n<p><a href=\"http:\/\/ce-resd.sbc.org.br\/sbrc\/2009\/047.pdf\">Introduzindo toler\u00e2ncia a interrup\u00e7\u00e3o em redes ad hoc m\u00f3veis para cen\u00e1rios de emerg\u00eancia. pp. 671-684<\/a><br \/>\nVin\u00edcius F. S. Mota, Thiago H. Silva, Jos\u00e9 Marcos Silva Nogueira<\/p>\n<p><a href=\"http:\/\/ce-resd.sbc.org.br\/sbrc\/2009\/048.pdf\">Um protocolo baseado em localiza\u00e7\u00e3o para restringir as mensagens de descoberta e resposta de servi\u00e7os em redes ad hoc m\u00f3veis com n\u00f3s cooperativos. pp. 685-698<\/a><br \/>\nJanine Kniess, Orlando Loques, C\u00e9lio V. N. Albuquerque<\/p>\n<p><a href=\"http:\/\/ce-resd.sbc.org.br\/sbrc\/2009\/049.pdf\">Inunda\u00e7\u00e3o probabil\u00edstica em redes ad hoc utilizando sum\u00e1rio de vizinhan\u00e7a atrav\u00e9s de filtros de Bloom. pp. 699-712<\/a><br \/>\nCarlos Henrique Pereira Augusto, Jos\u00e9 Ferreira de Rezende<\/p>\n<p><a href=\"http:\/\/ce-resd.sbc.org.br\/sbrc\/2009\/050.pdf\">Um mecanismo de sele\u00e7\u00e3o de pares baseado no tempo de vida dos participantes em sistemas de v\u00eddeo par-a-par. pp. 715-728<\/a><br \/>\nIgor M. Moraes, Otto Carlos M. B. Duarte<\/p>\n<p><a href=\"http:\/\/ce-resd.sbc.org.br\/sbrc\/2009\/051.pdf\">Forma\u00e7\u00e3o de clusters em redes P2P por similaridade entre os n\u00f3s. pp. 729-740<\/a><br \/>\nFabr\u00edcio Murai, Daniel R. Figueiredo<\/p>\n<p><a href=\"http:\/\/ce-resd.sbc.org.br\/sbrc\/2009\/052.pdf\">Configura\u00e7\u00e3o autom\u00e1tica de par\u00e2metros em redes par-a-par sobre redes ad hoc. pp. 741-754<\/a><br \/>\nDiego Neves da Hora, Daniel Fernandes Macedo, Jos\u00e9 Marcos S. Nogueira<\/p>\n<p><a href=\"http:\/\/ce-resd.sbc.org.br\/sbrc\/2009\/053.pdf\">Uma nova estrat\u00e9gia de roteamento para redes tolerantes a atrasos. pp. 757-770<\/a><br \/>\nCristina M. Nunes, Fernando Lu\u00eds Dotti<\/p>\n<p><a href=\"http:\/\/ce-resd.sbc.org.br\/sbrc\/2009\/054.pdf\">An\u00e1lise do protocolo NECTAR em cen\u00e1rios com mobilidade e frequentes interrup\u00e7\u00f5es. pp. 771-784<\/a><br \/>\nEtienne C. R. de Oliveira, C\u00e9lio V. N. de Albuquerque<\/p>\n<p><a href=\"http:\/\/ce-resd.sbc.org.br\/sbrc\/2009\/055.pdf\">Uma avalia\u00e7\u00e3o das redes tolerantes a atrasos e desconex\u00f5es atrav\u00e9s de traces reais de mobilidade humana. pp. 785-798<\/a><br \/>\nCarlos A. V. Campos, Rafael de M. S. Fernandes, Lu\u00eds F. M. de Moraes<\/p>\n<p><a href=\"http:\/\/ce-resd.sbc.org.br\/sbrc\/2009\/056.pdf\">An evaluation of the performance impact of generic APIs on two group communication systems. pp. 801-812<\/a><br \/>\nLeandro Sales, Henrique Te\u00f3filo, Jonathan D&#8217;Orleans, Nabor C. Mendon\u00e7a, Rafael Barbosa, Fernando Trinta<\/p>\n<p><a href=\"http:\/\/ce-resd.sbc.org.br\/sbrc\/2009\/057.pdf\">Uma abordagem colaborativa de cache em ambientes de redes m\u00f3veis. pp. 813-825<\/a><br \/>\nM. F. Caetano, Jacir L. Bordim, M. A. R. Dantas<\/p>\n<p><a href=\"http:\/\/ce-resd.sbc.org.br\/sbrc\/2009\/058.pdf\">Um ambiente para testes e simula\u00e7\u00f5es de protocolos confi\u00e1veis em sistemas distribu\u00eddos h\u00edbridos e din\u00e2micos. pp. 826-839<\/a><br \/>\nAllan Edgard Silva Freitas, Raimundo Jos\u00e9 de Ara\u00fajo Mac\u00eado<\/p>\n<p><a href=\"http:\/\/ce-resd.sbc.org.br\/sbrc\/2009\/059.pdf\">A network architecture for mobile robotics. pp. 843-856<\/a><br \/>\nPaulo R. S. L. Coelho, Daniel H. Moraes, Eliane G. Guimar\u00e3es, Eleri Cardozo, Thienne Johnson, Fernanda C. A. Atizani<\/p>\n<p><a href=\"http:\/\/ce-resd.sbc.org.br\/sbrc\/2009\/060.pdf\">Uso de um modelo de confian\u00e7a para a composi\u00e7\u00e3o de servi\u00e7os Web. pp. 857-870<\/a><br \/>\nEmerson Ribeiro de Mello, Joni da Silva Fraga, Michelle Silva Wangham<\/p>\n<p><a href=\"http:\/\/ce-resd.sbc.org.br\/sbrc\/2009\/061.pdf\">Caracteriza\u00e7\u00e3o do encadeamento de conex\u00f5es para envio de spams. pp. 871-884<\/a><br \/>\nPedro H. Calais Guerra, Dorgival Olavo Guedes, Wagner Meira Jr., Cristine Hoepers, Klaus Steding-Jessen, Marcelo H. P. C. Chaves<\/p>\n<p><a href=\"http:\/\/ce-resd.sbc.org.br\/sbrc\/2009\/062.pdf\">Protocolo ass\u00edncrono para detec\u00e7\u00e3o de falhas bizantinas em sistemas distribu\u00eddos din\u00e2micos. pp. 887-900<\/a><br \/>\nMurilo Santos de Lima, Fab\u00edola Gon\u00e7alves Pereira Greve<\/p>\n<p><a href=\"http:\/\/ce-resd.sbc.org.br\/sbrc\/2009\/063.pdf\">Um injetor de falhas para a avalia\u00e7\u00e3o de aplica\u00e7\u00f5es distribu\u00eddas baseadas no Commune. pp. 901-914<\/a><br \/>\nDalton C\u00e9zane, Diego Renato, Miguel Queiroga, Sabrina Souto, Marco A. Spohn<\/p>\n<p><a href=\"http:\/\/ce-resd.sbc.org.br\/sbrc\/2009\/064.pdf\">Avalia\u00e7\u00e3o experimental de estrat\u00e9gias de toler\u00e2ncia a falhas do protocolo SCTP por inje\u00e7\u00e3o de falhas. pp. 915-928<\/a><br \/>\nT\u00f3rgan Siqueira, Bruno Fiss, Cristina Menegotto, Sergio Cechin, Taisy Weber<\/p>\n<p><a href=\"http:\/\/ce-resd.sbc.org.br\/sbrc\/2009\/065.pdf\">Uma abordagem unificada para m\u00e9tricas de roteamento e adapta\u00e7\u00e3o autom\u00e1tica de taxa em redes em malha sem fio. pp. 931-944<\/a><br \/>\nDiego Passos, C\u00e9lio V. N. Albuquerque<\/p>\n<p><a href=\"http:\/\/ce-resd.sbc.org.br\/sbrc\/2009\/066.pdf\">Um protocolo de descoberta de vizinhan\u00e7a escal\u00e1vel para redes em malha sem fio infra-estruturadas. pp. 945-958<\/a><br \/>\nDaniel Charles F. Porto, Gustavo Cavalcanti, Gledson Elias, Mateus N. Santos<\/p>\n<p><a href=\"http:\/\/ce-resd.sbc.org.br\/sbrc\/2009\/067.pdf\">Roteamento em redes em malha h\u00edbridas de r\u00e1dios cognitivos e IEEE 802.11. pp. 959-972<\/a><br \/>\nMarcel William Rocha da Silva, Jos\u00e9 Ferreira de Rezende<\/p>\n","protected":false},"excerpt":{"rendered":"<p>Artigos da Trilha Principal A escolha da melhor entre as menores rotas em redes \u00f3pticas transparentes. pp. 3-16 Gilvan M. Dur\u00e3es, Andr\u00e9 Soares, William Giozza Um algoritmo eficiente e justo para agrega\u00e7\u00e3o din\u00e2mica de tr\u00e1fego em redes WDM. pp. 17-30 &hellip; <a href=\"https:\/\/ce-resd.sbc.org.br\/?page_id=106\">Continue lendo <span class=\"meta-nav\">&rarr;<\/span><\/a><\/p>\n","protected":false},"author":3,"featured_media":0,"parent":0,"menu_order":0,"comment_status":"closed","ping_status":"closed","template":"","meta":{"_daextinma_seo_power":"","_daextinma_enable_ail":"","footnotes":""},"class_list":["post-106","page","type-page","status-publish","hentry"],"_links":{"self":[{"href":"https:\/\/ce-resd.sbc.org.br\/index.php?rest_route=\/wp\/v2\/pages\/106","targetHints":{"allow":["GET"]}}],"collection":[{"href":"https:\/\/ce-resd.sbc.org.br\/index.php?rest_route=\/wp\/v2\/pages"}],"about":[{"href":"https:\/\/ce-resd.sbc.org.br\/index.php?rest_route=\/wp\/v2\/types\/page"}],"author":[{"embeddable":true,"href":"https:\/\/ce-resd.sbc.org.br\/index.php?rest_route=\/wp\/v2\/users\/3"}],"replies":[{"embeddable":true,"href":"https:\/\/ce-resd.sbc.org.br\/index.php?rest_route=%2Fwp%2Fv2%2Fcomments&post=106"}],"version-history":[{"count":0,"href":"https:\/\/ce-resd.sbc.org.br\/index.php?rest_route=\/wp\/v2\/pages\/106\/revisions"}],"wp:attachment":[{"href":"https:\/\/ce-resd.sbc.org.br\/index.php?rest_route=%2Fwp%2Fv2%2Fmedia&parent=106"}],"curies":[{"name":"wp","href":"https:\/\/api.w.org\/{rel}","templated":true}]}}