{"id":105,"date":"2013-03-19T02:40:38","date_gmt":"2013-03-19T02:40:38","guid":{"rendered":"http:\/\/ce-resd.sbc.org.br\/?page_id=105"},"modified":"2013-04-29T13:11:21","modified_gmt":"2013-04-29T13:11:21","slug":"anais-2008","status":"publish","type":"page","link":"https:\/\/ce-resd.sbc.org.br\/?page_id=105","title":{"rendered":"Anais &#8211; XXVI SBRC (2008)"},"content":{"rendered":"<p><strong><span style=\"font-size: large;\">Artigos da Trilha Principal<\/span><\/strong><\/p>\n<p><a href=\"http:\/\/ce-resd.sbc.org.br\/sbrc\/2008\/001.pdf\">Uma rede sobreposta no n\u00edvel de sistemas aut\u00f4nomos para rastreamento de tr\u00e1fego IP. pp. 23-36<\/a><br \/>\nAndr\u00e9 O. Castelucio, Ronaldo M. Salles, Artur Ziviani<\/p>\n<p><a href=\"http:\/\/ce-resd.sbc.org.br\/sbrc\/2008\/002.pdf\">An\u00e1lise da topologia dos sistemas aut\u00f4nomos: evolu\u00e7\u00e3o e predi\u00e7\u00e3o. pp. 37-50<\/a><br \/>\nRodrigo Augusto Alves, Cristina Duarte Murta<\/p>\n<p><a href=\"http:\/\/ce-resd.sbc.org.br\/sbrc\/2008\/003.pdf\">Um novo gerador de topologias da Internet. pp. 51-64<\/a><br \/>\nJoylan Nunes Maciel, Cristina Duarte Murta<\/p>\n<p><a href=\"http:\/\/ce-resd.sbc.org.br\/sbrc\/2008\/004.pdf\">Medindo e modelando o desempenho de aplica\u00e7\u00f5es em um ambiente virtual. pp. 65-78<\/a><br \/>\nFabr\u00edcio Benevenuto, Cesar Fernandes, Matheus Caldas, Varg\u00edlio Almeida, Jussara Almeida<\/p>\n<p><a href=\"http:\/\/ce-resd.sbc.org.br\/sbrc\/2008\/005.pdf\">V\u00eddeos gerados por usu\u00e1rios: caracteriza\u00e7\u00e3o de tr\u00e1fego. pp. 79-92<\/a><br \/>\nMarcelo A. Maia, Virg\u00edlio A. F. Almeida, Jussara M. Almeida<\/p>\n<p><a href=\"http:\/\/ce-resd.sbc.org.br\/sbrc\/2008\/006.pdf\">Arquitetura de uma ferramenta e t\u00e9cnicas de visualiza\u00e7\u00e3o para medi\u00e7\u00f5es sobre tr\u00e1fego SNMP. pp. 93-106<\/a><br \/>\nEwerton Monteiro Salvador, Lisandro Zambenedetti Granville<\/p>\n<p><a href=\"http:\/\/ce-resd.sbc.org.br\/sbrc\/2008\/007.pdf\">Algoritmo para gera\u00e7\u00e3o autom\u00e1tica de a\u00e7\u00f5es de rollback em sistemas de gerenciamento de mudan\u00e7as em TI. pp. 107-120<\/a><br \/>\nGuilherme Sperb Machado, Weverton Luis da Costa Cordeiro, Alan Diego dos Santos, Cristiano Bonato Both, Luciano Paschoal Gaspary, Lisandro Zambenedetti Granville, Claudio Bartolini, Akhil Sahai, David Trastour, Katia Saikoski<\/p>\n<p>008.pdf<\/p>\n<p><a href=\"http:\/\/ce-resd.sbc.org.br\/sbrc\/2008\/009.pdf\">MMiddle: um ambiente multi-middleware para desenvolvimento de aplica\u00e7\u00f5es distribu\u00eddas. pp. 135-148<\/a><br \/>\nAndr\u00e9 Gustavo Duarte de Almeida, Thais Vasconcelos Batista, Fl\u00e1via C. Delicato<\/p>\n<p><a href=\"http:\/\/ce-resd.sbc.org.br\/sbrc\/2008\/010.pdf\">Regente: um arcabou\u00e7o para gerenciamento eficiente de orquestra\u00e7\u00f5es de servi\u00e7os Web. pp. 149-162<\/a><br \/>\nC\u00e1ssio J. S. Freire, Paulo F. Pires, Fl\u00e1via C. Delicato, Maria Luiza M. Campos, Luci Pirmez, Marcel V. M. Oliveira<\/p>\n<p><a href=\"http:\/\/ce-resd.sbc.org.br\/sbrc\/2008\/011.pdf\">Um algoritmo trat\u00e1vel por par\u00e2metro-fixo para a aloca\u00e7\u00e3o de comprimentos de onda em redes WDM. pp. 163-173<\/a><br \/>\nAndr\u00e9 C. Drummond, Nelson L. S. da Fonseca<\/p>\n<p><a href=\"http:\/\/ce-resd.sbc.org.br\/sbrc\/2008\/012.pdf\">An\u00e1lise comparativa de simuladores de redes baseados em pacotes versus simuladores utilizando abstra\u00e7\u00f5es de fluidos. pp. 175-188<\/a><br \/>\nAc\u00e9lio Sousa Carvalho de Aguiar, Marcial Porto Fernandez, Jorge Luiz de Castro e Silva, Jeandro de Mesquita Bezerra<\/p>\n<p><a href=\"http:\/\/ce-resd.sbc.org.br\/sbrc\/2008\/013.pdf\">New solution techniques for the traffic matrix estimation problem. pp. 189-202<\/a><br \/>\nZhou Xiang, Susana Scheimberg de Makler, Edmundo de Souza e Silva<\/p>\n<p><a href=\"http:\/\/ce-resd.sbc.org.br\/sbrc\/2008\/014.pdf\">Avalia\u00e7\u00e3o de desempenho de gerenciamento ativo de filas para redes de alta velocidade. pp. 203-216<\/a><br \/>\nJuliana de Santi, Nelson L. S. da Fonseca, Michele M. A. E. Lima<\/p>\n<p><a href=\"http:\/\/ce-resd.sbc.org.br\/sbrc\/2008\/015.pdf\">Algoritmos para solu\u00e7\u00e3o do problema de dimensionamento de buffers em roteadores IP. pp. 217-229<\/a><br \/>\nEmilio C. G. Wille, Eduardo Yabeznski, Clovis R. da Costa Bento<\/p>\n<p><a href=\"http:\/\/ce-resd.sbc.org.br\/sbrc\/2008\/016.pdf\">Dual-ascent distribu\u00eddo para multicast com restri\u00e7\u00f5es de saltos. pp. 231-244<\/a><br \/>\nMarcelo Santos, L\u00facia M. A. Drummond, Eduardo Uchoa, Luidi Simonetti<\/p>\n<p><a href=\"http:\/\/ce-resd.sbc.org.br\/sbrc\/2008\/017.pdf\">TIPS: mobilidade IP sobre a camada de transporte. pp. 245-258<\/a><br \/>\nBruno Y. L. Kimura, H\u00e9lio C. Guardia<\/p>\n<p><a href=\"http:\/\/ce-resd.sbc.org.br\/sbrc\/2008\/018.pdf\">Otimizando o cascateamento de MCU&#8217;s em videoconfer\u00eancias H.323. pp. 259-272<\/a><br \/>\nThiago Curvelo dos Anjos, Luc\u00eddio dos Anjos Formiga Cabral, Guido Lemos de Souza Filho<\/p>\n<p>019.pdf<\/p>\n<p><a href=\"http:\/\/ce-resd.sbc.org.br\/sbrc\/2008\/019.pdf\">Uma an\u00e1lise da utiliza\u00e7\u00e3o de antenas direcionais e m\u00faltiplos caminhos em redes ad hoc sem fio. pp. 287-300<\/a><br \/>\nNatanael D. de Freitas, Miguel Elias M. Campista, Lu\u00eds Henrique M. K. Costa<\/p>\n<p><a href=\"http:\/\/ce-resd.sbc.org.br\/sbrc\/2008\/021.pdf\">Uma an\u00e1lise do roteamento em redes com diversidade cooperativa e canais com desvanecimento. pp. 301-314<\/a><br \/>\nDaniel de O. Cunha, Otto Carlos M. B. Duarte, Guy Pujolle<\/p>\n<p>022.pdf<\/p>\n<p><a href=\"http:\/\/ce-resd.sbc.org.br\/sbrc\/2008\/023.pdf\">Um estudo do BitTorrent em redes ad hoc sem fio cr\u00edticas com localidade espa\u00e7o-temporal. pp. 329-342<\/a><br \/>\nCarlos Souza, Jos\u00e9 Marcos Nogueira<\/p>\n<p><a href=\"http:\/\/ce-resd.sbc.org.br\/sbrc\/2008\/024.pdf\">Um middleware P2P descentralizado para a computa\u00e7\u00e3o de workflows. pp. 343-356<\/a><br \/>\nThiago S. Siqueira, Edmundo R. M. Madeira<\/p>\n<p><a href=\"http:\/\/ce-resd.sbc.org.br\/sbrc\/2008\/025.pdf\">TorrentLab: um ambiente para avalia\u00e7\u00e3o do protocolo BitTorrent. pp. 357-370<\/a><br \/>\nRodrigo B. Mansilha, Marinho P. Barcellos, Francisco V. Brasileiro<\/p>\n<p><a href=\"http:\/\/ce-resd.sbc.org.br\/sbrc\/2008\/026.pdf\">CAC-RD: controle de admiss\u00e3o de chamadas para redes UMTS. pp. 371-384<\/a><br \/>\nCarlos R. Storck, Anna Izabel J. T. Ribeiro, F\u00e1tima de L. P. Duarte-Figueiredo<\/p>\n<p><a href=\"http:\/\/ce-resd.sbc.org.br\/sbrc\/2008\/027.pdf\">Sele\u00e7\u00e3o de gateways m\u00f3veis em redes heterog\u00eaneas sem fio com m\u00faltiplos saltos. pp. 385-398<\/a><br \/>\nFabr\u00edcio Lobato, Ot\u00e1vio Rodrigues Jr., Kelvin Lopes Dias<\/p>\n<p>028.pdf<\/p>\n<p><a href=\"http:\/\/ce-resd.sbc.org.br\/sbrc\/2008\/029.pdf\">Um algoritmo de escalonamento com intercala\u00e7\u00e3o de processos em grades computacionais. pp. 413-426<\/a><br \/>\nLuiz F. Bittencourt, Edmundo R. M. Madeira<\/p>\n<p><a href=\"http:\/\/ce-resd.sbc.org.br\/sbrc\/2008\/030.pdf\">Treplica: ubiquitous replication. pp. 427-440<\/a><br \/>\nGustavo M. D. Vieira, Luiz E. Buzato<\/p>\n<p><a href=\"http:\/\/ce-resd.sbc.org.br\/sbrc\/2008\/031.pdf\">Dependable Web service compositions using a semantic replication scheme. pp. 441-454<\/a><br \/>\nDaniela Barreiro Claro, Raimundo Jos\u00e9 de Ara\u00fajo Mac\u00eado<\/p>\n<p><a href=\"http:\/\/ce-resd.sbc.org.br\/sbrc\/2008\/032.pdf\">Pol\u00edtica de QoS com prioriza\u00e7\u00e3o bidimensional de acesso ao meio para redes IEEE 802.11. pp. 455-466<\/a><br \/>\nMarcelus Guirardello, Omar C. Branquinho, D\u00e9bora M. Ferreira, Norma Reggiani<\/p>\n<p><a href=\"http:\/\/ce-resd.sbc.org.br\/sbrc\/2008\/033.pdf\">Adapta\u00e7\u00e3o autom\u00e1tica de taxa em redes 802.11 densas. pp. 467-480<\/a><br \/>\nKleber Vieira Cardoso, Jos\u00e9 Ferreira de Rezende<\/p>\n<p><a href=\"http:\/\/ce-resd.sbc.org.br\/sbrc\/2008\/034.pdf\">Utilizando caracter\u00edsticas do ambiente monitorado para aumentar a precis\u00e3o na localiza\u00e7\u00e3o de dispositivos Wi-Fi evitando a calibragem. pp. 481-494<\/a><br \/>\nLu\u00eds F. M. de Moraes, Bruno A. A. Nunes, Rafael de M. S. Fernandes<\/p>\n<p><a href=\"http:\/\/ce-resd.sbc.org.br\/sbrc\/2008\/035.pdf\">Uma abordagem de diferencia\u00e7\u00e3o de servi\u00e7os em servidores Web com mapeamento PHB AF. pp. 495-508<\/a><br \/>\nTiago Semprebom, R\u00f4mulo de Oliveira, Carlos Montez<\/p>\n<p><a href=\"http:\/\/ce-resd.sbc.org.br\/sbrc\/2008\/036.pdf\">Robust Offline LSP calculation for MPLS networks. pp. 509-522<\/a><br \/>\nPaulo Roberto C. Estante, Edgard Jamhour<\/p>\n<p><a href=\"http:\/\/ce-resd.sbc.org.br\/sbrc\/2008\/037.pdf\">Gerenciamento din\u00e2mico de qualidade de servi\u00e7o em redes OBS baseadas no GMPLS. pp. 523-536<\/a><br \/>\nFernando Nazareno Nascimento Farias, Rafael Pereira Esteves, Antonio Jorge Gomes Abel\u00e9m<\/p>\n<p><a href=\"http:\/\/ce-resd.sbc.org.br\/sbrc\/2008\/038.pdf\">Algoritmos de sele\u00e7\u00e3o de caminho e gerenciamento de banda compartilhada conforme ao modelo RDM para classes de tr\u00e1fego em rede DS-TE. pp. 537-552<\/a><br \/>\nWalter da C. P. Neto, Joberto S. B. Martins, S\u00e9rgio de F. Brito<\/p>\n<p><a href=\"http:\/\/ce-resd.sbc.org.br\/sbrc\/2008\/039.pdf\">RPM: comunica\u00e7\u00e3o an\u00f4nima em redes par a par. pp. 553-566<\/a><br \/>\nRobson Costa, Rafael R. Obelheiro, Joni da S. Fraga<\/p>\n<p><a href=\"http:\/\/ce-resd.sbc.org.br\/sbrc\/2008\/040.pdf\">Impacto de padr\u00f5es de comportamento din\u00e2mico e malicioso na efic\u00e1cia de m\u00e1quinas de busca par-a-par. pp. 567-580<\/a><br \/>\nFabiano Atalla, Daniel Miranda, Jussara Almeida, Marcos Andr\u00e9 Gon\u00e7alves, Virg\u00edlio Almeida<\/p>\n<p><a href=\"http:\/\/ce-resd.sbc.org.br\/sbrc\/2008\/041.pdf\">Um estudo experimental sobre ataques ao sistema de compartilhamento P2P BitTorrent. pp. 581-594<\/a><br \/>\nCarlos H. Schmitt, Marinho P. Barcellos, Rodrigo B. Mansilha<\/p>\n<p><a href=\"http:\/\/ce-resd.sbc.org.br\/sbrc\/2008\/042.pdf\">Combate a polui\u00e7\u00e3o em sistemas P2P de m\u00eddia cont\u00ednua ao vivo. pp. 595-608<\/a><br \/>\nAlex Borges, Jussara Almeida, S\u00e9rgio Campos<\/p>\n<p><a href=\"http:\/\/ce-resd.sbc.org.br\/sbrc\/2008\/043.pdf\">Novel adaptive routing algorithm for all-optical networks based in power series and particle swarm optimization. pp. 609-622<\/a><br \/>\nDaniel A. R. Chaves, Douglas O. Aguiar, Carmelo J. A. Bastos-Filho, Joaquim F. Martins-Filho<\/p>\n<p><a href=\"http:\/\/ce-resd.sbc.org.br\/sbrc\/2008\/044.pdf\">Escalonamento de canais em redes OBS usando informa\u00e7\u00f5es topol\u00f3gicas. pp. 623-636<\/a><br \/>\nGustavo B. Figueiredo, Nelson L. S. da Fonseca<\/p>\n<p><a href=\"http:\/\/ce-resd.sbc.org.br\/sbrc\/2008\/045.pdf\">Montagem de rajadas com suaviza\u00e7\u00e3o de tr\u00e1fego em redes \u00f3pticas em rajadas. pp. 637-650<\/a><br \/>\nGustavo B. Figueiredo, Nelson L. S. da Fonseca, Cesar A. V. Melo<\/p>\n<p><a href=\"http:\/\/ce-resd.sbc.org.br\/sbrc\/2008\/046.pdf\">Classes of service for scheduling in lambda grids using ant colony optimization. pp. 651-664<\/a><br \/>\nGustavo Sousa Pavani, Rog\u00e9rio L. Iope, Helio Waldman, L\u00edria M. Sato<\/p>\n<p><a href=\"http:\/\/ce-resd.sbc.org.br\/sbrc\/2008\/047.pdf\">MAPA: mecanismo de avalia\u00e7\u00e3o e puni\u00e7\u00e3o de n\u00f3s ego\u00edstas em redes ad hoc. pp. 665-678<\/a><br \/>\nReinaldo B. Braga, Danilo M. Taveira, Otto Carlos M. B. Duarte<\/p>\n<p><a href=\"http:\/\/ce-resd.sbc.org.br\/sbrc\/2008\/048.pdf\">Influ\u00eancia do ataque do testemunho mentiroso nos modelos de reputa\u00e7\u00e3o. pp. 679-692<\/a><br \/>\nFabiana Martins da Silva, Jos\u00e9 Ferreira de Rezende<\/p>\n<p><a href=\"http:\/\/ce-resd.sbc.org.br\/sbrc\/2008\/049.pdf\">An\u00e1lise de um modelo de confian\u00e7a para redes m\u00f3veis ad hoc. pp. 693-706<\/a><br \/>\nPedro B. Velloso, Rafael P. Laufer, Otto Carlos M. B. Duarte, Guy Pujolle<\/p>\n<p><a href=\"http:\/\/ce-resd.sbc.org.br\/sbrc\/2008\/050.pdf\">Flexibilizando graus de colabora\u00e7\u00e3o, seguran\u00e7a e privacidade na descoberta de servi\u00e7os em ambientes ub\u00edquos. pp. 707-720<\/a><br \/>\nEduardo Moschetta, Marinho P. Barcellos, Rodolfo Stoffel Antunes, Giovani Facchini<\/p>\n<p><a href=\"http:\/\/ce-resd.sbc.org.br\/sbrc\/2008\/051.pdf\">Analisando os compromissos de seguran\u00e7a e energia no gerenciamento auton\u00f4mico de capacidade. pp. 721-734<\/a><br \/>\nItamar Viana, Jo\u00e3o Palotti, \u00cdtalo Cunha, Jussara Almeida, Virg\u00edlio Almeida<\/p>\n<p><a href=\"http:\/\/ce-resd.sbc.org.br\/sbrc\/2008\/052.pdf\">Uma proposta de roteamento probabil\u00edstico para redes tolerantes a atrasos e desconex\u00f5es. pp. 735-748<\/a><br \/>\nCarina T. de Oliveira, Danilo M. Taveira, Reinaldo B. Braga, Otto Carlos M. B. Duarte<\/p>\n<p><a href=\"http:\/\/ce-resd.sbc.org.br\/sbrc\/2008\/053.pdf\">Escassez de recursos em redes tolerantes a atrasos e interrup\u00e7\u00f5es. pp. 749-762<\/a><br \/>\nRaphael M. Guedes, Marcel W. R. da Silva, Jos\u00e9 Ferreira de Rezende<\/p>\n<p><a href=\"http:\/\/ce-resd.sbc.org.br\/sbrc\/2008\/054.pdf\">Gerenciamento din\u00e2mico de energia com desligamento escalonado aplicado ao Blind Flooding em redes de sensores. pp. 763-776<\/a><br \/>\nP. S. Sausen, M. A. Spohn, A. Perkusich<\/p>\n<p><a href=\"http:\/\/ce-resd.sbc.org.br\/sbrc\/2008\/055.pdf\">Multi-K: um protocolo de roteamento para redes de sensores sem fio usando \u00e1rvores de espalhamento parciais. pp. 777-790<\/a><br \/>\nR. T. Gon\u00e7alves, C. de C. Goulart, C. M. S. Figueiredo, A. A. F. Loureiro<\/p>\n<p><a href=\"http:\/\/ce-resd.sbc.org.br\/sbrc\/2008\/057.pdf\">O problema da coopera\u00e7\u00e3o entre redes de sensores sem fio. pp. 791-804<\/a><br \/>\nPedro O. S. Vaz de Melo, Felipe Domingos, Jussara M. Almeida, Raquel A. F. Mini, Antonio A. F. Loureiro<\/p>\n<p><a href=\"http:\/\/ce-resd.sbc.org.br\/sbrc\/2008\/058.pdf\">Um modelo de gerenciamento de seguran\u00e7a em redes de sensores sem fio. pp. 805-818<\/a><br \/>\nS\u00e9rgio de Oliveira, Thiago Rodrigues de Oliveira, Jos\u00e9 Marcos Nogueira<\/p>\n<p><a href=\"http:\/\/ce-resd.sbc.org.br\/sbrc\/2008\/059.pdf\">Um algoritmo de codifica\u00e7\u00e3o diferenciada para redes de sensores sem fio. pp. 819-832<\/a><br \/>\nJuliana F. S. Aquino, Eduardo F. Nakamura, Antonio A. F. Loureiro<\/p>\n<p><a href=\"http:\/\/ce-resd.sbc.org.br\/sbrc\/2008\/060.pdf\">Transa\u00e7\u00f5es em espa\u00e7os de tuplas com seguran\u00e7a de funcionamento. pp. 847-860<\/a><br \/>\nF\u00e1bio Favarim, Joni da Silva Fraga, Eduardo Ad\u00edlio Pelinson Alchieri, Alysson Neves Bessani, Lau Cheuk Lung<\/p>\n<p><a href=\"http:\/\/ce-resd.sbc.org.br\/sbrc\/2008\/061.pdf\">Mecanismo anti-spam baseado em autentica\u00e7\u00e3o e reputa\u00e7\u00e3o. pp. 861-874<\/a><br \/>\nDanilo M. Taveira, Otto Carlos M. B. Duarte<\/p>\n<p><a href=\"http:\/\/ce-resd.sbc.org.br\/sbrc\/2008\/062.pdf\">Caracteriza\u00e7\u00e3o de estrat\u00e9gias de dissemina\u00e7\u00e3o de spams. pp. 875-888<\/a><br \/>\nPedro H. Calais Guerra, Dorgival Olavo Guedes, Wagner Meira Jr., Cristine Hoepers, Klaus Steding-Jessen<\/p>\n<p><a href=\"http:\/\/ce-resd.sbc.org.br\/sbrc\/2008\/063.pdf\">WPR: um protocolo de roteamento pr\u00f3-ativo adaptado \u00e0s redes em malhas sem fio. pp. 889-902<\/a><br \/>\nMiguel Elias M. Campista, Lu\u00eds Henrique M. K. Costa, Otto Carlos M. B. Duarte<\/p>\n<p><a href=\"http:\/\/ce-resd.sbc.org.br\/sbrc\/2008\/064.pdf\">Using multiple metrics with the optimized link state routing protocol for wireless mesh networks. pp. 903-916<\/a><br \/>\nWaldir A. Moreira Jr., Elisangela Aguiar, Ant\u00f4nio Abel\u00e9m, Michael Stanton<\/p>\n<p><a href=\"http:\/\/ce-resd.sbc.org.br\/sbrc\/2008\/065.pdf\">DynTun: t\u00faneis din\u00e2micos e a escalabilidade de redes em malha. pp. 917-930<\/a><br \/>\nJairo L. Duarte, Diego Passos, C\u00e9lio Vinicius Neves de Albuquerque<\/p>\n<p><a href=\"http:\/\/ce-resd.sbc.org.br\/sbrc\/2008\/066.pdf\">Um detector de falhas ass\u00edncrono para redes m\u00f3veis e auto-organiz\u00e1veis. pp. 931-944<\/a><br \/>\nPierre Sens, Fab\u00edola Greve, Luciana Arantes, Mathieu Bouillaguet, V\u00e9ronique Simon<\/p>\n<p><a href=\"http:\/\/ce-resd.sbc.org.br\/sbrc\/2008\/067.pdf\">REPEATS &#8211; uma arquitetura para replica\u00e7\u00e3o tolerante a faltas bizantinas baseadas em espa\u00e7o de tuplas. pp. 945-958<\/a><br \/>\nAldelir Fernando Luiz, Alysson Neves Bessani, Lau Cheuk Lung, Tatiana Filgueiras<\/p>\n<p><a href=\"http:\/\/ce-resd.sbc.org.br\/sbrc\/2008\/068.pdf\">On the impact of the data redundancy strategy on the recoverability of friend-to-friend backup systems. pp. 959-972<\/a><br \/>\nMarcelo Iury S. Oliveira, Walfredo Cirne, Francisco Brasileiro, Dalton Guerrero<\/p>\n<p><a href=\"http:\/\/ce-resd.sbc.org.br\/sbrc\/2008\/069.pdf\">Auto-adapta\u00e7\u00e3o de requisitos de toler\u00e2ncia a faltas atrav\u00e9s de contratos. pp. 973-986<\/a><br \/>\nAndr\u00e9 Luiz Barbosa Rodrigues, Alexandre Sztajnberg, Orlando Loques<\/p>\n","protected":false},"excerpt":{"rendered":"<p>Artigos da Trilha Principal Uma rede sobreposta no n\u00edvel de sistemas aut\u00f4nomos para rastreamento de tr\u00e1fego IP. pp. 23-36 Andr\u00e9 O. Castelucio, Ronaldo M. Salles, Artur Ziviani An\u00e1lise da topologia dos sistemas aut\u00f4nomos: evolu\u00e7\u00e3o e predi\u00e7\u00e3o. pp. 37-50 Rodrigo Augusto &hellip; <a href=\"https:\/\/ce-resd.sbc.org.br\/?page_id=105\">Continue lendo <span class=\"meta-nav\">&rarr;<\/span><\/a><\/p>\n","protected":false},"author":3,"featured_media":0,"parent":0,"menu_order":0,"comment_status":"closed","ping_status":"closed","template":"","meta":{"_daextinma_seo_power":"","_daextinma_enable_ail":"","footnotes":""},"class_list":["post-105","page","type-page","status-publish","hentry"],"_links":{"self":[{"href":"https:\/\/ce-resd.sbc.org.br\/index.php?rest_route=\/wp\/v2\/pages\/105","targetHints":{"allow":["GET"]}}],"collection":[{"href":"https:\/\/ce-resd.sbc.org.br\/index.php?rest_route=\/wp\/v2\/pages"}],"about":[{"href":"https:\/\/ce-resd.sbc.org.br\/index.php?rest_route=\/wp\/v2\/types\/page"}],"author":[{"embeddable":true,"href":"https:\/\/ce-resd.sbc.org.br\/index.php?rest_route=\/wp\/v2\/users\/3"}],"replies":[{"embeddable":true,"href":"https:\/\/ce-resd.sbc.org.br\/index.php?rest_route=%2Fwp%2Fv2%2Fcomments&post=105"}],"version-history":[{"count":0,"href":"https:\/\/ce-resd.sbc.org.br\/index.php?rest_route=\/wp\/v2\/pages\/105\/revisions"}],"wp:attachment":[{"href":"https:\/\/ce-resd.sbc.org.br\/index.php?rest_route=%2Fwp%2Fv2%2Fmedia&parent=105"}],"curies":[{"name":"wp","href":"https:\/\/api.w.org\/{rel}","templated":true}]}}