{"id":104,"date":"2013-03-19T02:40:28","date_gmt":"2013-03-19T02:40:28","guid":{"rendered":"http:\/\/ce-resd.sbc.org.br\/?page_id=104"},"modified":"2013-04-29T13:10:54","modified_gmt":"2013-04-29T13:10:54","slug":"anais-2007","status":"publish","type":"page","link":"https:\/\/ce-resd.sbc.org.br\/?page_id=104","title":{"rendered":"Anais &#8211; XXV SBRC (2007)"},"content":{"rendered":"<p><strong><span style=\"font-size: large;\">Artigos da Trilha Principal<\/span><\/strong><\/p>\n<p><a href=\"http:\/\/ce-resd.sbc.org.br\/sbrc\/2007\/001.pdf\">Um mecanismo para privilegiar pacotes de vida longa em redes sem fio de m\u00faltiplos saltos. pp. 3-16<\/a><br \/>\nMiguel Elias M. Campista, Lu\u00eds Henrique M. K. Costa, Otto Carlos M. B. Duarte<\/p>\n<p><a href=\"http:\/\/ce-resd.sbc.org.br\/sbrc\/2007\/002.pdf\">Using evolving graphs foremost journeys to evaluate ad-hoc routing protocols. pp. 17-30<\/a><br \/>\nJulian Monteiro, Alfredo Goldman, Afonso Ferreira<\/p>\n<p><a href=\"http:\/\/ce-resd.sbc.org.br\/sbrc\/2007\/003.pdf\">Reduzindo a implos\u00e3o de respostas em protocolos de descoberta de servi\u00e7os para redes sem fio ad hoc de saltos m\u00faltiplos. pp. 31-44<\/a><br \/>\nLuciana dos S. Lima, Ant\u00f4nio Tadeu A. Gomes, Artur Ziviani, Pedro A. Fran\u00e7a, Bruno F. Bastos, Markus Endler<\/p>\n<p><a href=\"http:\/\/ce-resd.sbc.org.br\/sbrc\/2007\/004.pdf\">Projeto cross-layer entre as camadas MAC, roteamento e aplica\u00e7\u00e3o em redes de sensores sem fio. pp. 45-58<\/a><br \/>\nEduardo Souto, Rafael Aschoff, Djamel Sadok, Judith Kelner<\/p>\n<p><a href=\"http:\/\/ce-resd.sbc.org.br\/sbrc\/2007\/005.pdf\">CURUPIRA, a block cipher for constrained platforms. pp. 61-74<\/a><br \/>\nPaulo S. L. M. Barreto, Marcos A. Simpl\u00edcio Jr.<\/p>\n<p><a href=\"http:\/\/ce-resd.sbc.org.br\/sbrc\/2007\/006.pdf\">Autentica\u00e7\u00e3o e autoriza\u00e7\u00e3o em arquiteturas orientadas a servi\u00e7o atrav\u00e9s de identidades federadas. pp. 75-88<\/a><br \/>\nEdson T. de Camargo, Michelle S. Wangham, Joni Fraga, Emerson R. de Mello<\/p>\n<p><a href=\"http:\/\/ce-resd.sbc.org.br\/sbrc\/2007\/007.pdf\">Infra-estrutura com seguran\u00e7a de funcionamento para coopera\u00e7\u00e3o de servi\u00e7os Web. pp. 89-102<\/a><br \/>\nEduardo Ad\u00edlio Pelinson Alchieri, Alysson Neves Bessani, Joni da Silva Fraga<\/p>\n<p><a href=\"http:\/\/ce-resd.sbc.org.br\/sbrc\/2007\/008.pdf\">Comunica\u00e7\u00e3o segura na composi\u00e7\u00e3o de IDSs e seus custos. pp. 103-116<\/a><br \/>\nPaulo M. Mafra, Joni da Silva Fraga, Jos\u00e9 Eduardo M. S. Brand\u00e3o<\/p>\n<p><a href=\"http:\/\/ce-resd.sbc.org.br\/sbrc\/2007\/009.pdf\">Transforma\u00e7\u00e3o de tr\u00e1fego em redes \u00f3pticas em rajadas. pp. 119-132<\/a><br \/>\nGustavo B. Figueiredo, Nelson L. S. da Fonseca, Cesar A. V. Melo, Marcos R. Salvador<\/p>\n<p><a href=\"http:\/\/ce-resd.sbc.org.br\/sbrc\/2007\/010.pdf\">Estudo das arquiteturas de convers\u00e3o de comprimento de onda em redes WDM com comuta\u00e7\u00e3o de rajadas \u00f3pticas. pp. 133-146<\/a><br \/>\nJos\u00e9 Maranh\u00e3o, Andr\u00e9 Soares, William Giozza<\/p>\n<p><a href=\"http:\/\/ce-resd.sbc.org.br\/sbrc\/2007\/011.pdf\">Uma avalia\u00e7\u00e3o multienlace do mecanismo de controle de admiss\u00e3o baseado no grau de ocupa\u00e7\u00e3o em redes \u00f3pticas. pp. 147-160<\/a><br \/>\nIgor M. Moares, Otto Carlos M. B. Duarte<\/p>\n<p><a href=\"http:\/\/ce-resd.sbc.org.br\/sbrc\/2007\/012.pdf\">Uma pol\u00edtica de escalonamento justa para redes Ethernet com elementos \u00f3pticos passivos. pp. 161-174<\/a><br \/>\nFl\u00e1vio de M. Pereira, Nelson L. S. da Fonseca, Dalton S. Arantes<\/p>\n<p><a href=\"http:\/\/ce-resd.sbc.org.br\/sbrc\/2007\/013.pdf\">Um servi\u00e7o flex\u00edvel para a configura\u00e7\u00e3o e manuten\u00e7\u00e3o da pol\u00edtica de privacidade de usu\u00e1rios de aplica\u00e7\u00f5es LBS. pp. 177-190<\/a><br \/>\nVagner Sacramento, Markus Endler, Clarisse de Souza<\/p>\n<p><a href=\"http:\/\/ce-resd.sbc.org.br\/sbrc\/2007\/014.pdf\">Autoridade certificadora din\u00e2mica para redes ad hoc m\u00f3veis. pp. 191-204<\/a><br \/>\nFernando Carlos Pereira, Joni da Silva Fraga, Adriana Elissa Notoya, Ricardo Felipe Cust\u00f3dio<\/p>\n<p><a href=\"http:\/\/ce-resd.sbc.org.br\/sbrc\/2007\/015.pdf\">Condi\u00e7\u00f5es de conectividade para realiza\u00e7\u00e3o de acordo tolerante a falhas em sistemas auto-organiz\u00e1veis. pp. 205-218<\/a><br \/>\nFab\u00edola Gon\u00e7alves Pereira Greve, S\u00e9bastien Tixeuil<\/p>\n<p><a href=\"http:\/\/ce-resd.sbc.org.br\/sbrc\/2007\/016.pdf\">Um esquema de gerenciamento para redes de sensores sem fio auto-organiz\u00e1veis: atuando sobre regras locais. pp. 221-234<\/a><br \/>\nCarlos M. S. Figueiredo, Andr\u00e9 L. L. de Aquino, Ant\u00f4nio A. F. Loureiro, Linnyer B. Ruiz<\/p>\n<p><a href=\"http:\/\/ce-resd.sbc.org.br\/sbrc\/2007\/017.pdf\">An\u00e1lise, implementa\u00e7\u00e3o e teste de uma estrat\u00e9gia aut\u00f4noma de incentivo \u00e0 coopera\u00e7\u00e3o em redes ad-hoc. pp. 235-248<\/a><br \/>\nMarcos Dantas Ortiz, Ac\u00e9lio Sousa C. de Aguiar, Diogo Aguiar Lima, Marcial Porto Fernandez, Jos\u00e9 Neuman de Souza<\/p>\n<p><a href=\"http:\/\/ce-resd.sbc.org.br\/sbrc\/2007\/018.pdf\">CDMA implementation for many-to-many cooperation in mobile ad hoc networks. pp. 249-262<\/a><br \/>\nRenato M. de Moraes, Hamid R. Sadjadpour, J. J. Garcia-Luna-Aceves<\/p>\n<p><a href=\"http:\/\/ce-resd.sbc.org.br\/sbrc\/2007\/019.pdf\">A framework for mobility and flat addressing in heterogeneous domains. pp. 265-278<\/a><br \/>\nWalter Wong, Rafael Pasquini, Rodolfo Villa\u00e7a, Luciano B. de Paula, F\u00e1bio L. Verdi, Maur\u00edcio F. Magalh\u00e3es<\/p>\n<p><a href=\"http:\/\/ce-resd.sbc.org.br\/sbrc\/2007\/020.pdf\">Performance analysis of network composition in ambient networks. pp. 279-292<\/a><br \/>\nJennifer Lima, Ramide Dantas, Carlos Kamienski, Judith Kelner<\/p>\n<p><a href=\"http:\/\/ce-resd.sbc.org.br\/sbrc\/2007\/021.pdf\">Uma an\u00e1lise da probabilidade de entrega de mensagens em redes tolerantes a atrasos e desconex\u00f5es. pp. 293-305<\/a><br \/>\nCarina T. de Oliveira, Otto Carlos M. B. Duarte<\/p>\n<p><a href=\"http:\/\/ce-resd.sbc.org.br\/sbrc\/2007\/022.pdf\">Uma solu\u00e7\u00e3o de QoS com processamento centrado para redes de atuadores e sensores sem fio. pp. 309-322<\/a><br \/>\nRegina B. Araujo, Leandro A. Villas, Azzedine Boukerche<\/p>\n<p><a href=\"http:\/\/ce-resd.sbc.org.br\/sbrc\/2007\/023.pdf\">Otimiza\u00e7\u00e3o do controle de densidade com sorvedouros m\u00f3veis em redes de sensores. pp. 323-336<\/a><br \/>\nWagner M. Aioffi, Geraldo R. Mateus<\/p>\n<p><a href=\"http:\/\/ce-resd.sbc.org.br\/sbrc\/2007\/024.pdf\">Controle de pot\u00eancia de transmiss\u00e3o para redes de sensores em cen\u00e1rios com obst\u00e1culos. pp. 337-350<\/a><br \/>\nSergio Kostin, Claudio L. Amorim<\/p>\n<p><a href=\"http:\/\/ce-resd.sbc.org.br\/sbrc\/2007\/025.pdf\">A priority-based consensus protocol. pp. 353-366<\/a><br \/>\nGeorge Lima, Alan Burns<\/p>\n<p><a href=\"http:\/\/ce-resd.sbc.org.br\/sbrc\/2007\/026.pdf\">Teoria dos jogos na comunica\u00e7\u00e3o de dados em redes de sensores sem fio. pp. 367-380<\/a><br \/>\nPedro Olmo Vaz de Melo, Raquel A. F. Mini, Max do Val Machado, Antonio A. F. Loureiro<\/p>\n<p><a href=\"http:\/\/ce-resd.sbc.org.br\/sbrc\/2007\/027.pdf\">Distributed dual ascent algorithm for steiner problems in networks. pp. 381-394<\/a><br \/>\nMarcelo Santos, L\u00facia M. A. Drummond, Eduardo Uchoa<\/p>\n<p><a href=\"http:\/\/ce-resd.sbc.org.br\/sbrc\/2007\/028.pdf\">Uma metodologia para estimativa de necessidade em contratos de canais de dados com garantia de n\u00edveis de servi\u00e7o. pp. 397-410<\/a><br \/>\nLuis Felipe M. de Moraes, Marcos Cesar Pinto<\/p>\n<p><a href=\"http:\/\/ce-resd.sbc.org.br\/sbrc\/2007\/029.pdf\">Dimensioning methods for IP networks under end-to-end QoS constraints. pp. 411-424<\/a><br \/>\nEmilio C. G. Wille, Marco Mellia, Emilio Leonardi, Marco Ajmone Marsan<\/p>\n<p><a href=\"http:\/\/ce-resd.sbc.org.br\/sbrc\/2007\/030.pdf\">Modelo de tr\u00e1fego para conex\u00e3o \u00e0 Internet utilizando conex\u00f5es discadas. pp. 425-438<\/a><br \/>\nCarlos Marcelo Pedroso, Mateus Cruz, Keiko Fonseca<\/p>\n<p><a href=\"http:\/\/ce-resd.sbc.org.br\/sbrc\/2007\/031.pdf\">Gerenciamento de capacidade auto-adaptativo para ambientes virtualizados multi-camadas. pp. 441-454<\/a><br \/>\n\u00cdtalo Cunha, Jussara Almeida, Virg\u00edlio Almeida, Marcos Santos<\/p>\n<p><a href=\"http:\/\/ce-resd.sbc.org.br\/sbrc\/2007\/032.pdf\">Efeitos de sobrecargas transientes em servidores Web. pp. 455-468<\/a><br \/>\nPaulo Roberto Farah, Cristina Duarte Murta<\/p>\n<p><a href=\"http:\/\/ce-resd.sbc.org.br\/sbrc\/2007\/033.pdf\">Um modelo HMM hier\u00e1rquico para usu\u00e1rios interativos acessando um servidor multim\u00eddia. pp. 469-482<\/a><br \/>\nCarolina C. L. B. de Vielmond, Rosa M. M. Le\u00e3o, Edmundo de Souza e Silva<\/p>\n<p><a href=\"http:\/\/ce-resd.sbc.org.br\/sbrc\/2007\/034.pdf\">Adapta\u00e7\u00e3o de conte\u00fado sens\u00edvel a contexto para dispositivos m\u00f3veis em sistemas publish\/subscribe. pp. 483-496<\/a><br \/>\nHana Karina S. Rubinsztejn, Markus Endler<\/p>\n<p><a href=\"http:\/\/ce-resd.sbc.org.br\/sbrc\/2007\/035.pdf\">Arquitetura e requisitos de rede para Web Labs. pp. 499-512<\/a><br \/>\nPaulo R. S. L. Coelho, Rodrigo F. Sassi, Eliane G. Guimar\u00e3es, Eleri Cardozo, Luis F. Faina, Alex Z. Lima<\/p>\n<p><a href=\"http:\/\/ce-resd.sbc.org.br\/sbrc\/2007\/036.pdf\">SAS: sistema de avalia\u00e7\u00e3o de SLAs para com\u00e9rcio eletr\u00f4nico baseado em servi\u00e7os Web. pp. 513-526<\/a><br \/>\nPaulo F. Pires, Fl\u00e1via C. Delicato, Luci Pirmez, Alexandre Gomes Lages<\/p>\n<p><a href=\"http:\/\/ce-resd.sbc.org.br\/sbrc\/2007\/037.pdf\">Autentica\u00e7\u00e3o em Web Banking pro credenciais biom\u00e9tricas suportadas pelo padr\u00f5es de servi\u00e7os Web. pp. 527-540<\/a><br \/>\nLuciano R. Costa, Rafael R. Obelheiro, Joni S. Fraga<\/p>\n<p><a href=\"http:\/\/ce-resd.sbc.org.br\/sbrc\/2007\/038.pdf\">Servi\u00e7o de tradu\u00e7\u00e3o de linguagens de marca\u00e7\u00e3o para a Internet. pp. 541-554<\/a><br \/>\nLuiz H. Z. Santana, Diogo S. Martins, Marcos Forte, Wanderley Lopes de Souza, Ant\u00f4nio Francisco do Prado, Mauro Biajiz, Luana Knoff<\/p>\n<p><a href=\"http:\/\/ce-resd.sbc.org.br\/sbrc\/2007\/039.pdf\">Using different chord lengths in degree three chordal rings and N2R topologies. pp. 557-566<\/a><br \/>\nJens M. Pedersen, Ahmed Patel, Ole B. Madsen<\/p>\n<p><a href=\"http:\/\/ce-resd.sbc.org.br\/sbrc\/2007\/040.pdf\">Minimum blocking probability in OBS networks optimized for an initial static load. pp. 567-575<\/a><br \/>\nK. D. R. Assis, J. Maranh\u00e3o, A. F. Santos, W. F. Giozza<\/p>\n<p><a href=\"http:\/\/ce-resd.sbc.org.br\/sbrc\/2007\/041.pdf\">Qualidade de servi\u00e7o absoluta em redes OBS baseadas no GMPLS. pp. 577-590<\/a><br \/>\nRafael Pereira Esteves, Fernando Nazareno Nascimento Farias, Dec\u00edola Fernandes de Sousa, Antonio Jorge Gomes Abel\u00e9m<\/p>\n<p><a href=\"http:\/\/ce-resd.sbc.org.br\/sbrc\/2007\/042.pdf\">Roteamento com perfis de banda variantes no tempo: uma abordagem baseada em caminhos. pp. 591-604<\/a><br \/>\nAugusto C. Carlson, Jean-Marie Farines, Eduardo Camponogara<\/p>\n<p><a href=\"http:\/\/ce-resd.sbc.org.br\/sbrc\/2007\/043.pdf\">Diferencia\u00e7\u00e3o de tr\u00e1fego e controle de admiss\u00e3o para redes ad hoc IEEE 802.11. pp. 607-620<\/a><br \/>\nCarlos Rodrigo Cerveira, Lu\u00eds Henrique Maciel Kosmalski Costa<\/p>\n<p><a href=\"http:\/\/ce-resd.sbc.org.br\/sbrc\/2007\/044.pdf\">SDCD: um novo mecanismo para a sele\u00e7\u00e3o autom\u00e1tica de canal em redes IEEE 802.11 independentes. pp. 621-634<\/a><br \/>\nMarcel W. R. da Silva, Jos\u00e9 F. de Rezende<\/p>\n<p><a href=\"http:\/\/ce-resd.sbc.org.br\/sbrc\/2007\/045.pdf\">A MAC and PHY cross-layer model to estimate the cell coverage of IEEE 802.11a, 802.11b and 802.11g WLANs. pp. 635-648<\/a><br \/>\nRoger Pierre Fabris Hoefel<\/p>\n<p><a href=\"http:\/\/ce-resd.sbc.org.br\/sbrc\/2007\/046.pdf\">A centralized scheduling and retransmission proposal for firm real-time traffic in IEEE 802.11e. pp. 649-662<\/a><br \/>\nDouglas D\u00edmi Demarch, Leandro Buss Becker<\/p>\n<p><a href=\"http:\/\/ce-resd.sbc.org.br\/sbrc\/2007\/047.pdf\">FLAVOR: a dynamic and open framework and open framework for the development of network measurement access and visualization tools. pp. 665-678<\/a><br \/>\nIvo K. Koga, Leobino Sampaio, Jos\u00e9 A. S. Monteiro<\/p>\n<p><a href=\"http:\/\/ce-resd.sbc.org.br\/sbrc\/2007\/048.pdf\">Uma infra-estrutura para publica\u00e7\u00e3o e descoberta de servi\u00e7os de monitoramento de rede. pp. 679-692<\/a><br \/>\nHerbert M. Souza, Rafael Costa, Jos\u00e9 A. Suruagy, Leobino Sampaio, Paulo F. Cunha<\/p>\n<p><a href=\"http:\/\/ce-resd.sbc.org.br\/sbrc\/2007\/049.pdf\">M\u00e9todo passivo para monitora\u00e7\u00e3o de SLA de aplica\u00e7\u00f5es sens\u00edveis ao atraso baseado em hash. pp. 693-706<\/a><br \/>\nEmir Toktar, Guy Pujolle, Edgard Jamhour, Manoel Camillo Penna, Mauro Fonseca<\/p>\n<p><a href=\"http:\/\/ce-resd.sbc.org.br\/sbrc\/2007\/050.pdf\">Monitora\u00e7\u00e3o de n\u00edvel de servi\u00e7o baseada em pesquisa multidimensional. pp. 707-720<\/a><br \/>\nAndreas Kiefer, Elias Proc\u00f3pio Duarte Jr., Cristina D. Murta<\/p>\n<p><a href=\"http:\/\/ce-resd.sbc.org.br\/sbrc\/2007\/051.pdf\">Escalonamento com qualidade de servi\u00e7o em redes IEEE 802.16. pp. 723-736<\/a><br \/>\nJuliana Freitag, Nelson L. S. da Fonseca<\/p>\n<p><a href=\"http:\/\/ce-resd.sbc.org.br\/sbrc\/2007\/052.pdf\">Reserva pr\u00f3-ativa de recursos assistida por perfil para redes WiMAX. pp. 737-750<\/a><br \/>\nJaime C. Jr., Luci Pirmez, Fl\u00e1via C. Delicato, Aline M. Souza, Paulo F. Pires<\/p>\n<p><a href=\"http:\/\/ce-resd.sbc.org.br\/sbrc\/2007\/053.pdf\">Um algoritmo eficiente de dissemina\u00e7\u00e3o dos estados de enlace para redes em malha sem fio. pp. 751-764<\/a><br \/>\nMiguel Elias M. Campista, Lu\u00eds Henrique M. K. Costa, Otto Carlos M. B. Duarte<\/p>\n<p><a href=\"http:\/\/ce-resd.sbc.org.br\/sbrc\/2007\/054.pdf\">Explorando a abstra\u00e7\u00e3o espa\u00e7o de tuplas no escalonamento em grades computacionais. pp. 767-780<\/a><br \/>\nF\u00e1bio Favarim, Joni Fraga, Lau C. Lung, Miguel Correia, Jo\u00e3o F. Santos<\/p>\n<p><a href=\"http:\/\/ce-resd.sbc.org.br\/sbrc\/2007\/055.pdf\">AGrADC: uma arquitetura para implanta\u00e7\u00e3o e configura\u00e7\u00e3o aut\u00f4nomas de aplica\u00e7\u00f5es em grades computacionais. pp. 781-794<\/a><br \/>\nSidnei Roberto Selzler Franco, Luciano Paschoal Gaspary, Marinho Pilla Barcellos, Gerson Geraldo Homrich Cavalheiro<\/p>\n<p><a href=\"http:\/\/ce-resd.sbc.org.br\/sbrc\/2007\/056.pdf\">Uma abordagem baseada em pol\u00edticas para contabiliza\u00e7\u00e3o e caracteriza\u00e7\u00e3o de uso global de grades computacionais. pp. 795-808<\/a><br \/>\nGlauco Antonio Ludwig, Luciano Paschoal Gaspary, Gerson Geraldo Homrich Cavalheiro, Walfredo Cirne<\/p>\n<p><a href=\"http:\/\/ce-resd.sbc.org.br\/sbrc\/2007\/057.pdf\">Avaliando estrat\u00e9gias de controle de admiss\u00e3o para implementa\u00e7\u00e3o de garantias de QoS de fluxos individuais em redes DiffServ usando m\u00e9todos de otimiza\u00e7\u00e3o. pp. 811-824<\/a><br \/>\nRicardo Nabhen, Edgard Jamhour, Manoel C. Penna, Mauro Fonseca, Carlos Maziero, Guy Pujolle<\/p>\n<p><a href=\"http:\/\/ce-resd.sbc.org.br\/sbrc\/2007\/058.pdf\">Controlador \u00f3timo para o gerenciamento ativo de filas na arquitetura DiffServ. pp. 825-838<\/a><br \/>\nLeonardo R. Augusto, Michele M. A. E. Lima, Nelson L. S. da Fonseca<\/p>\n<p><a href=\"http:\/\/ce-resd.sbc.org.br\/sbrc\/2007\/059.pdf\">Escalonador de m\u00e9trica \u00fanica combinada para a implementa\u00e7\u00e3o dos servi\u00e7os proporcionais diferenciados. pp. 839-852<\/a><br \/>\nFlavio B. Gonzaga, Ronaldo M. Salles<\/p>\n<p><a href=\"http:\/\/ce-resd.sbc.org.br\/sbrc\/2007\/060.pdf\">M\u00e9todos para conten\u00e7\u00e3o de polui\u00e7\u00e3o de conte\u00fado em redes P2P. pp. 855-868<\/a><br \/>\nJuliano F. Silva, Marinho P. Barcellos, Marlom Konrath, Luciano P. Gaspary, Rodolfo S. Antunes<\/p>\n<p><a href=\"http:\/\/ce-resd.sbc.org.br\/sbrc\/2007\/061.pdf\">Combatendo a dissemina\u00e7\u00e3o de conte\u00fado polu\u00eddo em redes par-a-par para compartilhamento de arquivos. pp. 869-881<\/a><br \/>\nCristiano Costa, Vanessa Soares, Jussara Almeida, Virgilio Almeida<\/p>\n<p><a href=\"http:\/\/ce-resd.sbc.org.br\/sbrc\/2007\/062.pdf\">Atacando um enxame com um bando de mentirosos: vulnerabilidades em BitTorrent. pp. 883-896<\/a><br \/>\nMarlom A. Konrath, Marinho P. Barcellos, Juliano F. Silva, Luciano P. Gaspary, Rafael Dreher<\/p>\n<p><a href=\"http:\/\/ce-resd.sbc.org.br\/sbrc\/2007\/063.pdf\">Projeto de controladores \u00f3timos para redes com produto banda-atraso elevado. pp. 899-912<\/a><br \/>\nJuliana de Santi, Nelson L. S. da Fonseca, Michele M. A. E. Lima<\/p>\n<p><a href=\"http:\/\/ce-resd.sbc.org.br\/sbrc\/2007\/064.pdf\">Evaluating the steady state distribution of cumulative reward in hidden markov models. pp. <\/a>913-926<br \/>\nAna Paula Couto da Silva, Rosa M. M. Le\u00e3o, Edmundo de Souza e Silva<\/p>\n<p><a href=\"http:\/\/ce-resd.sbc.org.br\/sbrc\/2007\/065.pdf\">Burst TCP: an approach for benefiting mice flows. pp. 927-940<\/a><br \/>\nGlauco E. Gon\u00e7alves, Stenio Fernandes, Denio Mariz, Djamel Sadok<\/p>\n<p><a href=\"http:\/\/ce-resd.sbc.org.br\/sbrc\/2007\/066.pdf\">Buffering para otimiza\u00e7\u00e3o de sistemas interativos de VoD. pp. 941-954<\/a><br \/>\nCarlo K. da S. Rodrigues, Luiz J. H. Filho, Rosa M. M. Le\u00e3o<\/p>\n<p><a href=\"http:\/\/ce-resd.sbc.org.br\/sbrc\/2007\/067.pdf\">Load balacing through automated replication in unstructured P2P file sharing systems. pp. 957-969<\/a><br \/>\nCristina L. Abad<\/p>\n<p><a href=\"http:\/\/ce-resd.sbc.org.br\/sbrc\/2007\/068.pdf\">Lightweight super-peers: um modelo de super-peers para redes DHT. pp. 971-984<\/a><br \/>\nMarcos Madruga, Tha\u00eds Batista, Rodrigo Ara\u00fajo, Luiz Affonso Guedes<\/p>\n<p><a href=\"http:\/\/ce-resd.sbc.org.br\/sbrc\/2007\/069.pdf\">Otimizando requisi\u00e7\u00f5es de conte\u00fado em redes par-a-par sobre redes ad hoc. pp. 985-997<\/a><br \/>\nDiego Neves da Hora, Daniel Fernandes Macedo, Jos\u00e9 Marcos S. Nogueira, Guy Pujolle<\/p>\n<p><a href=\"http:\/\/ce-resd.sbc.org.br\/sbrc\/2007\/070.pdf\">Avalia\u00e7\u00e3o de m\u00e9todos matem\u00e1ticos usados nos modelos de reputa\u00e7\u00e3o de incentivo \u00e0 coopera\u00e7\u00e3o. pp. 999-1012<\/a><br \/>\nFabiana Martins da Silva, Jos\u00e9 Ferreira de Rezende<\/p>\n<p><a href=\"http:\/\/ce-resd.sbc.org.br\/sbrc\/2007\/071.pdf\">Uma arquitetura de servi\u00e7o para avalia\u00e7\u00e3o de contextos em redes de TV digital. pp. 1015-1028<\/a><br \/>\nLuiz Eduardo C. Leite, Ozifrankly Lima, Guido L. de Souza Filho, Silvio R. de L. Meira, Patr\u00edcia C. A. R. Tedesco<\/p>\n<p><a href=\"http:\/\/ce-resd.sbc.org.br\/sbrc\/2007\/072.pdf\">Mecanismo de identifica\u00e7\u00e3o de recursos para aplica\u00e7\u00f5es interativas em redes de TV digital por difus\u00e3o. pp. 1029-1042<\/a><br \/>\nMarcio Ferreira Moreno, Rog\u00e9rio Ferreira Rodrigues, Luiz Fernando Gomes Soares<\/p>\n<p><a href=\"http:\/\/ce-resd.sbc.org.br\/sbrc\/2007\/073.pdf\">Proposta e avalia\u00e7\u00e3o de uma arquitetura escal\u00e1vel para distribui\u00e7\u00e3o de TV na Internet. pp. 1043-1056<\/a><br \/>\nTiago S. Proen\u00e7a, C\u00e9lio V. N. Albuquerque<\/p>\n<p><a href=\"http:\/\/ce-resd.sbc.org.br\/sbrc\/2007\/074.pdf\">Balanceamento de chamadas E.164 VoIP com controles centralizado e distribu\u00eddo. pp. 1057-1070<\/a><br \/>\nAnderson A. de Albuquerque, Paulo H. de Aguiar Rodrigues, Thiago M. Resende, Claudio M. de Farias<\/p>\n<p><a href=\"http:\/\/ce-resd.sbc.org.br\/sbrc\/2007\/075.pdf\">TRACE e o correio multim\u00eddia. pp. 1073-1078<\/a><br \/>\nRicardo Campanha Carrano, Antonio Caminada, D\u00e9bora Christina Muchaluat-Saade, Luiz Claudio Schara Magalh\u00e3es<\/p>\n<p><a href=\"http:\/\/ce-resd.sbc.org.br\/sbrc\/2007\/076.pdf\">Aspect open-ORB: um middleware reflexivo orientado a aspectos. pp. 1079-1084<\/a><br \/>\nN\u00e9lio Cacho, Tha\u00eds Batista, Alessandro Garcia, Cl\u00e1udio Sant&#8217;anna<\/p>\n<p><a href=\"http:\/\/ce-resd.sbc.org.br\/sbrc\/2007\/077.pdf\">Uso do middleware CORBA na distribui\u00e7\u00e3o de ambientes distribu\u00eddos para suportar jogos multi-jogadores. Estudo de caso &#8220;Projeto LUDOS TOP&#8221;. pp. 1085-1090<\/a><br \/>\nEverton S. de Souza, Luciano F. Silva, Marlene Roque, Alexandre Cardoso, Edgard Lamounier Jr.<\/p>\n<p><a href=\"http:\/\/ce-resd.sbc.org.br\/sbrc\/2007\/078.pdf\">M\u00e9tricas para dimensionar recursos humanos nos centros de opera\u00e7\u00f5es de redes. pp. 1091-1096<\/a><br \/>\nAndrey Guedes Oliveira, David Bianchini, Marcelo Lu\u00eds Francisco Abbade<\/p>\n<p><a href=\"http:\/\/ce-resd.sbc.org.br\/sbrc\/2007\/079.pdf\">Estima\u00e7\u00e3o de matrizes de tr\u00e1fego de backbones utilizando restri\u00e7\u00f5es de proporcionalidade em modelo de programa\u00e7\u00e3o linear. pp. 1099-1104<\/a><br \/>\nArnoldo N. da Silva, Marcelo H. O. Lima, Silas S. L. Pereira, Daniel N. Nobre, Jorge L. C. Silva, J. E. Bessa Maia, Paulo R. F. Cunha<\/p>\n<p><a href=\"http:\/\/ce-resd.sbc.org.br\/sbrc\/2007\/080.pdf\">Estudo comparativo de protocolos de roteamento para redes Mesh na regi\u00e3o amaz\u00f4nica. pp. 1105-1110<\/a><br \/>\nElisangela Aguiar, Paula Bittencourt, Waldir Moreira, Ant\u00f4nio Gomes Abel\u00e9m<\/p>\n<p><a href=\"http:\/\/ce-resd.sbc.org.br\/sbrc\/2007\/081.pdf\">Um protocolo de roteamento com QoS para redes Mesh sem fio com m\u00faltiplos r\u00e1dios. pp. 1111-1116<\/a><br \/>\nRachel de C. Paschoalino, Edmundo R. M. Madeira<\/p>\n<p><a href=\"http:\/\/ce-resd.sbc.org.br\/sbrc\/2007\/082.pdf\">An\u00e1lise e modelagem de perda de pacotes em redes 802.11 em ambientes Indoor. pp. 1117-1122<\/a><br \/>\nKleber V. Cardoso, Jos\u00e9 F. de Rezende<\/p>\n<p><a href=\"http:\/\/ce-resd.sbc.org.br\/sbrc\/2007\/083.pdf\">Integra\u00e7\u00e3o das redes UMTS e IEEE 802.11 utilizando os protocolos MIPv6 e SIP. pp. 1123-1128<\/a><br \/>\nAntonia Diana Braga Nogueira, Saulo Passos Ramos, Bruno G\u00f3is Mateus, Miguel Franklin de Castro, Rossana Maria de Castro Andrade<\/p>\n","protected":false},"excerpt":{"rendered":"<p>Artigos da Trilha Principal Um mecanismo para privilegiar pacotes de vida longa em redes sem fio de m\u00faltiplos saltos. pp. 3-16 Miguel Elias M. Campista, Lu\u00eds Henrique M. K. Costa, Otto Carlos M. B. Duarte Using evolving graphs foremost journeys &hellip; <a href=\"https:\/\/ce-resd.sbc.org.br\/?page_id=104\">Continue lendo <span class=\"meta-nav\">&rarr;<\/span><\/a><\/p>\n","protected":false},"author":3,"featured_media":0,"parent":0,"menu_order":0,"comment_status":"closed","ping_status":"closed","template":"","meta":{"_daextinma_seo_power":"","_daextinma_enable_ail":"","footnotes":""},"class_list":["post-104","page","type-page","status-publish","hentry"],"_links":{"self":[{"href":"https:\/\/ce-resd.sbc.org.br\/index.php?rest_route=\/wp\/v2\/pages\/104","targetHints":{"allow":["GET"]}}],"collection":[{"href":"https:\/\/ce-resd.sbc.org.br\/index.php?rest_route=\/wp\/v2\/pages"}],"about":[{"href":"https:\/\/ce-resd.sbc.org.br\/index.php?rest_route=\/wp\/v2\/types\/page"}],"author":[{"embeddable":true,"href":"https:\/\/ce-resd.sbc.org.br\/index.php?rest_route=\/wp\/v2\/users\/3"}],"replies":[{"embeddable":true,"href":"https:\/\/ce-resd.sbc.org.br\/index.php?rest_route=%2Fwp%2Fv2%2Fcomments&post=104"}],"version-history":[{"count":0,"href":"https:\/\/ce-resd.sbc.org.br\/index.php?rest_route=\/wp\/v2\/pages\/104\/revisions"}],"wp:attachment":[{"href":"https:\/\/ce-resd.sbc.org.br\/index.php?rest_route=%2Fwp%2Fv2%2Fmedia&parent=104"}],"curies":[{"name":"wp","href":"https:\/\/api.w.org\/{rel}","templated":true}]}}