{"id":103,"date":"2013-03-19T02:40:19","date_gmt":"2013-03-19T02:40:19","guid":{"rendered":"http:\/\/ce-resd.sbc.org.br\/?page_id=103"},"modified":"2013-04-29T13:10:18","modified_gmt":"2013-04-29T13:10:18","slug":"anais-2006","status":"publish","type":"page","link":"https:\/\/ce-resd.sbc.org.br\/?page_id=103","title":{"rendered":"Anais &#8211; XXIV SBRC (2006)"},"content":{"rendered":"<p><strong><span style=\"font-size: large;\">Artigos da Trilha Principal<\/span><\/strong><\/p>\n<p><a href=\"http:\/\/ce-resd.sbc.org.br\/sbrc\/2006\/st1_1.pdf\">Analysis of access selection algorithms for multi-access networks with elastic traffic.<\/a><br \/>\nIgor Canan\u00e9a, D\u00eanio Mariz, Je\u00edsa Oliveira, Djamel Sadok, G\u00e1bor Fodor<\/p>\n<p><a href=\"http:\/\/ce-resd.sbc.org.br\/sbrc\/2006\/st1_2.pdf\">Identifica\u00e7\u00e3o de regi\u00e3o de congestionamento atrav\u00e9s de comunica\u00e7\u00e3o inter-veicular.<\/a><br \/>\nH\u00e9lcio Mello, Markus Endler<\/p>\n<p><a href=\"http:\/\/ce-resd.sbc.org.br\/sbrc\/2006\/st1_3.pdf\">Avalia\u00e7\u00e3o de desempenho da t\u00e9cnica de varredura em roteamento ad hoc com antenas direcionais.<\/a><br \/>\nGlauco F. Amorim, Jos\u00e9 F. de Rezende<\/p>\n<p><a href=\"http:\/\/ce-resd.sbc.org.br\/sbrc\/2006\/st1_4.pdf\">Evitando interfer\u00eancias prim\u00e1rias em redes ad hoc com antenas direcionais.<\/a><br \/>\nItalo Ramella, Jos\u00e9 Ferreira de Rezende<\/p>\n<p><a href=\"http:\/\/ce-resd.sbc.org.br\/sbrc\/2006\/st2_1.pdf\">PARADIS: an adaptive middleware for dynamic task allocation in a grid.<\/a><br \/>\nMichel Hurfin, Jean-Pierre Le Narzul, Julien Pley,\u00a0Philippe Ra\u00efpin Parv\u00e9dy<\/p>\n<p><a href=\"http:\/\/ce-resd.sbc.org.br\/sbrc\/2006\/st2_2.pdf\">Uma heur\u00edstica de agrupamento de caminhos para escalonamento de tarefas em grades computacionais.<\/a><br \/>\nBittencourt, L. F., Madeira, E. R. M., Cicerre, F. R. L., Buzato, L. E.<\/p>\n<p><a href=\"http:\/\/ce-resd.sbc.org.br\/sbrc\/2006\/st2_3.pdf\">Uma heur\u00edstica de particionamento de carga divis\u00edvel para grids computacionais.<\/a><br \/>\nLeonardo de Assis, Nelson N\u00f3brega-J\u00fanior, Francisco Brasileiro, Walfredo Cirne<\/p>\n<p><a href=\"http:\/\/ce-resd.sbc.org.br\/sbrc\/2006\/st2_4.pdf\">The ultralight network testbed: motivation, architecture and experience.<\/a><br \/>\nHarvey Newman, Julian Bunn, Richard Cavanaugh, Iosif Legrand, Steven Low, Shawn McKee, Dan Nae, Sylvain Ravot, Conrad Steenberg, Xun Su, Michael Thomas, Frank van Linger, Yang Xia<\/p>\n<p><a href=\"http:\/\/ce-resd.sbc.org.br\/sbrc\/2006\/st3_1.pdf\">Detec\u00e7\u00e3o de anomalias de tr\u00e1fego usando entropia n\u00e3o-extensiva.<\/a><br \/>\nMarcelo Lu\u00eds Monsores, Artur Ziviani, Paulo S\u00e9rgio Silva Rodrigues<\/p>\n<p><a href=\"http:\/\/ce-resd.sbc.org.br\/sbrc\/2006\/st3_2.pdf\">Estimando a m\u00e9dia e vari\u00e2ncia do atraso em um sentido utilizando o IPID da m\u00e1quina remota.<\/a><br \/>\nAntonio A. de A. Rocha, Rosa M. M. Le\u00e3o, Edmundo de Souza e Silva<\/p>\n<p><a href=\"http:\/\/ce-resd.sbc.org.br\/sbrc\/2006\/st3_3.pdf\">Avalia\u00e7\u00e3o de t\u00e9cnicas de agrupamento na amostragem de tr\u00e1fego na Internet.<\/a><br \/>\nStenio Fernandes, Carlos Kamienski, Denio Mariz, Djmael Sadok<\/p>\n<p><a href=\"http:\/\/ce-resd.sbc.org.br\/sbrc\/2006\/st3_4.pdf\">Limite de capacidade e prote\u00e7\u00e3o de servidores em redes gigabit.<\/a><br \/>\nMarco Antonio Jonack, Cristina Duarte Murta<\/p>\n<p>&lt;st4_1.pdf&gt;\u00a0Controle de fluxo de mensagens HTTP para ganho de desempenho em sites com conte\u00fado din\u00e2mico.<br \/>\nCarlos Zimmermann, Tereza Carvalho<\/p>\n<p><a href=\"http:\/\/ce-resd.sbc.org.br\/sbrc\/2006\/st4_2.pdf\">Um modelo para gera\u00e7\u00e3o de carga de servidores Web utilizando classifica\u00e7\u00e3o de conte\u00fado.<\/a><br \/>\nCarlos Marcelo Pedroso, Keiko Fonseca<\/p>\n<p><a href=\"http:\/\/ce-resd.sbc.org.br\/sbrc\/2006\/st4_3.pdf\">Avalia\u00e7\u00e3o de desempenho de composi\u00e7\u00e3o de Web Services usando redes de Petri.<\/a><br \/>\nArnoldo N. da Silva, Fernando A. A. Lins, Jos\u00e9 C. S. J\u00fanior, Nelson S. Rosa, N\u00edvia C. Quental, Paulo R. M. Maciel<\/p>\n<p><a href=\"http:\/\/ce-resd.sbc.org.br\/sbrc\/2006\/st5_1.pdf\">T\u00e9cnicas para sistemas de v\u00eddeo sob demanda escal\u00e1veis.<\/a><br \/>\nCarlo Kleber da S. Rodrigues, Rosa Maria Meri Le\u00e3o<\/p>\n<p><a href=\"http:\/\/ce-resd.sbc.org.br\/sbrc\/2006\/st5_2.pdf\">Estrat\u00e9gias h\u00edbridas para transmiss\u00e3o de m\u00eddia cont\u00ednua interativa com compartilhamento de fluxo.<\/a><br \/>\nMarcus Rocha, Marcelo Maia, \u00cdtalo Cunha, Jussara Almeida, S\u00e9rgio Campos<\/p>\n<p><a href=\"http:\/\/ce-resd.sbc.org.br\/sbrc\/2006\/st5_3.pdf\">Distribui\u00e7\u00e3o de dados massivos via multicast confi\u00e1vel na RNP: metodologia de avalia\u00e7\u00e3o, ferramentas e resultados.<\/a><br \/>\nGustavo Bervian Brand, Giovani Facchini, Evandro Dall&#8217;Agnol, Renato Costa, Marinho Barcellos, Valter Roesler<\/p>\n<p><a href=\"http:\/\/ce-resd.sbc.org.br\/sbrc\/2006\/st5_4.pdf\">Um algoritmo de estabelecimento de LSPs para comunica\u00e7\u00e3o multicast em redes WDM baseadas no GMPLS.<\/a><br \/>\nRafael Pereira Esteves, Ant\u00f4nio Jorge Gomes Abel\u00e9m, Ewerton da Costa Vaz, Michael A. Stanton<\/p>\n<p><a href=\"http:\/\/ce-resd.sbc.org.br\/sbrc\/2006\/st6_1.pdf\">A MAC and physical layer theoretical model for IEEE 802.11 networks operating simultaneously with basic and RTS\/CTS access schemes.<\/a><br \/>\nRoger Pierre Fabris Hoefel<\/p>\n<p><a href=\"http:\/\/ce-resd.sbc.org.br\/sbrc\/2006\/st6_2.pdf\">Desenvolvimento de aplica\u00e7\u00f5es adaptativas para redes IEEE 802.11.<\/a><br \/>\nArlindo Fl\u00e1vio da Concei\u00e7\u00e3o, Fabio Kon<\/p>\n<p><a href=\"http:\/\/ce-resd.sbc.org.br\/sbrc\/2006\/st6_3.pdf\">O uso de pares de pacotes para monitora\u00e7\u00e3o da taxa de transmiss\u00e3o e da capacidade de vaz\u00e3o em redes IEEE 802.11.<\/a><br \/>\nArlindo Fl\u00e1vio da Concei\u00e7\u00e3o, Fabio Kon<\/p>\n<p><a href=\"http:\/\/ce-resd.sbc.org.br\/sbrc\/2006\/st6_4.pdf\">Um mecanismo para a sele\u00e7\u00e3o din\u00e2mica de canal em redes IEEE 802.11 infra-estruturadas.<\/a><br \/>\nMarcel W. R. da Silva, Jos\u00e9 F. de Rezende<\/p>\n<p><a href=\"http:\/\/ce-resd.sbc.org.br\/sbrc\/2006\/st7_1.pdf\">Utilizando honeypots para medi\u00e7\u00e3o de atividade de rede n\u00e3o usual na Internet.<\/a><br \/>\nEmerson Virti, Leandro M\u00e1rcio Bertholdo, Liane Tarouco, Lisandro Granville<\/p>\n<p><a href=\"http:\/\/ce-resd.sbc.org.br\/sbrc\/2006\/st7_2.pdf\">Uma abordagem para incorpora\u00e7\u00e3o flex\u00edvel de aspectos de seguran\u00e7a em aplica\u00e7\u00f5es peer-to-peer.<\/a><br \/>\nAndr\u00e9 Detsch, Luciano Paschoal Gaspary, Marinho Pilla Barcellos, Ricardo Nabinger Sanchez<\/p>\n<p><a href=\"http:\/\/ce-resd.sbc.org.br\/sbrc\/2006\/st7_3.pdf\">Uma abordagem baseada em programa\u00e7\u00e3o declarativa para configura\u00e7\u00e3o de firewalls em ambientes heterog\u00eaneos.<\/a><br \/>\nC\u00e1ssio Ditzel Kropiwiec, Edgard Jamhour, Mauro S\u00e9rgio Pereira Fonseca, Fabr\u00edcio Enembreck, Guy Pujolle<\/p>\n<p><a href=\"http:\/\/ce-resd.sbc.org.br\/sbrc\/2006\/st7_4.pdf\">Avalia\u00e7\u00e3o da confian\u00e7a por an\u00e1lise comportamental para autoriza\u00e7\u00e3o evolutiva em aplica\u00e7\u00f5es seguras na Web.<\/a><br \/>\nLuiz Fernando Rust da Costa Carmo, Carlos Augusto Reis J\u00fanior<\/p>\n<p><a href=\"http:\/\/ce-resd.sbc.org.br\/sbrc\/2006\/st8_1.pdf\">An\u00e1lise de fila para tr\u00e1fego multifractal utilizando c\u00e1lculo de rede e par\u00e2metro de escala global.<\/a><br \/>\nFl\u00e1vio Henrique Teles Vieira, Lee Luan Ling<\/p>\n<p><a href=\"http:\/\/ce-resd.sbc.org.br\/sbrc\/2006\/st8_2.pdf\">Sobre a disputa por recursos de rede WLAN por aplica\u00e7\u00f5es VoIP: uma proposta de modelagem usando teoria dos jogos.<\/a><br \/>\nEdson H. Watanabe, Daniel S. Menasch\u00e9, Fernando Silveira Filho, Edmundo A. de Souza e Silva, Rosa Maria M. Le\u00e3o<\/p>\n<p><a href=\"http:\/\/ce-resd.sbc.org.br\/sbrc\/2006\/st8_3.pdf\">Avalia\u00e7\u00e3o do desempenho de aplica\u00e7\u00f5es VoIP P2P.<\/a><br \/>\nRodrigo Barbosa, Arthur Callado, Carlos A. Kamienski, St\u00eanio Fernandes, D\u00eanio Mariz, Judith Kelner, Djamel Sadok<\/p>\n<p><a href=\"http:\/\/ce-resd.sbc.org.br\/sbrc\/2006\/st8_4.pdf\">Modelagem e avalia\u00e7\u00e3o de desempenho da tecnologia Cdma2000 1xEV-DO para aplica\u00e7\u00e3o no SBTvD.<\/a><br \/>\nJos\u00e9 Roberto Boisson de Marca, Fl\u00e1vio Pimentel Duarte, Guilherme D. G. Jaime, Edmundo de Souza e Silva, Rosa Maria Meri Le\u00e3o, Patricia A. Berqu\u00f3<\/p>\n<p><a href=\"http:\/\/ce-resd.sbc.org.br\/sbrc\/2006\/st9_1.pdf\">An XML-based model for SLA definition with quality and performance indicators.<\/a><br \/>\nEmir Toktar, Guy Pujolle, Edgard Jamhour, Manoel Camillo Penna, Mauro Fonseca<\/p>\n<p><a href=\"http:\/\/ce-resd.sbc.org.br\/sbrc\/2006\/st9_2.pdf\">piPEs-BR: uma arquitetura para a medi\u00e7\u00e3o de desempenho em redes IP.<\/a><br \/>\nLeobino Sampaio, Ivo K. Koga, Herbert Souza, Ivan K. Koga, Guilherme E. Rhoden, Fausto Vetter, Gerson Leiria, Jos\u00e9 A. S. Monteiro, Edison Melo<\/p>\n<p><a href=\"http:\/\/ce-resd.sbc.org.br\/sbrc\/2006\/st9_3.pdf\">Uma arquitetura baseada em pol\u00edticas para ger\u00eancia de VPNs da camada 1.<\/a><br \/>\nNeumar Malheiros, Edmundo Madeira, F\u00e1bio Verdi, Maur\u00edcio Magalha\u1ebds<\/p>\n<p><a href=\"http:\/\/ce-resd.sbc.org.br\/sbrc\/2006\/st9_4.pdf\">Um elemento auton\u00f4mico para redes de sensores sem fio.<\/a><br \/>\nThais R. M. Braga, Fabr\u00edcio A. Silva, Linnyer B. Ruiz, Jos\u00e9 Marcos S. Nogueira, Antonio A. F. Loureiro<\/p>\n<p><a href=\"http:\/\/ce-resd.sbc.org.br\/sbrc\/2006\/st10_1.pdf\">Energy consumption tradeoffs in visual sensor networks.<\/a><br \/>\nC\u00edntia B. Margi, Roberto Manduchi, Katia Obraczka<\/p>\n<p><a href=\"http:\/\/ce-resd.sbc.org.br\/sbrc\/2006\/st10_2.pdf\">Ajustando a pot\u00eancia de transmiss\u00e3o em protocolos MAC para redes de sensores sem fio.<\/a><br \/>\nLuiz H. A. Correia, Daniel F. Macedo, Aldri dos Santos, Antonio A. F. Loureiro, Jos\u00e9 Marcos S. Nogueira<\/p>\n<p><a href=\"http:\/\/ce-resd.sbc.org.br\/sbrc\/2006\/st10_3.pdf\">Um protocolo de roteamento para redes ad hoc com QoS baseado no controle da pot\u00eancia de transmiss\u00e3o.<\/a><br \/>\nDaniel F. Macedo, Pedro F. Macedo, Luiz H. A. Correia, Aldri L. dos Santos, Antonio A. F. \u00a0Loureiro, Jos\u00e9 Marcos S. Nogueira<\/p>\n<p><a href=\"http:\/\/ce-resd.sbc.org.br\/sbrc\/2006\/st10_4.pdf\">Otimizando o consumo de energia de dispositivos m\u00f3veis em sistemas de VoD baseados em pontos de acesso co-localizados.<\/a><br \/>\nLeonardo Bidese de Pinho, Claudio Luis de Amorim<\/p>\n<p><a href=\"http:\/\/ce-resd.sbc.org.br\/sbrc\/2006\/st11_1.pdf\">Supporting context-aware applications: scenarios, models and architecture.<\/a><br \/>\nRicardo Couto Antunes da Rocha, Markus Endler<\/p>\n<p><a href=\"http:\/\/ce-resd.sbc.org.br\/sbrc\/2006\/st11_2.pdf\">Middleware para redes de sensores sem-fio: projeto, implementa\u00e7\u00e3o e avalia\u00e7\u00e3o de consumo de energia.<\/a><br \/>\nGermano Guimar\u00e3es, Eduardo Souto, Mardoqueu Vieira, Glauco Vasconcelos, Nelson Rosa, Carlos Ferraz, Judith Kelner<\/p>\n<p><a href=\"http:\/\/ce-resd.sbc.org.br\/sbrc\/2006\/st11_3.pdf\">Provendo aplica\u00e7\u00f5es com requisitos n\u00e3o-funcionais din\u00e2micos atrav\u00e9s de contratos.<\/a><br \/>\nLeonardo Cardoso, Alexandre Sztajnberg, Orlando Loques<\/p>\n<p><a href=\"http:\/\/ce-resd.sbc.org.br\/sbrc\/2006\/st12_1.pdf\">Otimiza\u00e7\u00e3o da fun\u00e7\u00e3o de roteamento para a engenharia de tr\u00e1fego em redes IP.<\/a><br \/>\nRonaldo Moreira Salles, Vitor Guerra Rolla<\/p>\n<p><a href=\"http:\/\/ce-resd.sbc.org.br\/sbrc\/2006\/st12_2.pdf\">Using genetic algorithms to LSP setup in MPLS networks.<\/a><br \/>\nAdriana Oliveira, Geraldo Robson Mateus<\/p>\n<p><a href=\"http:\/\/ce-resd.sbc.org.br\/sbrc\/2006\/st12_3.pdf\">Uma metodologia de classifica\u00e7\u00e3o para os fluxos de comunica\u00e7\u00e3o.<\/a><br \/>\nLu\u00eds Felipe M. de Moraes, Guilherme S. Vilela<\/p>\n<p><a href=\"http:\/\/ce-resd.sbc.org.br\/sbrc\/2006\/st13_1.pdf\">Difus\u00e3o de dados baseada em atraso e energia para redes de sensores sem fio.<\/a><br \/>\nDaniel L. Guidoni, Max do V. Machado, Raquel A. F. Mini, Antonio A. F. Loureiro<\/p>\n<p><a href=\"http:\/\/ce-resd.sbc.org.br\/sbrc\/2006\/st13_2.pdf\">Uma abordagem baseada em l\u00f3gica nebulosa para a sele\u00e7\u00e3o de protocolos de dissemina\u00e7\u00e3o de dados em RSSFs.<\/a><br \/>\nAna L\u00facia Mostardinha, Nelson Rezende, Fl\u00e1via C. Delicato, Luci Pirmez<\/p>\n<p><a href=\"http:\/\/ce-resd.sbc.org.br\/sbrc\/2006\/st13_3.pdf\">Atribui\u00e7\u00e3o din\u00e2mica de pap\u00e9is para agrega\u00e7\u00e3o de dados em redes de sensores sem fio.<\/a><br \/>\nEduardo Freire Nakamura, Hor\u00e1cio A. B. Fernandes de Oliveira, Luciana Fujii Pontelo, Antonio A. F. Loureiro<\/p>\n<p><a href=\"http:\/\/ce-resd.sbc.org.br\/sbrc\/2006\/st13_4.pdf\">Projeto integrado de controle de densidade e roteamento em redes de sensores sem fio.<\/a><br \/>\nIsabela G. Siqueira, Carlos M. S. Figueiredo, Antonio A. F. Loureiro, Jos\u00e9 M. S. Nogueira, Linnyer B. Ruiz<\/p>\n<p><a href=\"http:\/\/ce-resd.sbc.org.br\/sbrc\/2006\/st14_1.pdf\">RecDin: uma infra-estrutura para reconfigura\u00e7\u00e3o din\u00e2mica de replica\u00e7\u00e3o no FT-CORBA.<\/a><br \/>\nLau Cheuk Lung, F\u00e1bio Favarim, Giuliana Teixeira Santos<\/p>\n<p><a href=\"http:\/\/ce-resd.sbc.org.br\/sbrc\/2006\/st14_2.pdf\">Gerenciamento de filia\u00e7\u00e3o em middleware tolerante a faltas.<\/a><br \/>\nEduardo Ad\u00edlio Plinson Alchieri, Alysson Neves Bessani, Joni da Silva Fraga, Lau Cheuk Lung<\/p>\n<p><a href=\"http:\/\/ce-resd.sbc.org.br\/sbrc\/2006\/st14_3.pdf\">Distributed checkpointing: analysis and benchmarks.<\/a><br \/>\nGustavo M. D. Vieira, Luiz E. Buzato<\/p>\n<p><a href=\"http:\/\/ce-resd.sbc.org.br\/sbrc\/2006\/st15_1.pdf\">Balanceamento de chamadas VoIP H.323 para a rede de telefonia p\u00fablica.<\/a><br \/>\nAnderson A. Albuquerque, Paulo H. de A. Rodrigues<\/p>\n<p><a href=\"http:\/\/ce-resd.sbc.org.br\/sbrc\/2006\/st15_2.pdf\">A method for predicting packet losses with applications to continuous media streaming.<\/a><br \/>\nFernando Silveira Filho, Edmundo de Souza e Silva<\/p>\n<p><a href=\"http:\/\/ce-resd.sbc.org.br\/sbrc\/2006\/st15_3.pdf\">Stream2P: uma arquitetura distribu\u00edda para transmiss\u00e3o de m\u00eddia cont\u00ednua.<\/a><br \/>\n\u00cdtalo Cunha, Cristiano Costa, Jussara Almeida<\/p>\n<p><a href=\"http:\/\/ce-resd.sbc.org.br\/sbrc\/2006\/st16_1.pdf\">Descoberta de recursos em grades computacionais utilizando estruturas P2P.<\/a><br \/>\nVladimir Rocha, Marco A. S. Netto, Fabio Kon<\/p>\n<p><a href=\"http:\/\/ce-resd.sbc.org.br\/sbrc\/2006\/st16_2.pdf\">HyperBone: uma rede overlay baseada em hipercubo virtual sobre a Internet.<\/a><br \/>\nLuis C. E. Bona, Elias P. Duarte Jr., Samuel L. V. Mello, Keiko V. O. Fonseca<\/p>\n<p><a href=\"http:\/\/ce-resd.sbc.org.br\/sbrc\/2006\/st16_3.pdf\">Uma abordagem adaptativa e escal\u00e1vel para descoberta de servi\u00e7os em redes ad hoc.<\/a><br \/>\nCarlos Henrique Pereira Augusto, Jos\u00e9 Ferreira de Rezende<\/p>\n<p><a href=\"http:\/\/ce-resd.sbc.org.br\/sbrc\/2006\/st16_4.pdf\">Strategies to improve reliability in routing overlay networks with selfish nodes.<\/a><br \/>\nBruno Gusm\u00e3o Rocha, Virgilio Almeida, Dorgival Guedes<\/p>\n<p><a href=\"http:\/\/ce-resd.sbc.org.br\/sbrc\/2006\/st17_1.pdf\">Um agente racional para a localiza\u00e7\u00e3o de usu\u00e1rios em ambientes de redes sem fio.<\/a><br \/>\nFilipe M. Roberto, Jeandro de M. Bezerra, Gustavo A. L. de Campos, Marcial P. Fernandez, Joaquim Celestino Jr., Ana Luiza B. de Paula<\/p>\n<p><a href=\"http:\/\/ce-resd.sbc.org.br\/sbrc\/2006\/st17_2.pdf\">Descoberta da topologia de redes din\u00e2micas e descentralizadas com agentes m\u00f3veis inteligentes.<\/a><br \/>\nBogdan Tomoyuki Nassu, Elias Proc\u00f3pio Duarte Jr.<\/p>\n<p><a href=\"http:\/\/ce-resd.sbc.org.br\/sbrc\/2006\/st17_3.pdf\">Distribui\u00e7\u00f5es estacion\u00e1rias de velocidade e dire\u00e7\u00e3o para um novo modelo de mobilidade markoviano baseado em um processo de nascimento e morte.<\/a><br \/>\nLu\u00eds Felipe M. de Moraes, Eduardo Hargreaves<\/p>\n<p><a href=\"http:\/\/ce-resd.sbc.org.br\/sbrc\/2006\/st17_4.pdf\">Um novo modelo para confian\u00e7a em redes ad hoc.<\/a><br \/>\nPedro B. Velloso, Rafael P. Laufer, Otto Carlos M. B. Duarte, Guy Pujolle<\/p>\n<p><a href=\"http:\/\/ce-resd.sbc.org.br\/sbrc\/2006\/st18_1.pdf\">First Load Priority: a wavelength converter placement scheme for optical networks with sparse-partial wavelength conversion.<\/a><br \/>\nAndr\u00e9 Soares, Jos\u00e9 Carneiro Maranh\u00e3o, William Giozza, Paulo Cunha<\/p>\n<p><a href=\"http:\/\/ce-resd.sbc.org.br\/sbrc\/2006\/st18_2.pdf\">ILP formulation and K-Shortest Path heuristic for the RWA problem with allocation of wavelength converters.<\/a><br \/>\nKarcius D. R. Assis, A. C. B. Soares, William F. Giozza, Helio Waldman<\/p>\n<p><a href=\"http:\/\/ce-resd.sbc.org.br\/sbrc\/2006\/st18_3.pdf\">Heur\u00edstica lagrangeana para o problema de Traffic Grooming em redes \u00f3pticas WDM.<\/a><br \/>\nZenilton Kleber G. Patroc\u00ednio Jr., Geraldo Robson Mateus<\/p>\n<p><a href=\"http:\/\/ce-resd.sbc.org.br\/sbrc\/2006\/st19_1.pdf\">Dissemina\u00e7\u00e3o de conte\u00fado polu\u00eddo em redes P2P.<\/a><br \/>\nCristiano Costa, Vanessa Soares, Fabricio Benevenuto, Marisa Vasconcelos, Jussara Almeida, Virgilio Almeida, Miranda Mowbray<\/p>\n<p><a href=\"http:\/\/ce-resd.sbc.org.br\/sbrc\/2006\/st19_2.pdf\">Uma arquitetura P2P baseada na hierarquia do endere\u00e7amento IP.<\/a><br \/>\nMarcos Madruga, Tha\u00eds Batista, Luiz Affonso Guedes<\/p>\n<p><a href=\"http:\/\/ce-resd.sbc.org.br\/sbrc\/2006\/st19_3.pdf\">Incentivos em redes peer-to-peer de fluxo de m\u00eddia com distribui\u00e7\u00e3o sincronizada.<\/a><br \/>\nDaniel A. G. Manzato, Nelson L. S. da Fonseca<\/p>\n<p><a href=\"http:\/\/ce-resd.sbc.org.br\/sbrc\/2006\/st19_4.pdf\">Comparando aspectos de desempenho do protocolo SNMP com diferentes estrat\u00e9gias de gateways Web services.<\/a><br \/>\nRicardo Lemos Vianna, Tiago Fioreze, Lisandro Zambenedetti Granville, Maria Janilce Bosquiroli Almeida, Liane Margarida Rockenbach Tarouco<\/p>\n<p><a href=\"http:\/\/ce-resd.sbc.org.br\/sbrc\/2006\/st20_1.pdf\">EWIDS: uma extens\u00e3o para arquiteturas de sistemas de detec\u00e7\u00e3o de intrusos para redes sem fio metropolitanas.<\/a><br \/>\nNilson Rocha Vianna, Reinaldo de B. Correia, Luci Pirmez<\/p>\n<p><a href=\"http:\/\/ce-resd.sbc.org.br\/sbrc\/2006\/st20_2.pdf\">Detec\u00e7\u00e3o de intrusos descentralizada em redes de sensores sem fio.<\/a><br \/>\nAna Paula R. da Silva, Marcelo H. T. Martins, Bruno P. S. Rocha, Antonio A. F. Loureiro, Linnyer B. Ruiz, Hao C. Wong<\/p>\n<p><a href=\"http:\/\/ce-resd.sbc.org.br\/sbrc\/2006\/st20_3.pdf\">Um ambiente anti-clonagem para telefone m\u00f3vel.<\/a><br \/>\nAlessandro Brawerman, John A. Copeland<\/p>\n<p><a href=\"http:\/\/ce-resd.sbc.org.br\/sbrc\/2006\/st20_4.pdf\">Rotas alternativas para detec\u00e7\u00e3o e aumento da resili\u00eancia \u00e0 intrus\u00e3o distribu\u00edda em RSSF.<\/a><br \/>\nS\u00e9rgio de Oliveira, Hao Chi Wong, Jos\u00e9 Marcos Nogueira, Willington Paula<\/p>\n<p><a href=\"http:\/\/ce-resd.sbc.org.br\/sbrc\/2006\/st21_1.pdf\">Arquitetura e prot\u00f3tipo de rede de pacotes em anel com transmiss\u00e3o e comuta\u00e7\u00e3o no dom\u00ednio \u00f3ptico.<\/a><br \/>\nMarcos R. Salvador, Eduardo Mobilon, Vinicius G. de Oliveira, Rodrigo Bernardo, Luis R. Monte, Mateus M. Pereira, Leonardo Pezzolo, Maria F. M. B. B. F. de Oliveira, Antonio D. Coral, Alberto Paradisi, Furio Damiani, Peter J\u00fcrgen Tatsch,\u00a0Nelson L. S. da Fonseca, Marcelo M. Uesono<\/p>\n<p><a href=\"http:\/\/ce-resd.sbc.org.br\/sbrc\/2006\/st21_2.pdf\">Efficient routing and wavelength assignment for wavelength-routed optical networks by a GRASP heuristic.<\/a><br \/>\nRoger Souza de Paula, Carlos Magnus Carlson Filho<\/p>\n<p><a href=\"http:\/\/ce-resd.sbc.org.br\/sbrc\/2006\/st21_3.pdf\">Ger\u00eancia de falhas baseada em pol\u00edticas para redes \u00f3pticas.<\/a><br \/>\nCl\u00e1udio Carvalho, Edmundo Madeira, F\u00e1bio Verdi, Maur\u00edcio Magalh\u00e3es<\/p>\n<p><a href=\"http:\/\/ce-resd.sbc.org.br\/sbrc\/2006\/st22_1.pdf\">LuaSpace EPlus &#8211; um ambiente para desenvolvimento de aplica\u00e7\u00f5es CORBA no Eclipse.<\/a><br \/>\nAndr\u00e9 Gustavo Duarte de Almeida, Thais Batista, N\u00e9lio Cacho<\/p>\n<p><a href=\"http:\/\/ce-resd.sbc.org.br\/sbrc\/2006\/st22_2.pdf\">Depurando sistemas de objetos distribu\u00eddos da forma que gostar\u00edamos.<\/a><br \/>\nGiuliano Mega, Fabio Kon<\/p>\n<p><a href=\"http:\/\/ce-resd.sbc.org.br\/sbrc\/2006\/st22_3.pdf\">A model for CORBA communications in ad hoc networks.<\/a><br \/>\nLuiz Lima Jr., Alcides Calsavara<\/p>\n","protected":false},"excerpt":{"rendered":"<p>Artigos da Trilha Principal Analysis of access selection algorithms for multi-access networks with elastic traffic. Igor Canan\u00e9a, D\u00eanio Mariz, Je\u00edsa Oliveira, Djamel Sadok, G\u00e1bor Fodor Identifica\u00e7\u00e3o de regi\u00e3o de congestionamento atrav\u00e9s de comunica\u00e7\u00e3o inter-veicular. H\u00e9lcio Mello, Markus Endler Avalia\u00e7\u00e3o de &hellip; <a href=\"https:\/\/ce-resd.sbc.org.br\/?page_id=103\">Continue lendo <span class=\"meta-nav\">&rarr;<\/span><\/a><\/p>\n","protected":false},"author":3,"featured_media":0,"parent":0,"menu_order":0,"comment_status":"closed","ping_status":"closed","template":"","meta":{"_daextinma_seo_power":"","_daextinma_enable_ail":"","footnotes":""},"class_list":["post-103","page","type-page","status-publish","hentry"],"_links":{"self":[{"href":"https:\/\/ce-resd.sbc.org.br\/index.php?rest_route=\/wp\/v2\/pages\/103","targetHints":{"allow":["GET"]}}],"collection":[{"href":"https:\/\/ce-resd.sbc.org.br\/index.php?rest_route=\/wp\/v2\/pages"}],"about":[{"href":"https:\/\/ce-resd.sbc.org.br\/index.php?rest_route=\/wp\/v2\/types\/page"}],"author":[{"embeddable":true,"href":"https:\/\/ce-resd.sbc.org.br\/index.php?rest_route=\/wp\/v2\/users\/3"}],"replies":[{"embeddable":true,"href":"https:\/\/ce-resd.sbc.org.br\/index.php?rest_route=%2Fwp%2Fv2%2Fcomments&post=103"}],"version-history":[{"count":0,"href":"https:\/\/ce-resd.sbc.org.br\/index.php?rest_route=\/wp\/v2\/pages\/103\/revisions"}],"wp:attachment":[{"href":"https:\/\/ce-resd.sbc.org.br\/index.php?rest_route=%2Fwp%2Fv2%2Fmedia&parent=103"}],"curies":[{"name":"wp","href":"https:\/\/api.w.org\/{rel}","templated":true}]}}