{"id":102,"date":"2013-03-19T02:40:08","date_gmt":"2013-03-19T02:40:08","guid":{"rendered":"http:\/\/ce-resd.sbc.org.br\/?page_id=102"},"modified":"2013-04-29T13:09:50","modified_gmt":"2013-04-29T13:09:50","slug":"anais-2005","status":"publish","type":"page","link":"https:\/\/ce-resd.sbc.org.br\/?page_id=102","title":{"rendered":"Anais &#8211; XXIII SBRC (2005)"},"content":{"rendered":"<p><strong><span style=\"font-size: large;\">Artigos da Trilha Principal<\/span><\/strong><\/p>\n<p><a href=\"http:\/\/ce-resd.sbc.org.br\/sbrc\/2005\/001.pdf\">Integra\u00e7\u00e3o do Gerenciamento de clusters de alto desempenho com o gerenciamento de redes atrav\u00e9s de solu\u00e7\u00e3o baseada em SNMP.<\/a><br \/>\nRodrigo Sanger Alves, Clarissa Cassales Marquezan, Lisando Zambenedetti Granville, Philippe Olivier Alexandre Navaux<\/p>\n<p><a href=\"http:\/\/ce-resd.sbc.org.br\/sbrc\/2005\/002.pdf\">Grid-aware network resources allocation using a policy-based approach.<\/a><br \/>\nRicardo Neisse, Lisandro Z. Granville, Maria Janilce B. Almeida, Liane Margarida R. Tarouco<\/p>\n<p><a href=\"http:\/\/ce-resd.sbc.org.br\/sbrc\/2005\/003.pdf\">Avalia\u00e7\u00e3o experimental de protocolos de multicast confi\u00e1vel: um choque de realidade.<\/a><br \/>\nMarinho P. Barcellos<\/p>\n<p><a href=\"http:\/\/ce-resd.sbc.org.br\/sbrc\/2005\/004.pdf\">Controle de admiss\u00e3o e diferencia\u00e7\u00e3o de servi\u00e7os em clusters de servidores Web.<\/a><br \/>\nA. Serra, D. Ga\u00efti, K. Cardoso, G. Barroso, R. Ramos<\/p>\n<p><a href=\"http:\/\/ce-resd.sbc.org.br\/sbrc\/2005\/005.pdf\">Provisionamento de QoS baseado em reserva adaptativa de bandas em redes m\u00f3veis.<\/a><br \/>\nKelvin Lopes Dias, Djmael F. H. Sadok<\/p>\n<p><a href=\"http:\/\/ce-resd.sbc.org.br\/sbrc\/2005\/006.pdf\">Mecanismos para aliviar o problema de assimetria de retardos em redes IEEE 802.11e.<\/a><br \/>\nJuliana Freitag, Nelson L. S. da Fonseca, Jos\u00e9 Ferreira de Rezende<\/p>\n<p><a href=\"http:\/\/ce-resd.sbc.org.br\/sbrc\/2005\/007.pdf\">Um protocolo de roteamento configur\u00e1vel baseado em regras para redes de sensores sem fio.<\/a><br \/>\nDaniel F. Macedo, Luiz H. A. Correira, Aldri L. dos Santos, Antonio A. F. Loureiro, Jos\u00e9 Marcos S. Nogueira<\/p>\n<p><a href=\"http:\/\/ce-resd.sbc.org.br\/sbrc\/2005\/008.pdf\">Uma API para monitora\u00e7\u00e3o e an\u00e1lise de redes 802.11 e bluetooth.<\/a><br \/>\nRicardo A. Rabelo Oliveira, Rainer P. Couto, Antonio A. F. Loureiro<\/p>\n<p><a href=\"http:\/\/ce-resd.sbc.org.br\/sbrc\/2005\/009.pdf\">Novos descritores para tr\u00e1fego multim\u00eddia e aplica\u00e7\u00f5es.<\/a><br \/>\nSidney C. de Lucena, Rosa M. M. Le\u00e3o, Edmundo A. de Souza e Silva<\/p>\n<p><a href=\"http:\/\/ce-resd.sbc.org.br\/sbrc\/2005\/010.pdf\">An evolutionary game-theoretic approach to congestion control.<\/a><br \/>\nDaniel S. Menasch\u00e9, Daniel R. Figueiredo, Edmundo A. de Souza e Silva<\/p>\n<p><a href=\"http:\/\/ce-resd.sbc.org.br\/sbrc\/2005\/011.pdf\">ProgCon: um sistema para progn\u00f3stico de congestionamento de tr\u00e1fego de redes.<\/a><br \/>\nJorge L. C. e Silva, Marcilia A. Campos, Paulo R. F. Cunha<\/p>\n<p><a href=\"http:\/\/ce-resd.sbc.org.br\/sbrc\/2005\/012.pdf\">The accurate hose model for VPN provisioning.<\/a><br \/>\nD\u00eanio Mariz, Judith Kelner, Djamel Sadok, Carlos A. Kamienski<\/p>\n<p><a href=\"http:\/\/ce-resd.sbc.org.br\/sbrc\/2005\/013.pdf\">Um mecanismo de controle adaptativo com requisito de justi\u00e7a.<\/a><br \/>\nRicardo Ferreira Martins, Cristian Koliver, Jean-Marie Farines<\/p>\n<p><a href=\"http:\/\/ce-resd.sbc.org.br\/sbrc\/2005\/014.pdf\">Um servidor para a classifica\u00e7\u00e3o e filtragem de conte\u00fado na Internet.<\/a><br \/>\nMarcos Forte, Wanderley Lopes de Souza, Antonio Francisco do Prado<\/p>\n<p><a href=\"http:\/\/ce-resd.sbc.org.br\/sbrc\/2005\/015.pdf\">Uma abordagem de especifica\u00e7\u00e3o e imposi\u00e7\u00e3o de restri\u00e7\u00f5es de reconfigura\u00e7\u00e3o em redes program\u00e1veis.<\/a><br \/>\nAnt\u00f4nio Tadeu Azevedo Gomes, Luiz Fernando Gomes Soares<\/p>\n<p><a href=\"http:\/\/ce-resd.sbc.org.br\/sbrc\/2005\/016.pdf\">Uma abordagem adequada ao TCP para o gerenciamento de localiza\u00e7\u00e3o em redes ad hoc m\u00f3veis.<\/a><br \/>\nArtur Ziviani, Serge Fdida, Jos\u00e9 F. de Rezende, Otto Carlos M. B. Duarte<\/p>\n<p><a href=\"http:\/\/ce-resd.sbc.org.br\/sbrc\/2005\/017.pdf\">Modelo de mobilidade para representa\u00e7\u00e3o de cen\u00e1rios de ambientes fechados.<\/a><br \/>\nAlexandre Mendes da Silva, Luis Felipe M. de Moraes<\/p>\n<p><a href=\"http:\/\/ce-resd.sbc.org.br\/sbrc\/2005\/018.pdf\">Connectivity in a multi-radio, multi-channel heterogeneous ad hoc network.<\/a><br \/>\nDave Cavalcanti, Hrishikesh Gossain, Dharma Agrawal<\/p>\n<p><a href=\"http:\/\/ce-resd.sbc.org.br\/sbrc\/2005\/019.pdf\">Protocolos de justi\u00e7a de acesso em redes \u00f3pticas de pacotes em anel.<\/a><br \/>\nMarcos R. Salvador, Marcelo M. Uesono, Nelson L. S. da Fonseca<\/p>\n<p><a href=\"http:\/\/ce-resd.sbc.org.br\/sbrc\/2005\/020.pdf\">Um mecanismo eficiente de redu\u00e7\u00e3o de colis\u00f5es para a transmiss\u00e3o de dados atrav\u00e9s da fia\u00e7\u00e3o el\u00e9trica domiciliar.<\/a><br \/>\nMiguel Elias M. Campista, Lu\u00eds Henrique M. K. Costa, Otto Carlos M. B. Duarte<\/p>\n<p><a href=\"http:\/\/ce-resd.sbc.org.br\/sbrc\/2005\/021.pdf\">Um novo mecanismo de acesso ao meio para o padr\u00e3o HomePNA.<\/a><br \/>\nAurelio Amodei Jr., Lu\u00eds Henrique M. K. Costa, Otto Carlos M. B. Duarte<\/p>\n<p><a href=\"http:\/\/ce-resd.sbc.org.br\/sbrc\/2005\/022.pdf\">Modelagem de sistemas de seguran\u00e7a em ambientes de redes de larga escala.<\/a><br \/>\nJo\u00e3o Porto de Albuquerque, Heiko Krumm, Paulo L\u00edcio de Geus<\/p>\n<p><a href=\"http:\/\/ce-resd.sbc.org.br\/sbrc\/2005\/023.pdf\">Design of a context privacy service for mobile collaboration.<\/a><br \/>\nVagner Sacramento, Markus Endler, Fernando Ney Nascimento<\/p>\n<p><a href=\"http:\/\/ce-resd.sbc.org.br\/sbrc\/2005\/024.pdf\">NEKAP: estabelecimento de chaves resiliente a intrusos em RSSF.<\/a><br \/>\nS\u00e9rgio de Oliveira, Hao Chi Wong, Jos\u00e9 Marcos Silva Nogueira<\/p>\n<p><a href=\"http:\/\/ce-resd.sbc.org.br\/sbrc\/2005\/025.pdf\">Um novo sistema de rastreamento de pacotes IP contra ataques de nega\u00e7\u00e3o de servi\u00e7o.<\/a><br \/>\nRafael P. Laufer, Pedro B. Velloso, Otto Carlos M. B. Duarte<\/p>\n<p><a href=\"http:\/\/ce-resd.sbc.org.br\/sbrc\/2005\/026.pdf\">Uma abordagem baseada em QoS para sele\u00e7\u00e3o de n\u00f3s ativos em redes de sensores sem fio.<\/a><br \/>\nFl\u00e1via Delicato, Fabio Protti, Jos\u00e9 Ferreira de Rezende, Luci Pirmez<\/p>\n<p><a href=\"http:\/\/ce-resd.sbc.org.br\/sbrc\/2005\/027.pdf\">Obten\u00e7\u00e3o do consumo de energia em redes de sensores sem fio utilizando amostragem estratificada.<\/a><br \/>\nEduardo Souto, Cl\u00e1udia Silva, Gilson Dourado, Reinaldo Gomes, Tatiene Souza, Judith Kelner, Djamel Sadok<\/p>\n<p><a href=\"http:\/\/ce-resd.sbc.org.br\/sbrc\/2005\/028.pdf\">Um esquema bio-inspirado para estima\u00e7\u00e3o de campo com redes de sensores sem fio.<\/a><br \/>\nDaniel de O. Cunha, Otto Carlos M. B. Duarte<\/p>\n<p><a href=\"http:\/\/ce-resd.sbc.org.br\/sbrc\/2005\/029.pdf\">FN-ALCA: esquema de controle de pot\u00eancia para economia de energia e aumento de capacidade de redes ad hoc 802.11.<\/a><br \/>\nAlexandre Andrade Pires, Jos\u00e9 Ferreira de Rezende, Carlos Cordeiro<\/p>\n<p><a href=\"http:\/\/ce-resd.sbc.org.br\/sbrc\/2005\/030.pdf\">Entendendo os efeitos da localidade de refer\u00eancia em hierarquias de caches na Web.<\/a><br \/>\nFabr\u00edcio Benevenuto, Fernando Duarte, Virg\u00edlio Almeida<\/p>\n<p><a href=\"http:\/\/ce-resd.sbc.org.br\/sbrc\/2005\/031.pdf\">Internet object caching based on semantics and access history.<\/a><br \/>\nAlcides Calsavara, Marcelo Roberto Schuck<\/p>\n<p><a href=\"http:\/\/ce-resd.sbc.org.br\/sbrc\/2005\/032.pdf\">Novas t\u00e9cnicas de compartilhamento de banda para servidores de v\u00eddeo sob demanda com interatividade.<\/a><br \/>\nCarlo Kleber da S. Rodrigues, Rosa Maria Meri Le\u00e3o<\/p>\n<p><a href=\"http:\/\/ce-resd.sbc.org.br\/sbrc\/2005\/033.pdf\">O protocolo de v\u00eddeo sob demanda GEBB sujeito a restri\u00e7\u00f5es de banda passante.<\/a><br \/>\nRog\u00e9rio M. Zafal\u00e3o, Nelson L. S. da Fonseca<\/p>\n<p><a href=\"http:\/\/ce-resd.sbc.org.br\/sbrc\/2005\/034.pdf\">Smart proxies in LuaOrb: automatic adaptation and monitoring.<\/a><br \/>\nNoemi Rodriguez, H\u00e9lcio Mello<\/p>\n<p><a href=\"http:\/\/ce-resd.sbc.org.br\/sbrc\/2005\/035.pdf\">Adapta\u00e7\u00e3o din\u00e2mica no Open-ORB: detalhe de implementa\u00e7\u00e3o.<\/a><br \/>\nNelio Cacho, Thais Batista<\/p>\n<p><a href=\"http:\/\/ce-resd.sbc.org.br\/sbrc\/2005\/036.pdf\">On the role of interceptors and AOP in adapting CORBA applications.<\/a><br \/>\nN\u00e9lio Cacho, Tha\u00eds Batista, Fabr\u00edcio Fernandes<\/p>\n<p><a href=\"http:\/\/ce-resd.sbc.org.br\/sbrc\/2005\/037.pdf\">MiddLog: uma infra-estrutura de servi\u00e7os de log de aplica\u00e7\u00f5es baseada em tecnologias de middleware.<\/a><br \/>\nMarcelo Pitanga Alves, Paulo F. Pires, Fl\u00e1via C. Delicato, Maria Luiza M. Campos<\/p>\n<p><a href=\"http:\/\/ce-resd.sbc.org.br\/sbrc\/2005\/038.pdf\">Replica\u00e7\u00e3o de dados em redes ad hoc para sistemas de apoio em situa\u00e7\u00f5es de desastres.<\/a><br \/>\nLuciano Bertini, Orlando Loques, J. C. B. Leite<\/p>\n<p><a href=\"http:\/\/ce-resd.sbc.org.br\/sbrc\/2005\/039.pdf\">Avalia\u00e7\u00f5es de t\u00e9cnicas de descoberta de conte\u00fado em redes peer-to-peer sobre redes m\u00f3veis ad hoc.<\/a><br \/>\nLeonardo B. Oliveira, Daniel F. Macedo, Isabela G. Siqueira, Antonio A. F. Loureiro, Hao Chi Wong, Jos\u00e9 M. S. Nogueira<\/p>\n<p><a href=\"http:\/\/ce-resd.sbc.org.br\/sbrc\/2005\/040.pdf\">Avoiding low-energy areas in wireless sensor network data dissemination.<\/a><br \/>\nOlga Goussevskaia, Max do V. Machado, Raquel A. F. Mini, Antonio A. F. Loureiro, Geraldo R. Mateus, Jos\u00e9 Marcos Nogueira<\/p>\n<p><a href=\"http:\/\/ce-resd.sbc.org.br\/sbrc\/2005\/041.pdf\">Detec\u00e7\u00e3o de falhas em redes de sensores sem fio baseada na medi\u00e7\u00e3o do tr\u00e1fego e em t\u00e9cnicas de fus\u00e3o de dados.<\/a><br \/>\nEduardo F. Nakamura, Fab\u00edola G. Nakamura, Carlos M. S. Figueiredo, Ant\u00f4nio A. F. Loureiro<\/p>\n<p><a href=\"http:\/\/ce-resd.sbc.org.br\/sbrc\/2005\/042.pdf\">Traffic engineering in MLPS networks: ARS &#8211; an adaptive routing scheme based on control charts.<\/a><br \/>\nAdriana de Andrade Oliveira, Mart\u00edn G\u00f3mez Ravetti, Geraldo Robson Mateus<\/p>\n<p><a href=\"http:\/\/ce-resd.sbc.org.br\/sbrc\/2005\/043.pdf\">Minimiza\u00e7\u00e3o de fragmenta\u00e7\u00e3o de banda em algoritmos de roteamento para engenharia de tr\u00e1fego.<\/a><br \/>\nMarcelo B. Morgade Cortizo, Jos\u00e9 A. Suruagy Monteiro<\/p>\n<p><a href=\"http:\/\/ce-resd.sbc.org.br\/sbrc\/2005\/044.pdf\">IntelliDyLBA: um esquema de balanceamento de carga para redes MPLS com aprendizado desassistido baseado em l\u00f3gica difusa e algoritmos gen\u00e9ticos.<\/a><br \/>\nEduardo Guimar\u00e3es Nobre, Pablo Rocha Ximenes Ponte, Marcial Porto Fernadez, Joaquim Celestino J\u00fanior<\/p>\n<p><a href=\"http:\/\/ce-resd.sbc.org.br\/sbrc\/2005\/045.pdf\">Proposta e avalia\u00e7\u00e3o de uma pol\u00edtica de preemp\u00e7\u00e3o de LSPs implementada com l\u00f3gica Fuzzy e algoritmos gen\u00e9ticos em um ambiente de rede DiffServ\/MPLS.<\/a><br \/>\nRodrigo Campos Vieira, Paulo Roberto Guardieiro<\/p>\n<p><a href=\"http:\/\/ce-resd.sbc.org.br\/sbrc\/2005\/046.pdf\">Uma arquitetura baseada em XML para pol\u00edticas RSVP.<\/a><br \/>\nEmir Toktar, Edgard Jamhour, Altair Olivo Santin<\/p>\n<p><a href=\"http:\/\/ce-resd.sbc.org.br\/sbrc\/2005\/047.pdf\">An RBAC-based PIB for provisioning access control.<\/a><br \/>\nTimothy E. Squair, Edgard Jamhour, Ricardo C. Nabhen<\/p>\n<p><a href=\"http:\/\/ce-resd.sbc.org.br\/sbrc\/2005\/048.pdf\">Um protocolo at\u00f4mico para aplica\u00e7\u00f5es de pol\u00edticas de gerenciamento de redes com QoS.<\/a><br \/>\nLisandro Zambenedetti Granville, Rodrigo Sanger Alves, Maria Janilce Bosquiroli Almeida, Liane Margarida Rockenbach Tarouco<\/p>\n<p><a href=\"http:\/\/ce-resd.sbc.org.br\/sbrc\/2005\/049.pdf\">A joint MAC and physical layer analytical model for IEEE 802.11a networks operating under RTS\/CTS access scheme.<\/a><br \/>\nRoger Pierre Fabris Hoefel<\/p>\n<p><a href=\"http:\/\/ce-resd.sbc.org.br\/sbrc\/2005\/050.pdf\">Mecanismos de fragmenta\u00e7\u00e3o adaptativa em redes 802.11.<\/a><br \/>\nGuilherme M. de Moura, Jos\u00e9 F. de Rezende, Guilherme D. G. Jaime<\/p>\n<p><a href=\"http:\/\/ce-resd.sbc.org.br\/sbrc\/2005\/051.pdf\">Definindo crit\u00e9rios no compartilhamento de banda em redes 802.11b sob degrada\u00e7\u00e3o de performance.<\/a><br \/>\nCelso Barbosa Carvalho, Jos\u00e9 Ferreira de Rezende<\/p>\n<p><a href=\"http:\/\/ce-resd.sbc.org.br\/sbrc\/2005\/052.pdf\">Servidor Web com diferencia\u00e7\u00e3o de servi\u00e7os: fornecendo QoS para os servi\u00e7os da Internet.<\/a><br \/>\nM\u00e1rio Meireles Teixeira, Marcos Jos\u00e9 Santana, Regina H. C. Santana<\/p>\n<p><a href=\"http:\/\/ce-resd.sbc.org.br\/sbrc\/2005\/053.pdf\">TCP TS-Prio: uma abordagem de diferencia\u00e7\u00e3o de servi\u00e7os fim-a-fim para classes AF em redes DiffServ utilizando redu\u00e7\u00e3o da janela deslizante.<\/a><br \/>\nMarcelo Vaz Tostes, Keiko V. O. Fonseca<\/p>\n<p><a href=\"http:\/\/ce-resd.sbc.org.br\/sbrc\/2005\/054.pdf\">WWTP: um escalonador de pacotes para o modelo de diferencia\u00e7\u00e3o proporcional baseado em janelas de medidas.<\/a><br \/>\nAlencar de Melo J\u00fanior, Maur\u00edcio Ferreira Magalha\u1ebds, Juan Manuel Ad\u00e1n Coello<\/p>\n<p><a href=\"http:\/\/ce-resd.sbc.org.br\/sbrc\/2005\/055.pdf\">O confeiteiro bizantino: exclus\u00e3o m\u00fatua em sistemas abertos sujeitos a faltas bizantinas.<\/a><br \/>\nAlysson Neves Bessani, Joni da Silva Fraga, Lau Cheuk Lung<\/p>\n<p><a href=\"http:\/\/ce-resd.sbc.org.br\/sbrc\/2005\/056.pdf\">Framework de inje\u00e7\u00e3o de falhas simuladas para avalia\u00e7\u00e3o de sistemas distribu\u00eddos.<\/a><br \/>\nMarinho P. Barcellos, Cristiane R. Woszezenki, Ruthiano S. Munaretti<\/p>\n<p><a href=\"http:\/\/ce-resd.sbc.org.br\/sbrc\/2005\/057.pdf\">Uma rede overlay tolerante a intrus\u00f5es: arquitetura e an\u00e1lise.<\/a><br \/>\nRafael R. Obelheiro, Joni da Silva Fraga<\/p>\n<p><a href=\"http:\/\/ce-resd.sbc.org.br\/sbrc\/2005\/058.pdf\">The implementation of a QoS-based adaptive distributed system model for fault tolerance.<\/a><br \/>\nRaimundo Mac\u00eado, S\u00e9rgio Gorender, Paulo Cunha<\/p>\n<p><a href=\"http:\/\/ce-resd.sbc.org.br\/sbrc\/2005\/059.pdf\">IVTD &#8211; interative virtual topology design to maximize the traffic scaling in WDM networks.<\/a><br \/>\nKaarcius D. R. Assis, William F. Giozza, Marcio Savasini, Helio Waldman<\/p>\n<p><a href=\"http:\/\/ce-resd.sbc.org.br\/sbrc\/2005\/060.pdf\">A MILP model for the reconfiguration problem in multi-fiber WDM networks.<\/a><br \/>\nGurvan Huiban, Geraldo Robson Mateus<\/p>\n<p><a href=\"http:\/\/ce-resd.sbc.org.br\/sbrc\/2005\/061.pdf\">On the benefits of traffic segregation in WDM networks.<\/a><br \/>\nFernando L. Trazzi Jr., Mois\u00e9s R. N. Ribeiro, Helio Waldman<\/p>\n<p><a href=\"http:\/\/ce-resd.sbc.org.br\/sbrc\/2005\/062.pdf\">Algoritmos para posicionamento de conversores em redes \u00f3pticas.<\/a><br \/>\nAnderson Costa, Ramide Dantas, D\u00eanio Mariz, Djamel Sadok, Carlos A. Kamienski<\/p>\n<p><a href=\"http:\/\/ce-resd.sbc.org.br\/sbrc\/2005\/063.pdf\">Caracterizando propriedades essenciais do tr\u00e1fego de redes atrav\u00e9s de t\u00e9cnicas de amostragem estratificada.<\/a><br \/>\nCarlos Kamienski, Tatiene Souza, Stenio Fernandes, Guthemberg Silvestre, Djamel Sadok<\/p>\n<p><a href=\"http:\/\/ce-resd.sbc.org.br\/sbrc\/2005\/064.pdf\">Bootstrap-based estimation of flow-level network traffic statistics.<\/a><br \/>\nStenio Fernande, Tatiene Correira, Carlos Kamienski, Djamel Sadok<\/p>\n<p><a href=\"http:\/\/ce-resd.sbc.org.br\/sbrc\/2005\/065.pdf\">Um m\u00e9todo eficiente e preciso para decomposi\u00e7\u00e3o temporal de fluxos em pacotes.<\/a><br \/>\nJ. C. Bellora Jr., Rosa M. M. Le\u00e3o<\/p>\n<p><a href=\"http:\/\/ce-resd.sbc.org.br\/sbrc\/2005\/066.pdf\">CBG: geolocaliza\u00e7\u00e3o na Internet usando medi\u00e7\u00f5es de atraso.<\/a><br \/>\nArtur Ziviani, Bamba Gueye, Mark Crovella, Serge Fdida<\/p>\n<p><a href=\"http:\/\/ce-resd.sbc.org.br\/sbrc\/2005\/067.pdf\">Avalia\u00e7\u00e3o de mecanismos avan\u00e7ados de recupera\u00e7\u00e3o de conte\u00fado em sistemas P2P.<\/a><br \/>\nFabr\u00edcio Benevenuto, Jos\u00e9 Ismael J\u00fanior, Jussara Almeida<\/p>\n<p><a href=\"http:\/\/ce-resd.sbc.org.br\/sbrc\/2005\/068.pdf\">Avaliando a capacidade de uma rede de terceira gera\u00e7\u00e3o UMTS\/WCDMA quando submetida a tr\u00e1fego multim\u00eddia.<\/a><br \/>\nPaulyne Juc\u00e1, Arthur Callado, Judith Kelner, Djamel Sadok<\/p>\n<p><a href=\"http:\/\/ce-resd.sbc.org.br\/sbrc\/2005\/069.pdf\">Planejamento de redes celulares de terceira gera\u00e7\u00e3o utilizando algoritmos gen\u00e9ticos e heur\u00edsticas gulosas.<\/a><br \/>\nKatia C. Lage dos Santos, Gleicy A. Cabral, Geraldo Robson Mateus<\/p>\n<p><a href=\"http:\/\/ce-resd.sbc.org.br\/sbrc\/2005\/070.pdf\">Web services-based provisioning of connections in GMPLS optical networks.<\/a><br \/>\nF\u00e1bio Verdi, Rafael Duarte, Fabr\u00edzzio C. de Lacerda, Maur\u00edcio Magalh\u00e3es, Eleri Cardozo, Edmundo Madeira<\/p>\n<p><a href=\"http:\/\/ce-resd.sbc.org.br\/sbrc\/2005\/071.pdf\">GigaManP2P &#8211; uma infra-estrutura peer-to-peer para gerenciamento de redes \u00f3pticas.<\/a><br \/>\nLisandro Zambenedetti Granville, Luci Pirmez, Elias Proc\u00f3pio Duarte Jr., Jos\u00e9 Neuman de Souza, Rossana Maria de Castro Andrade, Liane Margarida Rockenbach Tarouco, Reinaldo de Barros Correia, Alexandre Lages<\/p>\n<p><a href=\"http:\/\/ce-resd.sbc.org.br\/sbrc\/2005\/072.pdf\">Um mecanismo de controle de admiss\u00e3o para provis\u00e3o de servi\u00e7os diferenciados em redes de rajadas \u00f3pticas.<\/a><br \/>\nIgor M. Moraes, Otto Carlos M. B. Duarte<\/p>\n<p><a href=\"http:\/\/ce-resd.sbc.org.br\/sbrc\/2005\/073.pdf\">Avalia\u00e7\u00e3o de suporte de notifica\u00e7\u00e3o utilizando SNMP e Web Services em uma arquitetura de correla\u00e7\u00e3o de eventos distribu\u00edda.<\/a><br \/>\nEvandro Della Vecchia Pereira, Lisandro Zambenedetti Granville, Maria Janilce Bosquiroli Almeida, Liane Margarida Rockenbach Tarouco<\/p>\n<p><a href=\"http:\/\/ce-resd.sbc.org.br\/sbrc\/2005\/074.pdf\">Monitoramento de eventos em redes sem fio utilizando EWMA e Wavelets.<\/a><br \/>\nRicardo A. Rabelo Oliveira, Rainer P. Couto, Antonio A. F. Loureiro<\/p>\n<p><a href=\"http:\/\/ce-resd.sbc.org.br\/sbrc\/2005\/075.pdf\">Arquitetura de monitora\u00e7\u00e3o de qualidade de chamadas telef\u00f4nicas IP.<\/a><br \/>\nLeandro C. G. Lustosa, Paulo H. de A. Rodrigues, Fabio David, Douglas G. Quinellato<\/p>\n","protected":false},"excerpt":{"rendered":"<p>Artigos da Trilha Principal Integra\u00e7\u00e3o do Gerenciamento de clusters de alto desempenho com o gerenciamento de redes atrav\u00e9s de solu\u00e7\u00e3o baseada em SNMP. Rodrigo Sanger Alves, Clarissa Cassales Marquezan, Lisando Zambenedetti Granville, Philippe Olivier Alexandre Navaux Grid-aware network resources allocation &hellip; <a href=\"https:\/\/ce-resd.sbc.org.br\/?page_id=102\">Continue lendo <span class=\"meta-nav\">&rarr;<\/span><\/a><\/p>\n","protected":false},"author":3,"featured_media":0,"parent":0,"menu_order":0,"comment_status":"closed","ping_status":"closed","template":"","meta":{"_daextinma_seo_power":"","_daextinma_enable_ail":"","footnotes":""},"class_list":["post-102","page","type-page","status-publish","hentry"],"_links":{"self":[{"href":"https:\/\/ce-resd.sbc.org.br\/index.php?rest_route=\/wp\/v2\/pages\/102","targetHints":{"allow":["GET"]}}],"collection":[{"href":"https:\/\/ce-resd.sbc.org.br\/index.php?rest_route=\/wp\/v2\/pages"}],"about":[{"href":"https:\/\/ce-resd.sbc.org.br\/index.php?rest_route=\/wp\/v2\/types\/page"}],"author":[{"embeddable":true,"href":"https:\/\/ce-resd.sbc.org.br\/index.php?rest_route=\/wp\/v2\/users\/3"}],"replies":[{"embeddable":true,"href":"https:\/\/ce-resd.sbc.org.br\/index.php?rest_route=%2Fwp%2Fv2%2Fcomments&post=102"}],"version-history":[{"count":0,"href":"https:\/\/ce-resd.sbc.org.br\/index.php?rest_route=\/wp\/v2\/pages\/102\/revisions"}],"wp:attachment":[{"href":"https:\/\/ce-resd.sbc.org.br\/index.php?rest_route=%2Fwp%2Fv2%2Fmedia&parent=102"}],"curies":[{"name":"wp","href":"https:\/\/api.w.org\/{rel}","templated":true}]}}