{"id":101,"date":"2013-03-19T02:39:58","date_gmt":"2013-03-19T02:39:58","guid":{"rendered":"http:\/\/ce-resd.sbc.org.br\/?page_id=101"},"modified":"2013-03-29T00:28:07","modified_gmt":"2013-03-29T00:28:07","slug":"anais-2004","status":"publish","type":"page","link":"https:\/\/ce-resd.sbc.org.br\/?page_id=101","title":{"rendered":"Anais &#8211; XXII SBRC (2004)"},"content":{"rendered":"<p><a href=\"http:\/\/ce-resd.sbc.org.br\/sbrc\/2004\/001.pdf\">Efficient incremental sensor network deployment algorithm.\u00a0pp. 3-14<\/a><br \/>\nLuiz Filipe M. Vieira, Marcos Augusto M. Vieira, Linnyer Beatrys Ruiz, Ant\u00f4nio Alfredo F. Loureiro, Di\u00f3genes Cecilio Silva, Ant\u00f4nio Ot\u00e1vio Fernandes<\/p>\n<p><a href=\"http:\/\/ce-resd.sbc.org.br\/sbrc\/2004\/002.pdf\">Middleware orientado a servi\u00e7os para redes de sensores sem fio. pp. 15-28<\/a><br \/>\nFl\u00e1via Delicato, Paulo F. Pires, Alexandre Lages, Jos\u00e9 Ferreira de Rezende, Luci Pirmez<\/p>\n<p><a href=\"http:\/\/ce-resd.sbc.org.br\/sbrc\/2004\/003.pdf\">Dissemina\u00e7\u00e3o de dados adaptativa em redes de sensores sem fio auto-organiz\u00e1veis. pp. 29-42<\/a><br \/>\nEduardo Freire Nakamura, Carlos Maur\u00edcio S. Figueiredo, Ant\u00f4nio Alfredo F. Loureiro<\/p>\n<p><a href=\"http:\/\/ce-resd.sbc.org.br\/sbrc\/2004\/004.pdf\">Protocolo adaptativo h\u00edbrido para dissemina\u00e7\u00e3o de dados em redes de sensores sem fio auto-organiz\u00e1veis. pp. 43-56<\/a><br \/>\nCarlos Maur\u00edcio S. Figueiredo, Eduardo Freire Nakamura, Ant\u00f4nio Alfredo F. Loureiro<\/p>\n<p><a href=\"http:\/\/ce-resd.sbc.org.br\/sbrc\/2004\/005.pdf\">FuDyLBA: um esquema de engenharia de tr\u00e1fego para balanceamento de carga em redes MPLS baseado em l\u00f3gica difusa. pp. 59-72<\/a><br \/>\nJoaquim Celestino J\u00fanior, Pablo Rocha Ximenes Ponte, Antonio Cl\u00e9cio Fontelles Tomaz, Ana Lu\u00edza Bessa de Paula Barros Diniz<\/p>\n<p><a href=\"http:\/\/ce-resd.sbc.org.br\/sbrc\/2004\/006.pdf\">Computa\u00e7\u00e3o de banda passante equivalente de fluxos multifractais. pp. 73-86<\/a><br \/>\nC\u00e9sar Augusto V. Melo, Nelson L. S. Fonseca<\/p>\n<p><a href=\"http:\/\/ce-resd.sbc.org.br\/sbrc\/2004\/007.pdf\">Quebrando a barreira entre simula\u00e7\u00e3o e experimenta\u00e7\u00e3o pr\u00e1tica em redes de computadores. pp. 87-100<\/a><br \/>\nHisham H. Muhammad, Guilherme B. Bedin, Giovani Facchini, Marinho P. Barcellos<\/p>\n<p><a href=\"http:\/\/ce-resd.sbc.org.br\/sbrc\/2004\/008.pdf\">Estrat\u00e9gias de balanceamento de carga em servidores Web transacionais. pp. 101-114<\/a><br \/>\nT. Tavares, G. Teodoro, D. Nogueira, B. Coutinho, W. Meira Jr., D. Guedes<\/p>\n<p><a href=\"http:\/\/ce-resd.sbc.org.br\/sbrc\/2004\/009.pdf\">Provisionamento de QoS baseado em DiffServ na rede de n\u00facleo de sistemas celulares 3G. pp. 117-120<\/a><br \/>\nLiliana Garcia Evangelista, Paulo Roberto Guardieiro<\/p>\n<p><a href=\"http:\/\/ce-resd.sbc.org.br\/sbrc\/2004\/010.pdf\">Uma proposta de modelagem matem\u00e1tica para tratamento de tr\u00e1fego com caracter\u00edstica auto-similar. pp. 121-124<\/a><br \/>\nOscavo G. Prata Jr., Anilton S. Garcia<\/p>\n<p><a href=\"http:\/\/ce-resd.sbc.org.br\/sbrc\/2004\/011.pdf\">Running highly-coupled parallel applications in a computational grid. pp. 125-128<\/a><br \/>\nAndrei Goldchleger, Carlos Alexandre Queiroz, Fabio Kon, Alfredo Goldman<\/p>\n<p><a href=\"http:\/\/ce-resd.sbc.org.br\/sbrc\/2004\/012.pdf\">Comparando algoritmos gen\u00e9ticos e transgen\u00e9ticos para otimizar a configura\u00e7\u00e3o de um servi\u00e7o de distribui\u00e7\u00e3o de v\u00eddeo baseado em replica\u00e7\u00e3o m\u00f3vel. pp. 129-132<\/a><br \/>\nLuiz E. C. Leite, Guido Souza Filho, Marco Goldbarg, Elizabeth Gouv\u00eaa<\/p>\n<p><a href=\"http:\/\/ce-resd.sbc.org.br\/sbrc\/2004\/013.pdf\">Avalia\u00e7\u00e3o de desempenho de algoritmos de escalonamento na arquitetura de servi\u00e7os diferenciados. pp. 133-136<\/a><br \/>\nTito L\u00edvio Castro, Fernando Lu\u00eds Dotti<\/p>\n<p><a href=\"http:\/\/ce-resd.sbc.org.br\/sbrc\/2004\/014.pdf\">Gerenciamento integrado de grids e redes baseado em pol\u00edticas. pp. 137-140<\/a><br \/>\nRicardo Neisse, Lisandro Zambenedetti Granville, Maria Janilce Bosquiroli Almeida, Liane Margarida Rockenbach Tarouco<\/p>\n<p><a href=\"http:\/\/ce-resd.sbc.org.br\/sbrc\/2004\/015.pdf\">An\u00e1lise de tr\u00e1fego P2P no backbone da RNP. pp. 141-144<\/a><br \/>\nSt\u00eanio F. L. Fernandes, Guthemberg S. Silvestre, Kelvin L. Dias, Jo\u00e3o B. Rocha Jr., Djamel Sadok, Carlos Kamienski<\/p>\n<p><a href=\"http:\/\/ce-resd.sbc.org.br\/sbrc\/2004\/016.pdf\">ICA: um novo algoritmo de roteamento para redes de sensores. pp. 147-160<\/a><br \/>\nEduardo Habib B. Maia, Daniel C\u00e2mara, Antonio Alfredo F. Loureiro<\/p>\n<p><a href=\"http:\/\/ce-resd.sbc.org.br\/sbrc\/2004\/017.pdf\">Adding security to cluster-based communication protocols for wireless sensor networks. pp. 161-174<\/a><br \/>\nAdrian Carlos Ferreira, Marco Aur\u00e9lio Vila\u00e7a, Hao Chi Wong<\/p>\n<p><a href=\"http:\/\/ce-resd.sbc.org.br\/sbrc\/2004\/018.pdf\">A security protocol for hierarchical sensor networks. pp. 175-188<\/a><br \/>\nLeonardo B. Oliveira, Hao Chi Wong, Antonio A. Loureiro, Daniel M. Barbosa<\/p>\n<p><a href=\"http:\/\/ce-resd.sbc.org.br\/sbrc\/2004\/019.pdf\">Engenharia de tr\u00e1fego din\u00e2mica em redes IP sobre tecnologia MPLS: otimiza\u00e7\u00e3o baseada em heur\u00edsticas. pp. 191-204<\/a><br \/>\nRoberto A. Dias, Jean-Marie Farines, Eduardo Camponogara, Roberto Willrich, Adriano O. Campestrini<\/p>\n<p><a href=\"http:\/\/ce-resd.sbc.org.br\/sbrc\/2004\/020.pdf\">IOPQ: uma fila para implementa\u00e7\u00e3o de servi\u00e7os n\u00e3o-eletivos na Internet. pp. 205-218<\/a><br \/>\nRamide Dantas, Carlos Kamienski, D\u00eanio Mariz, Djamel Sadok<\/p>\n<p><a href=\"http:\/\/ce-resd.sbc.org.br\/sbrc\/2004\/021.pdf\">Middleware QoSWare: provendo suporte \u00e0 qualidade de servi\u00e7o para aplica\u00e7\u00f5es avan\u00e7adas. pp. 219-232<\/a><br \/>\nSuzana de F. Dantas, Arthur de C. Callado, Rodrigo S. B. G. Barbosa, Igor C. Canan\u00e9a, Paulo G. Barros, Djamel F. H. Sadok, Judith Kelner<\/p>\n<p><a href=\"http:\/\/ce-resd.sbc.org.br\/sbrc\/2004\/022.pdf\">Unifying WBEM and mobile agents approaches for systems management. pp. 235-248<\/a><br \/>\nMarco Antonio C. Sim\u00f5es, Andr\u00e9 Luis de M. Santos<\/p>\n<p><a href=\"http:\/\/ce-resd.sbc.org.br\/sbrc\/2004\/023.pdf\">Um servi\u00e7o de gerenciamento para controle de densidade de redes de sensores sem fio. pp. 249-262<\/a><br \/>\nIsabela Guimar\u00e3es Siqueira, Linnyer Beatrys Ruiz, Antonio A. F. Loureiro, Jos\u00e9 Marcos S. Nogueira<\/p>\n<p><a href=\"http:\/\/ce-resd.sbc.org.br\/sbrc\/2004\/024.pdf\">Network executive: implementa\u00e7\u00e3o de uma arquitetura para substitui\u00e7\u00e3o autom\u00e1tica de pol\u00edticas em sistemas PBNM. pp. 263-276<\/a><br \/>\nGustavo Augusto Faraco de S\u00e1 Coelho, Maria Janilce Bosquiroli Almeida, Liane Margarida Rockenbach Tarouco, Lisandro Zambenedetti Granvile<\/p>\n<p><a href=\"http:\/\/ce-resd.sbc.org.br\/sbrc\/2004\/025.pdf\">Performance analysis of message-oriented middleware using stochastic Petri nets. pp. 279-292<\/a><br \/>\nSt\u00eanio F. L. Fernandes, Wellington J. Silva, Mauro J. C. Silva, Nelson S. Rosa, Paulo R. M. Maciel, Djamel F. H. Sadok<\/p>\n<p><a href=\"http:\/\/ce-resd.sbc.org.br\/sbrc\/2004\/026.pdf\">Performance aspects of a probabilistic resource location algorithm. pp. 293-306<\/a><br \/>\nThiago P. Damas, Nelson Duarte Filho, Mario D. Goulart, Ingrid Jansch-P\u00f4rto, Fernando Pedone<\/p>\n<p><a href=\"http:\/\/ce-resd.sbc.org.br\/sbrc\/2004\/027.pdf\">Estudo da efic\u00e1cia do m\u00e9todo de diversidade de caminhos para aplica\u00e7\u00f5es multim\u00eddia. pp. 307-320<\/a><br \/>\nBruno Felisberto Ribeiro, Edmundo de Souza e Silva, Donald Towsley<\/p>\n<p><a href=\"http:\/\/ce-resd.sbc.org.br\/sbrc\/2004\/028.pdf\">The best energy map of a wireless sensor network. pp. 323-336<\/a><br \/>\nRaquel A. F. Mini, Antonio A. F. Loureiro, Badri Nath<\/p>\n<p><a href=\"http:\/\/ce-resd.sbc.org.br\/sbrc\/2004\/029.pdf\">Extens\u00e3o do tempo de vida de redes ad hoc. pp. 337-350<\/a><br \/>\nR. I. da Silva, J. C. B. Leite, M. P. Fernandez<\/p>\n<p><a href=\"http:\/\/ce-resd.sbc.org.br\/sbrc\/2004\/030.pdf\">Proposta e avalia\u00e7\u00e3o de um esquema de controle de pot\u00eancia com mem\u00f3ria em redes ad hoc 802.11. pp. 351-364<\/a><br \/>\nAlexandre Andrade Pires, Marcelo Fernandes Fontes, Jos\u00e9 Ferreira de Rezende<\/p>\n<p><a href=\"http:\/\/ce-resd.sbc.org.br\/sbrc\/2004\/031.pdf\">A more realistic energy dissipation model for sensor nodes. pp. 365-378<\/a><br \/>\nRaquel A. F. Mini, Antonio A. F. Loureiro, Badri Nath<\/p>\n<p><a href=\"http:\/\/ce-resd.sbc.org.br\/sbrc\/2004\/032.pdf\">VegasB: minimizando o efeito da injusti\u00e7a em Vegas. pp. 381-394<\/a><br \/>\nAndr\u00e9 Luiz C. Costa, Jos\u00e9 Augusto Suruagy Monteiro<\/p>\n<p><a href=\"http:\/\/ce-resd.sbc.org.br\/sbrc\/2004\/033.pdf\">Efic\u00e1cia do uso conjunto do mecanismo Limited Transmit com diferentes vers\u00f5es do protocolo TCP. pp. 395-408<\/a><br \/>\nMichele M. de A. E. Lima, Nelson L. S. da Fonseca, Jos\u00e9 C. Geromel<\/p>\n<p><a href=\"http:\/\/ce-resd.sbc.org.br\/sbrc\/2004\/034.pdf\">ALMTF: um mecanismo TCP-friendly para controle de congestionamento em transmiss\u00f5es multim\u00eddia. pp. 409-422<\/a><br \/>\nValter Roesler, Jo\u00e3o Marcelo Ceron, Jos\u00e9 Valdeni de Lima<\/p>\n<p><a href=\"http:\/\/ce-resd.sbc.org.br\/sbrc\/2004\/035.pdf\">Uma avalia\u00e7\u00e3o da efic\u00e1cia do controlador \u00f3timo H2-AQM para o gerenciamento ativo de filas. pp. 423-436<\/a><br \/>\nMichele M. de A. E. Lima, Nelson L. S. da Fonseca, Jos\u00e9 C. Geromel<\/p>\n<p><a href=\"http:\/\/ce-resd.sbc.org.br\/sbrc\/2004\/036.pdf\">Adaptation in mobile computing. pp. 439-452<\/a><br \/>\nMarcio de Castro Marques, Antonio A. F. Loureiro<\/p>\n<p><a href=\"http:\/\/ce-resd.sbc.org.br\/sbrc\/2004\/037.pdf\">Online algorithms for the server and service location problem in 3G mobile networks. pp. 453-466<\/a><br \/>\nOlga Goussevskaia, Danielle G. Valente, Geraldo R. Mateus, Antonio A. F. Loureiro<\/p>\n<p><a href=\"http:\/\/ce-resd.sbc.org.br\/sbrc\/2004\/038.pdf\">SiGMA: uma entidade para localiza\u00e7\u00e3o e autentica\u00e7\u00e3o de dispositivos m\u00f3veis entre \u00e1reas de micromobilidade. pp. 467-480<\/a><br \/>\nWellington Albano, William de Ara\u00fajo, Francisco R. Cavalcanti, Jos\u00e9 Neuman de Souza, Rossana Andrade<\/p>\n<p><a href=\"http:\/\/ce-resd.sbc.org.br\/sbrc\/2004\/039.pdf\">Controle de admiss\u00e3o e reserva de recursos em redes m\u00f3veis utilizando previs\u00e3o de s\u00e9ries temporais. pp. 481-494<\/a><br \/>\nKelvin L. Dias, St\u00eanio F. Fernandes, Djmael F. H. Sadok<\/p>\n<p><a href=\"http:\/\/ce-resd.sbc.org.br\/sbrc\/2004\/040.pdf\">CCM-tel &#8211; uma plataforma para aplica\u00e7\u00f5es telem\u00e1ticas e ub\u00edquas. pp. 497-510<\/a><br \/>\nEliane G. Guimar\u00e3es, Eleri Cardozo, Mauricio F. Magalh\u00e3es, Wander P. Gomes, Rossano P. Pinto, Luis F. Faina<\/p>\n<p><a href=\"http:\/\/ce-resd.sbc.org.br\/sbrc\/2004\/041.pdf\">Uma biblioteca para seguran\u00e7a de aplica\u00e7\u00f5es CORBA. pp. 511-524<\/a><br \/>\nStephany Martins, N\u00e9lio Cacho, Th\u00e1is Batista<\/p>\n<p><a href=\"http:\/\/ce-resd.sbc.org.br\/sbrc\/2004\/042.pdf\">Adopting LOTOS and software architecture principles for formalising middleware behaviour. pp. 525-538<\/a><br \/>\nNelson S. Rosa, Paulo R. F. Cunha<\/p>\n<p><a href=\"http:\/\/ce-resd.sbc.org.br\/sbrc\/2004\/043.pdf\">Arcademis: a Java-based framework for middleware development. pp. 539-552<\/a><br \/>\nFernando Magno Quint\u00e3o Pereira, Marco T\u00falio de Oliveira Valente, Roberto da Silva Bigonha, Mariza Andrade da Silva Bigonha<\/p>\n<p><a href=\"http:\/\/ce-resd.sbc.org.br\/sbrc\/2004\/044.pdf\">O rerroteamento parcial pr\u00f3-ativo em redes baseadas em circuito virtual. pp.\u00a0559-562<\/a><br \/>\nR. de B. Correira, E. L. Cecilio, A. P. M. Dumont, L. F. Rust da C., Luci Pirmez<\/p>\n<p><a href=\"http:\/\/ce-resd.sbc.org.br\/sbrc\/2004\/045.pdf\">Proposta para otimiza\u00e7\u00e3o de desempenho do protocolo TCP em redes sem fio 802.11. pp.\u00a0563-566<\/a><br \/>\nAndr\u00e9 Aguiar Santana, Tereza Cristina de Melo Brito Carvalho<\/p>\n<p><a href=\"http:\/\/ce-resd.sbc.org.br\/sbrc\/2004\/046.pdf\">Descoberta de rotas e mecanismo de agrega\u00e7\u00e3o em redes de sensores. pp.\u00a0567-570<\/a><br \/>\nAntonio Jos\u00e9 Gon\u00e7alves Pinto, Jorgito Stochero, Jos\u00e9 Ferreira de Rezende<\/p>\n<p><a href=\"http:\/\/ce-resd.sbc.org.br\/sbrc\/2004\/047.pdf\">PROC: um protocolo pr\u00f3-ativo com coordena\u00e7\u00e3o de rotas em redes de sensores sem fio. pp.\u00a0571-574<\/a><br \/>\nDaniel Fernandes Macedo, Luiz Henrique Andrade Correia, Antonio Alfredo Ferreira Loureiro, Jos\u00e9 Marcos Nogueira<\/p>\n<p><a href=\"http:\/\/ce-resd.sbc.org.br\/sbrc\/2004\/048.pdf\">Aspectos de detec\u00e7\u00e3o de intrusos em redes de sensores sem fio. pp.\u00a0575-578<\/a><br \/>\nAna Paula Ribeiro da Silva, Fernando Augusto Teixeira, Hao Chi Wong, Jos\u00e9 Marcos S. Nogueira<\/p>\n<p><a href=\"http:\/\/ce-resd.sbc.org.br\/sbrc\/2004\/049.pdf\">Um servi\u00e7o de distribui\u00e7\u00e3o de v\u00eddeo sob demanda baseado em uma rede de servidores D-VoD. pp.\u00a0579-582<\/a><br \/>\nTiago Salmito, Jo\u00e3o Paulo Farias, Gledson Elias, Guido Lemos, Luiz Leite<\/p>\n<p><a href=\"http:\/\/ce-resd.sbc.org.br\/sbrc\/2004\/050.pdf\">Improving the quality of service of failure detectors with SNMP and artificial neural networks. pp.\u00a0583-586<\/a><br \/>\nRaimundo Jos\u00e9 de Ara\u00fajo Mac\u00eado, F\u00e1bio Ramon Lima e Lima<\/p>\n<p><a href=\"http:\/\/ce-resd.sbc.org.br\/sbrc\/2004\/051.pdf\">Metodologia para estimar o atraso em um sentido e experimentos na Internet. pp.\u00a0589-602<\/a><br \/>\nAntonio A. de A. Rocha, Rosa M. M. Le\u00e3o, Edmundo de Souza e Silva<\/p>\n<p><a href=\"http:\/\/ce-resd.sbc.org.br\/sbrc\/2004\/052.pdf\">Utiliza\u00e7\u00e3o do modelo E para avalia\u00e7\u00e3o da qualidade da fala em sistemas de comunica\u00e7\u00e3o baseados em voz sobre IP. pp.\u00a0603-616<\/a><br \/>\nLeandro C. G. Lustosa, Leandro S. G. Carvalho, Paulo H. de A. Rodrigues, Edjair de S. Mota<\/p>\n<p><a href=\"http:\/\/ce-resd.sbc.org.br\/sbrc\/2004\/053.pdf\">QoSYNC: quality of synchronization for clocks on networked computers. pp.\u00a0617-630<\/a><br \/>\nArthur de Castro Callado, Judith Kelner, Alejandro C. Frery<\/p>\n<p><a href=\"http:\/\/ce-resd.sbc.org.br\/sbrc\/2004\/054.pdf\">Algoritmo mem\u00e9tico aplicado ao problema de RWA est\u00e1tico em WDM com e sem convers\u00e3o. pp.\u00a0633-646<\/a><br \/>\nTatiane Regina Bonfim, Akebo Yamakami, Fabiano J. L. P\u00e1dua, Edson Moschim<\/p>\n<p><a href=\"http:\/\/ce-resd.sbc.org.br\/sbrc\/2004\/055.pdf\">Appropriate teletraffic framework in IP over WDM. pp.\u00a0647-660<\/a><br \/>\nHelio Waldman, Fernando L. Trazzi Jr., Mois\u00e9s R. N. Ribeiro<\/p>\n<p><a href=\"http:\/\/ce-resd.sbc.org.br\/sbrc\/2004\/056.pdf\">Avalia\u00e7\u00e3o de desempenho de algoritmos para aloca\u00e7\u00e3o din\u00e2mica de comprimentos de onda em redes \u00f3pticas transparentes. pp.\u00a0661-674<\/a><br \/>\nAndr\u00e9 C. B. Soares, William F. Giozza<\/p>\n<p><a href=\"http:\/\/ce-resd.sbc.org.br\/sbrc\/2004\/057.pdf\">A scalable approach for the distribution of E-commerce services based on application level active networks. pp.\u00a0677-690<\/a><br \/>\nFabr\u00edcio Benevenuto, Breno Vitorino, Bruno Coutinho, Dorgival Guedes, Wagner Meira Jr.<\/p>\n<p><a href=\"http:\/\/ce-resd.sbc.org.br\/sbrc\/2004\/058.pdf\">Uma avalia\u00e7\u00e3o emp\u00edrica de pol\u00edticas de invoca\u00e7\u00e3o para servi\u00e7os Web replicados. pp.\u00a0691-704<\/a><br \/>\nJos\u00e9 Airton Fernandes da Silva, Nabor das Chagas Mendon\u00e7a<\/p>\n<p><a href=\"http:\/\/ce-resd.sbc.org.br\/sbrc\/2004\/059.pdf\">VM-Flow &#8211; um modelo de marketplace virtual baseado em pol\u00edticas de orquestra\u00e7\u00e3o de servi\u00e7os. pp.\u00a0705-718<\/a><br \/>\nIvo Jos\u00e9 Garcia dos Santos, Edmundo Roberto Mauro Madeira<\/p>\n<p><a href=\"http:\/\/ce-resd.sbc.org.br\/sbrc\/2004\/060.pdf\">Modelos anal\u00edticos em tempo discreto para a obten\u00e7\u00e3o da probabilidade de perda de sistemas com diferencia\u00e7\u00e3o de servi\u00e7o. pp.\u00a0721-734<\/a><br \/>\nJo\u00e3o Carmo de Almeida Neto, Lu\u00eds Felipe M. de Moraes<\/p>\n<p><a href=\"http:\/\/ce-resd.sbc.org.br\/sbrc\/2004\/061.pdf\">Ger\u00eancia adaptativa e program\u00e1vel de qualidade de servi\u00e7o em redes IP. pp.\u00a0735-748<\/a><br \/>\nMiguel F. de Castro, Dominique\u00a0Ga\u00efti, Abdallah M&#8217;hamed, Rossana M. C. Andrade<\/p>\n<p><a href=\"http:\/\/ce-resd.sbc.org.br\/sbrc\/2004\/062.pdf\">Solu\u00e7\u00e3o baseada em pol\u00edticas para gerenciamento integrado de QoS e multicast em redes IP, usando PCIMe. pp.\u00a0749-762<\/a><br \/>\nLeandro Vaguetti, Lisandro Granville, Janilce Almeida, Liane Tarouco<\/p>\n<p><a href=\"http:\/\/ce-resd.sbc.org.br\/sbrc\/2004\/063.pdf\">Suporte de toler\u00e2ncia a faltas adaptativa para aplica\u00e7\u00f5es desenvolvidas em CCM. pp.\u00a0765-778<\/a><br \/>\nF\u00e1bio Favarim, Joni Fraga, Lau Cheuk Lung, Frank Siqueira<\/p>\n<p><a href=\"http:\/\/ce-resd.sbc.org.br\/sbrc\/2004\/064.pdf\">Uma abordagem para investiga\u00e7\u00e3o de sistemas distribu\u00eddos baseados em grupo na Internet. pp.\u00a0779-792<\/a><br \/>\nMarinho P. Barcellos, Maglan C. Diemer, Andr\u00e9 Detsch<\/p>\n<p><a href=\"http:\/\/ce-resd.sbc.org.br\/sbrc\/2004\/065.pdf\">Replica\u00e7\u00e3o ativa no CORBA: padr\u00f5es, protocolos e framework de implementa\u00e7\u00e3o. pp.\u00a0793-806<\/a><br \/>\nAlysson Neves Bessani, Joni da Silva Fraga, Lau Cheuk Lung, Eduardo Ad\u00edlio Pelinson Alchieri<\/p>\n<p><a href=\"http:\/\/ce-resd.sbc.org.br\/sbrc\/2004\/066.pdf\">Um ambiente para especifica\u00e7\u00e3o e verifica\u00e7\u00e3o autom\u00e1tica de aplica\u00e7\u00f5es baseadas em agentes m\u00f3veis. pp.\u00a0807-820<\/a><br \/>\nAline M. S. Andrade, Fl\u00e1vio M. Assis Silva, Frederico J. R. Barboza, Rafael A. R. Oliveira<\/p>\n<p><a href=\"http:\/\/ce-resd.sbc.org.br\/sbrc\/2004\/067.pdf\">Execu\u00e7\u00e3o segura de assinaturas confi\u00e1veis em documentos eletr\u00f4nicos. pp.\u00a0823-836<\/a><br \/>\nJ\u00falio da Silva Dias, Jean Everson Martina, Ricardo Felipe Cust\u00f3dio, Daniel Santana de Freitas<\/p>\n<p><a href=\"http:\/\/ce-resd.sbc.org.br\/sbrc\/2004\/068.pdf\">Impacto das pol\u00edticas de replica\u00e7\u00e3o na disponibilidade de documentos em redes P2P sob ataques DoS. pp.\u00a0837-850<\/a><br \/>\nMichele Nogueira Lima, Dorgival Olavo Guedes Neto<\/p>\n<p><a href=\"http:\/\/ce-resd.sbc.org.br\/sbrc\/2004\/069.pdf\">Identifica\u00e7\u00e3o de cen\u00e1rios de intrus\u00e3o pela classifica\u00e7\u00e3o, caracteriza\u00e7\u00e3o e an\u00e1lise de eventos gerados pro firewalls. pp.\u00a0851-864<\/a><br \/>\nF\u00e1bio Elias Locatelli, Fabiane Dillenburg, Cristina Melchiors, Luciano Gaspary<\/p>\n<p><a href=\"http:\/\/ce-resd.sbc.org.br\/sbrc\/2004\/070.pdf\">Detec\u00e7\u00e3o de ataques pela constata\u00e7\u00e3o de viola\u00e7\u00e3o dos protocolos IP e TCP. pp. 865-878<\/a><br \/>\nNorma Rodrigues Gomes, Luiz Antonio da Frota Mattos<\/p>\n","protected":false},"excerpt":{"rendered":"<p>Efficient incremental sensor network deployment algorithm.\u00a0pp. 3-14 Luiz Filipe M. Vieira, Marcos Augusto M. Vieira, Linnyer Beatrys Ruiz, Ant\u00f4nio Alfredo F. Loureiro, Di\u00f3genes Cecilio Silva, Ant\u00f4nio Ot\u00e1vio Fernandes Middleware orientado a servi\u00e7os para redes de sensores sem fio. pp. 15-28 &hellip; <a href=\"https:\/\/ce-resd.sbc.org.br\/?page_id=101\">Continue lendo <span class=\"meta-nav\">&rarr;<\/span><\/a><\/p>\n","protected":false},"author":3,"featured_media":0,"parent":0,"menu_order":0,"comment_status":"closed","ping_status":"closed","template":"","meta":{"_daextinma_seo_power":"","_daextinma_enable_ail":"","footnotes":""},"class_list":["post-101","page","type-page","status-publish","hentry"],"_links":{"self":[{"href":"https:\/\/ce-resd.sbc.org.br\/index.php?rest_route=\/wp\/v2\/pages\/101","targetHints":{"allow":["GET"]}}],"collection":[{"href":"https:\/\/ce-resd.sbc.org.br\/index.php?rest_route=\/wp\/v2\/pages"}],"about":[{"href":"https:\/\/ce-resd.sbc.org.br\/index.php?rest_route=\/wp\/v2\/types\/page"}],"author":[{"embeddable":true,"href":"https:\/\/ce-resd.sbc.org.br\/index.php?rest_route=\/wp\/v2\/users\/3"}],"replies":[{"embeddable":true,"href":"https:\/\/ce-resd.sbc.org.br\/index.php?rest_route=%2Fwp%2Fv2%2Fcomments&post=101"}],"version-history":[{"count":0,"href":"https:\/\/ce-resd.sbc.org.br\/index.php?rest_route=\/wp\/v2\/pages\/101\/revisions"}],"wp:attachment":[{"href":"https:\/\/ce-resd.sbc.org.br\/index.php?rest_route=%2Fwp%2Fv2%2Fmedia&parent=101"}],"curies":[{"name":"wp","href":"https:\/\/api.w.org\/{rel}","templated":true}]}}