{"id":100,"date":"2013-03-19T02:39:47","date_gmt":"2013-03-19T02:39:47","guid":{"rendered":"http:\/\/ce-resd.sbc.org.br\/?page_id=100"},"modified":"2013-03-28T01:04:33","modified_gmt":"2013-03-28T01:04:33","slug":"anais-2003","status":"publish","type":"page","link":"https:\/\/ce-resd.sbc.org.br\/?page_id=100","title":{"rendered":"Anais &#8211; XXI SBRC (2003)"},"content":{"rendered":"<p><a href=\"http:\/\/ce-resd.sbc.org.br\/sbrc\/2003\/001.pdf\">Um mecanismo de escalonamento parametriz\u00e1vel para Scatternets bluetooth. pp. 5-20<\/a><br \/>\nWerner Priess, Jos\u00e9 Ferreira de Rezende, Luci Pirmez, Luiz Fernando Rust da Costa Carmo<\/p>\n<p><a href=\"http:\/\/ce-resd.sbc.org.br\/sbrc\/2003\/002.pdf\">Reduzindo a frequ\u00eancia de inunda\u00e7\u00f5es em protocolos de roteamento ad hoc sob demanda. pp. 21-35<\/a><br \/>\nLu\u00eds Henrique M. K. Costa, Marcelo D. de Amorim, Serge Fdida<\/p>\n<p><a href=\"http:\/\/ce-resd.sbc.org.br\/sbrc\/2003\/003.pdf\">Um novo esquema para controle de admiss\u00e3o de chamadas em redes m\u00f3veis sem fio baseadas no protocolo IP. pp. 37-52<\/a><br \/>\nKelvin Lopes Dias, Judith Kelner, Djamel F. H. Sadok<\/p>\n<p><a href=\"http:\/\/ce-resd.sbc.org.br\/sbrc\/2003\/004.pdf\">Um framework para provis\u00e3o de QoS em redes m\u00f3veis sem fio. pp. 53-68<\/a><br \/>\nLuciana dos Santos Lima, Ant\u00f4nio Tadeu A. Gomes, S\u00e9rgio Colcher, Luiz Fernando G. Soares<\/p>\n<p><a href=\"http:\/\/ce-resd.sbc.org.br\/sbrc\/2003\/005.pdf\">Sele\u00e7\u00e3o din\u00e2mica de par\u00e2metros de controle de qualidade de servi\u00e7o em redes IEEE 802.11 infra-estruturadas. pp. 69-84<\/a><br \/>\nJos\u00e9 Coelho de Melo Filho, Jos\u00e9 Ferreira de Rezende, Luci Pirmez<\/p>\n<p><a href=\"http:\/\/ce-resd.sbc.org.br\/sbrc\/2003\/006.pdf\">Um processo envelope para modelagem de tr\u00e1fego multifractal. pp. 87-101<\/a><br \/>\nC\u00e9sar Augusto Viana Melo, Nelson Luis Saldanha da Fonseca<\/p>\n<p><a href=\"http:\/\/ce-resd.sbc.org.br\/sbrc\/2003\/007.pdf\">An\u00e1lise do mecanismo de pares de pacotes visando estimar a banda da rede via UDP. pp. 103-118<\/a><br \/>\nValter Roesler, Peter Finzsch, Maiko de Andrade, Jos\u00e9 Valdeni de Lima<\/p>\n<p><a href=\"http:\/\/ce-resd.sbc.org.br\/sbrc\/2003\/008.pdf\">Um ambiente de simula\u00e7\u00e3o de fluido para redes multim\u00eddia. pp. 119-134<\/a><br \/>\nKelvin F. Reinhardt, Edmundo de Souza e Silva, Rosa M. M. Le\u00e3o<\/p>\n<p><a href=\"http:\/\/ce-resd.sbc.org.br\/sbrc\/2003\/009.pdf\">Modelos markovianos de mobilidade individual para redes m\u00f3veis ad hoc. pp. 135-150<\/a><br \/>\nCarlos Alberto V. Campos, Lu\u00eds Felipe M. de Moraes<\/p>\n<p><a href=\"http:\/\/ce-resd.sbc.org.br\/sbrc\/2003\/010.pdf\">Issues on performance evaluation of switching nodes with shallow buffer under time-correlated traffic. pp. 151-166<\/a><br \/>\nMois\u00e9s R. N. Ribeiro, Mike J. O&#8217;Mahony<\/p>\n<p><a href=\"http:\/\/ce-resd.sbc.org.br\/sbrc\/2003\/011.pdf\">Um modelo de contabiliza\u00e7\u00e3o e negocia\u00e7\u00e3o de pre\u00e7os para servi\u00e7os com QoS. pp. 169-184<\/a><br \/>\nFrederico Machado Bastos, Jos\u00e9 Marcos Nogueira<\/p>\n<p><a href=\"http:\/\/ce-resd.sbc.org.br\/sbrc\/2003\/012.pdf\">Implementa\u00e7\u00e3o de pol\u00edticas de gerenciamento atrav\u00e9s de l\u00f3gica Fuzzy visando melhoria da qualidade de servi\u00e7o (QoS). pp. 185-200<\/a><br \/>\nMarcial Porto Fernandez, Aloysio de Castro P. Pedroza, Jos\u00e9 Ferreira de Rezende<\/p>\n<p><a href=\"http:\/\/ce-resd.sbc.org.br\/sbrc\/2003\/013.pdf\">Uma arquitetura de gerenciamento de desempenho pr\u00f3-ativo distribu\u00eddo usando tecnologia ativa. pp. 201-216<\/a><br \/>\nE. L. Cecilio, A. P. M. Dumont, R. de B. Correia, L. F. Rust da C., Luci Pirmez<\/p>\n<p><a href=\"http:\/\/ce-resd.sbc.org.br\/sbrc\/2003\/014.pdf\">An architecture for integrated policy-based management of QoS and multicast-enabled networks. pp. 217-232<\/a><br \/>\nLeandro Vaguetti, Ricardo Neisse, Lisandro Zambenedetti Granville, Maria Janilce Bosquiroli Almeida, Liane Margarida Rockenbach Tarouco<\/p>\n<p><a href=\"http:\/\/ce-resd.sbc.org.br\/sbrc\/2003\/015.pdf\">An integrated system for QoS monitoring of policy-based networks. pp. 233-245<\/a><br \/>\nMarcelo Borges Ribeiro, Lisandro Zambenedetti Granville, Maria Janilce Bosquiroli Almeida, Liane Margarida Rockenbach Tarouco<\/p>\n<p><a href=\"http:\/\/ce-resd.sbc.org.br\/sbrc\/2003\/016.pdf\">Collapsed cooperative video cache for content distribution networks. pp. 249-264<\/a><br \/>\nEdilson Ishikawa, Cl\u00e1udio Luis Amorim<\/p>\n<p><a href=\"http:\/\/ce-resd.sbc.org.br\/sbrc\/2003\/017.pdf\">Varia\u00e7\u00e3o din\u00e2mica da QoS oferecida por caches para Web. pp. 265-280<\/a><br \/>\nRoberto Ferreira Brand\u00e3o, Ricardo de Oliveira Anido<\/p>\n<p><a href=\"http:\/\/ce-resd.sbc.org.br\/sbrc\/2003\/018.pdf\">MPM: middleware para ger\u00eancia de energia em clusters Web. pp. 281-295<\/a><br \/>\nDorgival Guedes, Wagner Meira Jr., Di\u00eago Nogueira, Rodrigo Pereira<\/p>\n<p><a href=\"http:\/\/ce-resd.sbc.org.br\/sbrc\/2003\/019.pdf\">NetGiz &#8211; gera\u00e7\u00e3o autom\u00e1tica de conte\u00fado cognitivo adapt\u00e1vel. pp. 297-312<\/a><br \/>\nRenata Falc\u00e3o Corr\u00eaa, Luiz Fernando Rust, Luci Pirmez<\/p>\n<p><a href=\"http:\/\/ce-resd.sbc.org.br\/sbrc\/2003\/020.pdf\">Compress\u00e3o adaptativa de arquivos HTML em ambientes de comunica\u00e7\u00e3o sem fio. pp. 313-328<\/a><br \/>\nRainer R. Couto, Ricardo A. Rabelo, Antonio A. F. Loureiro<\/p>\n<p><a href=\"http:\/\/ce-resd.sbc.org.br\/sbrc\/2003\/021.pdf\">Incorpora\u00e7\u00e3o de qualidade de servi\u00e7o em aplica\u00e7\u00f5es telem\u00e1ticas. pp. 331-346<\/a><br \/>\nRossano P. Pinto, Eliane G. Guimar\u00e3es, Eleri Cardozo, Mauricio F. Magalh\u00e3es<\/p>\n<p><a href=\"http:\/\/ce-resd.sbc.org.br\/sbrc\/2003\/022.pdf\">Suporte para comunica\u00e7\u00e3o ass\u00edncrona com QoS em aplica\u00e7\u00f5es CORBA. pp. 347-362<\/a><br \/>\nN\u00e9lio Cacho, Tha\u00eds Batista<\/p>\n<p><a href=\"http:\/\/ce-resd.sbc.org.br\/sbrc\/2003\/023.pdf\">Provis\u00e3o de QoS adapt\u00e1vel em sistemas operacionais: o subsistema de rede. pp. 363-378<\/a><br \/>\nMarcelo F. Moreno, Ant\u00f4nio T. A. Gomes, S\u00e9rgio Colcher, Luiz F. G. Soares<\/p>\n<p><a href=\"http:\/\/ce-resd.sbc.org.br\/sbrc\/2003\/024.pdf\">A CORBA-based surrogate model on IP networks. pp. 379-394<\/a><br \/>\nGena\u00edna N. Rodrigues, Carlos A. G. Ferraz, S\u00e9rgio V. Cavalcante<\/p>\n<p><a href=\"http:\/\/ce-resd.sbc.org.br\/sbrc\/2003\/025.pdf\">O protocolo &#8220;polyharmonic broadcasting&#8221; sujeito a restri\u00e7\u00f5es de banda passante. pp. 397-410<\/a><br \/>\nRog\u00e9rio M. Zafal\u00e3o, Nelson L. S. da Fonseca, Cid C. de Souza<\/p>\n<p><a href=\"http:\/\/ce-resd.sbc.org.br\/sbrc\/2003\/026.pdf\">O algoritmo SQM-response para controle de congestionamento do protocolo TCP. pp. 411-424<\/a><br \/>\nRog\u00e9rio Andrade, Carlos Kamienski, D\u00eanio Sousa, Djamel Sadok<\/p>\n<p><a href=\"http:\/\/ce-resd.sbc.org.br\/sbrc\/2003\/027.pdf\">Avalia\u00e7\u00e3o de um algoritmo adaptativo de transmiss\u00e3o de voz em redes IP com QoS. pp. 425-440<\/a><br \/>\nKarina Karla C. de Oliveira, Djamel Sadok, Judith Kelner, Obionor N\u00f3brega<\/p>\n<p><a href=\"http:\/\/ce-resd.sbc.org.br\/sbrc\/2003\/028.pdf\">Comparing application performance on distinct IP packet scheduling configurations. pp. 441-454<\/a><br \/>\nMiguel F. de Castro, Dominique\u00a0Ga\u00efti, Abdallah M&#8217;hamed, Mauro Oliveira<\/p>\n<p><a href=\"http:\/\/ce-resd.sbc.org.br\/sbrc\/2003\/029.pdf\">Controle de congestionamento com suporte a ECN em protocolos multicast de taxa \u00fanica. pp. 455-470<\/a><br \/>\nAndr\u00e9 Detsch, Marinho Barcellos<\/p>\n<p><a href=\"http:\/\/ce-resd.sbc.org.br\/sbrc\/2003\/030.pdf\">Otimiza\u00e7\u00e3o lagrangeana em engenharia de tr\u00e1fegos para redes IP sobre MPLS. pp. 475-490<\/a><br \/>\nRoberto Alexandre Dias, Eduardo Camponogara, Jean-Marie Farines, Roberto Willrich, Adriano Campestrini<\/p>\n<p><a href=\"http:\/\/ce-resd.sbc.org.br\/sbrc\/2003\/031.pdf\">Um framework para obten\u00e7\u00e3o de QoS fim-a-fim na Internet. pp. 491-506<\/a><br \/>\nRodrigo Pedatella, Edmundo Madeira, Maur\u00edcio Magalh\u00e3es<\/p>\n<p><a href=\"http:\/\/ce-resd.sbc.org.br\/sbrc\/2003\/032.pdf\">Um algoritmo para roteamento com interfer\u00eancia m\u00ednima. pp. 507-518<\/a><br \/>\nGustavo B. Figueiredo, Nelson L. Saldanha da Fonseca, Jos\u00e9 A. Suruagy Monteiro<\/p>\n<p><a href=\"http:\/\/ce-resd.sbc.org.br\/sbrc\/2003\/033.pdf\">An\u00e1lise da proposta MIRROR: conjunto de adapta\u00e7\u00f5es ao IP multicast para redes baseadas em comuta\u00e7\u00e3o \u00f3ptica. pp. 519-534<\/a><br \/>\nAnt\u00f4nio Jorge G. Abel\u00e9m, Michael A. Stanton<\/p>\n<p><a href=\"http:\/\/ce-resd.sbc.org.br\/sbrc\/2003\/034.pdf\">ReMIOP: projeto e implementa\u00e7\u00e3o de um mecanismo de difus\u00e3o confi\u00e1vel no CORBA. pp. 535-550<\/a><br \/>\nAlysson Neves Bessani, Lau Cheuk Lung, Joni da Silva Fraga<\/p>\n<p><a href=\"http:\/\/ce-resd.sbc.org.br\/sbrc\/2003\/035.pdf\">Teias de federa\u00e7\u00f5es como extens\u00f5es ao modelo de autentica\u00e7\u00e3o e autoriza\u00e7\u00e3o SDSI\/SPKI. pp. 553-568<\/a><br \/>\nAltair Olivo Santin, Joni da Silva Fraga, Emerson R. de Mello, Frank Siqueira<\/p>\n<p><a href=\"http:\/\/ce-resd.sbc.org.br\/sbrc\/2003\/036.pdf\">Mecanismos de seguran\u00e7a para plataformas de agentes m\u00f3veis, baseados em redes de confian\u00e7a SPKI\/SDSI. pp. 569-584<\/a><br \/>\nMichelle Silva Wangham, Joni da Silva Fraga<\/p>\n<p><a href=\"http:\/\/ce-resd.sbc.org.br\/sbrc\/2003\/037.pdf\">Sincroniza\u00e7\u00e3o segura de rel\u00f3gio para documentos eletr\u00f4nicos. pp. 585-598<\/a><br \/>\nJ\u00falio da Silva Dias, Ricardo Felipe Cust\u00f3dio, Denise Bendo Dem\u00e9trio<\/p>\n<p><a href=\"http:\/\/ce-resd.sbc.org.br\/sbrc\/2003\/038.pdf\">Dom\u00ednios virtuais para redes m\u00f3veis ad hoc. pp. 599-614<\/a><br \/>\nLeonardo A. Martucci, Tereza C. M. B. Carvalho, Wilson V. Ruggiero<\/p>\n<p><a href=\"http:\/\/ce-resd.sbc.org.br\/sbrc\/2003\/039.pdf\">Ambiente para simula\u00e7\u00e3o e monitora\u00e7\u00e3o de liga\u00e7\u00f5es telef\u00f4nicas IP. pp. 615-630<\/a><br \/>\nCesar A. C. Marcondes, Paulo H. de Aguiar Rodrigues, Fabio David, Jo\u00e3o Carlos Peixoto da Costa<\/p>\n<p><a href=\"http:\/\/ce-resd.sbc.org.br\/sbrc\/2003\/040.pdf\">Supporting networked control systems: assessment of the CAN protocol considering periods of network inaccessibility. pp. 633-648<\/a><br \/>\nLu\u00eds Miguel Pinho, Francisco Vasques<\/p>\n<p><a href=\"http:\/\/ce-resd.sbc.org.br\/sbrc\/2003\/041.pdf\">A simple intrusion-tolerant reliable multicast protocol using the TTCB. pp. 649-663<\/a><br \/>\nLau Cheuk Lung, Miguel Correia, Nuno Ferreira Neves, Paulo Ver\u00edssimo<\/p>\n<p><a href=\"http:\/\/ce-resd.sbc.org.br\/sbrc\/2003\/042.pdf\">Computa\u00e7\u00e3o distribu\u00edda de conectividade de redes de topologia arbitr\u00e1ria. pp. 665-679<\/a><br \/>\nAndr\u00e9a Weber, Elias Proc\u00f3pio Duarte Jr.<\/p>\n<p><a href=\"http:\/\/ce-resd.sbc.org.br\/sbrc\/2003\/043.pdf\">Checkpointing s\u00edncrono bloqueante minimal com iniciadores concorrentes. pp. 681-696<\/a><br \/>\nTiemi C. Sakata, Islene C. Garcia, Luiz E. Buzato<\/p>\n<p><a href=\"http:\/\/ce-resd.sbc.org.br\/sbrc\/2003\/044.pdf\">Projeto e implementa\u00e7\u00e3o de um servi\u00e7o de detec\u00e7\u00e3o de falhas perfeito. pp. 697-712<\/a><br \/>\nEly W. de Oliveira, Andrey E. M. Brito, Francisco V. Brasileiro<\/p>\n<p><a href=\"http:\/\/ce-resd.sbc.org.br\/sbrc\/2003\/045.pdf\">Prediction-based approaches to construct the energy map for wireless sensor networks. pp. 715-730<\/a><br \/>\nRaquel A. F. Mini, Badri Nath, Antonio A. F. Loureiro<\/p>\n<p><a href=\"http:\/\/ce-resd.sbc.org.br\/sbrc\/2003\/046.pdf\">Um sistema de transa\u00e7\u00f5es adapt\u00e1vel para o ambiente de computa\u00e7\u00e3o m\u00f3vel. pp. 731-746<\/a><br \/>\nTarcisio da Rocha, Maria Beatriz Felgar de Toledo<\/p>\n<p><a href=\"http:\/\/ce-resd.sbc.org.br\/sbrc\/2003\/047.pdf\">Um mecanismo de roteamento para o consumo balanceado de energia em redes m\u00f3veis ad hoc. pp. 747-760<\/a><br \/>\nDaniel de O. Cunha, Lu\u00eds Henrique M. K. Costa, Otto Carlos M. B. Duarte<\/p>\n<p><a href=\"http:\/\/ce-resd.sbc.org.br\/sbrc\/2003\/048.pdf\">An\u00e1lise dos mecanismos de gerenciamento de mobilidade no IPv6. pp. 761-774<\/a><br \/>\nEmanoel Romano de Oliveira, Thadeu Lima de Souza Cascardo, Antonio Alfredo Ferreira Loureiro<\/p>\n<p><a href=\"http:\/\/ce-resd.sbc.org.br\/sbrc\/2003\/049.pdf\">Uma an\u00e1lise da capacidade de transmiss\u00e3o de voz em redes ad hoc. pp. 775-786<\/a><br \/>\nPedro Braconnot Velloso, Marcelo G. Rubinstein, Otto Carlos M. B. Duarte<\/p>\n<p><a href=\"http:\/\/ce-resd.sbc.org.br\/sbrc\/2003\/050.pdf\">Arquitetura de Grids de agentes aplicada \u00e0 ger\u00eancia de redes de computadores e telecomunica\u00e7\u00f5es. pp. 789-804<\/a><br \/>\nMarcos Dias de Assun\u00e7\u00e3o, Carlos Becker Westphall, Fernando Luiz Koch<\/p>\n<p><a href=\"http:\/\/ce-resd.sbc.org.br\/sbrc\/2003\/051.pdf\">Cria\u00e7\u00e3o e visualiza\u00e7\u00e3o de dom\u00ednios din\u00e2micos em ambientes de gerenciamento de redes. pp. 805-820<\/a><br \/>\nM\u00e1rcio Bartz Ceccon, Lisandro Zambenedetti Granville, Maria Janilce Bosquiroli Almeida, Liane Margarida Rockenbach Tarouco<\/p>\n<p><a href=\"http:\/\/ce-resd.sbc.org.br\/sbrc\/2003\/052.pdf\">Uma plataforma para monitora\u00e7\u00e3o de malhas BGP. pp. 821-836<\/a><br \/>\nLuis Balbinot, Liane Tarouco<\/p>\n<p><a href=\"http:\/\/ce-resd.sbc.org.br\/sbrc\/2003\/053.pdf\">Uma abordagem para incorporar mecanismos de intelig\u00eancia artificial a agentes m\u00f3veis. pp. 837-852<\/a><br \/>\nPaulo S\u00e9rgio da Silva, Manuel de Jesus Mendes<\/p>\n<p><a href=\"http:\/\/ce-resd.sbc.org.br\/sbrc\/2003\/054.pdf\">A viabilidade do rerroteamento pr\u00f3-ativo em redes MPLS usando tecnologia ativa. pp. 853-868<\/a><br \/>\nR. de B. Correia, E. L. Cecilio, A. P. M. Dumont, L. F. Rust da C., Luci Pirmez<\/p>\n<p>&nbsp;<\/p>\n","protected":false},"excerpt":{"rendered":"<p>Um mecanismo de escalonamento parametriz\u00e1vel para Scatternets bluetooth. pp. 5-20 Werner Priess, Jos\u00e9 Ferreira de Rezende, Luci Pirmez, Luiz Fernando Rust da Costa Carmo Reduzindo a frequ\u00eancia de inunda\u00e7\u00f5es em protocolos de roteamento ad hoc sob demanda. pp. 21-35 Lu\u00eds &hellip; <a href=\"https:\/\/ce-resd.sbc.org.br\/?page_id=100\">Continue lendo <span class=\"meta-nav\">&rarr;<\/span><\/a><\/p>\n","protected":false},"author":3,"featured_media":0,"parent":0,"menu_order":0,"comment_status":"closed","ping_status":"closed","template":"","meta":{"_daextinma_seo_power":"","_daextinma_enable_ail":"","footnotes":""},"class_list":["post-100","page","type-page","status-publish","hentry"],"_links":{"self":[{"href":"https:\/\/ce-resd.sbc.org.br\/index.php?rest_route=\/wp\/v2\/pages\/100","targetHints":{"allow":["GET"]}}],"collection":[{"href":"https:\/\/ce-resd.sbc.org.br\/index.php?rest_route=\/wp\/v2\/pages"}],"about":[{"href":"https:\/\/ce-resd.sbc.org.br\/index.php?rest_route=\/wp\/v2\/types\/page"}],"author":[{"embeddable":true,"href":"https:\/\/ce-resd.sbc.org.br\/index.php?rest_route=\/wp\/v2\/users\/3"}],"replies":[{"embeddable":true,"href":"https:\/\/ce-resd.sbc.org.br\/index.php?rest_route=%2Fwp%2Fv2%2Fcomments&post=100"}],"version-history":[{"count":0,"href":"https:\/\/ce-resd.sbc.org.br\/index.php?rest_route=\/wp\/v2\/pages\/100\/revisions"}],"wp:attachment":[{"href":"https:\/\/ce-resd.sbc.org.br\/index.php?rest_route=%2Fwp%2Fv2%2Fmedia&parent=100"}],"curies":[{"name":"wp","href":"https:\/\/api.w.org\/{rel}","templated":true}]}}